{"id":994,"date":"2023-01-03T01:30:44","date_gmt":"2023-01-03T00:30:44","guid":{"rendered":"http:\/\/dizagn.fr\/?post_type=product&#038;p=994"},"modified":"2023-01-03T01:33:20","modified_gmt":"2023-01-03T00:33:20","slug":"olivier-mourgue-lampe-2093-disderot-ed-1967","status":"publish","type":"product","link":"https:\/\/dizagn.fr\/en\/product\/olivier-mourgue-lampe-2093-disderot-ed-1967\/","title":{"rendered":"OLIVIER MOURGUE, LAMPE 2093, DISDEROT ED., 1967"},"content":{"rendered":"<p>Literature: Disderot catalog, 1970<\/p>","protected":false},"excerpt":{"rendered":"<p>MOURGUE Olivier (1939-)<\/p>\n<p>Lampe 2093, Disderot \u00e9diteur, France, 1967 &#8211; Rare version blanche<\/p>\n<p>Lacquered metal, anodized aluminum and chromed metal, silver-capped bulb<\/p>\n<p>Haut. 80. x Diam. base 25 cm<\/p>\n<p>Ref. 18<\/p>","protected":false},"featured_media":996,"template":"","meta":{"_et_pb_use_builder":"","_et_pb_old_content":"","_et_gb_content_width":""},"product_brand":[],"product_cat":[18],"product_tag":[],"class_list":{"0":"post-994","1":"product","2":"type-product","3":"status-publish","4":"has-post-thumbnail","6":"product_cat-selection","8":"first","9":"instock","10":"shipping-taxable","11":"purchasable","12":"product-type-simple"},"yoast_head":"<!-- This site is optimized with the Yoast SEO plugin v27.4 - https:\/\/yoast.com\/product\/yoast-seo-wordpress\/ -->\n<title>OLIVIER MOURGUE, LAMPE 2093, DISDEROT ED., 1967 - DIZAGN<\/title>\n<meta name=\"robots\" content=\"index, follow, max-snippet:-1, max-image-preview:large, max-video-preview:-1\" \/>\n<link rel=\"canonical\" href=\"https:\/\/dizagn.fr\/en\/product\/olivier-mourgue-lampe-2093-disderot-ed-1967\/\" \/>\n<meta property=\"og:locale\" content=\"en_GB\" \/>\n<meta property=\"og:type\" content=\"article\" \/>\n<meta property=\"og:title\" content=\"OLIVIER MOURGUE, LAMPE 2093, DISDEROT ED., 1967 - DIZAGN\" \/>\n<meta property=\"og:description\" content=\"MOURGUE Olivier (1939-)  Lampe 2093, Disderot \u00e9diteur, France, 1967 - Rare version blanche  M\u00e9tal laqu\u00e9, aluminium anodis\u00e9 et m\u00e9tal chrom\u00e9, ampoule calotte argent\u00e9e  Haut. 80. x Diam. base 25 cm   Ref. 18\" \/>\n<meta property=\"og:url\" content=\"https:\/\/dizagn.fr\/en\/product\/olivier-mourgue-lampe-2093-disderot-ed-1967\/\" \/>\n<meta property=\"og:site_name\" content=\"DIZAGN\" \/>\n<meta property=\"article:modified_time\" content=\"2023-01-03T00:33:20+00:00\" \/>\n<meta property=\"og:image\" content=\"https:\/\/dizagn.fr\/wp-content\/uploads\/2023\/01\/MOURGUE-lampe-2093-BL-2.jpg\" \/>\n\t<meta property=\"og:image:width\" content=\"1772\" \/>\n\t<meta property=\"og:image:height\" content=\"1772\" \/>\n\t<meta property=\"og:image:type\" content=\"image\/jpeg\" \/>\n<meta name=\"twitter:card\" content=\"summary_large_image\" \/>\n<meta name=\"twitter:label1\" content=\"Estimated reading time\" \/>\n\t<meta name=\"twitter:data1\" content=\"1 minute\" \/>\n<script type=\"application\/ld+json\" class=\"yoast-schema-graph\">{\"@context\":\"https:\\\/\\\/schema.org\",\"@graph\":[{\"@type\":\"WebPage\",\"@id\":\"https:\\\/\\\/dizagn.fr\\\/en\\\/product\\\/olivier-mourgue-lampe-2093-disderot-ed-1967\\\/\",\"url\":\"https:\\\/\\\/dizagn.fr\\\/en\\\/product\\\/olivier-mourgue-lampe-2093-disderot-ed-1967\\\/\",\"name\":\"OLIVIER MOURGUE, LAMPE 2093, DISDEROT ED., 1967 - DIZAGN\",\"isPartOf\":{\"@id\":\"https:\\\/\\\/dizagn.fr\\\/#website\"},\"primaryImageOfPage\":{\"@id\":\"https:\\\/\\\/dizagn.fr\\\/en\\\/product\\\/olivier-mourgue-lampe-2093-disderot-ed-1967\\\/#primaryimage\"},\"image\":{\"@id\":\"https:\\\/\\\/dizagn.fr\\\/en\\\/product\\\/olivier-mourgue-lampe-2093-disderot-ed-1967\\\/#primaryimage\"},\"thumbnailUrl\":\"https:\\\/\\\/dizagn.fr\\\/wp-content\\\/uploads\\\/2023\\\/01\\\/MOURGUE-lampe-2093-BL-2.jpg\",\"datePublished\":\"2023-01-03T00:30:44+00:00\",\"dateModified\":\"2023-01-03T00:33:20+00:00\",\"breadcrumb\":{\"@id\":\"https:\\\/\\\/dizagn.fr\\\/en\\\/product\\\/olivier-mourgue-lampe-2093-disderot-ed-1967\\\/#breadcrumb\"},\"inLanguage\":\"en-GB\",\"potentialAction\":[{\"@type\":\"ReadAction\",\"target\":[\"https:\\\/\\\/dizagn.fr\\\/en\\\/product\\\/olivier-mourgue-lampe-2093-disderot-ed-1967\\\/\"]}]},{\"@type\":\"ImageObject\",\"inLanguage\":\"en-GB\",\"@id\":\"https:\\\/\\\/dizagn.fr\\\/en\\\/product\\\/olivier-mourgue-lampe-2093-disderot-ed-1967\\\/#primaryimage\",\"url\":\"https:\\\/\\\/dizagn.fr\\\/wp-content\\\/uploads\\\/2023\\\/01\\\/MOURGUE-lampe-2093-BL-2.jpg\",\"contentUrl\":\"https:\\\/\\\/dizagn.fr\\\/wp-content\\\/uploads\\\/2023\\\/01\\\/MOURGUE-lampe-2093-BL-2.jpg\",\"width\":1772,\"height\":1772},{\"@type\":\"BreadcrumbList\",\"@id\":\"https:\\\/\\\/dizagn.fr\\\/en\\\/product\\\/olivier-mourgue-lampe-2093-disderot-ed-1967\\\/#breadcrumb\",\"itemListElement\":[{\"@type\":\"ListItem\",\"position\":1,\"name\":\"Accueil\",\"item\":\"https:\\\/\\\/dizagn.fr\\\/\"},{\"@type\":\"ListItem\",\"position\":2,\"name\":\"S\u00e9lection\",\"item\":\"https:\\\/\\\/dizagn.fr\\\/\"},{\"@type\":\"ListItem\",\"position\":3,\"name\":\"OLIVIER MOURGUE, LAMPE 2093, DISDEROT ED., 1967\"}]},{\"@type\":\"WebSite\",\"@id\":\"https:\\\/\\\/dizagn.fr\\\/#website\",\"url\":\"https:\\\/\\\/dizagn.fr\\\/\",\"name\":\"DIZAGN\",\"description\":\"\",\"publisher\":{\"@id\":\"https:\\\/\\\/dizagn.fr\\\/#organization\"},\"potentialAction\":[{\"@type\":\"SearchAction\",\"target\":{\"@type\":\"EntryPoint\",\"urlTemplate\":\"https:\\\/\\\/dizagn.fr\\\/?s={search_term_string}\"},\"query-input\":{\"@type\":\"PropertyValueSpecification\",\"valueRequired\":true,\"valueName\":\"search_term_string\"}}],\"inLanguage\":\"en-GB\"},{\"@type\":\"Organization\",\"@id\":\"https:\\\/\\\/dizagn.fr\\\/#organization\",\"name\":\"DIZAGN\",\"url\":\"https:\\\/\\\/dizagn.fr\\\/\",\"logo\":{\"@type\":\"ImageObject\",\"inLanguage\":\"en-GB\",\"@id\":\"https:\\\/\\\/dizagn.fr\\\/#\\\/schema\\\/logo\\\/image\\\/\",\"url\":\"https:\\\/\\\/dizagn.fr\\\/wp-content\\\/uploads\\\/2023\\\/03\\\/logo-Dizagn.jpg\",\"contentUrl\":\"https:\\\/\\\/dizagn.fr\\\/wp-content\\\/uploads\\\/2023\\\/03\\\/logo-Dizagn.jpg\",\"width\":304,\"height\":95,\"caption\":\"DIZAGN\"},\"image\":{\"@id\":\"https:\\\/\\\/dizagn.fr\\\/#\\\/schema\\\/logo\\\/image\\\/\"}}]}<\/script>\n<!-- \/ Yoast SEO plugin. -->","yoast_head_json":{"title":"OLIVIER MOURGUE, LAMPE 2093, DISDEROT ED., 1967 - DIZAGN","robots":{"index":"index","follow":"follow","max-snippet":"max-snippet:-1","max-image-preview":"max-image-preview:large","max-video-preview":"max-video-preview:-1"},"canonical":"https:\/\/dizagn.fr\/en\/product\/olivier-mourgue-lampe-2093-disderot-ed-1967\/","og_locale":"en_GB","og_type":"article","og_title":"OLIVIER MOURGUE, LAMPE 2093, DISDEROT ED., 1967 - DIZAGN","og_description":"MOURGUE Olivier (1939-)  Lampe 2093, Disderot \u00e9diteur, France, 1967 - Rare version blanche  M\u00e9tal laqu\u00e9, aluminium anodis\u00e9 et m\u00e9tal chrom\u00e9, ampoule calotte argent\u00e9e  Haut. 80. x Diam. base 25 cm   Ref. 18","og_url":"https:\/\/dizagn.fr\/en\/product\/olivier-mourgue-lampe-2093-disderot-ed-1967\/","og_site_name":"DIZAGN","article_modified_time":"2023-01-03T00:33:20+00:00","og_image":[{"width":1772,"height":1772,"url":"https:\/\/dizagn.fr\/wp-content\/uploads\/2023\/01\/MOURGUE-lampe-2093-BL-2.jpg","type":"image\/jpeg"}],"twitter_card":"summary_large_image","twitter_misc":{"Estimated reading time":"1 minute"},"schema":{"@context":"https:\/\/schema.org","@graph":[{"@type":"WebPage","@id":"https:\/\/dizagn.fr\/en\/product\/olivier-mourgue-lampe-2093-disderot-ed-1967\/","url":"https:\/\/dizagn.fr\/en\/product\/olivier-mourgue-lampe-2093-disderot-ed-1967\/","name":"OLIVIER MOURGUE, LAMPE 2093, DISDEROT ED., 1967 - DIZAGN","isPartOf":{"@id":"https:\/\/dizagn.fr\/#website"},"primaryImageOfPage":{"@id":"https:\/\/dizagn.fr\/en\/product\/olivier-mourgue-lampe-2093-disderot-ed-1967\/#primaryimage"},"image":{"@id":"https:\/\/dizagn.fr\/en\/product\/olivier-mourgue-lampe-2093-disderot-ed-1967\/#primaryimage"},"thumbnailUrl":"https:\/\/dizagn.fr\/wp-content\/uploads\/2023\/01\/MOURGUE-lampe-2093-BL-2.jpg","datePublished":"2023-01-03T00:30:44+00:00","dateModified":"2023-01-03T00:33:20+00:00","breadcrumb":{"@id":"https:\/\/dizagn.fr\/en\/product\/olivier-mourgue-lampe-2093-disderot-ed-1967\/#breadcrumb"},"inLanguage":"en-GB","potentialAction":[{"@type":"ReadAction","target":["https:\/\/dizagn.fr\/en\/product\/olivier-mourgue-lampe-2093-disderot-ed-1967\/"]}]},{"@type":"ImageObject","inLanguage":"en-GB","@id":"https:\/\/dizagn.fr\/en\/product\/olivier-mourgue-lampe-2093-disderot-ed-1967\/#primaryimage","url":"https:\/\/dizagn.fr\/wp-content\/uploads\/2023\/01\/MOURGUE-lampe-2093-BL-2.jpg","contentUrl":"https:\/\/dizagn.fr\/wp-content\/uploads\/2023\/01\/MOURGUE-lampe-2093-BL-2.jpg","width":1772,"height":1772},{"@type":"BreadcrumbList","@id":"https:\/\/dizagn.fr\/en\/product\/olivier-mourgue-lampe-2093-disderot-ed-1967\/#breadcrumb","itemListElement":[{"@type":"ListItem","position":1,"name":"Accueil","item":"https:\/\/dizagn.fr\/"},{"@type":"ListItem","position":2,"name":"S\u00e9lection","item":"https:\/\/dizagn.fr\/"},{"@type":"ListItem","position":3,"name":"OLIVIER MOURGUE, LAMPE 2093, DISDEROT ED., 1967"}]},{"@type":"WebSite","@id":"https:\/\/dizagn.fr\/#website","url":"https:\/\/dizagn.fr\/","name":"DIZAGN","description":"","publisher":{"@id":"https:\/\/dizagn.fr\/#organization"},"potentialAction":[{"@type":"SearchAction","target":{"@type":"EntryPoint","urlTemplate":"https:\/\/dizagn.fr\/?s={search_term_string}"},"query-input":{"@type":"PropertyValueSpecification","valueRequired":true,"valueName":"search_term_string"}}],"inLanguage":"en-GB"},{"@type":"Organization","@id":"https:\/\/dizagn.fr\/#organization","name":"DIZAGN","url":"https:\/\/dizagn.fr\/","logo":{"@type":"ImageObject","inLanguage":"en-GB","@id":"https:\/\/dizagn.fr\/#\/schema\/logo\/image\/","url":"https:\/\/dizagn.fr\/wp-content\/uploads\/2023\/03\/logo-Dizagn.jpg","contentUrl":"https:\/\/dizagn.fr\/wp-content\/uploads\/2023\/03\/logo-Dizagn.jpg","width":304,"height":95,"caption":"DIZAGN"},"image":{"@id":"https:\/\/dizagn.fr\/#\/schema\/logo\/image\/"}}]}},"_links":{"self":[{"href":"https:\/\/dizagn.fr\/en\/wp-json\/wp\/v2\/product\/994","targetHints":{"allow":["GET"]}}],"collection":[{"href":"https:\/\/dizagn.fr\/en\/wp-json\/wp\/v2\/product"}],"about":[{"href":"https:\/\/dizagn.fr\/en\/wp-json\/wp\/v2\/types\/product"}],"wp:featuredmedia":[{"embeddable":true,"href":"https:\/\/dizagn.fr\/en\/wp-json\/wp\/v2\/media\/996"}],"wp:attachment":[{"href":"https:\/\/dizagn.fr\/en\/wp-json\/wp\/v2\/media?parent=994"}],"wp:term":[{"taxonomy":"product_brand","embeddable":true,"href":"https:\/\/dizagn.fr\/en\/wp-json\/wp\/v2\/product_brand?post=994"},{"taxonomy":"product_cat","embeddable":true,"href":"https:\/\/dizagn.fr\/en\/wp-json\/wp\/v2\/product_cat?post=994"},{"taxonomy":"product_tag","embeddable":true,"href":"https:\/\/dizagn.fr\/en\/wp-json\/wp\/v2\/product_tag?post=994"}],"curies":[{"name":"wp","href":"https:\/\/api.w.org\/{rel}","templated":true}]}}