{"id":985,"date":"2023-01-03T00:41:59","date_gmt":"2023-01-02T23:41:59","guid":{"rendered":"http:\/\/dizagn.fr\/?post_type=product&#038;p=985"},"modified":"2023-03-22T15:27:41","modified_gmt":"2023-03-22T14:27:41","slug":"travail-francais-deux-chauffeuses-basses-c-1960","status":"publish","type":"product","link":"https:\/\/dizagn.fr\/en\/product\/travail-francais-deux-chauffeuses-basses-c-1960\/","title":{"rendered":"TRAVAIL FRAN\u00c7AIS, DEUX CHAUFFEUSES BASSES, C.1960"},"content":{"rendered":"","protected":false},"excerpt":{"rendered":"<p>French work<\/p>\n<p>Deux chauffeuses basses, France, circa 1960<\/p>\n<p>M\u00e9tal chrom\u00e9, mousse et tissus restaur\u00e9s (Maison Bisson Bruneel Bergamo)<\/p>\n<p>L\u00e9g\u00e8re oxydation du chrome et quelques manques de mati\u00e8re<\/p>\n<p>Haut. 55 x Larg. 44 x Prof. 50 cm<\/p>","protected":false},"featured_media":987,"template":"","meta":{"_et_pb_use_builder":"","_et_pb_old_content":"","_et_gb_content_width":""},"product_brand":[],"product_cat":[19],"product_tag":[],"class_list":{"0":"post-985","1":"product","2":"type-product","3":"status-publish","4":"has-post-thumbnail","6":"product_cat-archives","8":"first","9":"instock","10":"shipping-taxable","11":"product-type-simple"},"yoast_head":"<!-- This site is optimized with the Yoast SEO plugin v27.1.1 - https:\/\/yoast.com\/product\/yoast-seo-wordpress\/ -->\n<title>TRAVAIL FRAN\u00c7AIS, DEUX CHAUFFEUSES BASSES, C.1960 - DIZAGN<\/title>\n<meta name=\"robots\" content=\"index, follow, max-snippet:-1, max-image-preview:large, max-video-preview:-1\" \/>\n<link rel=\"canonical\" href=\"https:\/\/dizagn.fr\/en\/product\/travail-francais-deux-chauffeuses-basses-c-1960\/\" \/>\n<meta property=\"og:locale\" content=\"en_GB\" \/>\n<meta property=\"og:type\" content=\"article\" \/>\n<meta property=\"og:title\" content=\"TRAVAIL FRAN\u00c7AIS, DEUX CHAUFFEUSES BASSES, C.1960 - DIZAGN\" \/>\n<meta property=\"og:description\" content=\"Travail fran\u00e7ais  Deux chauffeuses basses, France, circa 1960  M\u00e9tal chrom\u00e9, mousse et tissus restaur\u00e9s (Maison Bisson Bruneel Bergamo)  L\u00e9g\u00e8re oxydation du chrome et quelques manques de mati\u00e8re  Haut. 55 x Larg. 44 x Prof. 50 cm\" \/>\n<meta property=\"og:url\" content=\"https:\/\/dizagn.fr\/en\/product\/travail-francais-deux-chauffeuses-basses-c-1960\/\" \/>\n<meta property=\"og:site_name\" content=\"DIZAGN\" \/>\n<meta property=\"article:modified_time\" content=\"2023-03-22T14:27:41+00:00\" \/>\n<meta property=\"og:image\" content=\"https:\/\/dizagn.fr\/wp-content\/uploads\/2023\/01\/Dizign-shoot-studio-Dec-22-jpg-45.jpg\" \/>\n\t<meta property=\"og:image:width\" content=\"1772\" \/>\n\t<meta property=\"og:image:height\" content=\"1772\" \/>\n\t<meta property=\"og:image:type\" content=\"image\/jpeg\" \/>\n<meta name=\"twitter:card\" content=\"summary_large_image\" \/>\n<script type=\"application\/ld+json\" class=\"yoast-schema-graph\">{\"@context\":\"https:\/\/schema.org\",\"@graph\":[{\"@type\":\"WebPage\",\"@id\":\"https:\/\/dizagn.fr\/en\/product\/travail-francais-deux-chauffeuses-basses-c-1960\/\",\"url\":\"https:\/\/dizagn.fr\/en\/product\/travail-francais-deux-chauffeuses-basses-c-1960\/\",\"name\":\"TRAVAIL FRAN\u00c7AIS, DEUX CHAUFFEUSES BASSES, C.1960 - DIZAGN\",\"isPartOf\":{\"@id\":\"https:\/\/dizagn.fr\/#website\"},\"primaryImageOfPage\":{\"@id\":\"https:\/\/dizagn.fr\/en\/product\/travail-francais-deux-chauffeuses-basses-c-1960\/#primaryimage\"},\"image\":{\"@id\":\"https:\/\/dizagn.fr\/en\/product\/travail-francais-deux-chauffeuses-basses-c-1960\/#primaryimage\"},\"thumbnailUrl\":\"https:\/\/dizagn.fr\/wp-content\/uploads\/2023\/01\/Dizign-shoot-studio-Dec-22-jpg-45.jpg\",\"datePublished\":\"2023-01-02T23:41:59+00:00\",\"dateModified\":\"2023-03-22T14:27:41+00:00\",\"breadcrumb\":{\"@id\":\"https:\/\/dizagn.fr\/en\/product\/travail-francais-deux-chauffeuses-basses-c-1960\/#breadcrumb\"},\"inLanguage\":\"en-GB\",\"potentialAction\":[{\"@type\":\"ReadAction\",\"target\":[\"https:\/\/dizagn.fr\/en\/product\/travail-francais-deux-chauffeuses-basses-c-1960\/\"]}]},{\"@type\":\"ImageObject\",\"inLanguage\":\"en-GB\",\"@id\":\"https:\/\/dizagn.fr\/en\/product\/travail-francais-deux-chauffeuses-basses-c-1960\/#primaryimage\",\"url\":\"https:\/\/dizagn.fr\/wp-content\/uploads\/2023\/01\/Dizign-shoot-studio-Dec-22-jpg-45.jpg\",\"contentUrl\":\"https:\/\/dizagn.fr\/wp-content\/uploads\/2023\/01\/Dizign-shoot-studio-Dec-22-jpg-45.jpg\",\"width\":1772,\"height\":1772},{\"@type\":\"BreadcrumbList\",\"@id\":\"https:\/\/dizagn.fr\/en\/product\/travail-francais-deux-chauffeuses-basses-c-1960\/#breadcrumb\",\"itemListElement\":[{\"@type\":\"ListItem\",\"position\":1,\"name\":\"Accueil\",\"item\":\"https:\/\/dizagn.fr\/\"},{\"@type\":\"ListItem\",\"position\":2,\"name\":\"S\u00e9lection\",\"item\":\"https:\/\/dizagn.fr\/\"},{\"@type\":\"ListItem\",\"position\":3,\"name\":\"TRAVAIL FRAN\u00c7AIS, DEUX CHAUFFEUSES BASSES, C.1960\"}]},{\"@type\":\"WebSite\",\"@id\":\"https:\/\/dizagn.fr\/#website\",\"url\":\"https:\/\/dizagn.fr\/\",\"name\":\"DIZAGN\",\"description\":\"\",\"potentialAction\":[{\"@type\":\"SearchAction\",\"target\":{\"@type\":\"EntryPoint\",\"urlTemplate\":\"https:\/\/dizagn.fr\/?s={search_term_string}\"},\"query-input\":{\"@type\":\"PropertyValueSpecification\",\"valueRequired\":true,\"valueName\":\"search_term_string\"}}],\"inLanguage\":\"en-GB\"}]}<\/script>\n<!-- \/ Yoast SEO plugin. -->","yoast_head_json":{"title":"TRAVAIL FRAN\u00c7AIS, DEUX CHAUFFEUSES BASSES, C.1960 - DIZAGN","robots":{"index":"index","follow":"follow","max-snippet":"max-snippet:-1","max-image-preview":"max-image-preview:large","max-video-preview":"max-video-preview:-1"},"canonical":"https:\/\/dizagn.fr\/en\/product\/travail-francais-deux-chauffeuses-basses-c-1960\/","og_locale":"en_GB","og_type":"article","og_title":"TRAVAIL FRAN\u00c7AIS, DEUX CHAUFFEUSES BASSES, C.1960 - DIZAGN","og_description":"Travail fran\u00e7ais  Deux chauffeuses basses, France, circa 1960  M\u00e9tal chrom\u00e9, mousse et tissus restaur\u00e9s (Maison Bisson Bruneel Bergamo)  L\u00e9g\u00e8re oxydation du chrome et quelques manques de mati\u00e8re  Haut. 55 x Larg. 44 x Prof. 50 cm","og_url":"https:\/\/dizagn.fr\/en\/product\/travail-francais-deux-chauffeuses-basses-c-1960\/","og_site_name":"DIZAGN","article_modified_time":"2023-03-22T14:27:41+00:00","og_image":[{"width":1772,"height":1772,"url":"https:\/\/dizagn.fr\/wp-content\/uploads\/2023\/01\/Dizign-shoot-studio-Dec-22-jpg-45.jpg","type":"image\/jpeg"}],"twitter_card":"summary_large_image","schema":{"@context":"https:\/\/schema.org","@graph":[{"@type":"WebPage","@id":"https:\/\/dizagn.fr\/en\/product\/travail-francais-deux-chauffeuses-basses-c-1960\/","url":"https:\/\/dizagn.fr\/en\/product\/travail-francais-deux-chauffeuses-basses-c-1960\/","name":"TRAVAIL FRAN\u00c7AIS, DEUX CHAUFFEUSES BASSES, C.1960 - DIZAGN","isPartOf":{"@id":"https:\/\/dizagn.fr\/#website"},"primaryImageOfPage":{"@id":"https:\/\/dizagn.fr\/en\/product\/travail-francais-deux-chauffeuses-basses-c-1960\/#primaryimage"},"image":{"@id":"https:\/\/dizagn.fr\/en\/product\/travail-francais-deux-chauffeuses-basses-c-1960\/#primaryimage"},"thumbnailUrl":"https:\/\/dizagn.fr\/wp-content\/uploads\/2023\/01\/Dizign-shoot-studio-Dec-22-jpg-45.jpg","datePublished":"2023-01-02T23:41:59+00:00","dateModified":"2023-03-22T14:27:41+00:00","breadcrumb":{"@id":"https:\/\/dizagn.fr\/en\/product\/travail-francais-deux-chauffeuses-basses-c-1960\/#breadcrumb"},"inLanguage":"en-GB","potentialAction":[{"@type":"ReadAction","target":["https:\/\/dizagn.fr\/en\/product\/travail-francais-deux-chauffeuses-basses-c-1960\/"]}]},{"@type":"ImageObject","inLanguage":"en-GB","@id":"https:\/\/dizagn.fr\/en\/product\/travail-francais-deux-chauffeuses-basses-c-1960\/#primaryimage","url":"https:\/\/dizagn.fr\/wp-content\/uploads\/2023\/01\/Dizign-shoot-studio-Dec-22-jpg-45.jpg","contentUrl":"https:\/\/dizagn.fr\/wp-content\/uploads\/2023\/01\/Dizign-shoot-studio-Dec-22-jpg-45.jpg","width":1772,"height":1772},{"@type":"BreadcrumbList","@id":"https:\/\/dizagn.fr\/en\/product\/travail-francais-deux-chauffeuses-basses-c-1960\/#breadcrumb","itemListElement":[{"@type":"ListItem","position":1,"name":"Accueil","item":"https:\/\/dizagn.fr\/"},{"@type":"ListItem","position":2,"name":"S\u00e9lection","item":"https:\/\/dizagn.fr\/"},{"@type":"ListItem","position":3,"name":"TRAVAIL FRAN\u00c7AIS, DEUX CHAUFFEUSES BASSES, C.1960"}]},{"@type":"WebSite","@id":"https:\/\/dizagn.fr\/#website","url":"https:\/\/dizagn.fr\/","name":"DIZAGN","description":"","potentialAction":[{"@type":"SearchAction","target":{"@type":"EntryPoint","urlTemplate":"https:\/\/dizagn.fr\/?s={search_term_string}"},"query-input":{"@type":"PropertyValueSpecification","valueRequired":true,"valueName":"search_term_string"}}],"inLanguage":"en-GB"}]}},"_links":{"self":[{"href":"https:\/\/dizagn.fr\/en\/wp-json\/wp\/v2\/product\/985","targetHints":{"allow":["GET"]}}],"collection":[{"href":"https:\/\/dizagn.fr\/en\/wp-json\/wp\/v2\/product"}],"about":[{"href":"https:\/\/dizagn.fr\/en\/wp-json\/wp\/v2\/types\/product"}],"wp:featuredmedia":[{"embeddable":true,"href":"https:\/\/dizagn.fr\/en\/wp-json\/wp\/v2\/media\/987"}],"wp:attachment":[{"href":"https:\/\/dizagn.fr\/en\/wp-json\/wp\/v2\/media?parent=985"}],"wp:term":[{"taxonomy":"product_brand","embeddable":true,"href":"https:\/\/dizagn.fr\/en\/wp-json\/wp\/v2\/product_brand?post=985"},{"taxonomy":"product_cat","embeddable":true,"href":"https:\/\/dizagn.fr\/en\/wp-json\/wp\/v2\/product_cat?post=985"},{"taxonomy":"product_tag","embeddable":true,"href":"https:\/\/dizagn.fr\/en\/wp-json\/wp\/v2\/product_tag?post=985"}],"curies":[{"name":"wp","href":"https:\/\/api.w.org\/{rel}","templated":true}]}}