{"id":981,"date":"2023-01-02T18:04:56","date_gmt":"2023-01-02T17:04:56","guid":{"rendered":"http:\/\/dizagn.fr\/?post_type=product&#038;p=981"},"modified":"2024-10-06T11:09:41","modified_gmt":"2024-10-06T09:09:41","slug":"francis-jourdain-ceramique-c-1910","status":"publish","type":"product","link":"https:\/\/dizagn.fr\/en\/product\/francis-jourdain-ceramique-c-1910\/","title":{"rendered":"FRANCIS JOURDAIN, CERAMIQUE EMAILLEE, C. 1910"},"content":{"rendered":"","protected":false},"excerpt":{"rendered":"<p>JOURDAIN Francis (1876-1958)<\/p>\n<p>Pot couvert en c\u00e9ramique \u00e9maill\u00e9e jaune et noire, France, circa 1910<\/p>\n<p>Sign\u00e9 du monogramme FJ sous la base. Bon \u00e9tat, sans restauration. <\/p>\n<p>Haut. 18 cm<\/p>","protected":false},"featured_media":982,"template":"","meta":{"_et_pb_use_builder":"","_et_pb_old_content":"","_et_gb_content_width":""},"product_brand":[],"product_cat":[19],"product_tag":[],"class_list":{"0":"post-981","1":"product","2":"type-product","3":"status-publish","4":"has-post-thumbnail","6":"product_cat-archives","8":"first","9":"instock","10":"shipping-taxable","11":"purchasable","12":"product-type-simple"},"yoast_head":"<!-- This site is optimized with the Yoast SEO plugin v27.1.1 - https:\/\/yoast.com\/product\/yoast-seo-wordpress\/ -->\n<title>FRANCIS JOURDAIN, CERAMIQUE EMAILLEE, C. 1910 - DIZAGN<\/title>\n<meta name=\"robots\" content=\"index, follow, max-snippet:-1, max-image-preview:large, max-video-preview:-1\" \/>\n<link rel=\"canonical\" href=\"https:\/\/dizagn.fr\/en\/product\/francis-jourdain-ceramique-c-1910\/\" \/>\n<meta property=\"og:locale\" content=\"en_GB\" \/>\n<meta property=\"og:type\" content=\"article\" \/>\n<meta property=\"og:title\" content=\"FRANCIS JOURDAIN, CERAMIQUE EMAILLEE, C. 1910 - DIZAGN\" \/>\n<meta property=\"og:description\" content=\"JOURDAIN Francis (1876-1958)  Pot couvert en c\u00e9ramique \u00e9maill\u00e9e jaune et noire, France, circa 1910  Sign\u00e9 du monogramme FJ sous la base. Bon \u00e9tat, sans restauration.   Haut. 18 cm\" \/>\n<meta property=\"og:url\" content=\"https:\/\/dizagn.fr\/en\/product\/francis-jourdain-ceramique-c-1910\/\" \/>\n<meta property=\"og:site_name\" content=\"DIZAGN\" \/>\n<meta property=\"article:modified_time\" content=\"2024-10-06T09:09:41+00:00\" \/>\n<meta property=\"og:image\" content=\"https:\/\/dizagn.fr\/wp-content\/uploads\/2023\/01\/JOURDAIN-ceramique-jaune.jpg\" \/>\n\t<meta property=\"og:image:width\" content=\"1772\" \/>\n\t<meta property=\"og:image:height\" content=\"1772\" \/>\n\t<meta property=\"og:image:type\" content=\"image\/jpeg\" \/>\n<meta name=\"twitter:card\" content=\"summary_large_image\" \/>\n<script type=\"application\/ld+json\" class=\"yoast-schema-graph\">{\"@context\":\"https:\/\/schema.org\",\"@graph\":[{\"@type\":\"WebPage\",\"@id\":\"https:\/\/dizagn.fr\/produit\/francis-jourdain-ceramique-c-1910\/\",\"url\":\"https:\/\/dizagn.fr\/produit\/francis-jourdain-ceramique-c-1910\/\",\"name\":\"FRANCIS JOURDAIN, CERAMIQUE EMAILLEE, C. 1910 - DIZAGN\",\"isPartOf\":{\"@id\":\"https:\/\/dizagn.fr\/#website\"},\"primaryImageOfPage\":{\"@id\":\"https:\/\/dizagn.fr\/produit\/francis-jourdain-ceramique-c-1910\/#primaryimage\"},\"image\":{\"@id\":\"https:\/\/dizagn.fr\/produit\/francis-jourdain-ceramique-c-1910\/#primaryimage\"},\"thumbnailUrl\":\"https:\/\/dizagn.fr\/wp-content\/uploads\/2023\/01\/JOURDAIN-ceramique-jaune.jpg\",\"datePublished\":\"2023-01-02T17:04:56+00:00\",\"dateModified\":\"2024-10-06T09:09:41+00:00\",\"breadcrumb\":{\"@id\":\"https:\/\/dizagn.fr\/produit\/francis-jourdain-ceramique-c-1910\/#breadcrumb\"},\"inLanguage\":\"en-GB\",\"potentialAction\":[{\"@type\":\"ReadAction\",\"target\":[\"https:\/\/dizagn.fr\/produit\/francis-jourdain-ceramique-c-1910\/\"]}]},{\"@type\":\"ImageObject\",\"inLanguage\":\"en-GB\",\"@id\":\"https:\/\/dizagn.fr\/produit\/francis-jourdain-ceramique-c-1910\/#primaryimage\",\"url\":\"https:\/\/dizagn.fr\/wp-content\/uploads\/2023\/01\/JOURDAIN-ceramique-jaune.jpg\",\"contentUrl\":\"https:\/\/dizagn.fr\/wp-content\/uploads\/2023\/01\/JOURDAIN-ceramique-jaune.jpg\",\"width\":1772,\"height\":1772},{\"@type\":\"BreadcrumbList\",\"@id\":\"https:\/\/dizagn.fr\/produit\/francis-jourdain-ceramique-c-1910\/#breadcrumb\",\"itemListElement\":[{\"@type\":\"ListItem\",\"position\":1,\"name\":\"Accueil\",\"item\":\"https:\/\/dizagn.fr\/\"},{\"@type\":\"ListItem\",\"position\":2,\"name\":\"S\u00e9lection\",\"item\":\"https:\/\/dizagn.fr\/\"},{\"@type\":\"ListItem\",\"position\":3,\"name\":\"FRANCIS JOURDAIN, CERAMIQUE EMAILLEE, C. 1910\"}]},{\"@type\":\"WebSite\",\"@id\":\"https:\/\/dizagn.fr\/#website\",\"url\":\"https:\/\/dizagn.fr\/\",\"name\":\"DIZAGN\",\"description\":\"\",\"potentialAction\":[{\"@type\":\"SearchAction\",\"target\":{\"@type\":\"EntryPoint\",\"urlTemplate\":\"https:\/\/dizagn.fr\/?s={search_term_string}\"},\"query-input\":{\"@type\":\"PropertyValueSpecification\",\"valueRequired\":true,\"valueName\":\"search_term_string\"}}],\"inLanguage\":\"en-GB\"}]}<\/script>\n<!-- \/ Yoast SEO plugin. -->","yoast_head_json":{"title":"FRANCIS JOURDAIN, CERAMIQUE EMAILLEE, C. 1910 - DIZAGN","robots":{"index":"index","follow":"follow","max-snippet":"max-snippet:-1","max-image-preview":"max-image-preview:large","max-video-preview":"max-video-preview:-1"},"canonical":"https:\/\/dizagn.fr\/en\/product\/francis-jourdain-ceramique-c-1910\/","og_locale":"en_GB","og_type":"article","og_title":"FRANCIS JOURDAIN, CERAMIQUE EMAILLEE, C. 1910 - DIZAGN","og_description":"JOURDAIN Francis (1876-1958)  Pot couvert en c\u00e9ramique \u00e9maill\u00e9e jaune et noire, France, circa 1910  Sign\u00e9 du monogramme FJ sous la base. Bon \u00e9tat, sans restauration.   Haut. 18 cm","og_url":"https:\/\/dizagn.fr\/en\/product\/francis-jourdain-ceramique-c-1910\/","og_site_name":"DIZAGN","article_modified_time":"2024-10-06T09:09:41+00:00","og_image":[{"width":1772,"height":1772,"url":"https:\/\/dizagn.fr\/wp-content\/uploads\/2023\/01\/JOURDAIN-ceramique-jaune.jpg","type":"image\/jpeg"}],"twitter_card":"summary_large_image","schema":{"@context":"https:\/\/schema.org","@graph":[{"@type":"WebPage","@id":"https:\/\/dizagn.fr\/produit\/francis-jourdain-ceramique-c-1910\/","url":"https:\/\/dizagn.fr\/produit\/francis-jourdain-ceramique-c-1910\/","name":"FRANCIS JOURDAIN, CERAMIQUE EMAILLEE, C. 1910 - DIZAGN","isPartOf":{"@id":"https:\/\/dizagn.fr\/#website"},"primaryImageOfPage":{"@id":"https:\/\/dizagn.fr\/produit\/francis-jourdain-ceramique-c-1910\/#primaryimage"},"image":{"@id":"https:\/\/dizagn.fr\/produit\/francis-jourdain-ceramique-c-1910\/#primaryimage"},"thumbnailUrl":"https:\/\/dizagn.fr\/wp-content\/uploads\/2023\/01\/JOURDAIN-ceramique-jaune.jpg","datePublished":"2023-01-02T17:04:56+00:00","dateModified":"2024-10-06T09:09:41+00:00","breadcrumb":{"@id":"https:\/\/dizagn.fr\/produit\/francis-jourdain-ceramique-c-1910\/#breadcrumb"},"inLanguage":"en-GB","potentialAction":[{"@type":"ReadAction","target":["https:\/\/dizagn.fr\/produit\/francis-jourdain-ceramique-c-1910\/"]}]},{"@type":"ImageObject","inLanguage":"en-GB","@id":"https:\/\/dizagn.fr\/produit\/francis-jourdain-ceramique-c-1910\/#primaryimage","url":"https:\/\/dizagn.fr\/wp-content\/uploads\/2023\/01\/JOURDAIN-ceramique-jaune.jpg","contentUrl":"https:\/\/dizagn.fr\/wp-content\/uploads\/2023\/01\/JOURDAIN-ceramique-jaune.jpg","width":1772,"height":1772},{"@type":"BreadcrumbList","@id":"https:\/\/dizagn.fr\/produit\/francis-jourdain-ceramique-c-1910\/#breadcrumb","itemListElement":[{"@type":"ListItem","position":1,"name":"Accueil","item":"https:\/\/dizagn.fr\/"},{"@type":"ListItem","position":2,"name":"S\u00e9lection","item":"https:\/\/dizagn.fr\/"},{"@type":"ListItem","position":3,"name":"FRANCIS JOURDAIN, CERAMIQUE EMAILLEE, C. 1910"}]},{"@type":"WebSite","@id":"https:\/\/dizagn.fr\/#website","url":"https:\/\/dizagn.fr\/","name":"DIZAGN","description":"","potentialAction":[{"@type":"SearchAction","target":{"@type":"EntryPoint","urlTemplate":"https:\/\/dizagn.fr\/?s={search_term_string}"},"query-input":{"@type":"PropertyValueSpecification","valueRequired":true,"valueName":"search_term_string"}}],"inLanguage":"en-GB"}]}},"_links":{"self":[{"href":"https:\/\/dizagn.fr\/en\/wp-json\/wp\/v2\/product\/981","targetHints":{"allow":["GET"]}}],"collection":[{"href":"https:\/\/dizagn.fr\/en\/wp-json\/wp\/v2\/product"}],"about":[{"href":"https:\/\/dizagn.fr\/en\/wp-json\/wp\/v2\/types\/product"}],"wp:featuredmedia":[{"embeddable":true,"href":"https:\/\/dizagn.fr\/en\/wp-json\/wp\/v2\/media\/982"}],"wp:attachment":[{"href":"https:\/\/dizagn.fr\/en\/wp-json\/wp\/v2\/media?parent=981"}],"wp:term":[{"taxonomy":"product_brand","embeddable":true,"href":"https:\/\/dizagn.fr\/en\/wp-json\/wp\/v2\/product_brand?post=981"},{"taxonomy":"product_cat","embeddable":true,"href":"https:\/\/dizagn.fr\/en\/wp-json\/wp\/v2\/product_cat?post=981"},{"taxonomy":"product_tag","embeddable":true,"href":"https:\/\/dizagn.fr\/en\/wp-json\/wp\/v2\/product_tag?post=981"}],"curies":[{"name":"wp","href":"https:\/\/api.w.org\/{rel}","templated":true}]}}