{"id":970,"date":"2023-01-02T17:51:18","date_gmt":"2023-01-02T16:51:18","guid":{"rendered":"http:\/\/dizagn.fr\/?post_type=product&#038;p=970"},"modified":"2023-03-22T15:28:25","modified_gmt":"2023-03-22T14:28:25","slug":"maison-lunel-paire-de-lampadaires-c-1955","status":"publish","type":"product","link":"https:\/\/dizagn.fr\/en\/product\/maison-lunel-paire-de-lampadaires-c-1955\/","title":{"rendered":"MAISON LUNEL, PAIRE DE LAMPADAIRES, C.1955"},"content":{"rendered":"","protected":false},"excerpt":{"rendered":"<p>Lampadaire de la Maison Lunel, France, Circa 1955<\/p>\n<p>M\u00e9tal laqu\u00e9 noir laiton dor\u00e9 et abat-jours tissu \u00e9cru (refaits \u00e0 neuf)<\/p>\n<p>Haut. 155 x larg. 35 x prof. 27 cm<\/p>\n<p>Deux disponibles. Prix pour la pi\u00e8ce.<\/p>","protected":false},"featured_media":977,"template":"","meta":{"_et_pb_use_builder":"","_et_pb_old_content":"","_et_gb_content_width":""},"product_brand":[],"product_cat":[19],"product_tag":[],"class_list":{"0":"post-970","1":"product","2":"type-product","3":"status-publish","4":"has-post-thumbnail","6":"product_cat-archives","8":"first","9":"instock","10":"shipping-taxable","11":"product-type-simple"},"yoast_head":"<!-- This site is optimized with the Yoast SEO plugin v27.1.1 - https:\/\/yoast.com\/product\/yoast-seo-wordpress\/ -->\n<title>MAISON LUNEL, PAIRE DE LAMPADAIRES, C.1955 - DIZAGN<\/title>\n<meta name=\"robots\" content=\"index, follow, max-snippet:-1, max-image-preview:large, max-video-preview:-1\" \/>\n<link rel=\"canonical\" href=\"https:\/\/dizagn.fr\/en\/product\/maison-lunel-paire-de-lampadaires-c-1955\/\" \/>\n<meta property=\"og:locale\" content=\"en_GB\" \/>\n<meta property=\"og:type\" content=\"article\" \/>\n<meta property=\"og:title\" content=\"MAISON LUNEL, PAIRE DE LAMPADAIRES, C.1955 - DIZAGN\" \/>\n<meta property=\"og:description\" content=\"Lampadaire de la Maison Lunel, France, Circa 1955  M\u00e9tal laqu\u00e9 noir laiton dor\u00e9 et abat-jours tissu \u00e9cru (refaits \u00e0 neuf)  Haut. 155 x larg. 35 x prof. 27 cm  Deux disponibles. Prix pour la pi\u00e8ce.\" \/>\n<meta property=\"og:url\" content=\"https:\/\/dizagn.fr\/en\/product\/maison-lunel-paire-de-lampadaires-c-1955\/\" \/>\n<meta property=\"og:site_name\" content=\"DIZAGN\" \/>\n<meta property=\"article:modified_time\" content=\"2023-03-22T14:28:25+00:00\" \/>\n<meta property=\"og:image\" content=\"https:\/\/dizagn.fr\/wp-content\/uploads\/2023\/01\/LUNEL-lampadaire-3.jpg\" \/>\n\t<meta property=\"og:image:width\" content=\"1772\" \/>\n\t<meta property=\"og:image:height\" content=\"1772\" \/>\n\t<meta property=\"og:image:type\" content=\"image\/jpeg\" \/>\n<meta name=\"twitter:card\" content=\"summary_large_image\" \/>\n<script type=\"application\/ld+json\" class=\"yoast-schema-graph\">{\"@context\":\"https:\/\/schema.org\",\"@graph\":[{\"@type\":\"WebPage\",\"@id\":\"https:\/\/dizagn.fr\/produit\/maison-lunel-paire-de-lampadaires-c-1955\/\",\"url\":\"https:\/\/dizagn.fr\/produit\/maison-lunel-paire-de-lampadaires-c-1955\/\",\"name\":\"MAISON LUNEL, PAIRE DE LAMPADAIRES, C.1955 - DIZAGN\",\"isPartOf\":{\"@id\":\"https:\/\/dizagn.fr\/#website\"},\"primaryImageOfPage\":{\"@id\":\"https:\/\/dizagn.fr\/produit\/maison-lunel-paire-de-lampadaires-c-1955\/#primaryimage\"},\"image\":{\"@id\":\"https:\/\/dizagn.fr\/produit\/maison-lunel-paire-de-lampadaires-c-1955\/#primaryimage\"},\"thumbnailUrl\":\"https:\/\/dizagn.fr\/wp-content\/uploads\/2023\/01\/LUNEL-lampadaire-3.jpg\",\"datePublished\":\"2023-01-02T16:51:18+00:00\",\"dateModified\":\"2023-03-22T14:28:25+00:00\",\"breadcrumb\":{\"@id\":\"https:\/\/dizagn.fr\/produit\/maison-lunel-paire-de-lampadaires-c-1955\/#breadcrumb\"},\"inLanguage\":\"en-GB\",\"potentialAction\":[{\"@type\":\"ReadAction\",\"target\":[\"https:\/\/dizagn.fr\/produit\/maison-lunel-paire-de-lampadaires-c-1955\/\"]}]},{\"@type\":\"ImageObject\",\"inLanguage\":\"en-GB\",\"@id\":\"https:\/\/dizagn.fr\/produit\/maison-lunel-paire-de-lampadaires-c-1955\/#primaryimage\",\"url\":\"https:\/\/dizagn.fr\/wp-content\/uploads\/2023\/01\/LUNEL-lampadaire-3.jpg\",\"contentUrl\":\"https:\/\/dizagn.fr\/wp-content\/uploads\/2023\/01\/LUNEL-lampadaire-3.jpg\",\"width\":1772,\"height\":1772},{\"@type\":\"BreadcrumbList\",\"@id\":\"https:\/\/dizagn.fr\/produit\/maison-lunel-paire-de-lampadaires-c-1955\/#breadcrumb\",\"itemListElement\":[{\"@type\":\"ListItem\",\"position\":1,\"name\":\"Accueil\",\"item\":\"https:\/\/dizagn.fr\/\"},{\"@type\":\"ListItem\",\"position\":2,\"name\":\"S\u00e9lection\",\"item\":\"https:\/\/dizagn.fr\/\"},{\"@type\":\"ListItem\",\"position\":3,\"name\":\"MAISON LUNEL, PAIRE DE LAMPADAIRES, C.1955\"}]},{\"@type\":\"WebSite\",\"@id\":\"https:\/\/dizagn.fr\/#website\",\"url\":\"https:\/\/dizagn.fr\/\",\"name\":\"DIZAGN\",\"description\":\"\",\"potentialAction\":[{\"@type\":\"SearchAction\",\"target\":{\"@type\":\"EntryPoint\",\"urlTemplate\":\"https:\/\/dizagn.fr\/?s={search_term_string}\"},\"query-input\":{\"@type\":\"PropertyValueSpecification\",\"valueRequired\":true,\"valueName\":\"search_term_string\"}}],\"inLanguage\":\"en-GB\"}]}<\/script>\n<!-- \/ Yoast SEO plugin. -->","yoast_head_json":{"title":"MAISON LUNEL, PAIRE DE LAMPADAIRES, C.1955 - DIZAGN","robots":{"index":"index","follow":"follow","max-snippet":"max-snippet:-1","max-image-preview":"max-image-preview:large","max-video-preview":"max-video-preview:-1"},"canonical":"https:\/\/dizagn.fr\/en\/product\/maison-lunel-paire-de-lampadaires-c-1955\/","og_locale":"en_GB","og_type":"article","og_title":"MAISON LUNEL, PAIRE DE LAMPADAIRES, C.1955 - DIZAGN","og_description":"Lampadaire de la Maison Lunel, France, Circa 1955  M\u00e9tal laqu\u00e9 noir laiton dor\u00e9 et abat-jours tissu \u00e9cru (refaits \u00e0 neuf)  Haut. 155 x larg. 35 x prof. 27 cm  Deux disponibles. Prix pour la pi\u00e8ce.","og_url":"https:\/\/dizagn.fr\/en\/product\/maison-lunel-paire-de-lampadaires-c-1955\/","og_site_name":"DIZAGN","article_modified_time":"2023-03-22T14:28:25+00:00","og_image":[{"width":1772,"height":1772,"url":"https:\/\/dizagn.fr\/wp-content\/uploads\/2023\/01\/LUNEL-lampadaire-3.jpg","type":"image\/jpeg"}],"twitter_card":"summary_large_image","schema":{"@context":"https:\/\/schema.org","@graph":[{"@type":"WebPage","@id":"https:\/\/dizagn.fr\/produit\/maison-lunel-paire-de-lampadaires-c-1955\/","url":"https:\/\/dizagn.fr\/produit\/maison-lunel-paire-de-lampadaires-c-1955\/","name":"MAISON LUNEL, PAIRE DE LAMPADAIRES, C.1955 - DIZAGN","isPartOf":{"@id":"https:\/\/dizagn.fr\/#website"},"primaryImageOfPage":{"@id":"https:\/\/dizagn.fr\/produit\/maison-lunel-paire-de-lampadaires-c-1955\/#primaryimage"},"image":{"@id":"https:\/\/dizagn.fr\/produit\/maison-lunel-paire-de-lampadaires-c-1955\/#primaryimage"},"thumbnailUrl":"https:\/\/dizagn.fr\/wp-content\/uploads\/2023\/01\/LUNEL-lampadaire-3.jpg","datePublished":"2023-01-02T16:51:18+00:00","dateModified":"2023-03-22T14:28:25+00:00","breadcrumb":{"@id":"https:\/\/dizagn.fr\/produit\/maison-lunel-paire-de-lampadaires-c-1955\/#breadcrumb"},"inLanguage":"en-GB","potentialAction":[{"@type":"ReadAction","target":["https:\/\/dizagn.fr\/produit\/maison-lunel-paire-de-lampadaires-c-1955\/"]}]},{"@type":"ImageObject","inLanguage":"en-GB","@id":"https:\/\/dizagn.fr\/produit\/maison-lunel-paire-de-lampadaires-c-1955\/#primaryimage","url":"https:\/\/dizagn.fr\/wp-content\/uploads\/2023\/01\/LUNEL-lampadaire-3.jpg","contentUrl":"https:\/\/dizagn.fr\/wp-content\/uploads\/2023\/01\/LUNEL-lampadaire-3.jpg","width":1772,"height":1772},{"@type":"BreadcrumbList","@id":"https:\/\/dizagn.fr\/produit\/maison-lunel-paire-de-lampadaires-c-1955\/#breadcrumb","itemListElement":[{"@type":"ListItem","position":1,"name":"Accueil","item":"https:\/\/dizagn.fr\/"},{"@type":"ListItem","position":2,"name":"S\u00e9lection","item":"https:\/\/dizagn.fr\/"},{"@type":"ListItem","position":3,"name":"MAISON LUNEL, PAIRE DE LAMPADAIRES, C.1955"}]},{"@type":"WebSite","@id":"https:\/\/dizagn.fr\/#website","url":"https:\/\/dizagn.fr\/","name":"DIZAGN","description":"","potentialAction":[{"@type":"SearchAction","target":{"@type":"EntryPoint","urlTemplate":"https:\/\/dizagn.fr\/?s={search_term_string}"},"query-input":{"@type":"PropertyValueSpecification","valueRequired":true,"valueName":"search_term_string"}}],"inLanguage":"en-GB"}]}},"_links":{"self":[{"href":"https:\/\/dizagn.fr\/en\/wp-json\/wp\/v2\/product\/970","targetHints":{"allow":["GET"]}}],"collection":[{"href":"https:\/\/dizagn.fr\/en\/wp-json\/wp\/v2\/product"}],"about":[{"href":"https:\/\/dizagn.fr\/en\/wp-json\/wp\/v2\/types\/product"}],"wp:featuredmedia":[{"embeddable":true,"href":"https:\/\/dizagn.fr\/en\/wp-json\/wp\/v2\/media\/977"}],"wp:attachment":[{"href":"https:\/\/dizagn.fr\/en\/wp-json\/wp\/v2\/media?parent=970"}],"wp:term":[{"taxonomy":"product_brand","embeddable":true,"href":"https:\/\/dizagn.fr\/en\/wp-json\/wp\/v2\/product_brand?post=970"},{"taxonomy":"product_cat","embeddable":true,"href":"https:\/\/dizagn.fr\/en\/wp-json\/wp\/v2\/product_cat?post=970"},{"taxonomy":"product_tag","embeddable":true,"href":"https:\/\/dizagn.fr\/en\/wp-json\/wp\/v2\/product_tag?post=970"}],"curies":[{"name":"wp","href":"https:\/\/api.w.org\/{rel}","templated":true}]}}