{"id":962,"date":"2023-03-17T15:00:11","date_gmt":"2023-03-17T14:00:11","guid":{"rendered":"http:\/\/dizagn.fr\/?post_type=product&#038;p=962"},"modified":"2024-10-06T11:08:24","modified_gmt":"2024-10-06T09:08:24","slug":"travail-francais-sculpture-lumineuse-circa-1970","status":"publish","type":"product","link":"https:\/\/dizagn.fr\/en\/product\/travail-francais-sculpture-lumineuse-circa-1970\/","title":{"rendered":"FRENCH WORK, LIGHT SCULPTURE, CIRCA 1970"},"content":{"rendered":"","protected":false},"excerpt":{"rendered":"<p>French work<\/p>\n<p>Kinetic light sculpture, circa 1970<\/p>\n<p>Black lacquered wood and plexiglas<\/p>\n<p>Height 162 x Width 52 x Depth 27 cm (plexiglas unit 152, 5 x 2 x 2 cm)<\/p>\n<p>Ref. 105<\/p>","protected":false},"featured_media":961,"template":"","meta":{"_et_pb_use_builder":"","_et_pb_old_content":"","_et_gb_content_width":""},"product_brand":[],"product_cat":[19],"product_tag":[],"class_list":{"0":"post-962","1":"product","2":"type-product","3":"status-publish","4":"has-post-thumbnail","6":"product_cat-archives","8":"first","9":"instock","10":"shipping-taxable","11":"purchasable","12":"product-type-simple"},"yoast_head":"<!-- This site is optimized with the Yoast SEO plugin v27.1.1 - https:\/\/yoast.com\/product\/yoast-seo-wordpress\/ -->\n<title>TRAVAIL FRANCAIS, SCULPTURE LUMINEUSE, CIRCA 1970 - DIZAGN<\/title>\n<meta name=\"robots\" content=\"index, follow, max-snippet:-1, max-image-preview:large, max-video-preview:-1\" \/>\n<link rel=\"canonical\" href=\"https:\/\/dizagn.fr\/en\/product\/travail-francais-sculpture-lumineuse-circa-1970\/\" \/>\n<meta property=\"og:locale\" content=\"en_GB\" \/>\n<meta property=\"og:type\" content=\"article\" \/>\n<meta property=\"og:title\" content=\"TRAVAIL FRANCAIS, SCULPTURE LUMINEUSE, CIRCA 1970 - DIZAGN\" \/>\n<meta property=\"og:description\" content=\"Travail fran\u00e7ais  Sculpture cin\u00e9tique lumineuse, circa 1970  Bois laqu\u00e9 noir, plexiglas  Haut. 162 x Larg. 52 x Prof. 27 cm (\u00e9l\u00e9ment plexiglas 152, 5 x 2 x 2 cm)  Ref. 105\" \/>\n<meta property=\"og:url\" content=\"https:\/\/dizagn.fr\/en\/product\/travail-francais-sculpture-lumineuse-circa-1970\/\" \/>\n<meta property=\"og:site_name\" content=\"DIZAGN\" \/>\n<meta property=\"article:modified_time\" content=\"2024-10-06T09:08:24+00:00\" \/>\n<meta property=\"og:image\" content=\"https:\/\/dizagn.fr\/wp-content\/uploads\/2022\/12\/TRAVAIL-FRANCAIS-sculpture-cinetique-C1970-1-2-scaled.jpeg\" \/>\n\t<meta property=\"og:image:width\" content=\"2560\" \/>\n\t<meta property=\"og:image:height\" content=\"2560\" \/>\n\t<meta property=\"og:image:type\" content=\"image\/jpeg\" \/>\n<meta name=\"twitter:card\" content=\"summary_large_image\" \/>\n<script type=\"application\/ld+json\" class=\"yoast-schema-graph\">{\"@context\":\"https:\/\/schema.org\",\"@graph\":[{\"@type\":\"WebPage\",\"@id\":\"https:\/\/dizagn.fr\/produit\/travail-francais-sculpture-lumineuse-circa-1970\/\",\"url\":\"https:\/\/dizagn.fr\/produit\/travail-francais-sculpture-lumineuse-circa-1970\/\",\"name\":\"TRAVAIL FRANCAIS, SCULPTURE LUMINEUSE, CIRCA 1970 - DIZAGN\",\"isPartOf\":{\"@id\":\"https:\/\/dizagn.fr\/#website\"},\"primaryImageOfPage\":{\"@id\":\"https:\/\/dizagn.fr\/produit\/travail-francais-sculpture-lumineuse-circa-1970\/#primaryimage\"},\"image\":{\"@id\":\"https:\/\/dizagn.fr\/produit\/travail-francais-sculpture-lumineuse-circa-1970\/#primaryimage\"},\"thumbnailUrl\":\"https:\/\/dizagn.fr\/wp-content\/uploads\/2022\/12\/TRAVAIL-FRANCAIS-sculpture-cinetique-C1970-1-2-scaled.jpeg\",\"datePublished\":\"2023-03-17T14:00:11+00:00\",\"dateModified\":\"2024-10-06T09:08:24+00:00\",\"breadcrumb\":{\"@id\":\"https:\/\/dizagn.fr\/produit\/travail-francais-sculpture-lumineuse-circa-1970\/#breadcrumb\"},\"inLanguage\":\"en-GB\",\"potentialAction\":[{\"@type\":\"ReadAction\",\"target\":[\"https:\/\/dizagn.fr\/produit\/travail-francais-sculpture-lumineuse-circa-1970\/\"]}]},{\"@type\":\"ImageObject\",\"inLanguage\":\"en-GB\",\"@id\":\"https:\/\/dizagn.fr\/produit\/travail-francais-sculpture-lumineuse-circa-1970\/#primaryimage\",\"url\":\"https:\/\/dizagn.fr\/wp-content\/uploads\/2022\/12\/TRAVAIL-FRANCAIS-sculpture-cinetique-C1970-1-2-scaled.jpeg\",\"contentUrl\":\"https:\/\/dizagn.fr\/wp-content\/uploads\/2022\/12\/TRAVAIL-FRANCAIS-sculpture-cinetique-C1970-1-2-scaled.jpeg\",\"width\":2560,\"height\":2560},{\"@type\":\"BreadcrumbList\",\"@id\":\"https:\/\/dizagn.fr\/produit\/travail-francais-sculpture-lumineuse-circa-1970\/#breadcrumb\",\"itemListElement\":[{\"@type\":\"ListItem\",\"position\":1,\"name\":\"Accueil\",\"item\":\"https:\/\/dizagn.fr\/\"},{\"@type\":\"ListItem\",\"position\":2,\"name\":\"S\u00e9lection\",\"item\":\"https:\/\/dizagn.fr\/\"},{\"@type\":\"ListItem\",\"position\":3,\"name\":\"TRAVAIL FRANCAIS, SCULPTURE LUMINEUSE, CIRCA 1970\"}]},{\"@type\":\"WebSite\",\"@id\":\"https:\/\/dizagn.fr\/#website\",\"url\":\"https:\/\/dizagn.fr\/\",\"name\":\"DIZAGN\",\"description\":\"\",\"potentialAction\":[{\"@type\":\"SearchAction\",\"target\":{\"@type\":\"EntryPoint\",\"urlTemplate\":\"https:\/\/dizagn.fr\/?s={search_term_string}\"},\"query-input\":{\"@type\":\"PropertyValueSpecification\",\"valueRequired\":true,\"valueName\":\"search_term_string\"}}],\"inLanguage\":\"en-GB\"}]}<\/script>\n<!-- \/ Yoast SEO plugin. -->","yoast_head_json":{"title":"TRAVAIL FRANCAIS, SCULPTURE LUMINEUSE, CIRCA 1970 - DIZAGN","robots":{"index":"index","follow":"follow","max-snippet":"max-snippet:-1","max-image-preview":"max-image-preview:large","max-video-preview":"max-video-preview:-1"},"canonical":"https:\/\/dizagn.fr\/en\/product\/travail-francais-sculpture-lumineuse-circa-1970\/","og_locale":"en_GB","og_type":"article","og_title":"TRAVAIL FRANCAIS, SCULPTURE LUMINEUSE, CIRCA 1970 - DIZAGN","og_description":"Travail fran\u00e7ais  Sculpture cin\u00e9tique lumineuse, circa 1970  Bois laqu\u00e9 noir, plexiglas  Haut. 162 x Larg. 52 x Prof. 27 cm (\u00e9l\u00e9ment plexiglas 152, 5 x 2 x 2 cm)  Ref. 105","og_url":"https:\/\/dizagn.fr\/en\/product\/travail-francais-sculpture-lumineuse-circa-1970\/","og_site_name":"DIZAGN","article_modified_time":"2024-10-06T09:08:24+00:00","og_image":[{"width":2560,"height":2560,"url":"https:\/\/dizagn.fr\/wp-content\/uploads\/2022\/12\/TRAVAIL-FRANCAIS-sculpture-cinetique-C1970-1-2-scaled.jpeg","type":"image\/jpeg"}],"twitter_card":"summary_large_image","schema":{"@context":"https:\/\/schema.org","@graph":[{"@type":"WebPage","@id":"https:\/\/dizagn.fr\/produit\/travail-francais-sculpture-lumineuse-circa-1970\/","url":"https:\/\/dizagn.fr\/produit\/travail-francais-sculpture-lumineuse-circa-1970\/","name":"TRAVAIL FRANCAIS, SCULPTURE LUMINEUSE, CIRCA 1970 - DIZAGN","isPartOf":{"@id":"https:\/\/dizagn.fr\/#website"},"primaryImageOfPage":{"@id":"https:\/\/dizagn.fr\/produit\/travail-francais-sculpture-lumineuse-circa-1970\/#primaryimage"},"image":{"@id":"https:\/\/dizagn.fr\/produit\/travail-francais-sculpture-lumineuse-circa-1970\/#primaryimage"},"thumbnailUrl":"https:\/\/dizagn.fr\/wp-content\/uploads\/2022\/12\/TRAVAIL-FRANCAIS-sculpture-cinetique-C1970-1-2-scaled.jpeg","datePublished":"2023-03-17T14:00:11+00:00","dateModified":"2024-10-06T09:08:24+00:00","breadcrumb":{"@id":"https:\/\/dizagn.fr\/produit\/travail-francais-sculpture-lumineuse-circa-1970\/#breadcrumb"},"inLanguage":"en-GB","potentialAction":[{"@type":"ReadAction","target":["https:\/\/dizagn.fr\/produit\/travail-francais-sculpture-lumineuse-circa-1970\/"]}]},{"@type":"ImageObject","inLanguage":"en-GB","@id":"https:\/\/dizagn.fr\/produit\/travail-francais-sculpture-lumineuse-circa-1970\/#primaryimage","url":"https:\/\/dizagn.fr\/wp-content\/uploads\/2022\/12\/TRAVAIL-FRANCAIS-sculpture-cinetique-C1970-1-2-scaled.jpeg","contentUrl":"https:\/\/dizagn.fr\/wp-content\/uploads\/2022\/12\/TRAVAIL-FRANCAIS-sculpture-cinetique-C1970-1-2-scaled.jpeg","width":2560,"height":2560},{"@type":"BreadcrumbList","@id":"https:\/\/dizagn.fr\/produit\/travail-francais-sculpture-lumineuse-circa-1970\/#breadcrumb","itemListElement":[{"@type":"ListItem","position":1,"name":"Accueil","item":"https:\/\/dizagn.fr\/"},{"@type":"ListItem","position":2,"name":"S\u00e9lection","item":"https:\/\/dizagn.fr\/"},{"@type":"ListItem","position":3,"name":"TRAVAIL FRANCAIS, SCULPTURE LUMINEUSE, CIRCA 1970"}]},{"@type":"WebSite","@id":"https:\/\/dizagn.fr\/#website","url":"https:\/\/dizagn.fr\/","name":"DIZAGN","description":"","potentialAction":[{"@type":"SearchAction","target":{"@type":"EntryPoint","urlTemplate":"https:\/\/dizagn.fr\/?s={search_term_string}"},"query-input":{"@type":"PropertyValueSpecification","valueRequired":true,"valueName":"search_term_string"}}],"inLanguage":"en-GB"}]}},"_links":{"self":[{"href":"https:\/\/dizagn.fr\/en\/wp-json\/wp\/v2\/product\/962","targetHints":{"allow":["GET"]}}],"collection":[{"href":"https:\/\/dizagn.fr\/en\/wp-json\/wp\/v2\/product"}],"about":[{"href":"https:\/\/dizagn.fr\/en\/wp-json\/wp\/v2\/types\/product"}],"wp:featuredmedia":[{"embeddable":true,"href":"https:\/\/dizagn.fr\/en\/wp-json\/wp\/v2\/media\/961"}],"wp:attachment":[{"href":"https:\/\/dizagn.fr\/en\/wp-json\/wp\/v2\/media?parent=962"}],"wp:term":[{"taxonomy":"product_brand","embeddable":true,"href":"https:\/\/dizagn.fr\/en\/wp-json\/wp\/v2\/product_brand?post=962"},{"taxonomy":"product_cat","embeddable":true,"href":"https:\/\/dizagn.fr\/en\/wp-json\/wp\/v2\/product_cat?post=962"},{"taxonomy":"product_tag","embeddable":true,"href":"https:\/\/dizagn.fr\/en\/wp-json\/wp\/v2\/product_tag?post=962"}],"curies":[{"name":"wp","href":"https:\/\/api.w.org\/{rel}","templated":true}]}}