{"id":893,"date":"2024-05-30T11:19:43","date_gmt":"2024-05-30T09:19:43","guid":{"rendered":"http:\/\/dizagn.fr\/?post_type=product&#038;p=893"},"modified":"2026-04-16T02:53:30","modified_gmt":"2026-04-16T00:53:30","slug":"jean-pierre-laporte-table-basse-papaye-prototype-1969","status":"publish","type":"product","link":"https:\/\/dizagn.fr\/en\/product\/jean-pierre-laporte-table-basse-papaye-prototype-1969\/","title":{"rendered":"JEAN-PIERRE LAPORTE, COFFEE TABLE PROTOTYPE, 1969"},"content":{"rendered":"<p>References: <\/p>\n<p>Presented for the first time at the Salon de la Soci\u00e9t\u00e9 des artistes d\u00e9corateurs (SAD) in 1969<\/p>\n<p>A copy of the coffee table sketch by the designer will be provided to the buyer<\/p>\n<p>Literature: <\/p>\n<p>Archives Jean Pierre Laporte<\/p>\n<p>Karoll Audibert, 65-75 Jean-Pierre Laporte, dix ans de cr\u00e9ation,<br \/>\nEdouard Edwards edition, Paris, 2010<\/p>\n<p>Biography: <\/p>\n<p>Jean-Pierre Laporte discovered the world of design in the workshops of Thonet France, where his father was a representative. There, he rubbed shoulders with Pierre Paulin, who instilled in him a taste for research and furniture design. A graduate of the Ecole Boulle and ENSAD, he worked with Marc Held and Pierre Guariche before setting up his own design office in 1969.<\/p>\n<p>Jean-Pierre Laporte designed several chair models in plywood published by Thonet, then experimented with the properties of new plastic materials by creating sculptural works exhibited at the Salon des Artistes D\u00e9corateurs (SAD) until 1975.<\/p>\n<p>In 1976, he moved to Dreux and set up EBAD (Etudier-B\u00e2tir-Agencer-D\u00e9corer), a major furniture and finishings factory. For over 30 years, he worked with interior design agencies and renowned designers (Marc Alessandri, Jean-Louis Berthet, Michel Boyer, Michel Cadestin...). \u2028\u2028Today, he devotes himself to publishing his emblematic creations, which have joined the collections of major museums and galleries.<\/p>","protected":false},"excerpt":{"rendered":"<p>Jean-Pierre Laporte (1944\u2013)<\/p>\n<p>Coffee table \/ bar Papaye<\/p>\n<p>Prototype, unique exemplary, Thonet France maker, 1969<\/p>\n<p>White gelcoat fiber glass<\/p>\n<p>Diam. 100 x Height. 50 cm<\/p>\n<p>Ref. 147<\/p>","protected":false},"featured_media":1360,"template":"","meta":{"_et_pb_use_builder":"","_et_pb_old_content":"","_et_gb_content_width":""},"product_brand":[],"product_cat":[19],"product_tag":[],"class_list":{"0":"post-893","1":"product","2":"type-product","3":"status-publish","4":"has-post-thumbnail","6":"product_cat-archives","8":"first","9":"outofstock","10":"shipping-taxable","11":"product-type-simple"},"yoast_head":"<!-- This site is optimized with the Yoast SEO plugin v27.4 - https:\/\/yoast.com\/product\/yoast-seo-wordpress\/ -->\n<title>JEAN-PIERRE LAPORTE, TABLE BASSE PAPAYE, PROTOTYPE, 1969 - DIZAGN<\/title>\n<meta name=\"robots\" content=\"index, follow, max-snippet:-1, max-image-preview:large, max-video-preview:-1\" \/>\n<link rel=\"canonical\" href=\"https:\/\/dizagn.fr\/en\/product\/jean-pierre-laporte-table-basse-papaye-prototype-1969\/\" \/>\n<meta property=\"og:locale\" content=\"en_GB\" \/>\n<meta property=\"og:type\" content=\"article\" \/>\n<meta property=\"og:title\" content=\"JEAN-PIERRE LAPORTE, TABLE BASSE PAPAYE, PROTOTYPE, 1969 - DIZAGN\" \/>\n<meta property=\"og:description\" content=\"Jean-Pierre Laporte (1944\u2013)  Table \/ bar Papaye  Prototype, pi\u00e8ce unique, Thonet France fabricant, 1969  Fibre de verre gelcoat blanc (relaqu\u00e9)  Diam. 100 x Haut. 50 cm  Ref. 147\" \/>\n<meta property=\"og:url\" content=\"https:\/\/dizagn.fr\/en\/product\/jean-pierre-laporte-table-basse-papaye-prototype-1969\/\" \/>\n<meta property=\"og:site_name\" content=\"DIZAGN\" \/>\n<meta property=\"article:modified_time\" content=\"2026-04-16T00:53:30+00:00\" \/>\n<meta property=\"og:image\" content=\"https:\/\/dizagn.fr\/wp-content\/uploads\/2022\/11\/LAPORTE-table-basse-prototype-SAD-1969-2.jpg\" \/>\n\t<meta property=\"og:image:width\" content=\"1500\" \/>\n\t<meta property=\"og:image:height\" content=\"1467\" \/>\n\t<meta property=\"og:image:type\" content=\"image\/jpeg\" \/>\n<meta name=\"twitter:card\" content=\"summary_large_image\" \/>\n<meta name=\"twitter:label1\" content=\"Estimated reading time\" \/>\n\t<meta name=\"twitter:data1\" content=\"2 minutes\" \/>\n<script type=\"application\/ld+json\" class=\"yoast-schema-graph\">{\"@context\":\"https:\\\/\\\/schema.org\",\"@graph\":[{\"@type\":\"WebPage\",\"@id\":\"https:\\\/\\\/dizagn.fr\\\/produit\\\/jean-pierre-laporte-table-basse-papaye-prototype-1969\\\/\",\"url\":\"https:\\\/\\\/dizagn.fr\\\/produit\\\/jean-pierre-laporte-table-basse-papaye-prototype-1969\\\/\",\"name\":\"JEAN-PIERRE LAPORTE, TABLE BASSE PAPAYE, PROTOTYPE, 1969 - DIZAGN\",\"isPartOf\":{\"@id\":\"https:\\\/\\\/dizagn.fr\\\/#website\"},\"primaryImageOfPage\":{\"@id\":\"https:\\\/\\\/dizagn.fr\\\/produit\\\/jean-pierre-laporte-table-basse-papaye-prototype-1969\\\/#primaryimage\"},\"image\":{\"@id\":\"https:\\\/\\\/dizagn.fr\\\/produit\\\/jean-pierre-laporte-table-basse-papaye-prototype-1969\\\/#primaryimage\"},\"thumbnailUrl\":\"https:\\\/\\\/dizagn.fr\\\/wp-content\\\/uploads\\\/2022\\\/11\\\/LAPORTE-table-basse-prototype-SAD-1969-2.jpg\",\"datePublished\":\"2024-05-30T09:19:43+00:00\",\"dateModified\":\"2026-04-16T00:53:30+00:00\",\"breadcrumb\":{\"@id\":\"https:\\\/\\\/dizagn.fr\\\/produit\\\/jean-pierre-laporte-table-basse-papaye-prototype-1969\\\/#breadcrumb\"},\"inLanguage\":\"en-GB\",\"potentialAction\":[{\"@type\":\"ReadAction\",\"target\":[\"https:\\\/\\\/dizagn.fr\\\/produit\\\/jean-pierre-laporte-table-basse-papaye-prototype-1969\\\/\"]}]},{\"@type\":\"ImageObject\",\"inLanguage\":\"en-GB\",\"@id\":\"https:\\\/\\\/dizagn.fr\\\/produit\\\/jean-pierre-laporte-table-basse-papaye-prototype-1969\\\/#primaryimage\",\"url\":\"https:\\\/\\\/dizagn.fr\\\/wp-content\\\/uploads\\\/2022\\\/11\\\/LAPORTE-table-basse-prototype-SAD-1969-2.jpg\",\"contentUrl\":\"https:\\\/\\\/dizagn.fr\\\/wp-content\\\/uploads\\\/2022\\\/11\\\/LAPORTE-table-basse-prototype-SAD-1969-2.jpg\",\"width\":1500,\"height\":1467},{\"@type\":\"BreadcrumbList\",\"@id\":\"https:\\\/\\\/dizagn.fr\\\/produit\\\/jean-pierre-laporte-table-basse-papaye-prototype-1969\\\/#breadcrumb\",\"itemListElement\":[{\"@type\":\"ListItem\",\"position\":1,\"name\":\"Accueil\",\"item\":\"https:\\\/\\\/dizagn.fr\\\/\"},{\"@type\":\"ListItem\",\"position\":2,\"name\":\"S\u00e9lection\",\"item\":\"https:\\\/\\\/dizagn.fr\\\/\"},{\"@type\":\"ListItem\",\"position\":3,\"name\":\"JEAN-PIERRE LAPORTE, TABLE BASSE PAPAYE, PROTOTYPE, 1969\"}]},{\"@type\":\"WebSite\",\"@id\":\"https:\\\/\\\/dizagn.fr\\\/#website\",\"url\":\"https:\\\/\\\/dizagn.fr\\\/\",\"name\":\"DIZAGN\",\"description\":\"\",\"publisher\":{\"@id\":\"https:\\\/\\\/dizagn.fr\\\/#organization\"},\"potentialAction\":[{\"@type\":\"SearchAction\",\"target\":{\"@type\":\"EntryPoint\",\"urlTemplate\":\"https:\\\/\\\/dizagn.fr\\\/?s={search_term_string}\"},\"query-input\":{\"@type\":\"PropertyValueSpecification\",\"valueRequired\":true,\"valueName\":\"search_term_string\"}}],\"inLanguage\":\"en-GB\"},{\"@type\":\"Organization\",\"@id\":\"https:\\\/\\\/dizagn.fr\\\/#organization\",\"name\":\"DIZAGN\",\"url\":\"https:\\\/\\\/dizagn.fr\\\/\",\"logo\":{\"@type\":\"ImageObject\",\"inLanguage\":\"en-GB\",\"@id\":\"https:\\\/\\\/dizagn.fr\\\/#\\\/schema\\\/logo\\\/image\\\/\",\"url\":\"https:\\\/\\\/dizagn.fr\\\/wp-content\\\/uploads\\\/2023\\\/03\\\/logo-Dizagn.jpg\",\"contentUrl\":\"https:\\\/\\\/dizagn.fr\\\/wp-content\\\/uploads\\\/2023\\\/03\\\/logo-Dizagn.jpg\",\"width\":304,\"height\":95,\"caption\":\"DIZAGN\"},\"image\":{\"@id\":\"https:\\\/\\\/dizagn.fr\\\/#\\\/schema\\\/logo\\\/image\\\/\"}}]}<\/script>\n<!-- \/ Yoast SEO plugin. -->","yoast_head_json":{"title":"JEAN-PIERRE LAPORTE, TABLE BASSE PAPAYE, PROTOTYPE, 1969 - DIZAGN","robots":{"index":"index","follow":"follow","max-snippet":"max-snippet:-1","max-image-preview":"max-image-preview:large","max-video-preview":"max-video-preview:-1"},"canonical":"https:\/\/dizagn.fr\/en\/product\/jean-pierre-laporte-table-basse-papaye-prototype-1969\/","og_locale":"en_GB","og_type":"article","og_title":"JEAN-PIERRE LAPORTE, TABLE BASSE PAPAYE, PROTOTYPE, 1969 - DIZAGN","og_description":"Jean-Pierre Laporte (1944\u2013)  Table \/ bar Papaye  Prototype, pi\u00e8ce unique, Thonet France fabricant, 1969  Fibre de verre gelcoat blanc (relaqu\u00e9)  Diam. 100 x Haut. 50 cm  Ref. 147","og_url":"https:\/\/dizagn.fr\/en\/product\/jean-pierre-laporte-table-basse-papaye-prototype-1969\/","og_site_name":"DIZAGN","article_modified_time":"2026-04-16T00:53:30+00:00","og_image":[{"width":1500,"height":1467,"url":"https:\/\/dizagn.fr\/wp-content\/uploads\/2022\/11\/LAPORTE-table-basse-prototype-SAD-1969-2.jpg","type":"image\/jpeg"}],"twitter_card":"summary_large_image","twitter_misc":{"Estimated reading time":"2 minutes"},"schema":{"@context":"https:\/\/schema.org","@graph":[{"@type":"WebPage","@id":"https:\/\/dizagn.fr\/produit\/jean-pierre-laporte-table-basse-papaye-prototype-1969\/","url":"https:\/\/dizagn.fr\/produit\/jean-pierre-laporte-table-basse-papaye-prototype-1969\/","name":"JEAN-PIERRE LAPORTE, TABLE BASSE PAPAYE, PROTOTYPE, 1969 - DIZAGN","isPartOf":{"@id":"https:\/\/dizagn.fr\/#website"},"primaryImageOfPage":{"@id":"https:\/\/dizagn.fr\/produit\/jean-pierre-laporte-table-basse-papaye-prototype-1969\/#primaryimage"},"image":{"@id":"https:\/\/dizagn.fr\/produit\/jean-pierre-laporte-table-basse-papaye-prototype-1969\/#primaryimage"},"thumbnailUrl":"https:\/\/dizagn.fr\/wp-content\/uploads\/2022\/11\/LAPORTE-table-basse-prototype-SAD-1969-2.jpg","datePublished":"2024-05-30T09:19:43+00:00","dateModified":"2026-04-16T00:53:30+00:00","breadcrumb":{"@id":"https:\/\/dizagn.fr\/produit\/jean-pierre-laporte-table-basse-papaye-prototype-1969\/#breadcrumb"},"inLanguage":"en-GB","potentialAction":[{"@type":"ReadAction","target":["https:\/\/dizagn.fr\/produit\/jean-pierre-laporte-table-basse-papaye-prototype-1969\/"]}]},{"@type":"ImageObject","inLanguage":"en-GB","@id":"https:\/\/dizagn.fr\/produit\/jean-pierre-laporte-table-basse-papaye-prototype-1969\/#primaryimage","url":"https:\/\/dizagn.fr\/wp-content\/uploads\/2022\/11\/LAPORTE-table-basse-prototype-SAD-1969-2.jpg","contentUrl":"https:\/\/dizagn.fr\/wp-content\/uploads\/2022\/11\/LAPORTE-table-basse-prototype-SAD-1969-2.jpg","width":1500,"height":1467},{"@type":"BreadcrumbList","@id":"https:\/\/dizagn.fr\/produit\/jean-pierre-laporte-table-basse-papaye-prototype-1969\/#breadcrumb","itemListElement":[{"@type":"ListItem","position":1,"name":"Accueil","item":"https:\/\/dizagn.fr\/"},{"@type":"ListItem","position":2,"name":"S\u00e9lection","item":"https:\/\/dizagn.fr\/"},{"@type":"ListItem","position":3,"name":"JEAN-PIERRE LAPORTE, TABLE BASSE PAPAYE, PROTOTYPE, 1969"}]},{"@type":"WebSite","@id":"https:\/\/dizagn.fr\/#website","url":"https:\/\/dizagn.fr\/","name":"DIZAGN","description":"","publisher":{"@id":"https:\/\/dizagn.fr\/#organization"},"potentialAction":[{"@type":"SearchAction","target":{"@type":"EntryPoint","urlTemplate":"https:\/\/dizagn.fr\/?s={search_term_string}"},"query-input":{"@type":"PropertyValueSpecification","valueRequired":true,"valueName":"search_term_string"}}],"inLanguage":"en-GB"},{"@type":"Organization","@id":"https:\/\/dizagn.fr\/#organization","name":"DIZAGN","url":"https:\/\/dizagn.fr\/","logo":{"@type":"ImageObject","inLanguage":"en-GB","@id":"https:\/\/dizagn.fr\/#\/schema\/logo\/image\/","url":"https:\/\/dizagn.fr\/wp-content\/uploads\/2023\/03\/logo-Dizagn.jpg","contentUrl":"https:\/\/dizagn.fr\/wp-content\/uploads\/2023\/03\/logo-Dizagn.jpg","width":304,"height":95,"caption":"DIZAGN"},"image":{"@id":"https:\/\/dizagn.fr\/#\/schema\/logo\/image\/"}}]}},"_links":{"self":[{"href":"https:\/\/dizagn.fr\/en\/wp-json\/wp\/v2\/product\/893","targetHints":{"allow":["GET"]}}],"collection":[{"href":"https:\/\/dizagn.fr\/en\/wp-json\/wp\/v2\/product"}],"about":[{"href":"https:\/\/dizagn.fr\/en\/wp-json\/wp\/v2\/types\/product"}],"wp:featuredmedia":[{"embeddable":true,"href":"https:\/\/dizagn.fr\/en\/wp-json\/wp\/v2\/media\/1360"}],"wp:attachment":[{"href":"https:\/\/dizagn.fr\/en\/wp-json\/wp\/v2\/media?parent=893"}],"wp:term":[{"taxonomy":"product_brand","embeddable":true,"href":"https:\/\/dizagn.fr\/en\/wp-json\/wp\/v2\/product_brand?post=893"},{"taxonomy":"product_cat","embeddable":true,"href":"https:\/\/dizagn.fr\/en\/wp-json\/wp\/v2\/product_cat?post=893"},{"taxonomy":"product_tag","embeddable":true,"href":"https:\/\/dizagn.fr\/en\/wp-json\/wp\/v2\/product_tag?post=893"}],"curies":[{"name":"wp","href":"https:\/\/api.w.org\/{rel}","templated":true}]}}