{"id":885,"date":"2022-11-09T10:53:02","date_gmt":"2022-11-09T09:53:02","guid":{"rendered":"http:\/\/dizagn.fr\/?post_type=product&#038;p=885"},"modified":"2025-05-19T14:12:05","modified_gmt":"2025-05-19T12:12:05","slug":"jean-pierre-vincent-lampe-jp-vincent-ed-c-1960","status":"publish","type":"product","link":"https:\/\/dizagn.fr\/en\/product\/jean-pierre-vincent-lampe-jp-vincent-ed-c-1960\/","title":{"rendered":"JEAN PIERRE VINCENT, LAMPE, JP VINCENT ED., C.1960"},"content":{"rendered":"<p>Literature:<\/p>\n<p>Meubles et d\u00e9cors, n\u00b0 793, ao\u00fbt 1964, p. 32 <\/p>","protected":false},"excerpt":{"rendered":"<p>VINCENT Jean-Pierre<\/p>\n<p>Lampe \u00e0 poser<\/p>\n<p>JP Vincent \u00e9diteur, Lyon, Pierre Disderot fabricant, circa 1960<\/p>\n<p>M\u00e9tal laqu\u00e9 noir, laiton patin\u00e9, verre d\u00e9poli<\/p>\n<p>Haut. 40 x Larg. 30 x Prof. 20 cm <\/p>\n<p>Ref. 11<\/p>","protected":false},"featured_media":883,"template":"","meta":{"_et_pb_use_builder":"","_et_pb_old_content":"","_et_gb_content_width":""},"product_brand":[],"product_cat":[19],"product_tag":[],"class_list":{"0":"post-885","1":"product","2":"type-product","3":"status-publish","4":"has-post-thumbnail","6":"product_cat-archives","8":"first","9":"instock","10":"shipping-taxable","11":"purchasable","12":"product-type-simple"},"yoast_head":"<!-- This site is optimized with the Yoast SEO plugin v27.1.1 - https:\/\/yoast.com\/product\/yoast-seo-wordpress\/ -->\n<title>JEAN PIERRE VINCENT, LAMPE, JP VINCENT ED., C.1960 - DIZAGN<\/title>\n<meta name=\"robots\" content=\"index, follow, max-snippet:-1, max-image-preview:large, max-video-preview:-1\" \/>\n<link rel=\"canonical\" href=\"https:\/\/dizagn.fr\/en\/product\/jean-pierre-vincent-lampe-jp-vincent-ed-c-1960\/\" \/>\n<meta property=\"og:locale\" content=\"en_GB\" \/>\n<meta property=\"og:type\" content=\"article\" \/>\n<meta property=\"og:title\" content=\"JEAN PIERRE VINCENT, LAMPE, JP VINCENT ED., C.1960 - DIZAGN\" \/>\n<meta property=\"og:description\" content=\"VINCENT Jean-Pierre  Lampe \u00e0 poser  JP Vincent \u00e9diteur, Lyon, Pierre Disderot fabricant, circa 1960  M\u00e9tal laqu\u00e9 noir, laiton patin\u00e9, verre d\u00e9poli  Haut. 40 x Larg. 30 x Prof. 20 cm      Ref. 11\" \/>\n<meta property=\"og:url\" content=\"https:\/\/dizagn.fr\/en\/product\/jean-pierre-vincent-lampe-jp-vincent-ed-c-1960\/\" \/>\n<meta property=\"og:site_name\" content=\"DIZAGN\" \/>\n<meta property=\"article:modified_time\" content=\"2025-05-19T12:12:05+00:00\" \/>\n<meta property=\"og:image\" content=\"https:\/\/dizagn.fr\/wp-content\/uploads\/2022\/11\/VINCENT-lampe-1-scaled.jpg\" \/>\n\t<meta property=\"og:image:width\" content=\"2560\" \/>\n\t<meta property=\"og:image:height\" content=\"2560\" \/>\n\t<meta property=\"og:image:type\" content=\"image\/jpeg\" \/>\n<meta name=\"twitter:card\" content=\"summary_large_image\" \/>\n<meta name=\"twitter:label1\" content=\"Estimated reading time\" \/>\n\t<meta name=\"twitter:data1\" content=\"1 minute\" \/>\n<script type=\"application\/ld+json\" class=\"yoast-schema-graph\">{\"@context\":\"https:\/\/schema.org\",\"@graph\":[{\"@type\":\"WebPage\",\"@id\":\"https:\/\/dizagn.fr\/produit\/jean-pierre-vincent-lampe-jp-vincent-ed-c-1960\/\",\"url\":\"https:\/\/dizagn.fr\/produit\/jean-pierre-vincent-lampe-jp-vincent-ed-c-1960\/\",\"name\":\"JEAN PIERRE VINCENT, LAMPE, JP VINCENT ED., C.1960 - DIZAGN\",\"isPartOf\":{\"@id\":\"https:\/\/dizagn.fr\/#website\"},\"primaryImageOfPage\":{\"@id\":\"https:\/\/dizagn.fr\/produit\/jean-pierre-vincent-lampe-jp-vincent-ed-c-1960\/#primaryimage\"},\"image\":{\"@id\":\"https:\/\/dizagn.fr\/produit\/jean-pierre-vincent-lampe-jp-vincent-ed-c-1960\/#primaryimage\"},\"thumbnailUrl\":\"https:\/\/dizagn.fr\/wp-content\/uploads\/2022\/11\/VINCENT-lampe-1-scaled.jpg\",\"datePublished\":\"2022-11-09T09:53:02+00:00\",\"dateModified\":\"2025-05-19T12:12:05+00:00\",\"breadcrumb\":{\"@id\":\"https:\/\/dizagn.fr\/produit\/jean-pierre-vincent-lampe-jp-vincent-ed-c-1960\/#breadcrumb\"},\"inLanguage\":\"en-GB\",\"potentialAction\":[{\"@type\":\"ReadAction\",\"target\":[\"https:\/\/dizagn.fr\/produit\/jean-pierre-vincent-lampe-jp-vincent-ed-c-1960\/\"]}]},{\"@type\":\"ImageObject\",\"inLanguage\":\"en-GB\",\"@id\":\"https:\/\/dizagn.fr\/produit\/jean-pierre-vincent-lampe-jp-vincent-ed-c-1960\/#primaryimage\",\"url\":\"https:\/\/dizagn.fr\/wp-content\/uploads\/2022\/11\/VINCENT-lampe-1-scaled.jpg\",\"contentUrl\":\"https:\/\/dizagn.fr\/wp-content\/uploads\/2022\/11\/VINCENT-lampe-1-scaled.jpg\",\"width\":2560,\"height\":2560},{\"@type\":\"BreadcrumbList\",\"@id\":\"https:\/\/dizagn.fr\/produit\/jean-pierre-vincent-lampe-jp-vincent-ed-c-1960\/#breadcrumb\",\"itemListElement\":[{\"@type\":\"ListItem\",\"position\":1,\"name\":\"Accueil\",\"item\":\"https:\/\/dizagn.fr\/\"},{\"@type\":\"ListItem\",\"position\":2,\"name\":\"S\u00e9lection\",\"item\":\"https:\/\/dizagn.fr\/\"},{\"@type\":\"ListItem\",\"position\":3,\"name\":\"JEAN PIERRE VINCENT, LAMPE, JP VINCENT ED., C.1960\"}]},{\"@type\":\"WebSite\",\"@id\":\"https:\/\/dizagn.fr\/#website\",\"url\":\"https:\/\/dizagn.fr\/\",\"name\":\"DIZAGN\",\"description\":\"\",\"potentialAction\":[{\"@type\":\"SearchAction\",\"target\":{\"@type\":\"EntryPoint\",\"urlTemplate\":\"https:\/\/dizagn.fr\/?s={search_term_string}\"},\"query-input\":{\"@type\":\"PropertyValueSpecification\",\"valueRequired\":true,\"valueName\":\"search_term_string\"}}],\"inLanguage\":\"en-GB\"}]}<\/script>\n<!-- \/ Yoast SEO plugin. -->","yoast_head_json":{"title":"JEAN PIERRE VINCENT, LAMPE, JP VINCENT ED., C.1960 - DIZAGN","robots":{"index":"index","follow":"follow","max-snippet":"max-snippet:-1","max-image-preview":"max-image-preview:large","max-video-preview":"max-video-preview:-1"},"canonical":"https:\/\/dizagn.fr\/en\/product\/jean-pierre-vincent-lampe-jp-vincent-ed-c-1960\/","og_locale":"en_GB","og_type":"article","og_title":"JEAN PIERRE VINCENT, LAMPE, JP VINCENT ED., C.1960 - DIZAGN","og_description":"VINCENT Jean-Pierre  Lampe \u00e0 poser  JP Vincent \u00e9diteur, Lyon, Pierre Disderot fabricant, circa 1960  M\u00e9tal laqu\u00e9 noir, laiton patin\u00e9, verre d\u00e9poli  Haut. 40 x Larg. 30 x Prof. 20 cm      Ref. 11","og_url":"https:\/\/dizagn.fr\/en\/product\/jean-pierre-vincent-lampe-jp-vincent-ed-c-1960\/","og_site_name":"DIZAGN","article_modified_time":"2025-05-19T12:12:05+00:00","og_image":[{"width":2560,"height":2560,"url":"https:\/\/dizagn.fr\/wp-content\/uploads\/2022\/11\/VINCENT-lampe-1-scaled.jpg","type":"image\/jpeg"}],"twitter_card":"summary_large_image","twitter_misc":{"Estimated reading time":"1 minute"},"schema":{"@context":"https:\/\/schema.org","@graph":[{"@type":"WebPage","@id":"https:\/\/dizagn.fr\/produit\/jean-pierre-vincent-lampe-jp-vincent-ed-c-1960\/","url":"https:\/\/dizagn.fr\/produit\/jean-pierre-vincent-lampe-jp-vincent-ed-c-1960\/","name":"JEAN PIERRE VINCENT, LAMPE, JP VINCENT ED., C.1960 - DIZAGN","isPartOf":{"@id":"https:\/\/dizagn.fr\/#website"},"primaryImageOfPage":{"@id":"https:\/\/dizagn.fr\/produit\/jean-pierre-vincent-lampe-jp-vincent-ed-c-1960\/#primaryimage"},"image":{"@id":"https:\/\/dizagn.fr\/produit\/jean-pierre-vincent-lampe-jp-vincent-ed-c-1960\/#primaryimage"},"thumbnailUrl":"https:\/\/dizagn.fr\/wp-content\/uploads\/2022\/11\/VINCENT-lampe-1-scaled.jpg","datePublished":"2022-11-09T09:53:02+00:00","dateModified":"2025-05-19T12:12:05+00:00","breadcrumb":{"@id":"https:\/\/dizagn.fr\/produit\/jean-pierre-vincent-lampe-jp-vincent-ed-c-1960\/#breadcrumb"},"inLanguage":"en-GB","potentialAction":[{"@type":"ReadAction","target":["https:\/\/dizagn.fr\/produit\/jean-pierre-vincent-lampe-jp-vincent-ed-c-1960\/"]}]},{"@type":"ImageObject","inLanguage":"en-GB","@id":"https:\/\/dizagn.fr\/produit\/jean-pierre-vincent-lampe-jp-vincent-ed-c-1960\/#primaryimage","url":"https:\/\/dizagn.fr\/wp-content\/uploads\/2022\/11\/VINCENT-lampe-1-scaled.jpg","contentUrl":"https:\/\/dizagn.fr\/wp-content\/uploads\/2022\/11\/VINCENT-lampe-1-scaled.jpg","width":2560,"height":2560},{"@type":"BreadcrumbList","@id":"https:\/\/dizagn.fr\/produit\/jean-pierre-vincent-lampe-jp-vincent-ed-c-1960\/#breadcrumb","itemListElement":[{"@type":"ListItem","position":1,"name":"Accueil","item":"https:\/\/dizagn.fr\/"},{"@type":"ListItem","position":2,"name":"S\u00e9lection","item":"https:\/\/dizagn.fr\/"},{"@type":"ListItem","position":3,"name":"JEAN PIERRE VINCENT, LAMPE, JP VINCENT ED., C.1960"}]},{"@type":"WebSite","@id":"https:\/\/dizagn.fr\/#website","url":"https:\/\/dizagn.fr\/","name":"DIZAGN","description":"","potentialAction":[{"@type":"SearchAction","target":{"@type":"EntryPoint","urlTemplate":"https:\/\/dizagn.fr\/?s={search_term_string}"},"query-input":{"@type":"PropertyValueSpecification","valueRequired":true,"valueName":"search_term_string"}}],"inLanguage":"en-GB"}]}},"_links":{"self":[{"href":"https:\/\/dizagn.fr\/en\/wp-json\/wp\/v2\/product\/885","targetHints":{"allow":["GET"]}}],"collection":[{"href":"https:\/\/dizagn.fr\/en\/wp-json\/wp\/v2\/product"}],"about":[{"href":"https:\/\/dizagn.fr\/en\/wp-json\/wp\/v2\/types\/product"}],"wp:featuredmedia":[{"embeddable":true,"href":"https:\/\/dizagn.fr\/en\/wp-json\/wp\/v2\/media\/883"}],"wp:attachment":[{"href":"https:\/\/dizagn.fr\/en\/wp-json\/wp\/v2\/media?parent=885"}],"wp:term":[{"taxonomy":"product_brand","embeddable":true,"href":"https:\/\/dizagn.fr\/en\/wp-json\/wp\/v2\/product_brand?post=885"},{"taxonomy":"product_cat","embeddable":true,"href":"https:\/\/dizagn.fr\/en\/wp-json\/wp\/v2\/product_cat?post=885"},{"taxonomy":"product_tag","embeddable":true,"href":"https:\/\/dizagn.fr\/en\/wp-json\/wp\/v2\/product_tag?post=885"}],"curies":[{"name":"wp","href":"https:\/\/api.w.org\/{rel}","templated":true}]}}