{"id":853,"date":"2024-07-11T20:00:56","date_gmt":"2024-07-11T18:00:56","guid":{"rendered":"http:\/\/dizagn.fr\/?post_type=product&#038;p=853"},"modified":"2025-05-19T14:05:34","modified_gmt":"2025-05-19T12:05:34","slug":"andre-monpoix-chauffeuses-151-meubles-tv-ed-c-1954","status":"publish","type":"product","link":"https:\/\/dizagn.fr\/en\/product\/andre-monpoix-chauffeuses-151-meubles-tv-ed-c-1954\/","title":{"rendered":"ANDRE MONPOIX, 151 CHAIRS, MEUBLES TV ED., 1954"},"content":{"rendered":"<p>Literature: <\/p>\n<p>D\u00e9cor d\u2019aujourd\u2019hui, n\u00b086, 1954<\/p>\n<p>Maison fran\u00e7aise, n\u00b082, nov. 1954<\/p>\n<p>Commercial catalog Meubles TV, circa 1955<\/p>\n<p>Biography: <\/p>\n<p>The grandson of a cabinetmaker and the son of shopkeepers based in Paris, Andr\u00e9 Monpoix showed a precocious aptitude for drawing. He entered the \u00c9cole des Arts D\u00e9coratif, where he was taught by Ren\u00e9 Gabriel - with whom he did an internship - Maxime Old and Jacques Dumond, who promoted contemporary furniture. Graduating in 1949 - the same year as Andr\u00e9 Simard, Pierre Guariche and Alain Richard - he joined Dumond's agency for four years, where he cut his teeth and really learned the trade.<\/p>\n<p>In 1953, he opened his design office on rue Tournon in Paris's 6th arrondissement, above the boutique workshop of his wife, fabric designer Genevi\u00e8ve Dupeux. As early as 1951, he exhibited at the Salon des arts m\u00e9nagers, where he presented series furniture in natural wood. His regular participation in the SAM's foyer d'aujourd'hui and the Salon des artistes d\u00e9corateurs, enabled him to promote his concept of modern furniture with sober, rigorous lines. At the 1954 SAM, he presented a metal-framed heating unit stretched with white isogaine plastic wires, which was also exhibited at the 1st - and only - Triennale d'art Fran\u00e7ais Contemporain in 1956. \n\nManufactured by Meubles TV, this publishing house founded by Robert Vecchione would publish most of Andr\u00e9 Monpoix's creations, as well as those of his friend Alain Richard, until 1968. \n\nFor the Brussels World Fair in 1958, he designed the children's bedroom in the low-rent apartment entrusted to the architect Andr\u00e9 Hermant. His career took off when he was awarded the Prix Ren\u00e9 Gabriel four years later. In 1963, he joined forces with Pierre Paulin and Jeanne Couturier to design and produce the first Biennale de la lumi\u00e8re at the Salon des artistes d\u00e9corateurs. Andr\u00e9 Monpoix developed a clientele of private individuals for whom he designed interiors and participated in certain projects, such as in 1967, when he co-signed with Alain Richard a red ABS telephone booth on a metal base for Grenoble's Maison de la Culture.<\/p>\n<p>He also collaborated with the publisher Negroni, designing a collection of furniture in Oregon pine. In collaboration with Joseph-Andr\u00e9 Motte and Pierre Paulin, he is responsible for the new layout of the rooms at the Louvre Museum. Under the guidance of Mobilier National administrator Jean Coural and Michel Laclotte, then director of the Paintings department, the trio took charge of the entire museography, including interior architecture, color and lighting choices, display cases and work selection. For four years, they worked on the layout of the Grande Galerie, the Salon Carr\u00e9e and the Pavillon de Flore.<\/p>\n<p>In 1971, he designed the new buildings for the Ministry of Social Affairs in Paris, and teamed up with Pierre Paulin to fit out the Queen of England's carriage during her visit to Paris in 1972. His untimely death at the age of 51 put an end to the promising career of one of the most creative designers of an entire generation. His work is associated with rigorous design and an innate sense of proportion.<\/p>","protected":false},"excerpt":{"rendered":"<p>Andr\u00e9 Monpoix (1925-1976)<\/p>\n<p>Pair of 151 chairs, Meubles TV edition, France, 1954<\/p>\n<p>Black lacquered metal, Isogaine, additional cushion Tonus red fabric by Maison Kvadrat <\/p>\n<p>Height 68 x Width 61 x Depth 70 cm<\/p>","protected":false},"featured_media":1444,"template":"","meta":{"_et_pb_use_builder":"","_et_pb_old_content":"","_et_gb_content_width":""},"product_brand":[],"product_cat":[19],"product_tag":[],"class_list":{"0":"post-853","1":"product","2":"type-product","3":"status-publish","4":"has-post-thumbnail","6":"product_cat-archives","8":"first","9":"instock","10":"shipping-taxable","11":"purchasable","12":"product-type-simple"},"yoast_head":"<!-- This site is optimized with the Yoast SEO plugin v27.1.1 - https:\/\/yoast.com\/product\/yoast-seo-wordpress\/ -->\n<title>ANDRE MONPOIX, CHAUFFEUSES 151, MEUBLES TV ED., 1954 - DIZAGN<\/title>\n<meta name=\"robots\" content=\"index, follow, max-snippet:-1, max-image-preview:large, max-video-preview:-1\" \/>\n<link rel=\"canonical\" href=\"https:\/\/dizagn.fr\/en\/product\/andre-monpoix-chauffeuses-151-meubles-tv-ed-c-1954\/\" \/>\n<meta property=\"og:locale\" content=\"en_GB\" \/>\n<meta property=\"og:type\" content=\"article\" \/>\n<meta property=\"og:title\" content=\"ANDRE MONPOIX, CHAUFFEUSES 151, MEUBLES TV ED., 1954 - DIZAGN\" \/>\n<meta property=\"og:description\" content=\"Andr\u00e9 Monpoix (1925-1976)  Paire de chauffeuses 151, Meubles TV \u00e9diteur, France, 1954  M\u00e9tal laqu\u00e9 noir, Isogaine, coussin additionnel tissu Tonus rouge de la Maison Kvadrat   Haut. 68 x Larg. 61 x Prof. 70 cm\" \/>\n<meta property=\"og:url\" content=\"https:\/\/dizagn.fr\/en\/product\/andre-monpoix-chauffeuses-151-meubles-tv-ed-c-1954\/\" \/>\n<meta property=\"og:site_name\" content=\"DIZAGN\" \/>\n<meta property=\"article:modified_time\" content=\"2025-05-19T12:05:34+00:00\" \/>\n<meta property=\"og:image\" content=\"https:\/\/dizagn.fr\/wp-content\/uploads\/2024\/07\/MONPOIX-151-chauffeuse-1.jpg\" \/>\n\t<meta property=\"og:image:width\" content=\"1200\" \/>\n\t<meta property=\"og:image:height\" content=\"1200\" \/>\n\t<meta property=\"og:image:type\" content=\"image\/jpeg\" \/>\n<meta name=\"twitter:card\" content=\"summary_large_image\" \/>\n<meta name=\"twitter:label1\" content=\"Estimated reading time\" \/>\n\t<meta name=\"twitter:data1\" content=\"3 minutes\" \/>\n<script type=\"application\/ld+json\" class=\"yoast-schema-graph\">{\"@context\":\"https:\/\/schema.org\",\"@graph\":[{\"@type\":\"WebPage\",\"@id\":\"https:\/\/dizagn.fr\/produit\/andre-monpoix-chauffeuses-151-meubles-tv-ed-c-1954\/\",\"url\":\"https:\/\/dizagn.fr\/produit\/andre-monpoix-chauffeuses-151-meubles-tv-ed-c-1954\/\",\"name\":\"ANDRE MONPOIX, CHAUFFEUSES 151, MEUBLES TV ED., 1954 - DIZAGN\",\"isPartOf\":{\"@id\":\"https:\/\/dizagn.fr\/#website\"},\"primaryImageOfPage\":{\"@id\":\"https:\/\/dizagn.fr\/produit\/andre-monpoix-chauffeuses-151-meubles-tv-ed-c-1954\/#primaryimage\"},\"image\":{\"@id\":\"https:\/\/dizagn.fr\/produit\/andre-monpoix-chauffeuses-151-meubles-tv-ed-c-1954\/#primaryimage\"},\"thumbnailUrl\":\"https:\/\/dizagn.fr\/wp-content\/uploads\/2024\/07\/MONPOIX-151-chauffeuse-1.jpg\",\"datePublished\":\"2024-07-11T18:00:56+00:00\",\"dateModified\":\"2025-05-19T12:05:34+00:00\",\"breadcrumb\":{\"@id\":\"https:\/\/dizagn.fr\/produit\/andre-monpoix-chauffeuses-151-meubles-tv-ed-c-1954\/#breadcrumb\"},\"inLanguage\":\"en-GB\",\"potentialAction\":[{\"@type\":\"ReadAction\",\"target\":[\"https:\/\/dizagn.fr\/produit\/andre-monpoix-chauffeuses-151-meubles-tv-ed-c-1954\/\"]}]},{\"@type\":\"ImageObject\",\"inLanguage\":\"en-GB\",\"@id\":\"https:\/\/dizagn.fr\/produit\/andre-monpoix-chauffeuses-151-meubles-tv-ed-c-1954\/#primaryimage\",\"url\":\"https:\/\/dizagn.fr\/wp-content\/uploads\/2024\/07\/MONPOIX-151-chauffeuse-1.jpg\",\"contentUrl\":\"https:\/\/dizagn.fr\/wp-content\/uploads\/2024\/07\/MONPOIX-151-chauffeuse-1.jpg\",\"width\":1200,\"height\":1200},{\"@type\":\"BreadcrumbList\",\"@id\":\"https:\/\/dizagn.fr\/produit\/andre-monpoix-chauffeuses-151-meubles-tv-ed-c-1954\/#breadcrumb\",\"itemListElement\":[{\"@type\":\"ListItem\",\"position\":1,\"name\":\"Accueil\",\"item\":\"https:\/\/dizagn.fr\/\"},{\"@type\":\"ListItem\",\"position\":2,\"name\":\"S\u00e9lection\",\"item\":\"https:\/\/dizagn.fr\/\"},{\"@type\":\"ListItem\",\"position\":3,\"name\":\"ANDRE MONPOIX, CHAUFFEUSES 151, MEUBLES TV ED., 1954\"}]},{\"@type\":\"WebSite\",\"@id\":\"https:\/\/dizagn.fr\/#website\",\"url\":\"https:\/\/dizagn.fr\/\",\"name\":\"DIZAGN\",\"description\":\"\",\"potentialAction\":[{\"@type\":\"SearchAction\",\"target\":{\"@type\":\"EntryPoint\",\"urlTemplate\":\"https:\/\/dizagn.fr\/?s={search_term_string}\"},\"query-input\":{\"@type\":\"PropertyValueSpecification\",\"valueRequired\":true,\"valueName\":\"search_term_string\"}}],\"inLanguage\":\"en-GB\"}]}<\/script>\n<!-- \/ Yoast SEO plugin. -->","yoast_head_json":{"title":"ANDRE MONPOIX, CHAUFFEUSES 151, MEUBLES TV ED., 1954 - DIZAGN","robots":{"index":"index","follow":"follow","max-snippet":"max-snippet:-1","max-image-preview":"max-image-preview:large","max-video-preview":"max-video-preview:-1"},"canonical":"https:\/\/dizagn.fr\/en\/product\/andre-monpoix-chauffeuses-151-meubles-tv-ed-c-1954\/","og_locale":"en_GB","og_type":"article","og_title":"ANDRE MONPOIX, CHAUFFEUSES 151, MEUBLES TV ED., 1954 - DIZAGN","og_description":"Andr\u00e9 Monpoix (1925-1976)  Paire de chauffeuses 151, Meubles TV \u00e9diteur, France, 1954  M\u00e9tal laqu\u00e9 noir, Isogaine, coussin additionnel tissu Tonus rouge de la Maison Kvadrat   Haut. 68 x Larg. 61 x Prof. 70 cm","og_url":"https:\/\/dizagn.fr\/en\/product\/andre-monpoix-chauffeuses-151-meubles-tv-ed-c-1954\/","og_site_name":"DIZAGN","article_modified_time":"2025-05-19T12:05:34+00:00","og_image":[{"width":1200,"height":1200,"url":"https:\/\/dizagn.fr\/wp-content\/uploads\/2024\/07\/MONPOIX-151-chauffeuse-1.jpg","type":"image\/jpeg"}],"twitter_card":"summary_large_image","twitter_misc":{"Estimated reading time":"3 minutes"},"schema":{"@context":"https:\/\/schema.org","@graph":[{"@type":"WebPage","@id":"https:\/\/dizagn.fr\/produit\/andre-monpoix-chauffeuses-151-meubles-tv-ed-c-1954\/","url":"https:\/\/dizagn.fr\/produit\/andre-monpoix-chauffeuses-151-meubles-tv-ed-c-1954\/","name":"ANDRE MONPOIX, CHAUFFEUSES 151, MEUBLES TV ED., 1954 - DIZAGN","isPartOf":{"@id":"https:\/\/dizagn.fr\/#website"},"primaryImageOfPage":{"@id":"https:\/\/dizagn.fr\/produit\/andre-monpoix-chauffeuses-151-meubles-tv-ed-c-1954\/#primaryimage"},"image":{"@id":"https:\/\/dizagn.fr\/produit\/andre-monpoix-chauffeuses-151-meubles-tv-ed-c-1954\/#primaryimage"},"thumbnailUrl":"https:\/\/dizagn.fr\/wp-content\/uploads\/2024\/07\/MONPOIX-151-chauffeuse-1.jpg","datePublished":"2024-07-11T18:00:56+00:00","dateModified":"2025-05-19T12:05:34+00:00","breadcrumb":{"@id":"https:\/\/dizagn.fr\/produit\/andre-monpoix-chauffeuses-151-meubles-tv-ed-c-1954\/#breadcrumb"},"inLanguage":"en-GB","potentialAction":[{"@type":"ReadAction","target":["https:\/\/dizagn.fr\/produit\/andre-monpoix-chauffeuses-151-meubles-tv-ed-c-1954\/"]}]},{"@type":"ImageObject","inLanguage":"en-GB","@id":"https:\/\/dizagn.fr\/produit\/andre-monpoix-chauffeuses-151-meubles-tv-ed-c-1954\/#primaryimage","url":"https:\/\/dizagn.fr\/wp-content\/uploads\/2024\/07\/MONPOIX-151-chauffeuse-1.jpg","contentUrl":"https:\/\/dizagn.fr\/wp-content\/uploads\/2024\/07\/MONPOIX-151-chauffeuse-1.jpg","width":1200,"height":1200},{"@type":"BreadcrumbList","@id":"https:\/\/dizagn.fr\/produit\/andre-monpoix-chauffeuses-151-meubles-tv-ed-c-1954\/#breadcrumb","itemListElement":[{"@type":"ListItem","position":1,"name":"Accueil","item":"https:\/\/dizagn.fr\/"},{"@type":"ListItem","position":2,"name":"S\u00e9lection","item":"https:\/\/dizagn.fr\/"},{"@type":"ListItem","position":3,"name":"ANDRE MONPOIX, CHAUFFEUSES 151, MEUBLES TV ED., 1954"}]},{"@type":"WebSite","@id":"https:\/\/dizagn.fr\/#website","url":"https:\/\/dizagn.fr\/","name":"DIZAGN","description":"","potentialAction":[{"@type":"SearchAction","target":{"@type":"EntryPoint","urlTemplate":"https:\/\/dizagn.fr\/?s={search_term_string}"},"query-input":{"@type":"PropertyValueSpecification","valueRequired":true,"valueName":"search_term_string"}}],"inLanguage":"en-GB"}]}},"_links":{"self":[{"href":"https:\/\/dizagn.fr\/en\/wp-json\/wp\/v2\/product\/853","targetHints":{"allow":["GET"]}}],"collection":[{"href":"https:\/\/dizagn.fr\/en\/wp-json\/wp\/v2\/product"}],"about":[{"href":"https:\/\/dizagn.fr\/en\/wp-json\/wp\/v2\/types\/product"}],"wp:featuredmedia":[{"embeddable":true,"href":"https:\/\/dizagn.fr\/en\/wp-json\/wp\/v2\/media\/1444"}],"wp:attachment":[{"href":"https:\/\/dizagn.fr\/en\/wp-json\/wp\/v2\/media?parent=853"}],"wp:term":[{"taxonomy":"product_brand","embeddable":true,"href":"https:\/\/dizagn.fr\/en\/wp-json\/wp\/v2\/product_brand?post=853"},{"taxonomy":"product_cat","embeddable":true,"href":"https:\/\/dizagn.fr\/en\/wp-json\/wp\/v2\/product_cat?post=853"},{"taxonomy":"product_tag","embeddable":true,"href":"https:\/\/dizagn.fr\/en\/wp-json\/wp\/v2\/product_tag?post=853"}],"curies":[{"name":"wp","href":"https:\/\/api.w.org\/{rel}","templated":true}]}}