{"id":800,"date":"2022-10-08T08:34:24","date_gmt":"2022-10-08T06:34:24","guid":{"rendered":"http:\/\/dizagn.fr\/?post_type=product&#038;p=800"},"modified":"2022-10-26T21:40:27","modified_gmt":"2022-10-26T19:40:27","slug":"roger-landault-unibloc-4-steiner-ed-c-1970","status":"publish","type":"product","link":"https:\/\/dizagn.fr\/en\/product\/roger-landault-unibloc-4-steiner-ed-c-1970\/","title":{"rendered":"ROGER LANDAULT, UNIBLOC 4, STEINER ED., C.1970"},"content":{"rendered":"<p>Literature:<\/p>\n<p>Archives Steiner<\/p>\n<p>Exhibition catalog Mobi Boom, Mus\u00e9e des Arts d\u00e9coratifs, Paris, 2010, p.116.<\/p>","protected":false},"excerpt":{"rendered":"<p>LANDAULT Roger (1919-1983)<\/p>\n<p>Unibloc 4 group seat<\/p>\n<p>Cattaneo maker, Steiner edition, circa 1970<\/p>\n<p>Yellow molded thermoformed polyester, plywood and laminate<span class=\"Apple-converted-space\">\u00a0<\/span><\/p>","protected":false},"featured_media":801,"template":"","meta":{"_et_pb_use_builder":"","_et_pb_old_content":"","_et_gb_content_width":""},"product_brand":[],"product_cat":[19],"product_tag":[],"class_list":{"0":"post-800","1":"product","2":"type-product","3":"status-publish","4":"has-post-thumbnail","6":"product_cat-archives","8":"first","9":"instock","10":"shipping-taxable","11":"product-type-simple"},"yoast_head":"<!-- This site is optimized with the Yoast SEO plugin v27.1.1 - https:\/\/yoast.com\/product\/yoast-seo-wordpress\/ -->\n<title>ROGER LANDAULT, UNIBLOC 4, STEINER ED., C.1970 - DIZAGN<\/title>\n<meta name=\"robots\" content=\"index, follow, max-snippet:-1, max-image-preview:large, max-video-preview:-1\" \/>\n<link rel=\"canonical\" href=\"https:\/\/dizagn.fr\/en\/product\/roger-landault-unibloc-4-steiner-ed-c-1970\/\" \/>\n<meta property=\"og:locale\" content=\"en_GB\" \/>\n<meta property=\"og:type\" content=\"article\" \/>\n<meta property=\"og:title\" content=\"ROGER LANDAULT, UNIBLOC 4, STEINER ED., C.1970 - DIZAGN\" \/>\n<meta property=\"og:description\" content=\"LANDAULT Roger (1919-1983)  Assise collective Unibloc IV  Cattaneo fabricant, Steiner \u00e9diteur, circa 1970  Polyester thermoform\u00e9 moul\u00e9 jaune, contreplaqu\u00e9 et stratifi\u00e9\u00a0\" \/>\n<meta property=\"og:url\" content=\"https:\/\/dizagn.fr\/en\/product\/roger-landault-unibloc-4-steiner-ed-c-1970\/\" \/>\n<meta property=\"og:site_name\" content=\"DIZAGN\" \/>\n<meta property=\"article:modified_time\" content=\"2022-10-26T19:40:27+00:00\" \/>\n<meta property=\"og:image\" content=\"https:\/\/dizagn.fr\/wp-content\/uploads\/2022\/10\/LANDAULT-roger-UNIBLOC-4-STEINER-1.jpg\" \/>\n\t<meta property=\"og:image:width\" content=\"1440\" \/>\n\t<meta property=\"og:image:height\" content=\"1440\" \/>\n\t<meta property=\"og:image:type\" content=\"image\/jpeg\" \/>\n<meta name=\"twitter:card\" content=\"summary_large_image\" \/>\n<meta name=\"twitter:label1\" content=\"Estimated reading time\" \/>\n\t<meta name=\"twitter:data1\" content=\"1 minute\" \/>\n<script type=\"application\/ld+json\" class=\"yoast-schema-graph\">{\"@context\":\"https:\/\/schema.org\",\"@graph\":[{\"@type\":\"WebPage\",\"@id\":\"https:\/\/dizagn.fr\/produit\/roger-landault-unibloc-4-steiner-ed-c-1970\/\",\"url\":\"https:\/\/dizagn.fr\/produit\/roger-landault-unibloc-4-steiner-ed-c-1970\/\",\"name\":\"ROGER LANDAULT, UNIBLOC 4, STEINER ED., C.1970 - DIZAGN\",\"isPartOf\":{\"@id\":\"https:\/\/dizagn.fr\/#website\"},\"primaryImageOfPage\":{\"@id\":\"https:\/\/dizagn.fr\/produit\/roger-landault-unibloc-4-steiner-ed-c-1970\/#primaryimage\"},\"image\":{\"@id\":\"https:\/\/dizagn.fr\/produit\/roger-landault-unibloc-4-steiner-ed-c-1970\/#primaryimage\"},\"thumbnailUrl\":\"https:\/\/dizagn.fr\/wp-content\/uploads\/2022\/10\/LANDAULT-roger-UNIBLOC-4-STEINER-1.jpg\",\"datePublished\":\"2022-10-08T06:34:24+00:00\",\"dateModified\":\"2022-10-26T19:40:27+00:00\",\"breadcrumb\":{\"@id\":\"https:\/\/dizagn.fr\/produit\/roger-landault-unibloc-4-steiner-ed-c-1970\/#breadcrumb\"},\"inLanguage\":\"en-GB\",\"potentialAction\":[{\"@type\":\"ReadAction\",\"target\":[\"https:\/\/dizagn.fr\/produit\/roger-landault-unibloc-4-steiner-ed-c-1970\/\"]}]},{\"@type\":\"ImageObject\",\"inLanguage\":\"en-GB\",\"@id\":\"https:\/\/dizagn.fr\/produit\/roger-landault-unibloc-4-steiner-ed-c-1970\/#primaryimage\",\"url\":\"https:\/\/dizagn.fr\/wp-content\/uploads\/2022\/10\/LANDAULT-roger-UNIBLOC-4-STEINER-1.jpg\",\"contentUrl\":\"https:\/\/dizagn.fr\/wp-content\/uploads\/2022\/10\/LANDAULT-roger-UNIBLOC-4-STEINER-1.jpg\",\"width\":1440,\"height\":1440,\"caption\":\"LANDAULT roger UNIBLOC 4 STEINER\"},{\"@type\":\"BreadcrumbList\",\"@id\":\"https:\/\/dizagn.fr\/produit\/roger-landault-unibloc-4-steiner-ed-c-1970\/#breadcrumb\",\"itemListElement\":[{\"@type\":\"ListItem\",\"position\":1,\"name\":\"Accueil\",\"item\":\"https:\/\/dizagn.fr\/\"},{\"@type\":\"ListItem\",\"position\":2,\"name\":\"S\u00e9lection\",\"item\":\"https:\/\/dizagn.fr\/\"},{\"@type\":\"ListItem\",\"position\":3,\"name\":\"ROGER LANDAULT, UNIBLOC 4, STEINER ED., C.1970\"}]},{\"@type\":\"WebSite\",\"@id\":\"https:\/\/dizagn.fr\/#website\",\"url\":\"https:\/\/dizagn.fr\/\",\"name\":\"DIZAGN\",\"description\":\"\",\"potentialAction\":[{\"@type\":\"SearchAction\",\"target\":{\"@type\":\"EntryPoint\",\"urlTemplate\":\"https:\/\/dizagn.fr\/?s={search_term_string}\"},\"query-input\":{\"@type\":\"PropertyValueSpecification\",\"valueRequired\":true,\"valueName\":\"search_term_string\"}}],\"inLanguage\":\"en-GB\"}]}<\/script>\n<!-- \/ Yoast SEO plugin. -->","yoast_head_json":{"title":"ROGER LANDAULT, UNIBLOC 4, STEINER ED., C.1970 - DIZAGN","robots":{"index":"index","follow":"follow","max-snippet":"max-snippet:-1","max-image-preview":"max-image-preview:large","max-video-preview":"max-video-preview:-1"},"canonical":"https:\/\/dizagn.fr\/en\/product\/roger-landault-unibloc-4-steiner-ed-c-1970\/","og_locale":"en_GB","og_type":"article","og_title":"ROGER LANDAULT, UNIBLOC 4, STEINER ED., C.1970 - DIZAGN","og_description":"LANDAULT Roger (1919-1983)  Assise collective Unibloc IV  Cattaneo fabricant, Steiner \u00e9diteur, circa 1970  Polyester thermoform\u00e9 moul\u00e9 jaune, contreplaqu\u00e9 et stratifi\u00e9\u00a0","og_url":"https:\/\/dizagn.fr\/en\/product\/roger-landault-unibloc-4-steiner-ed-c-1970\/","og_site_name":"DIZAGN","article_modified_time":"2022-10-26T19:40:27+00:00","og_image":[{"width":1440,"height":1440,"url":"https:\/\/dizagn.fr\/wp-content\/uploads\/2022\/10\/LANDAULT-roger-UNIBLOC-4-STEINER-1.jpg","type":"image\/jpeg"}],"twitter_card":"summary_large_image","twitter_misc":{"Estimated reading time":"1 minute"},"schema":{"@context":"https:\/\/schema.org","@graph":[{"@type":"WebPage","@id":"https:\/\/dizagn.fr\/produit\/roger-landault-unibloc-4-steiner-ed-c-1970\/","url":"https:\/\/dizagn.fr\/produit\/roger-landault-unibloc-4-steiner-ed-c-1970\/","name":"ROGER LANDAULT, UNIBLOC 4, STEINER ED., C.1970 - DIZAGN","isPartOf":{"@id":"https:\/\/dizagn.fr\/#website"},"primaryImageOfPage":{"@id":"https:\/\/dizagn.fr\/produit\/roger-landault-unibloc-4-steiner-ed-c-1970\/#primaryimage"},"image":{"@id":"https:\/\/dizagn.fr\/produit\/roger-landault-unibloc-4-steiner-ed-c-1970\/#primaryimage"},"thumbnailUrl":"https:\/\/dizagn.fr\/wp-content\/uploads\/2022\/10\/LANDAULT-roger-UNIBLOC-4-STEINER-1.jpg","datePublished":"2022-10-08T06:34:24+00:00","dateModified":"2022-10-26T19:40:27+00:00","breadcrumb":{"@id":"https:\/\/dizagn.fr\/produit\/roger-landault-unibloc-4-steiner-ed-c-1970\/#breadcrumb"},"inLanguage":"en-GB","potentialAction":[{"@type":"ReadAction","target":["https:\/\/dizagn.fr\/produit\/roger-landault-unibloc-4-steiner-ed-c-1970\/"]}]},{"@type":"ImageObject","inLanguage":"en-GB","@id":"https:\/\/dizagn.fr\/produit\/roger-landault-unibloc-4-steiner-ed-c-1970\/#primaryimage","url":"https:\/\/dizagn.fr\/wp-content\/uploads\/2022\/10\/LANDAULT-roger-UNIBLOC-4-STEINER-1.jpg","contentUrl":"https:\/\/dizagn.fr\/wp-content\/uploads\/2022\/10\/LANDAULT-roger-UNIBLOC-4-STEINER-1.jpg","width":1440,"height":1440,"caption":"LANDAULT roger UNIBLOC 4 STEINER"},{"@type":"BreadcrumbList","@id":"https:\/\/dizagn.fr\/produit\/roger-landault-unibloc-4-steiner-ed-c-1970\/#breadcrumb","itemListElement":[{"@type":"ListItem","position":1,"name":"Accueil","item":"https:\/\/dizagn.fr\/"},{"@type":"ListItem","position":2,"name":"S\u00e9lection","item":"https:\/\/dizagn.fr\/"},{"@type":"ListItem","position":3,"name":"ROGER LANDAULT, UNIBLOC 4, STEINER ED., C.1970"}]},{"@type":"WebSite","@id":"https:\/\/dizagn.fr\/#website","url":"https:\/\/dizagn.fr\/","name":"DIZAGN","description":"","potentialAction":[{"@type":"SearchAction","target":{"@type":"EntryPoint","urlTemplate":"https:\/\/dizagn.fr\/?s={search_term_string}"},"query-input":{"@type":"PropertyValueSpecification","valueRequired":true,"valueName":"search_term_string"}}],"inLanguage":"en-GB"}]}},"_links":{"self":[{"href":"https:\/\/dizagn.fr\/en\/wp-json\/wp\/v2\/product\/800","targetHints":{"allow":["GET"]}}],"collection":[{"href":"https:\/\/dizagn.fr\/en\/wp-json\/wp\/v2\/product"}],"about":[{"href":"https:\/\/dizagn.fr\/en\/wp-json\/wp\/v2\/types\/product"}],"wp:featuredmedia":[{"embeddable":true,"href":"https:\/\/dizagn.fr\/en\/wp-json\/wp\/v2\/media\/801"}],"wp:attachment":[{"href":"https:\/\/dizagn.fr\/en\/wp-json\/wp\/v2\/media?parent=800"}],"wp:term":[{"taxonomy":"product_brand","embeddable":true,"href":"https:\/\/dizagn.fr\/en\/wp-json\/wp\/v2\/product_brand?post=800"},{"taxonomy":"product_cat","embeddable":true,"href":"https:\/\/dizagn.fr\/en\/wp-json\/wp\/v2\/product_cat?post=800"},{"taxonomy":"product_tag","embeddable":true,"href":"https:\/\/dizagn.fr\/en\/wp-json\/wp\/v2\/product_tag?post=800"}],"curies":[{"name":"wp","href":"https:\/\/api.w.org\/{rel}","templated":true}]}}