{"id":795,"date":"2025-02-25T08:00:45","date_gmt":"2025-02-25T07:00:45","guid":{"rendered":"http:\/\/dizagn.fr\/?post_type=product&#038;p=795"},"modified":"2025-05-19T14:04:48","modified_gmt":"2025-05-19T12:04:48","slug":"motte-joseph-andre-bureau-console-rotin-rougier-ed-c-1954","status":"publish","type":"product","link":"https:\/\/dizagn.fr\/en\/product\/motte-joseph-andre-bureau-console-rotin-rougier-ed-c-1954\/","title":{"rendered":"JOSEPH-ANDRE MOTTE, CONSOLE AND STOOLS, ROUGIER ED., C.1954"},"content":{"rendered":"<p>Reference:<\/p>\n<p>First exhibited at the Salon des arts m\u00e9nagers, 1954 - Stand SIR<\/p>\n<p>Literature:<\/p>\n<p>Patrick Favardin, Les d\u00e9corateurs des Ann\u00e9es 50, Norma, 1999 <\/p>\n<p>Archives Joseph-Andr\u00e9 Motte, ND<\/p>\n<p>Archives Salon des arts m\u00e9nagers, 1954<\/p>\n<p>Biography: <\/p>\n<p>Joseph-Andr\u00e9 Motte is one of France's most important post-war modern designers. Reflecting the idea that modern design can resolutely improve society, Motte remains a feature of everyday French life through his large-scale designs for public spaces across the country. His works cascade into places as regal as the Louvre and as everyday as the Paris metro, testing materials and heralding the importance of affordable design in a changing world.<br \/>\nBorn in Saint-Bonnet, a village in the Hautes-Alpes region of France, Joseph-Andr\u00e9 Motte studied applied arts in Paris with Ren\u00e9 Gabriel, Louis Sognot and Albert Gu\u00e9not. In 1954, Motte founded his own design agency, l'Atelier de Recherche Plastique (ARP), with renowned designers Pierre Guariche and Michel Mortier, whom he had met while studying at Marcel Gascoin's studio.<\/p>\n<p>A leading figure of the French modern movement, Motte was often commissioned by the French administration to participate in major public projects, including the interior design of hundreds of Paris metro stations, his chairs remaining functional symbols of Parisian life in all metro stations. Motte also designed the airports at Orly (1954), Roissy (1970) and Lyon (1975).<\/p>\n<p>In particular, his work with architect Henri Vicariot on Orly airport represents the marriage of structural and interior elements in living spaces. This kind of collaboration between architects and interior designers has rejuvenated the role of designers like Motte.<\/p>\n<p>Motte experiments extensively with wood, stainless steel, Formica and plastics. The variety of these materials reflects his desire to humanize the spaces in which he works, especially as the use of concrete and other typically cold substances becomes fashionable in architecture. He once explained that \"it's the material that commands, then the imagination\". Motte's choice of otherwise neglected materials also contributed to cost-effective production. His desire for economy went hand in hand with his belief that large-scale production offered consumers a means of personalizing their living environment.<\/p>\n<p>Motte's work represents the intersection of beauty and functionality in the face of industrial society. Motte's work is included in the collections of the Mus\u00e9e des Arts D\u00e9coratifs, Paris, the Mus\u00e9e du Louvre, Paris, and a number of public forums, including the H\u00f4tel de Ville, Grenoble, France, 1968 and the Conseil de l'Europe building, Strasbourg, France, 1973. Motte received the Prix Ren\u00e9 Gabriel in 1957, the Grand Prix of the Brussels International Exhibition in 1958 and was named Commandeur des Arts et des Lettres, the highest distinction awarded by the French Ministry of Culture.<\/p>\n<p>Text Demisch Danant Gallery <\/p>","protected":false},"excerpt":{"rendered":"<p>Joseph-Andr\u00e9 Motte (1925-2013)<\/p>\n<p>Desk\/console and his pair of stools<\/p>\n<p>Rougier \u2013 SIR edition (Rattan industrial company), France, circa 1954<\/p>\n<p>Rattan, black opaline and brass and rattan, white lacquered metal and black lacquered metal<\/p>\n<p>Length. 97 x Height. 74 x Depth. 56 cm<\/p>","protected":false},"featured_media":1447,"template":"","meta":{"_et_pb_use_builder":"","_et_pb_old_content":"","_et_gb_content_width":""},"product_brand":[],"product_cat":[19],"product_tag":[44],"class_list":{"0":"post-795","1":"product","2":"type-product","3":"status-publish","4":"has-post-thumbnail","6":"product_cat-archives","7":"product_tag-nouveau","9":"first","10":"instock","11":"shipping-taxable","12":"purchasable","13":"product-type-simple"},"yoast_head":"<!-- This site is optimized with the Yoast SEO plugin v27.1.1 - https:\/\/yoast.com\/product\/yoast-seo-wordpress\/ -->\n<title>JOSEPH-ANDR\u00c9 MOTTE, CONSOLE ET OTTOMANS, ROUGIER ED., C.1954 - DIZAGN<\/title>\n<meta name=\"robots\" content=\"index, follow, max-snippet:-1, max-image-preview:large, max-video-preview:-1\" \/>\n<link rel=\"canonical\" href=\"https:\/\/dizagn.fr\/en\/product\/motte-joseph-andre-bureau-console-rotin-rougier-ed-c-1954\/\" \/>\n<meta property=\"og:locale\" content=\"en_GB\" \/>\n<meta property=\"og:type\" content=\"article\" \/>\n<meta property=\"og:title\" content=\"JOSEPH-ANDR\u00c9 MOTTE, CONSOLE ET OTTOMANS, ROUGIER ED., C.1954 - DIZAGN\" \/>\n<meta property=\"og:description\" content=\"Joseph-Andr\u00e9 Motte (1925-2013)  Bureau\/console et sa paire d&#039;ottomans  Rougier - SIR \u00e9diteur (Soci\u00e9t\u00e9 industrielle du rotin), France, circa 1954  Rotin, opaline noire et laiton et rotin, m\u00e9tal laque\u0301 blanc et m\u00e9tal laqu\u00e9 noir  Long. 97 x Haut. 74 x Prof. 56 cm\" \/>\n<meta property=\"og:url\" content=\"https:\/\/dizagn.fr\/en\/product\/motte-joseph-andre-bureau-console-rotin-rougier-ed-c-1954\/\" \/>\n<meta property=\"og:site_name\" content=\"DIZAGN\" \/>\n<meta property=\"article:modified_time\" content=\"2025-05-19T12:04:48+00:00\" \/>\n<meta property=\"og:image\" content=\"https:\/\/dizagn.fr\/wp-content\/uploads\/2024\/07\/MOTTE-console-bureau-rotin-1.jpg\" \/>\n\t<meta property=\"og:image:width\" content=\"1200\" \/>\n\t<meta property=\"og:image:height\" content=\"1200\" \/>\n\t<meta property=\"og:image:type\" content=\"image\/jpeg\" \/>\n<meta name=\"twitter:card\" content=\"summary_large_image\" \/>\n<meta name=\"twitter:label1\" content=\"Estimated reading time\" \/>\n\t<meta name=\"twitter:data1\" content=\"3 minutes\" \/>\n<script type=\"application\/ld+json\" class=\"yoast-schema-graph\">{\"@context\":\"https:\/\/schema.org\",\"@graph\":[{\"@type\":\"WebPage\",\"@id\":\"https:\/\/dizagn.fr\/produit\/motte-joseph-andre-bureau-console-rotin-rougier-ed-c-1954\/\",\"url\":\"https:\/\/dizagn.fr\/produit\/motte-joseph-andre-bureau-console-rotin-rougier-ed-c-1954\/\",\"name\":\"JOSEPH-ANDR\u00c9 MOTTE, CONSOLE ET OTTOMANS, ROUGIER ED., C.1954 - DIZAGN\",\"isPartOf\":{\"@id\":\"https:\/\/dizagn.fr\/#website\"},\"primaryImageOfPage\":{\"@id\":\"https:\/\/dizagn.fr\/produit\/motte-joseph-andre-bureau-console-rotin-rougier-ed-c-1954\/#primaryimage\"},\"image\":{\"@id\":\"https:\/\/dizagn.fr\/produit\/motte-joseph-andre-bureau-console-rotin-rougier-ed-c-1954\/#primaryimage\"},\"thumbnailUrl\":\"https:\/\/dizagn.fr\/wp-content\/uploads\/2024\/07\/MOTTE-console-bureau-rotin-1.jpg\",\"datePublished\":\"2025-02-25T07:00:45+00:00\",\"dateModified\":\"2025-05-19T12:04:48+00:00\",\"breadcrumb\":{\"@id\":\"https:\/\/dizagn.fr\/produit\/motte-joseph-andre-bureau-console-rotin-rougier-ed-c-1954\/#breadcrumb\"},\"inLanguage\":\"en-GB\",\"potentialAction\":[{\"@type\":\"ReadAction\",\"target\":[\"https:\/\/dizagn.fr\/produit\/motte-joseph-andre-bureau-console-rotin-rougier-ed-c-1954\/\"]}]},{\"@type\":\"ImageObject\",\"inLanguage\":\"en-GB\",\"@id\":\"https:\/\/dizagn.fr\/produit\/motte-joseph-andre-bureau-console-rotin-rougier-ed-c-1954\/#primaryimage\",\"url\":\"https:\/\/dizagn.fr\/wp-content\/uploads\/2024\/07\/MOTTE-console-bureau-rotin-1.jpg\",\"contentUrl\":\"https:\/\/dizagn.fr\/wp-content\/uploads\/2024\/07\/MOTTE-console-bureau-rotin-1.jpg\",\"width\":1200,\"height\":1200},{\"@type\":\"BreadcrumbList\",\"@id\":\"https:\/\/dizagn.fr\/produit\/motte-joseph-andre-bureau-console-rotin-rougier-ed-c-1954\/#breadcrumb\",\"itemListElement\":[{\"@type\":\"ListItem\",\"position\":1,\"name\":\"Accueil\",\"item\":\"https:\/\/dizagn.fr\/\"},{\"@type\":\"ListItem\",\"position\":2,\"name\":\"S\u00e9lection\",\"item\":\"https:\/\/dizagn.fr\/\"},{\"@type\":\"ListItem\",\"position\":3,\"name\":\"JOSEPH-ANDR\u00c9 MOTTE, CONSOLE ET OTTOMANS, ROUGIER ED., C.1954\"}]},{\"@type\":\"WebSite\",\"@id\":\"https:\/\/dizagn.fr\/#website\",\"url\":\"https:\/\/dizagn.fr\/\",\"name\":\"DIZAGN\",\"description\":\"\",\"potentialAction\":[{\"@type\":\"SearchAction\",\"target\":{\"@type\":\"EntryPoint\",\"urlTemplate\":\"https:\/\/dizagn.fr\/?s={search_term_string}\"},\"query-input\":{\"@type\":\"PropertyValueSpecification\",\"valueRequired\":true,\"valueName\":\"search_term_string\"}}],\"inLanguage\":\"en-GB\"}]}<\/script>\n<!-- \/ Yoast SEO plugin. -->","yoast_head_json":{"title":"JOSEPH-ANDR\u00c9 MOTTE, CONSOLE ET OTTOMANS, ROUGIER ED., C.1954 - DIZAGN","robots":{"index":"index","follow":"follow","max-snippet":"max-snippet:-1","max-image-preview":"max-image-preview:large","max-video-preview":"max-video-preview:-1"},"canonical":"https:\/\/dizagn.fr\/en\/product\/motte-joseph-andre-bureau-console-rotin-rougier-ed-c-1954\/","og_locale":"en_GB","og_type":"article","og_title":"JOSEPH-ANDR\u00c9 MOTTE, CONSOLE ET OTTOMANS, ROUGIER ED., C.1954 - DIZAGN","og_description":"Joseph-Andr\u00e9 Motte (1925-2013)  Bureau\/console et sa paire d'ottomans  Rougier - SIR \u00e9diteur (Soci\u00e9t\u00e9 industrielle du rotin), France, circa 1954  Rotin, opaline noire et laiton et rotin, m\u00e9tal laque\u0301 blanc et m\u00e9tal laqu\u00e9 noir  Long. 97 x Haut. 74 x Prof. 56 cm","og_url":"https:\/\/dizagn.fr\/en\/product\/motte-joseph-andre-bureau-console-rotin-rougier-ed-c-1954\/","og_site_name":"DIZAGN","article_modified_time":"2025-05-19T12:04:48+00:00","og_image":[{"width":1200,"height":1200,"url":"https:\/\/dizagn.fr\/wp-content\/uploads\/2024\/07\/MOTTE-console-bureau-rotin-1.jpg","type":"image\/jpeg"}],"twitter_card":"summary_large_image","twitter_misc":{"Estimated reading time":"3 minutes"},"schema":{"@context":"https:\/\/schema.org","@graph":[{"@type":"WebPage","@id":"https:\/\/dizagn.fr\/produit\/motte-joseph-andre-bureau-console-rotin-rougier-ed-c-1954\/","url":"https:\/\/dizagn.fr\/produit\/motte-joseph-andre-bureau-console-rotin-rougier-ed-c-1954\/","name":"JOSEPH-ANDR\u00c9 MOTTE, CONSOLE ET OTTOMANS, ROUGIER ED., C.1954 - DIZAGN","isPartOf":{"@id":"https:\/\/dizagn.fr\/#website"},"primaryImageOfPage":{"@id":"https:\/\/dizagn.fr\/produit\/motte-joseph-andre-bureau-console-rotin-rougier-ed-c-1954\/#primaryimage"},"image":{"@id":"https:\/\/dizagn.fr\/produit\/motte-joseph-andre-bureau-console-rotin-rougier-ed-c-1954\/#primaryimage"},"thumbnailUrl":"https:\/\/dizagn.fr\/wp-content\/uploads\/2024\/07\/MOTTE-console-bureau-rotin-1.jpg","datePublished":"2025-02-25T07:00:45+00:00","dateModified":"2025-05-19T12:04:48+00:00","breadcrumb":{"@id":"https:\/\/dizagn.fr\/produit\/motte-joseph-andre-bureau-console-rotin-rougier-ed-c-1954\/#breadcrumb"},"inLanguage":"en-GB","potentialAction":[{"@type":"ReadAction","target":["https:\/\/dizagn.fr\/produit\/motte-joseph-andre-bureau-console-rotin-rougier-ed-c-1954\/"]}]},{"@type":"ImageObject","inLanguage":"en-GB","@id":"https:\/\/dizagn.fr\/produit\/motte-joseph-andre-bureau-console-rotin-rougier-ed-c-1954\/#primaryimage","url":"https:\/\/dizagn.fr\/wp-content\/uploads\/2024\/07\/MOTTE-console-bureau-rotin-1.jpg","contentUrl":"https:\/\/dizagn.fr\/wp-content\/uploads\/2024\/07\/MOTTE-console-bureau-rotin-1.jpg","width":1200,"height":1200},{"@type":"BreadcrumbList","@id":"https:\/\/dizagn.fr\/produit\/motte-joseph-andre-bureau-console-rotin-rougier-ed-c-1954\/#breadcrumb","itemListElement":[{"@type":"ListItem","position":1,"name":"Accueil","item":"https:\/\/dizagn.fr\/"},{"@type":"ListItem","position":2,"name":"S\u00e9lection","item":"https:\/\/dizagn.fr\/"},{"@type":"ListItem","position":3,"name":"JOSEPH-ANDR\u00c9 MOTTE, CONSOLE ET OTTOMANS, ROUGIER ED., C.1954"}]},{"@type":"WebSite","@id":"https:\/\/dizagn.fr\/#website","url":"https:\/\/dizagn.fr\/","name":"DIZAGN","description":"","potentialAction":[{"@type":"SearchAction","target":{"@type":"EntryPoint","urlTemplate":"https:\/\/dizagn.fr\/?s={search_term_string}"},"query-input":{"@type":"PropertyValueSpecification","valueRequired":true,"valueName":"search_term_string"}}],"inLanguage":"en-GB"}]}},"_links":{"self":[{"href":"https:\/\/dizagn.fr\/en\/wp-json\/wp\/v2\/product\/795","targetHints":{"allow":["GET"]}}],"collection":[{"href":"https:\/\/dizagn.fr\/en\/wp-json\/wp\/v2\/product"}],"about":[{"href":"https:\/\/dizagn.fr\/en\/wp-json\/wp\/v2\/types\/product"}],"wp:featuredmedia":[{"embeddable":true,"href":"https:\/\/dizagn.fr\/en\/wp-json\/wp\/v2\/media\/1447"}],"wp:attachment":[{"href":"https:\/\/dizagn.fr\/en\/wp-json\/wp\/v2\/media?parent=795"}],"wp:term":[{"taxonomy":"product_brand","embeddable":true,"href":"https:\/\/dizagn.fr\/en\/wp-json\/wp\/v2\/product_brand?post=795"},{"taxonomy":"product_cat","embeddable":true,"href":"https:\/\/dizagn.fr\/en\/wp-json\/wp\/v2\/product_cat?post=795"},{"taxonomy":"product_tag","embeddable":true,"href":"https:\/\/dizagn.fr\/en\/wp-json\/wp\/v2\/product_tag?post=795"}],"curies":[{"name":"wp","href":"https:\/\/api.w.org\/{rel}","templated":true}]}}