{"id":781,"date":"2022-10-05T10:51:55","date_gmt":"2022-10-05T08:51:55","guid":{"rendered":"http:\/\/dizagn.fr\/?post_type=product&#038;p=781"},"modified":"2024-11-10T09:27:23","modified_gmt":"2024-11-10T08:27:23","slug":"paulin-pierre-fauteuil-f598-groovy-artifort-ed-c-1964","status":"publish","type":"product","link":"https:\/\/dizagn.fr\/en\/product\/paulin-pierre-fauteuil-f598-groovy-artifort-ed-c-1964\/","title":{"rendered":"PIERRE PAULIN, GROOVY ARMCHAIR, ARTIFORT ED, C.1964"},"content":{"rendered":"<p>Literature:<\/p>\n<p>CHAPOUTOT Anne, Pierre Paulin : un univers de formes, ed. Du May, Paris, 1992.<\/p>\n<p>COLL. (GEEL C. dir.), Pierre Paulin designer, e\u0301ditions Archibooks, Paris, 2008.<\/p>","protected":false},"excerpt":{"rendered":"<p>PAULIN Pierre (1927-2009)<\/p>\n<p>F598 or GROOVY Armchair<\/p>\n<p>Artifort edition, second version, Netherlands, circa 1964<\/p>\n<p>Metal, brushed aluminum, rubber, foam and fabric from Maison Misia<\/p>\n<p>Height. 62 x Width. 79 x Depth. 60 cm<\/p>\n<p>&nbsp;<\/p>\n<p>Ref. 223<\/p>","protected":false},"featured_media":779,"template":"","meta":{"_et_pb_use_builder":"","_et_pb_old_content":"","_et_gb_content_width":""},"product_brand":[],"product_cat":[19],"product_tag":[],"class_list":{"0":"post-781","1":"product","2":"type-product","3":"status-publish","4":"has-post-thumbnail","6":"product_cat-archives","8":"first","9":"instock","10":"shipping-taxable","11":"purchasable","12":"product-type-simple"},"yoast_head":"<!-- This site is optimized with the Yoast SEO plugin v27.1.1 - https:\/\/yoast.com\/product\/yoast-seo-wordpress\/ -->\n<title>PIERRE PAULIN, FAUTEUIL GROOVY, ARTIFORT ED, C.1964 - DIZAGN<\/title>\n<meta name=\"robots\" content=\"index, follow, max-snippet:-1, max-image-preview:large, max-video-preview:-1\" \/>\n<link rel=\"canonical\" href=\"https:\/\/dizagn.fr\/en\/product\/paulin-pierre-fauteuil-f598-groovy-artifort-ed-c-1964\/\" \/>\n<meta property=\"og:locale\" content=\"en_GB\" \/>\n<meta property=\"og:type\" content=\"article\" \/>\n<meta property=\"og:title\" content=\"PIERRE PAULIN, FAUTEUIL GROOVY, ARTIFORT ED, C.1964 - DIZAGN\" \/>\n<meta property=\"og:description\" content=\"PAULIN Pierre (1927-2009)  Fauteuil F598 dit GROOVY  Artifort \u00e9diteur, seconde version, Pays-Bas, circa 1964  M\u00e9tal, aluminium bross\u00e9, caoutchouc, mousse et tissu de la Maison Misia  Haut. 62 x Larg. 79 x Prof. 60 cm  &nbsp;  Ref. 223\" \/>\n<meta property=\"og:url\" content=\"https:\/\/dizagn.fr\/en\/product\/paulin-pierre-fauteuil-f598-groovy-artifort-ed-c-1964\/\" \/>\n<meta property=\"og:site_name\" content=\"DIZAGN\" \/>\n<meta property=\"article:modified_time\" content=\"2024-11-10T08:27:23+00:00\" \/>\n<meta property=\"og:image\" content=\"https:\/\/dizagn.fr\/wp-content\/uploads\/2022\/10\/PAULIN-fauteuil-GROOVY-1-scaled.jpg\" \/>\n\t<meta property=\"og:image:width\" content=\"2560\" \/>\n\t<meta property=\"og:image:height\" content=\"2560\" \/>\n\t<meta property=\"og:image:type\" content=\"image\/jpeg\" \/>\n<meta name=\"twitter:card\" content=\"summary_large_image\" \/>\n<meta name=\"twitter:label1\" content=\"Estimated reading time\" \/>\n\t<meta name=\"twitter:data1\" content=\"1 minute\" \/>\n<script type=\"application\/ld+json\" class=\"yoast-schema-graph\">{\"@context\":\"https:\/\/schema.org\",\"@graph\":[{\"@type\":\"WebPage\",\"@id\":\"https:\/\/dizagn.fr\/produit\/paulin-pierre-fauteuil-f598-groovy-artifort-ed-c-1964\/\",\"url\":\"https:\/\/dizagn.fr\/produit\/paulin-pierre-fauteuil-f598-groovy-artifort-ed-c-1964\/\",\"name\":\"PIERRE PAULIN, FAUTEUIL GROOVY, ARTIFORT ED, C.1964 - DIZAGN\",\"isPartOf\":{\"@id\":\"https:\/\/dizagn.fr\/#website\"},\"primaryImageOfPage\":{\"@id\":\"https:\/\/dizagn.fr\/produit\/paulin-pierre-fauteuil-f598-groovy-artifort-ed-c-1964\/#primaryimage\"},\"image\":{\"@id\":\"https:\/\/dizagn.fr\/produit\/paulin-pierre-fauteuil-f598-groovy-artifort-ed-c-1964\/#primaryimage\"},\"thumbnailUrl\":\"https:\/\/dizagn.fr\/wp-content\/uploads\/2022\/10\/PAULIN-fauteuil-GROOVY-1-scaled.jpg\",\"datePublished\":\"2022-10-05T08:51:55+00:00\",\"dateModified\":\"2024-11-10T08:27:23+00:00\",\"breadcrumb\":{\"@id\":\"https:\/\/dizagn.fr\/produit\/paulin-pierre-fauteuil-f598-groovy-artifort-ed-c-1964\/#breadcrumb\"},\"inLanguage\":\"en-GB\",\"potentialAction\":[{\"@type\":\"ReadAction\",\"target\":[\"https:\/\/dizagn.fr\/produit\/paulin-pierre-fauteuil-f598-groovy-artifort-ed-c-1964\/\"]}]},{\"@type\":\"ImageObject\",\"inLanguage\":\"en-GB\",\"@id\":\"https:\/\/dizagn.fr\/produit\/paulin-pierre-fauteuil-f598-groovy-artifort-ed-c-1964\/#primaryimage\",\"url\":\"https:\/\/dizagn.fr\/wp-content\/uploads\/2022\/10\/PAULIN-fauteuil-GROOVY-1-scaled.jpg\",\"contentUrl\":\"https:\/\/dizagn.fr\/wp-content\/uploads\/2022\/10\/PAULIN-fauteuil-GROOVY-1-scaled.jpg\",\"width\":2560,\"height\":2560,\"caption\":\"PAULIN fauteuil GROOVY\"},{\"@type\":\"BreadcrumbList\",\"@id\":\"https:\/\/dizagn.fr\/produit\/paulin-pierre-fauteuil-f598-groovy-artifort-ed-c-1964\/#breadcrumb\",\"itemListElement\":[{\"@type\":\"ListItem\",\"position\":1,\"name\":\"Accueil\",\"item\":\"https:\/\/dizagn.fr\/\"},{\"@type\":\"ListItem\",\"position\":2,\"name\":\"S\u00e9lection\",\"item\":\"https:\/\/dizagn.fr\/\"},{\"@type\":\"ListItem\",\"position\":3,\"name\":\"PIERRE PAULIN, FAUTEUIL GROOVY, ARTIFORT ED, C.1964\"}]},{\"@type\":\"WebSite\",\"@id\":\"https:\/\/dizagn.fr\/#website\",\"url\":\"https:\/\/dizagn.fr\/\",\"name\":\"DIZAGN\",\"description\":\"\",\"potentialAction\":[{\"@type\":\"SearchAction\",\"target\":{\"@type\":\"EntryPoint\",\"urlTemplate\":\"https:\/\/dizagn.fr\/?s={search_term_string}\"},\"query-input\":{\"@type\":\"PropertyValueSpecification\",\"valueRequired\":true,\"valueName\":\"search_term_string\"}}],\"inLanguage\":\"en-GB\"}]}<\/script>\n<!-- \/ Yoast SEO plugin. -->","yoast_head_json":{"title":"PIERRE PAULIN, FAUTEUIL GROOVY, ARTIFORT ED, C.1964 - DIZAGN","robots":{"index":"index","follow":"follow","max-snippet":"max-snippet:-1","max-image-preview":"max-image-preview:large","max-video-preview":"max-video-preview:-1"},"canonical":"https:\/\/dizagn.fr\/en\/product\/paulin-pierre-fauteuil-f598-groovy-artifort-ed-c-1964\/","og_locale":"en_GB","og_type":"article","og_title":"PIERRE PAULIN, FAUTEUIL GROOVY, ARTIFORT ED, C.1964 - DIZAGN","og_description":"PAULIN Pierre (1927-2009)  Fauteuil F598 dit GROOVY  Artifort \u00e9diteur, seconde version, Pays-Bas, circa 1964  M\u00e9tal, aluminium bross\u00e9, caoutchouc, mousse et tissu de la Maison Misia  Haut. 62 x Larg. 79 x Prof. 60 cm  &nbsp;  Ref. 223","og_url":"https:\/\/dizagn.fr\/en\/product\/paulin-pierre-fauteuil-f598-groovy-artifort-ed-c-1964\/","og_site_name":"DIZAGN","article_modified_time":"2024-11-10T08:27:23+00:00","og_image":[{"width":2560,"height":2560,"url":"https:\/\/dizagn.fr\/wp-content\/uploads\/2022\/10\/PAULIN-fauteuil-GROOVY-1-scaled.jpg","type":"image\/jpeg"}],"twitter_card":"summary_large_image","twitter_misc":{"Estimated reading time":"1 minute"},"schema":{"@context":"https:\/\/schema.org","@graph":[{"@type":"WebPage","@id":"https:\/\/dizagn.fr\/produit\/paulin-pierre-fauteuil-f598-groovy-artifort-ed-c-1964\/","url":"https:\/\/dizagn.fr\/produit\/paulin-pierre-fauteuil-f598-groovy-artifort-ed-c-1964\/","name":"PIERRE PAULIN, FAUTEUIL GROOVY, ARTIFORT ED, C.1964 - DIZAGN","isPartOf":{"@id":"https:\/\/dizagn.fr\/#website"},"primaryImageOfPage":{"@id":"https:\/\/dizagn.fr\/produit\/paulin-pierre-fauteuil-f598-groovy-artifort-ed-c-1964\/#primaryimage"},"image":{"@id":"https:\/\/dizagn.fr\/produit\/paulin-pierre-fauteuil-f598-groovy-artifort-ed-c-1964\/#primaryimage"},"thumbnailUrl":"https:\/\/dizagn.fr\/wp-content\/uploads\/2022\/10\/PAULIN-fauteuil-GROOVY-1-scaled.jpg","datePublished":"2022-10-05T08:51:55+00:00","dateModified":"2024-11-10T08:27:23+00:00","breadcrumb":{"@id":"https:\/\/dizagn.fr\/produit\/paulin-pierre-fauteuil-f598-groovy-artifort-ed-c-1964\/#breadcrumb"},"inLanguage":"en-GB","potentialAction":[{"@type":"ReadAction","target":["https:\/\/dizagn.fr\/produit\/paulin-pierre-fauteuil-f598-groovy-artifort-ed-c-1964\/"]}]},{"@type":"ImageObject","inLanguage":"en-GB","@id":"https:\/\/dizagn.fr\/produit\/paulin-pierre-fauteuil-f598-groovy-artifort-ed-c-1964\/#primaryimage","url":"https:\/\/dizagn.fr\/wp-content\/uploads\/2022\/10\/PAULIN-fauteuil-GROOVY-1-scaled.jpg","contentUrl":"https:\/\/dizagn.fr\/wp-content\/uploads\/2022\/10\/PAULIN-fauteuil-GROOVY-1-scaled.jpg","width":2560,"height":2560,"caption":"PAULIN fauteuil GROOVY"},{"@type":"BreadcrumbList","@id":"https:\/\/dizagn.fr\/produit\/paulin-pierre-fauteuil-f598-groovy-artifort-ed-c-1964\/#breadcrumb","itemListElement":[{"@type":"ListItem","position":1,"name":"Accueil","item":"https:\/\/dizagn.fr\/"},{"@type":"ListItem","position":2,"name":"S\u00e9lection","item":"https:\/\/dizagn.fr\/"},{"@type":"ListItem","position":3,"name":"PIERRE PAULIN, FAUTEUIL GROOVY, ARTIFORT ED, C.1964"}]},{"@type":"WebSite","@id":"https:\/\/dizagn.fr\/#website","url":"https:\/\/dizagn.fr\/","name":"DIZAGN","description":"","potentialAction":[{"@type":"SearchAction","target":{"@type":"EntryPoint","urlTemplate":"https:\/\/dizagn.fr\/?s={search_term_string}"},"query-input":{"@type":"PropertyValueSpecification","valueRequired":true,"valueName":"search_term_string"}}],"inLanguage":"en-GB"}]}},"_links":{"self":[{"href":"https:\/\/dizagn.fr\/en\/wp-json\/wp\/v2\/product\/781","targetHints":{"allow":["GET"]}}],"collection":[{"href":"https:\/\/dizagn.fr\/en\/wp-json\/wp\/v2\/product"}],"about":[{"href":"https:\/\/dizagn.fr\/en\/wp-json\/wp\/v2\/types\/product"}],"wp:featuredmedia":[{"embeddable":true,"href":"https:\/\/dizagn.fr\/en\/wp-json\/wp\/v2\/media\/779"}],"wp:attachment":[{"href":"https:\/\/dizagn.fr\/en\/wp-json\/wp\/v2\/media?parent=781"}],"wp:term":[{"taxonomy":"product_brand","embeddable":true,"href":"https:\/\/dizagn.fr\/en\/wp-json\/wp\/v2\/product_brand?post=781"},{"taxonomy":"product_cat","embeddable":true,"href":"https:\/\/dizagn.fr\/en\/wp-json\/wp\/v2\/product_cat?post=781"},{"taxonomy":"product_tag","embeddable":true,"href":"https:\/\/dizagn.fr\/en\/wp-json\/wp\/v2\/product_tag?post=781"}],"curies":[{"name":"wp","href":"https:\/\/api.w.org\/{rel}","templated":true}]}}