{"id":773,"date":"2022-09-29T11:09:24","date_gmt":"2022-09-29T09:09:24","guid":{"rendered":"http:\/\/dizagn.fr\/?post_type=product&#038;p=773"},"modified":"2023-05-13T00:11:55","modified_gmt":"2023-05-12T22:11:55","slug":"caillette-rene-jean-table-basse-piece-unique-c-1962","status":"publish","type":"product","link":"https:\/\/dizagn.fr\/en\/product\/caillette-rene-jean-table-basse-piece-unique-c-1962\/","title":{"rendered":"RENE JEAN CAILLETTE, UNIQUE COFFEE TABLE, C. 1962"},"content":{"rendered":"<p>References:<\/p>\n<p>Designer personal table, made for his Parisian apartment<\/p>\n<p>Presented at the Salon de la Soci\u00e9t\u00e9 des artistes d\u00e9corateurs in 1965<\/p>\n<p>&nbsp;<\/p>\n<p>Literature:<\/p>\n<p>Archives Rene\u0301-Jean Caillette<\/p>\n<p>Auction catalog \"Functionalism and modernity\", Tajan SVV, Paris, 2006<\/p>","protected":false},"excerpt":{"rendered":"<p>CAILLETTE Ren\u00e9-Jean (1919-2004)<\/p>\n<p>Coffee table Unique piece, Charron maker, circa 1962<\/p>\n<p>Nickel-plated metal, oval tray in white lacquered plywood<\/p>\n<p>Height 34 x Length 120 x Depth 65 cm<\/p>\n<p>&nbsp;<\/p>\n<p>Ref. 300<\/p>","protected":false},"featured_media":766,"template":"","meta":{"_et_pb_use_builder":"","_et_pb_old_content":"","_et_gb_content_width":""},"product_brand":[],"product_cat":[19],"product_tag":[],"class_list":{"0":"post-773","1":"product","2":"type-product","3":"status-publish","4":"has-post-thumbnail","6":"product_cat-archives","8":"first","9":"instock","10":"shipping-taxable","11":"purchasable","12":"product-type-simple"},"yoast_head":"<!-- This site is optimized with the Yoast SEO plugin v27.1.1 - https:\/\/yoast.com\/product\/yoast-seo-wordpress\/ -->\n<title>RENE JEAN CAILLETTE, TABLE BASSE PIECE UNIQUE, C. 1962 - DIZAGN<\/title>\n<meta name=\"robots\" content=\"index, follow, max-snippet:-1, max-image-preview:large, max-video-preview:-1\" \/>\n<link rel=\"canonical\" href=\"https:\/\/dizagn.fr\/en\/product\/caillette-rene-jean-table-basse-piece-unique-c-1962\/\" \/>\n<meta property=\"og:locale\" content=\"en_GB\" \/>\n<meta property=\"og:type\" content=\"article\" \/>\n<meta property=\"og:title\" content=\"RENE JEAN CAILLETTE, TABLE BASSE PIECE UNIQUE, C. 1962 - DIZAGN\" \/>\n<meta property=\"og:description\" content=\"CAILLETTE Ren\u00e9-Jean (1919-2004)  Table basse, Pi\u00e8ce unique, fabrication Charron, circa 1962  Me\u0301tal nickele\u0301, plateau ovale en contreplaque\u0301 laque\u0301 blanc  Haut. 34 x Long. 120 x Prof. 65 cm  &nbsp;  Ref. 300\" \/>\n<meta property=\"og:url\" content=\"https:\/\/dizagn.fr\/en\/product\/caillette-rene-jean-table-basse-piece-unique-c-1962\/\" \/>\n<meta property=\"og:site_name\" content=\"DIZAGN\" \/>\n<meta property=\"article:modified_time\" content=\"2023-05-12T22:11:55+00:00\" \/>\n<meta property=\"og:image\" content=\"https:\/\/dizagn.fr\/wp-content\/uploads\/2022\/09\/CAILLETTE-table-basse-PROTOTYPE-1-scaled.jpg\" \/>\n\t<meta property=\"og:image:width\" content=\"2547\" \/>\n\t<meta property=\"og:image:height\" content=\"2560\" \/>\n\t<meta property=\"og:image:type\" content=\"image\/jpeg\" \/>\n<meta name=\"twitter:card\" content=\"summary_large_image\" \/>\n<meta name=\"twitter:label1\" content=\"Estimated reading time\" \/>\n\t<meta name=\"twitter:data1\" content=\"1 minute\" \/>\n<script type=\"application\/ld+json\" class=\"yoast-schema-graph\">{\"@context\":\"https:\/\/schema.org\",\"@graph\":[{\"@type\":\"WebPage\",\"@id\":\"https:\/\/dizagn.fr\/en\/product\/caillette-rene-jean-table-basse-piece-unique-c-1962\/\",\"url\":\"https:\/\/dizagn.fr\/en\/product\/caillette-rene-jean-table-basse-piece-unique-c-1962\/\",\"name\":\"RENE JEAN CAILLETTE, TABLE BASSE PIECE UNIQUE, C. 1962 - DIZAGN\",\"isPartOf\":{\"@id\":\"https:\/\/dizagn.fr\/#website\"},\"primaryImageOfPage\":{\"@id\":\"https:\/\/dizagn.fr\/en\/product\/caillette-rene-jean-table-basse-piece-unique-c-1962\/#primaryimage\"},\"image\":{\"@id\":\"https:\/\/dizagn.fr\/en\/product\/caillette-rene-jean-table-basse-piece-unique-c-1962\/#primaryimage\"},\"thumbnailUrl\":\"https:\/\/dizagn.fr\/wp-content\/uploads\/2022\/09\/CAILLETTE-table-basse-PROTOTYPE-1-scaled.jpg\",\"datePublished\":\"2022-09-29T09:09:24+00:00\",\"dateModified\":\"2023-05-12T22:11:55+00:00\",\"breadcrumb\":{\"@id\":\"https:\/\/dizagn.fr\/en\/product\/caillette-rene-jean-table-basse-piece-unique-c-1962\/#breadcrumb\"},\"inLanguage\":\"en-GB\",\"potentialAction\":[{\"@type\":\"ReadAction\",\"target\":[\"https:\/\/dizagn.fr\/en\/product\/caillette-rene-jean-table-basse-piece-unique-c-1962\/\"]}]},{\"@type\":\"ImageObject\",\"inLanguage\":\"en-GB\",\"@id\":\"https:\/\/dizagn.fr\/en\/product\/caillette-rene-jean-table-basse-piece-unique-c-1962\/#primaryimage\",\"url\":\"https:\/\/dizagn.fr\/wp-content\/uploads\/2022\/09\/CAILLETTE-table-basse-PROTOTYPE-1-scaled.jpg\",\"contentUrl\":\"https:\/\/dizagn.fr\/wp-content\/uploads\/2022\/09\/CAILLETTE-table-basse-PROTOTYPE-1-scaled.jpg\",\"width\":2547,\"height\":2560,\"caption\":\"CAILLETTE table basse PIECE UNIQUE\"},{\"@type\":\"BreadcrumbList\",\"@id\":\"https:\/\/dizagn.fr\/en\/product\/caillette-rene-jean-table-basse-piece-unique-c-1962\/#breadcrumb\",\"itemListElement\":[{\"@type\":\"ListItem\",\"position\":1,\"name\":\"Accueil\",\"item\":\"https:\/\/dizagn.fr\/\"},{\"@type\":\"ListItem\",\"position\":2,\"name\":\"S\u00e9lection\",\"item\":\"https:\/\/dizagn.fr\/\"},{\"@type\":\"ListItem\",\"position\":3,\"name\":\"RENE JEAN CAILLETTE, TABLE BASSE PIECE UNIQUE, C. 1962\"}]},{\"@type\":\"WebSite\",\"@id\":\"https:\/\/dizagn.fr\/#website\",\"url\":\"https:\/\/dizagn.fr\/\",\"name\":\"DIZAGN\",\"description\":\"\",\"potentialAction\":[{\"@type\":\"SearchAction\",\"target\":{\"@type\":\"EntryPoint\",\"urlTemplate\":\"https:\/\/dizagn.fr\/?s={search_term_string}\"},\"query-input\":{\"@type\":\"PropertyValueSpecification\",\"valueRequired\":true,\"valueName\":\"search_term_string\"}}],\"inLanguage\":\"en-GB\"}]}<\/script>\n<!-- \/ Yoast SEO plugin. -->","yoast_head_json":{"title":"RENE JEAN CAILLETTE, TABLE BASSE PIECE UNIQUE, C. 1962 - DIZAGN","robots":{"index":"index","follow":"follow","max-snippet":"max-snippet:-1","max-image-preview":"max-image-preview:large","max-video-preview":"max-video-preview:-1"},"canonical":"https:\/\/dizagn.fr\/en\/product\/caillette-rene-jean-table-basse-piece-unique-c-1962\/","og_locale":"en_GB","og_type":"article","og_title":"RENE JEAN CAILLETTE, TABLE BASSE PIECE UNIQUE, C. 1962 - DIZAGN","og_description":"CAILLETTE Ren\u00e9-Jean (1919-2004)  Table basse, Pi\u00e8ce unique, fabrication Charron, circa 1962  Me\u0301tal nickele\u0301, plateau ovale en contreplaque\u0301 laque\u0301 blanc  Haut. 34 x Long. 120 x Prof. 65 cm  &nbsp;  Ref. 300","og_url":"https:\/\/dizagn.fr\/en\/product\/caillette-rene-jean-table-basse-piece-unique-c-1962\/","og_site_name":"DIZAGN","article_modified_time":"2023-05-12T22:11:55+00:00","og_image":[{"width":2547,"height":2560,"url":"https:\/\/dizagn.fr\/wp-content\/uploads\/2022\/09\/CAILLETTE-table-basse-PROTOTYPE-1-scaled.jpg","type":"image\/jpeg"}],"twitter_card":"summary_large_image","twitter_misc":{"Estimated reading time":"1 minute"},"schema":{"@context":"https:\/\/schema.org","@graph":[{"@type":"WebPage","@id":"https:\/\/dizagn.fr\/en\/product\/caillette-rene-jean-table-basse-piece-unique-c-1962\/","url":"https:\/\/dizagn.fr\/en\/product\/caillette-rene-jean-table-basse-piece-unique-c-1962\/","name":"RENE JEAN CAILLETTE, TABLE BASSE PIECE UNIQUE, C. 1962 - DIZAGN","isPartOf":{"@id":"https:\/\/dizagn.fr\/#website"},"primaryImageOfPage":{"@id":"https:\/\/dizagn.fr\/en\/product\/caillette-rene-jean-table-basse-piece-unique-c-1962\/#primaryimage"},"image":{"@id":"https:\/\/dizagn.fr\/en\/product\/caillette-rene-jean-table-basse-piece-unique-c-1962\/#primaryimage"},"thumbnailUrl":"https:\/\/dizagn.fr\/wp-content\/uploads\/2022\/09\/CAILLETTE-table-basse-PROTOTYPE-1-scaled.jpg","datePublished":"2022-09-29T09:09:24+00:00","dateModified":"2023-05-12T22:11:55+00:00","breadcrumb":{"@id":"https:\/\/dizagn.fr\/en\/product\/caillette-rene-jean-table-basse-piece-unique-c-1962\/#breadcrumb"},"inLanguage":"en-GB","potentialAction":[{"@type":"ReadAction","target":["https:\/\/dizagn.fr\/en\/product\/caillette-rene-jean-table-basse-piece-unique-c-1962\/"]}]},{"@type":"ImageObject","inLanguage":"en-GB","@id":"https:\/\/dizagn.fr\/en\/product\/caillette-rene-jean-table-basse-piece-unique-c-1962\/#primaryimage","url":"https:\/\/dizagn.fr\/wp-content\/uploads\/2022\/09\/CAILLETTE-table-basse-PROTOTYPE-1-scaled.jpg","contentUrl":"https:\/\/dizagn.fr\/wp-content\/uploads\/2022\/09\/CAILLETTE-table-basse-PROTOTYPE-1-scaled.jpg","width":2547,"height":2560,"caption":"CAILLETTE table basse PIECE UNIQUE"},{"@type":"BreadcrumbList","@id":"https:\/\/dizagn.fr\/en\/product\/caillette-rene-jean-table-basse-piece-unique-c-1962\/#breadcrumb","itemListElement":[{"@type":"ListItem","position":1,"name":"Accueil","item":"https:\/\/dizagn.fr\/"},{"@type":"ListItem","position":2,"name":"S\u00e9lection","item":"https:\/\/dizagn.fr\/"},{"@type":"ListItem","position":3,"name":"RENE JEAN CAILLETTE, TABLE BASSE PIECE UNIQUE, C. 1962"}]},{"@type":"WebSite","@id":"https:\/\/dizagn.fr\/#website","url":"https:\/\/dizagn.fr\/","name":"DIZAGN","description":"","potentialAction":[{"@type":"SearchAction","target":{"@type":"EntryPoint","urlTemplate":"https:\/\/dizagn.fr\/?s={search_term_string}"},"query-input":{"@type":"PropertyValueSpecification","valueRequired":true,"valueName":"search_term_string"}}],"inLanguage":"en-GB"}]}},"_links":{"self":[{"href":"https:\/\/dizagn.fr\/en\/wp-json\/wp\/v2\/product\/773","targetHints":{"allow":["GET"]}}],"collection":[{"href":"https:\/\/dizagn.fr\/en\/wp-json\/wp\/v2\/product"}],"about":[{"href":"https:\/\/dizagn.fr\/en\/wp-json\/wp\/v2\/types\/product"}],"wp:featuredmedia":[{"embeddable":true,"href":"https:\/\/dizagn.fr\/en\/wp-json\/wp\/v2\/media\/766"}],"wp:attachment":[{"href":"https:\/\/dizagn.fr\/en\/wp-json\/wp\/v2\/media?parent=773"}],"wp:term":[{"taxonomy":"product_brand","embeddable":true,"href":"https:\/\/dizagn.fr\/en\/wp-json\/wp\/v2\/product_brand?post=773"},{"taxonomy":"product_cat","embeddable":true,"href":"https:\/\/dizagn.fr\/en\/wp-json\/wp\/v2\/product_cat?post=773"},{"taxonomy":"product_tag","embeddable":true,"href":"https:\/\/dizagn.fr\/en\/wp-json\/wp\/v2\/product_tag?post=773"}],"curies":[{"name":"wp","href":"https:\/\/api.w.org\/{rel}","templated":true}]}}