{"id":747,"date":"2025-02-21T15:00:25","date_gmt":"2025-02-21T14:00:25","guid":{"rendered":"http:\/\/dizagn.fr\/?post_type=product&#038;p=747"},"modified":"2025-12-09T14:47:59","modified_gmt":"2025-12-09T13:47:59","slug":"takis-vassiliakis-lithographie-electromagnetic-c-1962-2","status":"publish","type":"product","link":"https:\/\/dizagn.fr\/en\/product\/takis-vassiliakis-lithographie-electromagnetic-c-1962-2\/","title":{"rendered":"VASSILIAKIS TAKIS, LITHOGRAPHY, C.1962"},"content":{"rendered":"","protected":false},"excerpt":{"rendered":"<p>TAKIS Vassiliakis (1925-2019)<\/p>\n<p>Lithography \u201cElectromagnetic\u201d, T\u00e9l\u00e9lumi\u00e8re n\u00b02, circa 1962<\/p>\n<p>Good original condition, foxing.<\/p>\n<p>Signed 83\/250<\/p>\n<p>Height. 55 x Width.. 75 cm<\/p>\n<p>&nbsp;<\/p>\n<p>Ref. 241<\/p>","protected":false},"featured_media":798,"template":"","meta":{"_et_pb_use_builder":"","_et_pb_old_content":"","_et_gb_content_width":""},"product_brand":[],"product_cat":[18],"product_tag":[],"class_list":{"0":"post-747","1":"product","2":"type-product","3":"status-publish","4":"has-post-thumbnail","6":"product_cat-selection","8":"first","9":"instock","10":"shipping-taxable","11":"purchasable","12":"product-type-simple"},"yoast_head":"<!-- This site is optimized with the Yoast SEO plugin v27.4 - https:\/\/yoast.com\/product\/yoast-seo-wordpress\/ -->\n<title>VASSILIAKIS TAKIS, LITHOGRAPHIE, C.1962 - DIZAGN<\/title>\n<meta name=\"robots\" content=\"index, follow, max-snippet:-1, max-image-preview:large, max-video-preview:-1\" \/>\n<link rel=\"canonical\" href=\"https:\/\/dizagn.fr\/en\/product\/takis-vassiliakis-lithographie-electromagnetic-c-1962-2\/\" \/>\n<meta property=\"og:locale\" content=\"en_GB\" \/>\n<meta property=\"og:type\" content=\"article\" \/>\n<meta property=\"og:title\" content=\"VASSILIAKIS TAKIS, LITHOGRAPHIE, C.1962 - DIZAGN\" \/>\n<meta property=\"og:description\" content=\"TAKIS Vassiliakis (1925-2019)  Lithographie \u201cElectromagnetic\u201d, T\u00e9l\u00e9lumi\u00e8re n\u00b02, circa 1962  Bon \u00e9tat d\u2019origine, rousseurs.  Sign\u00e9e 83\/250  Haut. 55 x Larg.. 75 cm  &nbsp;  Ref. 241\" \/>\n<meta property=\"og:url\" content=\"https:\/\/dizagn.fr\/en\/product\/takis-vassiliakis-lithographie-electromagnetic-c-1962-2\/\" \/>\n<meta property=\"og:site_name\" content=\"DIZAGN\" \/>\n<meta property=\"article:modified_time\" content=\"2025-12-09T13:47:59+00:00\" \/>\n<meta property=\"og:image\" content=\"https:\/\/dizagn.fr\/wp-content\/uploads\/2022\/09\/TAKIS-VASSILIAKIS-LITHOGRAPHY-ELECTROMAGNETIC.jpg\" \/>\n\t<meta property=\"og:image:width\" content=\"1812\" \/>\n\t<meta property=\"og:image:height\" content=\"1812\" \/>\n\t<meta property=\"og:image:type\" content=\"image\/jpeg\" \/>\n<meta name=\"twitter:card\" content=\"summary_large_image\" \/>\n<meta name=\"twitter:label1\" content=\"Estimated reading time\" \/>\n\t<meta name=\"twitter:data1\" content=\"1 minute\" \/>\n<script type=\"application\/ld+json\" class=\"yoast-schema-graph\">{\"@context\":\"https:\\\/\\\/schema.org\",\"@graph\":[{\"@type\":\"WebPage\",\"@id\":\"https:\\\/\\\/dizagn.fr\\\/produit\\\/takis-vassiliakis-lithographie-electromagnetic-c-1962-2\\\/\",\"url\":\"https:\\\/\\\/dizagn.fr\\\/produit\\\/takis-vassiliakis-lithographie-electromagnetic-c-1962-2\\\/\",\"name\":\"VASSILIAKIS TAKIS, LITHOGRAPHIE, C.1962 - DIZAGN\",\"isPartOf\":{\"@id\":\"https:\\\/\\\/dizagn.fr\\\/#website\"},\"primaryImageOfPage\":{\"@id\":\"https:\\\/\\\/dizagn.fr\\\/produit\\\/takis-vassiliakis-lithographie-electromagnetic-c-1962-2\\\/#primaryimage\"},\"image\":{\"@id\":\"https:\\\/\\\/dizagn.fr\\\/produit\\\/takis-vassiliakis-lithographie-electromagnetic-c-1962-2\\\/#primaryimage\"},\"thumbnailUrl\":\"https:\\\/\\\/dizagn.fr\\\/wp-content\\\/uploads\\\/2022\\\/09\\\/TAKIS-VASSILIAKIS-LITHOGRAPHY-ELECTROMAGNETIC.jpg\",\"datePublished\":\"2025-02-21T14:00:25+00:00\",\"dateModified\":\"2025-12-09T13:47:59+00:00\",\"breadcrumb\":{\"@id\":\"https:\\\/\\\/dizagn.fr\\\/produit\\\/takis-vassiliakis-lithographie-electromagnetic-c-1962-2\\\/#breadcrumb\"},\"inLanguage\":\"en-GB\",\"potentialAction\":[{\"@type\":\"ReadAction\",\"target\":[\"https:\\\/\\\/dizagn.fr\\\/produit\\\/takis-vassiliakis-lithographie-electromagnetic-c-1962-2\\\/\"]}]},{\"@type\":\"ImageObject\",\"inLanguage\":\"en-GB\",\"@id\":\"https:\\\/\\\/dizagn.fr\\\/produit\\\/takis-vassiliakis-lithographie-electromagnetic-c-1962-2\\\/#primaryimage\",\"url\":\"https:\\\/\\\/dizagn.fr\\\/wp-content\\\/uploads\\\/2022\\\/09\\\/TAKIS-VASSILIAKIS-LITHOGRAPHY-ELECTROMAGNETIC.jpg\",\"contentUrl\":\"https:\\\/\\\/dizagn.fr\\\/wp-content\\\/uploads\\\/2022\\\/09\\\/TAKIS-VASSILIAKIS-LITHOGRAPHY-ELECTROMAGNETIC.jpg\",\"width\":1812,\"height\":1812,\"caption\":\"TAKIS VASSILIAKIS LITHOGRAPHY ELECTROMAGNETIC\"},{\"@type\":\"BreadcrumbList\",\"@id\":\"https:\\\/\\\/dizagn.fr\\\/produit\\\/takis-vassiliakis-lithographie-electromagnetic-c-1962-2\\\/#breadcrumb\",\"itemListElement\":[{\"@type\":\"ListItem\",\"position\":1,\"name\":\"Accueil\",\"item\":\"https:\\\/\\\/dizagn.fr\\\/\"},{\"@type\":\"ListItem\",\"position\":2,\"name\":\"S\u00e9lection\",\"item\":\"https:\\\/\\\/dizagn.fr\\\/\"},{\"@type\":\"ListItem\",\"position\":3,\"name\":\"VASSILIAKIS TAKIS, LITHOGRAPHIE, C.1962\"}]},{\"@type\":\"WebSite\",\"@id\":\"https:\\\/\\\/dizagn.fr\\\/#website\",\"url\":\"https:\\\/\\\/dizagn.fr\\\/\",\"name\":\"DIZAGN\",\"description\":\"\",\"publisher\":{\"@id\":\"https:\\\/\\\/dizagn.fr\\\/#organization\"},\"potentialAction\":[{\"@type\":\"SearchAction\",\"target\":{\"@type\":\"EntryPoint\",\"urlTemplate\":\"https:\\\/\\\/dizagn.fr\\\/?s={search_term_string}\"},\"query-input\":{\"@type\":\"PropertyValueSpecification\",\"valueRequired\":true,\"valueName\":\"search_term_string\"}}],\"inLanguage\":\"en-GB\"},{\"@type\":\"Organization\",\"@id\":\"https:\\\/\\\/dizagn.fr\\\/#organization\",\"name\":\"DIZAGN\",\"url\":\"https:\\\/\\\/dizagn.fr\\\/\",\"logo\":{\"@type\":\"ImageObject\",\"inLanguage\":\"en-GB\",\"@id\":\"https:\\\/\\\/dizagn.fr\\\/#\\\/schema\\\/logo\\\/image\\\/\",\"url\":\"https:\\\/\\\/dizagn.fr\\\/wp-content\\\/uploads\\\/2023\\\/03\\\/logo-Dizagn.jpg\",\"contentUrl\":\"https:\\\/\\\/dizagn.fr\\\/wp-content\\\/uploads\\\/2023\\\/03\\\/logo-Dizagn.jpg\",\"width\":304,\"height\":95,\"caption\":\"DIZAGN\"},\"image\":{\"@id\":\"https:\\\/\\\/dizagn.fr\\\/#\\\/schema\\\/logo\\\/image\\\/\"}}]}<\/script>\n<!-- \/ Yoast SEO plugin. -->","yoast_head_json":{"title":"VASSILIAKIS TAKIS, LITHOGRAPHIE, C.1962 - DIZAGN","robots":{"index":"index","follow":"follow","max-snippet":"max-snippet:-1","max-image-preview":"max-image-preview:large","max-video-preview":"max-video-preview:-1"},"canonical":"https:\/\/dizagn.fr\/en\/product\/takis-vassiliakis-lithographie-electromagnetic-c-1962-2\/","og_locale":"en_GB","og_type":"article","og_title":"VASSILIAKIS TAKIS, LITHOGRAPHIE, C.1962 - DIZAGN","og_description":"TAKIS Vassiliakis (1925-2019)  Lithographie \u201cElectromagnetic\u201d, T\u00e9l\u00e9lumi\u00e8re n\u00b02, circa 1962  Bon \u00e9tat d\u2019origine, rousseurs.  Sign\u00e9e 83\/250  Haut. 55 x Larg.. 75 cm  &nbsp;  Ref. 241","og_url":"https:\/\/dizagn.fr\/en\/product\/takis-vassiliakis-lithographie-electromagnetic-c-1962-2\/","og_site_name":"DIZAGN","article_modified_time":"2025-12-09T13:47:59+00:00","og_image":[{"width":1812,"height":1812,"url":"https:\/\/dizagn.fr\/wp-content\/uploads\/2022\/09\/TAKIS-VASSILIAKIS-LITHOGRAPHY-ELECTROMAGNETIC.jpg","type":"image\/jpeg"}],"twitter_card":"summary_large_image","twitter_misc":{"Estimated reading time":"1 minute"},"schema":{"@context":"https:\/\/schema.org","@graph":[{"@type":"WebPage","@id":"https:\/\/dizagn.fr\/produit\/takis-vassiliakis-lithographie-electromagnetic-c-1962-2\/","url":"https:\/\/dizagn.fr\/produit\/takis-vassiliakis-lithographie-electromagnetic-c-1962-2\/","name":"VASSILIAKIS TAKIS, LITHOGRAPHIE, C.1962 - DIZAGN","isPartOf":{"@id":"https:\/\/dizagn.fr\/#website"},"primaryImageOfPage":{"@id":"https:\/\/dizagn.fr\/produit\/takis-vassiliakis-lithographie-electromagnetic-c-1962-2\/#primaryimage"},"image":{"@id":"https:\/\/dizagn.fr\/produit\/takis-vassiliakis-lithographie-electromagnetic-c-1962-2\/#primaryimage"},"thumbnailUrl":"https:\/\/dizagn.fr\/wp-content\/uploads\/2022\/09\/TAKIS-VASSILIAKIS-LITHOGRAPHY-ELECTROMAGNETIC.jpg","datePublished":"2025-02-21T14:00:25+00:00","dateModified":"2025-12-09T13:47:59+00:00","breadcrumb":{"@id":"https:\/\/dizagn.fr\/produit\/takis-vassiliakis-lithographie-electromagnetic-c-1962-2\/#breadcrumb"},"inLanguage":"en-GB","potentialAction":[{"@type":"ReadAction","target":["https:\/\/dizagn.fr\/produit\/takis-vassiliakis-lithographie-electromagnetic-c-1962-2\/"]}]},{"@type":"ImageObject","inLanguage":"en-GB","@id":"https:\/\/dizagn.fr\/produit\/takis-vassiliakis-lithographie-electromagnetic-c-1962-2\/#primaryimage","url":"https:\/\/dizagn.fr\/wp-content\/uploads\/2022\/09\/TAKIS-VASSILIAKIS-LITHOGRAPHY-ELECTROMAGNETIC.jpg","contentUrl":"https:\/\/dizagn.fr\/wp-content\/uploads\/2022\/09\/TAKIS-VASSILIAKIS-LITHOGRAPHY-ELECTROMAGNETIC.jpg","width":1812,"height":1812,"caption":"TAKIS VASSILIAKIS LITHOGRAPHY ELECTROMAGNETIC"},{"@type":"BreadcrumbList","@id":"https:\/\/dizagn.fr\/produit\/takis-vassiliakis-lithographie-electromagnetic-c-1962-2\/#breadcrumb","itemListElement":[{"@type":"ListItem","position":1,"name":"Accueil","item":"https:\/\/dizagn.fr\/"},{"@type":"ListItem","position":2,"name":"S\u00e9lection","item":"https:\/\/dizagn.fr\/"},{"@type":"ListItem","position":3,"name":"VASSILIAKIS TAKIS, LITHOGRAPHIE, C.1962"}]},{"@type":"WebSite","@id":"https:\/\/dizagn.fr\/#website","url":"https:\/\/dizagn.fr\/","name":"DIZAGN","description":"","publisher":{"@id":"https:\/\/dizagn.fr\/#organization"},"potentialAction":[{"@type":"SearchAction","target":{"@type":"EntryPoint","urlTemplate":"https:\/\/dizagn.fr\/?s={search_term_string}"},"query-input":{"@type":"PropertyValueSpecification","valueRequired":true,"valueName":"search_term_string"}}],"inLanguage":"en-GB"},{"@type":"Organization","@id":"https:\/\/dizagn.fr\/#organization","name":"DIZAGN","url":"https:\/\/dizagn.fr\/","logo":{"@type":"ImageObject","inLanguage":"en-GB","@id":"https:\/\/dizagn.fr\/#\/schema\/logo\/image\/","url":"https:\/\/dizagn.fr\/wp-content\/uploads\/2023\/03\/logo-Dizagn.jpg","contentUrl":"https:\/\/dizagn.fr\/wp-content\/uploads\/2023\/03\/logo-Dizagn.jpg","width":304,"height":95,"caption":"DIZAGN"},"image":{"@id":"https:\/\/dizagn.fr\/#\/schema\/logo\/image\/"}}]}},"_links":{"self":[{"href":"https:\/\/dizagn.fr\/en\/wp-json\/wp\/v2\/product\/747","targetHints":{"allow":["GET"]}}],"collection":[{"href":"https:\/\/dizagn.fr\/en\/wp-json\/wp\/v2\/product"}],"about":[{"href":"https:\/\/dizagn.fr\/en\/wp-json\/wp\/v2\/types\/product"}],"wp:featuredmedia":[{"embeddable":true,"href":"https:\/\/dizagn.fr\/en\/wp-json\/wp\/v2\/media\/798"}],"wp:attachment":[{"href":"https:\/\/dizagn.fr\/en\/wp-json\/wp\/v2\/media?parent=747"}],"wp:term":[{"taxonomy":"product_brand","embeddable":true,"href":"https:\/\/dizagn.fr\/en\/wp-json\/wp\/v2\/product_brand?post=747"},{"taxonomy":"product_cat","embeddable":true,"href":"https:\/\/dizagn.fr\/en\/wp-json\/wp\/v2\/product_cat?post=747"},{"taxonomy":"product_tag","embeddable":true,"href":"https:\/\/dizagn.fr\/en\/wp-json\/wp\/v2\/product_tag?post=747"}],"curies":[{"name":"wp","href":"https:\/\/api.w.org\/{rel}","templated":true}]}}