{"id":744,"date":"2022-09-22T11:45:02","date_gmt":"2022-09-22T09:45:02","guid":{"rendered":"http:\/\/dizagn.fr\/?post_type=product&#038;p=744"},"modified":"2024-10-29T08:19:05","modified_gmt":"2024-10-29T07:19:05","slug":"richard-alain-suspension-8282-disderot-ed-c-1975","status":"publish","type":"product","link":"https:\/\/dizagn.fr\/en\/product\/richard-alain-suspension-8282-disderot-ed-c-1975\/","title":{"rendered":"ALAIN RICHARD, CEILING LIGHT 8282, DISDEROT ED., C.1975"},"content":{"rendered":"<p>Bibliography : Disderot commercial catalog, 1980<\/p>","protected":false},"excerpt":{"rendered":"<p>RICHARD Alain (1926-2009)<\/p>\n<p>Ceiling light 8282, Disderot edition, circa 1975<\/p>\n<p>White lacquered metal, halogen, original condition<\/p>\n<p>Length. 200 x High. 100 x Depth. 10 cm<\/p>\n<p>2 exemplaries white version and 1 black version<\/p>\n<p>&nbsp;<\/p>\n<p>Ref. 250<\/p>","protected":false},"featured_media":743,"template":"","meta":{"_et_pb_use_builder":"","_et_pb_old_content":"","_et_gb_content_width":""},"product_brand":[],"product_cat":[18],"product_tag":[],"class_list":{"0":"post-744","1":"product","2":"type-product","3":"status-publish","4":"has-post-thumbnail","6":"product_cat-selection","8":"first","9":"instock","10":"shipping-taxable","11":"purchasable","12":"product-type-simple"},"yoast_head":"<!-- This site is optimized with the Yoast SEO plugin v27.4 - https:\/\/yoast.com\/product\/yoast-seo-wordpress\/ -->\n<title>ALAIN RICHARD, SUSPENSION 8282, DISDEROT ED., C.1975 - DIZAGN<\/title>\n<meta name=\"robots\" content=\"index, follow, max-snippet:-1, max-image-preview:large, max-video-preview:-1\" \/>\n<link rel=\"canonical\" href=\"https:\/\/dizagn.fr\/en\/product\/richard-alain-suspension-8282-disderot-ed-c-1975\/\" \/>\n<meta property=\"og:locale\" content=\"en_GB\" \/>\n<meta property=\"og:type\" content=\"article\" \/>\n<meta property=\"og:title\" content=\"ALAIN RICHARD, SUSPENSION 8282, DISDEROT ED., C.1975 - DIZAGN\" \/>\n<meta property=\"og:description\" content=\"RICHARD Alain (1926-2009)  Suspension 8282, Disderot \u00e9diteur, circa 1975  M\u00e9tal laqu\u00e9 blanc, halog\u00e8ne, \u00e9tat d&#039;origine  Long. 200 x Haut. 100 x Prof. 10 cm  2 exemplaires blanc et 1 exemplaire noir disponibles  &nbsp;  Ref. 250\" \/>\n<meta property=\"og:url\" content=\"https:\/\/dizagn.fr\/en\/product\/richard-alain-suspension-8282-disderot-ed-c-1975\/\" \/>\n<meta property=\"og:site_name\" content=\"DIZAGN\" \/>\n<meta property=\"article:modified_time\" content=\"2024-10-29T07:19:05+00:00\" \/>\n<meta property=\"og:image\" content=\"https:\/\/dizagn.fr\/wp-content\/uploads\/2022\/09\/RICHARD-suspension-8282-DISDEROT-BL-6-scaled.jpeg\" \/>\n\t<meta property=\"og:image:width\" content=\"2560\" \/>\n\t<meta property=\"og:image:height\" content=\"2560\" \/>\n\t<meta property=\"og:image:type\" content=\"image\/jpeg\" \/>\n<meta name=\"twitter:card\" content=\"summary_large_image\" \/>\n<meta name=\"twitter:label1\" content=\"Estimated reading time\" \/>\n\t<meta name=\"twitter:data1\" content=\"1 minute\" \/>\n<script type=\"application\/ld+json\" class=\"yoast-schema-graph\">{\"@context\":\"https:\\\/\\\/schema.org\",\"@graph\":[{\"@type\":\"WebPage\",\"@id\":\"https:\\\/\\\/dizagn.fr\\\/produit\\\/richard-alain-suspension-8282-disderot-ed-c-1975\\\/\",\"url\":\"https:\\\/\\\/dizagn.fr\\\/produit\\\/richard-alain-suspension-8282-disderot-ed-c-1975\\\/\",\"name\":\"ALAIN RICHARD, SUSPENSION 8282, DISDEROT ED., C.1975 - DIZAGN\",\"isPartOf\":{\"@id\":\"https:\\\/\\\/dizagn.fr\\\/#website\"},\"primaryImageOfPage\":{\"@id\":\"https:\\\/\\\/dizagn.fr\\\/produit\\\/richard-alain-suspension-8282-disderot-ed-c-1975\\\/#primaryimage\"},\"image\":{\"@id\":\"https:\\\/\\\/dizagn.fr\\\/produit\\\/richard-alain-suspension-8282-disderot-ed-c-1975\\\/#primaryimage\"},\"thumbnailUrl\":\"https:\\\/\\\/dizagn.fr\\\/wp-content\\\/uploads\\\/2022\\\/09\\\/RICHARD-suspension-8282-DISDEROT-BL-6-scaled.jpeg\",\"datePublished\":\"2022-09-22T09:45:02+00:00\",\"dateModified\":\"2024-10-29T07:19:05+00:00\",\"breadcrumb\":{\"@id\":\"https:\\\/\\\/dizagn.fr\\\/produit\\\/richard-alain-suspension-8282-disderot-ed-c-1975\\\/#breadcrumb\"},\"inLanguage\":\"en-GB\",\"potentialAction\":[{\"@type\":\"ReadAction\",\"target\":[\"https:\\\/\\\/dizagn.fr\\\/produit\\\/richard-alain-suspension-8282-disderot-ed-c-1975\\\/\"]}]},{\"@type\":\"ImageObject\",\"inLanguage\":\"en-GB\",\"@id\":\"https:\\\/\\\/dizagn.fr\\\/produit\\\/richard-alain-suspension-8282-disderot-ed-c-1975\\\/#primaryimage\",\"url\":\"https:\\\/\\\/dizagn.fr\\\/wp-content\\\/uploads\\\/2022\\\/09\\\/RICHARD-suspension-8282-DISDEROT-BL-6-scaled.jpeg\",\"contentUrl\":\"https:\\\/\\\/dizagn.fr\\\/wp-content\\\/uploads\\\/2022\\\/09\\\/RICHARD-suspension-8282-DISDEROT-BL-6-scaled.jpeg\",\"width\":2560,\"height\":2560,\"caption\":\"RICHARD suspension 8282 DISDEROT BL\"},{\"@type\":\"BreadcrumbList\",\"@id\":\"https:\\\/\\\/dizagn.fr\\\/produit\\\/richard-alain-suspension-8282-disderot-ed-c-1975\\\/#breadcrumb\",\"itemListElement\":[{\"@type\":\"ListItem\",\"position\":1,\"name\":\"Accueil\",\"item\":\"https:\\\/\\\/dizagn.fr\\\/\"},{\"@type\":\"ListItem\",\"position\":2,\"name\":\"S\u00e9lection\",\"item\":\"https:\\\/\\\/dizagn.fr\\\/\"},{\"@type\":\"ListItem\",\"position\":3,\"name\":\"ALAIN RICHARD, SUSPENSION 8282, DISDEROT ED., C.1975\"}]},{\"@type\":\"WebSite\",\"@id\":\"https:\\\/\\\/dizagn.fr\\\/#website\",\"url\":\"https:\\\/\\\/dizagn.fr\\\/\",\"name\":\"DIZAGN\",\"description\":\"\",\"publisher\":{\"@id\":\"https:\\\/\\\/dizagn.fr\\\/#organization\"},\"potentialAction\":[{\"@type\":\"SearchAction\",\"target\":{\"@type\":\"EntryPoint\",\"urlTemplate\":\"https:\\\/\\\/dizagn.fr\\\/?s={search_term_string}\"},\"query-input\":{\"@type\":\"PropertyValueSpecification\",\"valueRequired\":true,\"valueName\":\"search_term_string\"}}],\"inLanguage\":\"en-GB\"},{\"@type\":\"Organization\",\"@id\":\"https:\\\/\\\/dizagn.fr\\\/#organization\",\"name\":\"DIZAGN\",\"url\":\"https:\\\/\\\/dizagn.fr\\\/\",\"logo\":{\"@type\":\"ImageObject\",\"inLanguage\":\"en-GB\",\"@id\":\"https:\\\/\\\/dizagn.fr\\\/#\\\/schema\\\/logo\\\/image\\\/\",\"url\":\"https:\\\/\\\/dizagn.fr\\\/wp-content\\\/uploads\\\/2023\\\/03\\\/logo-Dizagn.jpg\",\"contentUrl\":\"https:\\\/\\\/dizagn.fr\\\/wp-content\\\/uploads\\\/2023\\\/03\\\/logo-Dizagn.jpg\",\"width\":304,\"height\":95,\"caption\":\"DIZAGN\"},\"image\":{\"@id\":\"https:\\\/\\\/dizagn.fr\\\/#\\\/schema\\\/logo\\\/image\\\/\"}}]}<\/script>\n<!-- \/ Yoast SEO plugin. -->","yoast_head_json":{"title":"ALAIN RICHARD, SUSPENSION 8282, DISDEROT ED., C.1975 - DIZAGN","robots":{"index":"index","follow":"follow","max-snippet":"max-snippet:-1","max-image-preview":"max-image-preview:large","max-video-preview":"max-video-preview:-1"},"canonical":"https:\/\/dizagn.fr\/en\/product\/richard-alain-suspension-8282-disderot-ed-c-1975\/","og_locale":"en_GB","og_type":"article","og_title":"ALAIN RICHARD, SUSPENSION 8282, DISDEROT ED., C.1975 - DIZAGN","og_description":"RICHARD Alain (1926-2009)  Suspension 8282, Disderot \u00e9diteur, circa 1975  M\u00e9tal laqu\u00e9 blanc, halog\u00e8ne, \u00e9tat d'origine  Long. 200 x Haut. 100 x Prof. 10 cm  2 exemplaires blanc et 1 exemplaire noir disponibles  &nbsp;  Ref. 250","og_url":"https:\/\/dizagn.fr\/en\/product\/richard-alain-suspension-8282-disderot-ed-c-1975\/","og_site_name":"DIZAGN","article_modified_time":"2024-10-29T07:19:05+00:00","og_image":[{"width":2560,"height":2560,"url":"https:\/\/dizagn.fr\/wp-content\/uploads\/2022\/09\/RICHARD-suspension-8282-DISDEROT-BL-6-scaled.jpeg","type":"image\/jpeg"}],"twitter_card":"summary_large_image","twitter_misc":{"Estimated reading time":"1 minute"},"schema":{"@context":"https:\/\/schema.org","@graph":[{"@type":"WebPage","@id":"https:\/\/dizagn.fr\/produit\/richard-alain-suspension-8282-disderot-ed-c-1975\/","url":"https:\/\/dizagn.fr\/produit\/richard-alain-suspension-8282-disderot-ed-c-1975\/","name":"ALAIN RICHARD, SUSPENSION 8282, DISDEROT ED., C.1975 - DIZAGN","isPartOf":{"@id":"https:\/\/dizagn.fr\/#website"},"primaryImageOfPage":{"@id":"https:\/\/dizagn.fr\/produit\/richard-alain-suspension-8282-disderot-ed-c-1975\/#primaryimage"},"image":{"@id":"https:\/\/dizagn.fr\/produit\/richard-alain-suspension-8282-disderot-ed-c-1975\/#primaryimage"},"thumbnailUrl":"https:\/\/dizagn.fr\/wp-content\/uploads\/2022\/09\/RICHARD-suspension-8282-DISDEROT-BL-6-scaled.jpeg","datePublished":"2022-09-22T09:45:02+00:00","dateModified":"2024-10-29T07:19:05+00:00","breadcrumb":{"@id":"https:\/\/dizagn.fr\/produit\/richard-alain-suspension-8282-disderot-ed-c-1975\/#breadcrumb"},"inLanguage":"en-GB","potentialAction":[{"@type":"ReadAction","target":["https:\/\/dizagn.fr\/produit\/richard-alain-suspension-8282-disderot-ed-c-1975\/"]}]},{"@type":"ImageObject","inLanguage":"en-GB","@id":"https:\/\/dizagn.fr\/produit\/richard-alain-suspension-8282-disderot-ed-c-1975\/#primaryimage","url":"https:\/\/dizagn.fr\/wp-content\/uploads\/2022\/09\/RICHARD-suspension-8282-DISDEROT-BL-6-scaled.jpeg","contentUrl":"https:\/\/dizagn.fr\/wp-content\/uploads\/2022\/09\/RICHARD-suspension-8282-DISDEROT-BL-6-scaled.jpeg","width":2560,"height":2560,"caption":"RICHARD suspension 8282 DISDEROT BL"},{"@type":"BreadcrumbList","@id":"https:\/\/dizagn.fr\/produit\/richard-alain-suspension-8282-disderot-ed-c-1975\/#breadcrumb","itemListElement":[{"@type":"ListItem","position":1,"name":"Accueil","item":"https:\/\/dizagn.fr\/"},{"@type":"ListItem","position":2,"name":"S\u00e9lection","item":"https:\/\/dizagn.fr\/"},{"@type":"ListItem","position":3,"name":"ALAIN RICHARD, SUSPENSION 8282, DISDEROT ED., C.1975"}]},{"@type":"WebSite","@id":"https:\/\/dizagn.fr\/#website","url":"https:\/\/dizagn.fr\/","name":"DIZAGN","description":"","publisher":{"@id":"https:\/\/dizagn.fr\/#organization"},"potentialAction":[{"@type":"SearchAction","target":{"@type":"EntryPoint","urlTemplate":"https:\/\/dizagn.fr\/?s={search_term_string}"},"query-input":{"@type":"PropertyValueSpecification","valueRequired":true,"valueName":"search_term_string"}}],"inLanguage":"en-GB"},{"@type":"Organization","@id":"https:\/\/dizagn.fr\/#organization","name":"DIZAGN","url":"https:\/\/dizagn.fr\/","logo":{"@type":"ImageObject","inLanguage":"en-GB","@id":"https:\/\/dizagn.fr\/#\/schema\/logo\/image\/","url":"https:\/\/dizagn.fr\/wp-content\/uploads\/2023\/03\/logo-Dizagn.jpg","contentUrl":"https:\/\/dizagn.fr\/wp-content\/uploads\/2023\/03\/logo-Dizagn.jpg","width":304,"height":95,"caption":"DIZAGN"},"image":{"@id":"https:\/\/dizagn.fr\/#\/schema\/logo\/image\/"}}]}},"_links":{"self":[{"href":"https:\/\/dizagn.fr\/en\/wp-json\/wp\/v2\/product\/744","targetHints":{"allow":["GET"]}}],"collection":[{"href":"https:\/\/dizagn.fr\/en\/wp-json\/wp\/v2\/product"}],"about":[{"href":"https:\/\/dizagn.fr\/en\/wp-json\/wp\/v2\/types\/product"}],"wp:featuredmedia":[{"embeddable":true,"href":"https:\/\/dizagn.fr\/en\/wp-json\/wp\/v2\/media\/743"}],"wp:attachment":[{"href":"https:\/\/dizagn.fr\/en\/wp-json\/wp\/v2\/media?parent=744"}],"wp:term":[{"taxonomy":"product_brand","embeddable":true,"href":"https:\/\/dizagn.fr\/en\/wp-json\/wp\/v2\/product_brand?post=744"},{"taxonomy":"product_cat","embeddable":true,"href":"https:\/\/dizagn.fr\/en\/wp-json\/wp\/v2\/product_cat?post=744"},{"taxonomy":"product_tag","embeddable":true,"href":"https:\/\/dizagn.fr\/en\/wp-json\/wp\/v2\/product_tag?post=744"}],"curies":[{"name":"wp","href":"https:\/\/api.w.org\/{rel}","templated":true}]}}