{"id":719,"date":"2022-10-25T15:00:29","date_gmt":"2022-10-25T13:00:29","guid":{"rendered":"http:\/\/dizagn.fr\/?post_type=product&#038;p=719"},"modified":"2026-03-27T18:38:25","modified_gmt":"2026-03-27T17:38:25","slug":"fermigier-etienne-lampadaire-monix-ed-c-1968","status":"publish","type":"product","link":"https:\/\/dizagn.fr\/en\/product\/fermigier-etienne-lampadaire-monix-ed-c-1968\/","title":{"rendered":"ETIENNE FERMIGIER, LAMPADAIRE, MONIX ED., C.1968"},"content":{"rendered":"<p>Literature:<\/p>\n<p>Monix commercial catalog, circa 1970<\/p>\n<p>Techniques &amp; architecture, n\u00b05, 1972 March<\/p>","protected":false},"excerpt":{"rendered":"<p>FERMIGIER \u00c9tienne (1932-1973)<\/p>\n<p>&nbsp;<\/p>\n<p>Floor lamp, Monix edition, France, circa 1968<\/p>\n<p>White lacquered metal, chromed metal and cast iron<\/p>\n<p>Signed \" Monix Paris \" under the base<\/p>\n<p>Height. 150 cm<\/p>\n<p>&nbsp;<\/p>\n<p>Ref. 296<\/p>","protected":false},"featured_media":720,"template":"","meta":{"_et_pb_use_builder":"","_et_pb_old_content":"","_et_gb_content_width":""},"product_brand":[],"product_cat":[18],"product_tag":[],"class_list":{"0":"post-719","1":"product","2":"type-product","3":"status-publish","4":"has-post-thumbnail","6":"product_cat-selection","8":"first","9":"instock","10":"shipping-taxable","11":"purchasable","12":"product-type-simple"},"yoast_head":"<!-- This site is optimized with the Yoast SEO plugin v27.4 - https:\/\/yoast.com\/product\/yoast-seo-wordpress\/ -->\n<title>ETIENNE FERMIGIER, LAMPADAIRE, MONIX ED., C.1968 - DIZAGN<\/title>\n<meta name=\"robots\" content=\"index, follow, max-snippet:-1, max-image-preview:large, max-video-preview:-1\" \/>\n<link rel=\"canonical\" href=\"https:\/\/dizagn.fr\/en\/product\/fermigier-etienne-lampadaire-monix-ed-c-1968\/\" \/>\n<meta property=\"og:locale\" content=\"en_GB\" \/>\n<meta property=\"og:type\" content=\"article\" \/>\n<meta property=\"og:title\" content=\"ETIENNE FERMIGIER, LAMPADAIRE, MONIX ED., C.1968 - DIZAGN\" \/>\n<meta property=\"og:description\" content=\"FERMIGIER \u00c9tienne (1932-1973)  &nbsp;  Lampadaire, Monix \u00e9diteur, France, circa 1968  M\u00e9tal laqu\u00e9 blanc, m\u00e9tal chrom\u00e9 et fonte  Sign\u00e9 \u00ab Monix Paris \u00bb sous la base  Haut. 150 cm  &nbsp;  Ref. 296\" \/>\n<meta property=\"og:url\" content=\"https:\/\/dizagn.fr\/en\/product\/fermigier-etienne-lampadaire-monix-ed-c-1968\/\" \/>\n<meta property=\"og:site_name\" content=\"DIZAGN\" \/>\n<meta property=\"article:modified_time\" content=\"2026-03-27T17:38:25+00:00\" \/>\n<meta property=\"og:image\" content=\"https:\/\/dizagn.fr\/wp-content\/uploads\/2022\/09\/FERMIGIER-Etienne-lampadaire-MONIX-BL-1968-1-scaled.jpg\" \/>\n\t<meta property=\"og:image:width\" content=\"2364\" \/>\n\t<meta property=\"og:image:height\" content=\"2560\" \/>\n\t<meta property=\"og:image:type\" content=\"image\/jpeg\" \/>\n<meta name=\"twitter:card\" content=\"summary_large_image\" \/>\n<meta name=\"twitter:label1\" content=\"Estimated reading time\" \/>\n\t<meta name=\"twitter:data1\" content=\"1 minute\" \/>\n<script type=\"application\/ld+json\" class=\"yoast-schema-graph\">{\"@context\":\"https:\\\/\\\/schema.org\",\"@graph\":[{\"@type\":\"WebPage\",\"@id\":\"https:\\\/\\\/dizagn.fr\\\/produit\\\/fermigier-etienne-lampadaire-monix-ed-c-1968\\\/\",\"url\":\"https:\\\/\\\/dizagn.fr\\\/produit\\\/fermigier-etienne-lampadaire-monix-ed-c-1968\\\/\",\"name\":\"ETIENNE FERMIGIER, LAMPADAIRE, MONIX ED., C.1968 - DIZAGN\",\"isPartOf\":{\"@id\":\"https:\\\/\\\/dizagn.fr\\\/#website\"},\"primaryImageOfPage\":{\"@id\":\"https:\\\/\\\/dizagn.fr\\\/produit\\\/fermigier-etienne-lampadaire-monix-ed-c-1968\\\/#primaryimage\"},\"image\":{\"@id\":\"https:\\\/\\\/dizagn.fr\\\/produit\\\/fermigier-etienne-lampadaire-monix-ed-c-1968\\\/#primaryimage\"},\"thumbnailUrl\":\"https:\\\/\\\/dizagn.fr\\\/wp-content\\\/uploads\\\/2022\\\/09\\\/FERMIGIER-Etienne-lampadaire-MONIX-BL-1968-1-scaled.jpg\",\"datePublished\":\"2022-10-25T13:00:29+00:00\",\"dateModified\":\"2026-03-27T17:38:25+00:00\",\"breadcrumb\":{\"@id\":\"https:\\\/\\\/dizagn.fr\\\/produit\\\/fermigier-etienne-lampadaire-monix-ed-c-1968\\\/#breadcrumb\"},\"inLanguage\":\"en-GB\",\"potentialAction\":[{\"@type\":\"ReadAction\",\"target\":[\"https:\\\/\\\/dizagn.fr\\\/produit\\\/fermigier-etienne-lampadaire-monix-ed-c-1968\\\/\"]}]},{\"@type\":\"ImageObject\",\"inLanguage\":\"en-GB\",\"@id\":\"https:\\\/\\\/dizagn.fr\\\/produit\\\/fermigier-etienne-lampadaire-monix-ed-c-1968\\\/#primaryimage\",\"url\":\"https:\\\/\\\/dizagn.fr\\\/wp-content\\\/uploads\\\/2022\\\/09\\\/FERMIGIER-Etienne-lampadaire-MONIX-BL-1968-1-scaled.jpg\",\"contentUrl\":\"https:\\\/\\\/dizagn.fr\\\/wp-content\\\/uploads\\\/2022\\\/09\\\/FERMIGIER-Etienne-lampadaire-MONIX-BL-1968-1-scaled.jpg\",\"width\":2364,\"height\":2560},{\"@type\":\"BreadcrumbList\",\"@id\":\"https:\\\/\\\/dizagn.fr\\\/produit\\\/fermigier-etienne-lampadaire-monix-ed-c-1968\\\/#breadcrumb\",\"itemListElement\":[{\"@type\":\"ListItem\",\"position\":1,\"name\":\"Accueil\",\"item\":\"https:\\\/\\\/dizagn.fr\\\/\"},{\"@type\":\"ListItem\",\"position\":2,\"name\":\"S\u00e9lection\",\"item\":\"https:\\\/\\\/dizagn.fr\\\/\"},{\"@type\":\"ListItem\",\"position\":3,\"name\":\"ETIENNE FERMIGIER, LAMPADAIRE, MONIX ED., C.1968\"}]},{\"@type\":\"WebSite\",\"@id\":\"https:\\\/\\\/dizagn.fr\\\/#website\",\"url\":\"https:\\\/\\\/dizagn.fr\\\/\",\"name\":\"DIZAGN\",\"description\":\"\",\"publisher\":{\"@id\":\"https:\\\/\\\/dizagn.fr\\\/#organization\"},\"potentialAction\":[{\"@type\":\"SearchAction\",\"target\":{\"@type\":\"EntryPoint\",\"urlTemplate\":\"https:\\\/\\\/dizagn.fr\\\/?s={search_term_string}\"},\"query-input\":{\"@type\":\"PropertyValueSpecification\",\"valueRequired\":true,\"valueName\":\"search_term_string\"}}],\"inLanguage\":\"en-GB\"},{\"@type\":\"Organization\",\"@id\":\"https:\\\/\\\/dizagn.fr\\\/#organization\",\"name\":\"DIZAGN\",\"url\":\"https:\\\/\\\/dizagn.fr\\\/\",\"logo\":{\"@type\":\"ImageObject\",\"inLanguage\":\"en-GB\",\"@id\":\"https:\\\/\\\/dizagn.fr\\\/#\\\/schema\\\/logo\\\/image\\\/\",\"url\":\"https:\\\/\\\/dizagn.fr\\\/wp-content\\\/uploads\\\/2023\\\/03\\\/logo-Dizagn.jpg\",\"contentUrl\":\"https:\\\/\\\/dizagn.fr\\\/wp-content\\\/uploads\\\/2023\\\/03\\\/logo-Dizagn.jpg\",\"width\":304,\"height\":95,\"caption\":\"DIZAGN\"},\"image\":{\"@id\":\"https:\\\/\\\/dizagn.fr\\\/#\\\/schema\\\/logo\\\/image\\\/\"}}]}<\/script>\n<!-- \/ Yoast SEO plugin. -->","yoast_head_json":{"title":"ETIENNE FERMIGIER, LAMPADAIRE, MONIX ED., C.1968 - DIZAGN","robots":{"index":"index","follow":"follow","max-snippet":"max-snippet:-1","max-image-preview":"max-image-preview:large","max-video-preview":"max-video-preview:-1"},"canonical":"https:\/\/dizagn.fr\/en\/product\/fermigier-etienne-lampadaire-monix-ed-c-1968\/","og_locale":"en_GB","og_type":"article","og_title":"ETIENNE FERMIGIER, LAMPADAIRE, MONIX ED., C.1968 - DIZAGN","og_description":"FERMIGIER \u00c9tienne (1932-1973)  &nbsp;  Lampadaire, Monix \u00e9diteur, France, circa 1968  M\u00e9tal laqu\u00e9 blanc, m\u00e9tal chrom\u00e9 et fonte  Sign\u00e9 \u00ab Monix Paris \u00bb sous la base  Haut. 150 cm  &nbsp;  Ref. 296","og_url":"https:\/\/dizagn.fr\/en\/product\/fermigier-etienne-lampadaire-monix-ed-c-1968\/","og_site_name":"DIZAGN","article_modified_time":"2026-03-27T17:38:25+00:00","og_image":[{"width":2364,"height":2560,"url":"https:\/\/dizagn.fr\/wp-content\/uploads\/2022\/09\/FERMIGIER-Etienne-lampadaire-MONIX-BL-1968-1-scaled.jpg","type":"image\/jpeg"}],"twitter_card":"summary_large_image","twitter_misc":{"Estimated reading time":"1 minute"},"schema":{"@context":"https:\/\/schema.org","@graph":[{"@type":"WebPage","@id":"https:\/\/dizagn.fr\/produit\/fermigier-etienne-lampadaire-monix-ed-c-1968\/","url":"https:\/\/dizagn.fr\/produit\/fermigier-etienne-lampadaire-monix-ed-c-1968\/","name":"ETIENNE FERMIGIER, LAMPADAIRE, MONIX ED., C.1968 - DIZAGN","isPartOf":{"@id":"https:\/\/dizagn.fr\/#website"},"primaryImageOfPage":{"@id":"https:\/\/dizagn.fr\/produit\/fermigier-etienne-lampadaire-monix-ed-c-1968\/#primaryimage"},"image":{"@id":"https:\/\/dizagn.fr\/produit\/fermigier-etienne-lampadaire-monix-ed-c-1968\/#primaryimage"},"thumbnailUrl":"https:\/\/dizagn.fr\/wp-content\/uploads\/2022\/09\/FERMIGIER-Etienne-lampadaire-MONIX-BL-1968-1-scaled.jpg","datePublished":"2022-10-25T13:00:29+00:00","dateModified":"2026-03-27T17:38:25+00:00","breadcrumb":{"@id":"https:\/\/dizagn.fr\/produit\/fermigier-etienne-lampadaire-monix-ed-c-1968\/#breadcrumb"},"inLanguage":"en-GB","potentialAction":[{"@type":"ReadAction","target":["https:\/\/dizagn.fr\/produit\/fermigier-etienne-lampadaire-monix-ed-c-1968\/"]}]},{"@type":"ImageObject","inLanguage":"en-GB","@id":"https:\/\/dizagn.fr\/produit\/fermigier-etienne-lampadaire-monix-ed-c-1968\/#primaryimage","url":"https:\/\/dizagn.fr\/wp-content\/uploads\/2022\/09\/FERMIGIER-Etienne-lampadaire-MONIX-BL-1968-1-scaled.jpg","contentUrl":"https:\/\/dizagn.fr\/wp-content\/uploads\/2022\/09\/FERMIGIER-Etienne-lampadaire-MONIX-BL-1968-1-scaled.jpg","width":2364,"height":2560},{"@type":"BreadcrumbList","@id":"https:\/\/dizagn.fr\/produit\/fermigier-etienne-lampadaire-monix-ed-c-1968\/#breadcrumb","itemListElement":[{"@type":"ListItem","position":1,"name":"Accueil","item":"https:\/\/dizagn.fr\/"},{"@type":"ListItem","position":2,"name":"S\u00e9lection","item":"https:\/\/dizagn.fr\/"},{"@type":"ListItem","position":3,"name":"ETIENNE FERMIGIER, LAMPADAIRE, MONIX ED., C.1968"}]},{"@type":"WebSite","@id":"https:\/\/dizagn.fr\/#website","url":"https:\/\/dizagn.fr\/","name":"DIZAGN","description":"","publisher":{"@id":"https:\/\/dizagn.fr\/#organization"},"potentialAction":[{"@type":"SearchAction","target":{"@type":"EntryPoint","urlTemplate":"https:\/\/dizagn.fr\/?s={search_term_string}"},"query-input":{"@type":"PropertyValueSpecification","valueRequired":true,"valueName":"search_term_string"}}],"inLanguage":"en-GB"},{"@type":"Organization","@id":"https:\/\/dizagn.fr\/#organization","name":"DIZAGN","url":"https:\/\/dizagn.fr\/","logo":{"@type":"ImageObject","inLanguage":"en-GB","@id":"https:\/\/dizagn.fr\/#\/schema\/logo\/image\/","url":"https:\/\/dizagn.fr\/wp-content\/uploads\/2023\/03\/logo-Dizagn.jpg","contentUrl":"https:\/\/dizagn.fr\/wp-content\/uploads\/2023\/03\/logo-Dizagn.jpg","width":304,"height":95,"caption":"DIZAGN"},"image":{"@id":"https:\/\/dizagn.fr\/#\/schema\/logo\/image\/"}}]}},"_links":{"self":[{"href":"https:\/\/dizagn.fr\/en\/wp-json\/wp\/v2\/product\/719","targetHints":{"allow":["GET"]}}],"collection":[{"href":"https:\/\/dizagn.fr\/en\/wp-json\/wp\/v2\/product"}],"about":[{"href":"https:\/\/dizagn.fr\/en\/wp-json\/wp\/v2\/types\/product"}],"wp:featuredmedia":[{"embeddable":true,"href":"https:\/\/dizagn.fr\/en\/wp-json\/wp\/v2\/media\/720"}],"wp:attachment":[{"href":"https:\/\/dizagn.fr\/en\/wp-json\/wp\/v2\/media?parent=719"}],"wp:term":[{"taxonomy":"product_brand","embeddable":true,"href":"https:\/\/dizagn.fr\/en\/wp-json\/wp\/v2\/product_brand?post=719"},{"taxonomy":"product_cat","embeddable":true,"href":"https:\/\/dizagn.fr\/en\/wp-json\/wp\/v2\/product_cat?post=719"},{"taxonomy":"product_tag","embeddable":true,"href":"https:\/\/dizagn.fr\/en\/wp-json\/wp\/v2\/product_tag?post=719"}],"curies":[{"name":"wp","href":"https:\/\/api.w.org\/{rel}","templated":true}]}}