{"id":710,"date":"2025-12-07T14:08:57","date_gmt":"2025-12-07T13:08:57","guid":{"rendered":"http:\/\/dizagn.fr\/?post_type=product&#038;p=710"},"modified":"2026-03-06T10:01:14","modified_gmt":"2026-03-06T09:01:14","slug":"prouve-jean-fauteuil-grand-repos-tecta-ed-c-1985","status":"publish","type":"product","link":"https:\/\/dizagn.fr\/en\/product\/prouve-jean-fauteuil-grand-repos-tecta-ed-c-1985\/","title":{"rendered":"JEAN PROUV\u00c9, Grand repos armchair, TECTA, C.1985"},"content":{"rendered":"<p>Details:<\/p>\n<p>Jean Prouv\u00e9 designed in 1930, the D80 armchair called Grand Repos for his personal use. There is only one original copy. Re-edited by Tecta in 1985, it is part of a first limited edition of 1000 copies.<\/p>\n<p>Based on the first preparatory sketch by Jean Prouv\u00e9 in 1930, this model was developed, produced and distributed under licence from Tecta. This exemplary from the first series, in which the side panels were welded to the armrest brackets and not - as in later series production - visibly screwed together.<\/p>\n<p>Literature:<\/p>\n<p>Jean Prouv\u00e9. Une architecture par l\u2019industrie, Zurich 1971, p.\u00a0143<\/p>\n<p>Tecta commercial catalog, circa 1985<\/p>\n<p>Die Poetik des technischen Objekts, Vitra Design Museum, Weil am Rhein 2005, p. 307<\/p>","protected":false},"excerpt":{"rendered":"<p>PROUV\u00c9 Jean (1901-1984)<\/p>\n<p>D80 Grand Repos armchair (design 1930)<\/p>\n<p>Tecta edition, Germany, circa 1985<\/p>\n<p>Chromed steel, steel plate, dark blue and blue leather, plastic casters. Adjustable inclination<\/p>\n<p>H. 90 x L. 70 x D. 110 cm<\/p>\n<p>Ref. 295<\/p>","protected":false},"featured_media":2017,"template":"","meta":{"_et_pb_use_builder":"","_et_pb_old_content":"","_et_gb_content_width":""},"product_brand":[],"product_cat":[18],"product_tag":[],"class_list":{"0":"post-710","1":"product","2":"type-product","3":"status-publish","4":"has-post-thumbnail","6":"product_cat-selection","8":"first","9":"instock","10":"shipping-taxable","11":"purchasable","12":"product-type-simple"},"yoast_head":"<!-- This site is optimized with the Yoast SEO plugin v27.4 - https:\/\/yoast.com\/product\/yoast-seo-wordpress\/ -->\n<title>JEAN PROUVE, fauteuil Grand repos, TECTA, C.1985 - DIZAGN<\/title>\n<meta name=\"robots\" content=\"index, follow, max-snippet:-1, max-image-preview:large, max-video-preview:-1\" \/>\n<link rel=\"canonical\" href=\"https:\/\/dizagn.fr\/en\/product\/prouve-jean-fauteuil-grand-repos-tecta-ed-c-1985\/\" \/>\n<meta property=\"og:locale\" content=\"en_GB\" \/>\n<meta property=\"og:type\" content=\"article\" \/>\n<meta property=\"og:title\" content=\"JEAN PROUVE, fauteuil Grand repos, TECTA, C.1985 - DIZAGN\" \/>\n<meta property=\"og:description\" content=\"PROUV\u00c9 Jean (1901-1984)  Fauteuil Grand Repos (cr\u00e9ation 1930)  Tecta \u00e9diteur, Allemagne, circa 1985  Acier chrom\u00e9, t\u00f4le d\u2019acier, cuir bleu fonc\u00e9 et bleu, roulettes plastiques. Inclinaison r\u00e9glable  Haut. 90 x Larg. 70 x Prof. 110 cm    Ref. 295\" \/>\n<meta property=\"og:url\" content=\"https:\/\/dizagn.fr\/en\/product\/prouve-jean-fauteuil-grand-repos-tecta-ed-c-1985\/\" \/>\n<meta property=\"og:site_name\" content=\"DIZAGN\" \/>\n<meta property=\"article:modified_time\" content=\"2026-03-06T09:01:14+00:00\" \/>\n<meta property=\"og:image\" content=\"https:\/\/dizagn.fr\/wp-content\/uploads\/2024\/08\/PROUVE-Jean-Grand-repos-armchair-Tecta-1985-1-scaled.jpg\" \/>\n\t<meta property=\"og:image:width\" content=\"2560\" \/>\n\t<meta property=\"og:image:height\" content=\"2560\" \/>\n\t<meta property=\"og:image:type\" content=\"image\/jpeg\" \/>\n<meta name=\"twitter:card\" content=\"summary_large_image\" \/>\n<meta name=\"twitter:label1\" content=\"Estimated reading time\" \/>\n\t<meta name=\"twitter:data1\" content=\"1 minute\" \/>\n<script type=\"application\/ld+json\" class=\"yoast-schema-graph\">{\"@context\":\"https:\\\/\\\/schema.org\",\"@graph\":[{\"@type\":\"WebPage\",\"@id\":\"https:\\\/\\\/dizagn.fr\\\/produit\\\/prouve-jean-fauteuil-grand-repos-tecta-ed-c-1985\\\/\",\"url\":\"https:\\\/\\\/dizagn.fr\\\/produit\\\/prouve-jean-fauteuil-grand-repos-tecta-ed-c-1985\\\/\",\"name\":\"JEAN PROUVE, fauteuil Grand repos, TECTA, C.1985 - DIZAGN\",\"isPartOf\":{\"@id\":\"https:\\\/\\\/dizagn.fr\\\/#website\"},\"primaryImageOfPage\":{\"@id\":\"https:\\\/\\\/dizagn.fr\\\/produit\\\/prouve-jean-fauteuil-grand-repos-tecta-ed-c-1985\\\/#primaryimage\"},\"image\":{\"@id\":\"https:\\\/\\\/dizagn.fr\\\/produit\\\/prouve-jean-fauteuil-grand-repos-tecta-ed-c-1985\\\/#primaryimage\"},\"thumbnailUrl\":\"https:\\\/\\\/dizagn.fr\\\/wp-content\\\/uploads\\\/2024\\\/08\\\/PROUVE-Jean-Grand-repos-armchair-Tecta-1985-1-scaled.jpg\",\"datePublished\":\"2025-12-07T13:08:57+00:00\",\"dateModified\":\"2026-03-06T09:01:14+00:00\",\"breadcrumb\":{\"@id\":\"https:\\\/\\\/dizagn.fr\\\/produit\\\/prouve-jean-fauteuil-grand-repos-tecta-ed-c-1985\\\/#breadcrumb\"},\"inLanguage\":\"en-GB\",\"potentialAction\":[{\"@type\":\"ReadAction\",\"target\":[\"https:\\\/\\\/dizagn.fr\\\/produit\\\/prouve-jean-fauteuil-grand-repos-tecta-ed-c-1985\\\/\"]}]},{\"@type\":\"ImageObject\",\"inLanguage\":\"en-GB\",\"@id\":\"https:\\\/\\\/dizagn.fr\\\/produit\\\/prouve-jean-fauteuil-grand-repos-tecta-ed-c-1985\\\/#primaryimage\",\"url\":\"https:\\\/\\\/dizagn.fr\\\/wp-content\\\/uploads\\\/2024\\\/08\\\/PROUVE-Jean-Grand-repos-armchair-Tecta-1985-1-scaled.jpg\",\"contentUrl\":\"https:\\\/\\\/dizagn.fr\\\/wp-content\\\/uploads\\\/2024\\\/08\\\/PROUVE-Jean-Grand-repos-armchair-Tecta-1985-1-scaled.jpg\",\"width\":2560,\"height\":2560},{\"@type\":\"BreadcrumbList\",\"@id\":\"https:\\\/\\\/dizagn.fr\\\/produit\\\/prouve-jean-fauteuil-grand-repos-tecta-ed-c-1985\\\/#breadcrumb\",\"itemListElement\":[{\"@type\":\"ListItem\",\"position\":1,\"name\":\"Accueil\",\"item\":\"https:\\\/\\\/dizagn.fr\\\/\"},{\"@type\":\"ListItem\",\"position\":2,\"name\":\"S\u00e9lection\",\"item\":\"https:\\\/\\\/dizagn.fr\\\/\"},{\"@type\":\"ListItem\",\"position\":3,\"name\":\"JEAN PROUVE, fauteuil Grand repos, TECTA, C.1985\"}]},{\"@type\":\"WebSite\",\"@id\":\"https:\\\/\\\/dizagn.fr\\\/#website\",\"url\":\"https:\\\/\\\/dizagn.fr\\\/\",\"name\":\"DIZAGN\",\"description\":\"\",\"publisher\":{\"@id\":\"https:\\\/\\\/dizagn.fr\\\/#organization\"},\"potentialAction\":[{\"@type\":\"SearchAction\",\"target\":{\"@type\":\"EntryPoint\",\"urlTemplate\":\"https:\\\/\\\/dizagn.fr\\\/?s={search_term_string}\"},\"query-input\":{\"@type\":\"PropertyValueSpecification\",\"valueRequired\":true,\"valueName\":\"search_term_string\"}}],\"inLanguage\":\"en-GB\"},{\"@type\":\"Organization\",\"@id\":\"https:\\\/\\\/dizagn.fr\\\/#organization\",\"name\":\"DIZAGN\",\"url\":\"https:\\\/\\\/dizagn.fr\\\/\",\"logo\":{\"@type\":\"ImageObject\",\"inLanguage\":\"en-GB\",\"@id\":\"https:\\\/\\\/dizagn.fr\\\/#\\\/schema\\\/logo\\\/image\\\/\",\"url\":\"https:\\\/\\\/dizagn.fr\\\/wp-content\\\/uploads\\\/2023\\\/03\\\/logo-Dizagn.jpg\",\"contentUrl\":\"https:\\\/\\\/dizagn.fr\\\/wp-content\\\/uploads\\\/2023\\\/03\\\/logo-Dizagn.jpg\",\"width\":304,\"height\":95,\"caption\":\"DIZAGN\"},\"image\":{\"@id\":\"https:\\\/\\\/dizagn.fr\\\/#\\\/schema\\\/logo\\\/image\\\/\"}}]}<\/script>\n<!-- \/ Yoast SEO plugin. -->","yoast_head_json":{"title":"JEAN PROUVE, fauteuil Grand repos, TECTA, C.1985 - DIZAGN","robots":{"index":"index","follow":"follow","max-snippet":"max-snippet:-1","max-image-preview":"max-image-preview:large","max-video-preview":"max-video-preview:-1"},"canonical":"https:\/\/dizagn.fr\/en\/product\/prouve-jean-fauteuil-grand-repos-tecta-ed-c-1985\/","og_locale":"en_GB","og_type":"article","og_title":"JEAN PROUVE, fauteuil Grand repos, TECTA, C.1985 - DIZAGN","og_description":"PROUV\u00c9 Jean (1901-1984)  Fauteuil Grand Repos (cr\u00e9ation 1930)  Tecta \u00e9diteur, Allemagne, circa 1985  Acier chrom\u00e9, t\u00f4le d\u2019acier, cuir bleu fonc\u00e9 et bleu, roulettes plastiques. Inclinaison r\u00e9glable  Haut. 90 x Larg. 70 x Prof. 110 cm    Ref. 295","og_url":"https:\/\/dizagn.fr\/en\/product\/prouve-jean-fauteuil-grand-repos-tecta-ed-c-1985\/","og_site_name":"DIZAGN","article_modified_time":"2026-03-06T09:01:14+00:00","og_image":[{"width":2560,"height":2560,"url":"https:\/\/dizagn.fr\/wp-content\/uploads\/2024\/08\/PROUVE-Jean-Grand-repos-armchair-Tecta-1985-1-scaled.jpg","type":"image\/jpeg"}],"twitter_card":"summary_large_image","twitter_misc":{"Estimated reading time":"1 minute"},"schema":{"@context":"https:\/\/schema.org","@graph":[{"@type":"WebPage","@id":"https:\/\/dizagn.fr\/produit\/prouve-jean-fauteuil-grand-repos-tecta-ed-c-1985\/","url":"https:\/\/dizagn.fr\/produit\/prouve-jean-fauteuil-grand-repos-tecta-ed-c-1985\/","name":"JEAN PROUVE, fauteuil Grand repos, TECTA, C.1985 - DIZAGN","isPartOf":{"@id":"https:\/\/dizagn.fr\/#website"},"primaryImageOfPage":{"@id":"https:\/\/dizagn.fr\/produit\/prouve-jean-fauteuil-grand-repos-tecta-ed-c-1985\/#primaryimage"},"image":{"@id":"https:\/\/dizagn.fr\/produit\/prouve-jean-fauteuil-grand-repos-tecta-ed-c-1985\/#primaryimage"},"thumbnailUrl":"https:\/\/dizagn.fr\/wp-content\/uploads\/2024\/08\/PROUVE-Jean-Grand-repos-armchair-Tecta-1985-1-scaled.jpg","datePublished":"2025-12-07T13:08:57+00:00","dateModified":"2026-03-06T09:01:14+00:00","breadcrumb":{"@id":"https:\/\/dizagn.fr\/produit\/prouve-jean-fauteuil-grand-repos-tecta-ed-c-1985\/#breadcrumb"},"inLanguage":"en-GB","potentialAction":[{"@type":"ReadAction","target":["https:\/\/dizagn.fr\/produit\/prouve-jean-fauteuil-grand-repos-tecta-ed-c-1985\/"]}]},{"@type":"ImageObject","inLanguage":"en-GB","@id":"https:\/\/dizagn.fr\/produit\/prouve-jean-fauteuil-grand-repos-tecta-ed-c-1985\/#primaryimage","url":"https:\/\/dizagn.fr\/wp-content\/uploads\/2024\/08\/PROUVE-Jean-Grand-repos-armchair-Tecta-1985-1-scaled.jpg","contentUrl":"https:\/\/dizagn.fr\/wp-content\/uploads\/2024\/08\/PROUVE-Jean-Grand-repos-armchair-Tecta-1985-1-scaled.jpg","width":2560,"height":2560},{"@type":"BreadcrumbList","@id":"https:\/\/dizagn.fr\/produit\/prouve-jean-fauteuil-grand-repos-tecta-ed-c-1985\/#breadcrumb","itemListElement":[{"@type":"ListItem","position":1,"name":"Accueil","item":"https:\/\/dizagn.fr\/"},{"@type":"ListItem","position":2,"name":"S\u00e9lection","item":"https:\/\/dizagn.fr\/"},{"@type":"ListItem","position":3,"name":"JEAN PROUVE, fauteuil Grand repos, TECTA, C.1985"}]},{"@type":"WebSite","@id":"https:\/\/dizagn.fr\/#website","url":"https:\/\/dizagn.fr\/","name":"DIZAGN","description":"","publisher":{"@id":"https:\/\/dizagn.fr\/#organization"},"potentialAction":[{"@type":"SearchAction","target":{"@type":"EntryPoint","urlTemplate":"https:\/\/dizagn.fr\/?s={search_term_string}"},"query-input":{"@type":"PropertyValueSpecification","valueRequired":true,"valueName":"search_term_string"}}],"inLanguage":"en-GB"},{"@type":"Organization","@id":"https:\/\/dizagn.fr\/#organization","name":"DIZAGN","url":"https:\/\/dizagn.fr\/","logo":{"@type":"ImageObject","inLanguage":"en-GB","@id":"https:\/\/dizagn.fr\/#\/schema\/logo\/image\/","url":"https:\/\/dizagn.fr\/wp-content\/uploads\/2023\/03\/logo-Dizagn.jpg","contentUrl":"https:\/\/dizagn.fr\/wp-content\/uploads\/2023\/03\/logo-Dizagn.jpg","width":304,"height":95,"caption":"DIZAGN"},"image":{"@id":"https:\/\/dizagn.fr\/#\/schema\/logo\/image\/"}}]}},"_links":{"self":[{"href":"https:\/\/dizagn.fr\/en\/wp-json\/wp\/v2\/product\/710","targetHints":{"allow":["GET"]}}],"collection":[{"href":"https:\/\/dizagn.fr\/en\/wp-json\/wp\/v2\/product"}],"about":[{"href":"https:\/\/dizagn.fr\/en\/wp-json\/wp\/v2\/types\/product"}],"wp:featuredmedia":[{"embeddable":true,"href":"https:\/\/dizagn.fr\/en\/wp-json\/wp\/v2\/media\/2017"}],"wp:attachment":[{"href":"https:\/\/dizagn.fr\/en\/wp-json\/wp\/v2\/media?parent=710"}],"wp:term":[{"taxonomy":"product_brand","embeddable":true,"href":"https:\/\/dizagn.fr\/en\/wp-json\/wp\/v2\/product_brand?post=710"},{"taxonomy":"product_cat","embeddable":true,"href":"https:\/\/dizagn.fr\/en\/wp-json\/wp\/v2\/product_cat?post=710"},{"taxonomy":"product_tag","embeddable":true,"href":"https:\/\/dizagn.fr\/en\/wp-json\/wp\/v2\/product_tag?post=710"}],"curies":[{"name":"wp","href":"https:\/\/api.w.org\/{rel}","templated":true}]}}