{"id":698,"date":"2022-09-08T12:34:55","date_gmt":"2022-09-08T10:34:55","guid":{"rendered":"http:\/\/dizagn.fr\/?post_type=product&#038;p=698"},"modified":"2022-10-26T21:41:48","modified_gmt":"2022-10-26T19:41:48","slug":"richard-alain-double-commode-220-meubles-tv-ed-c-1954","status":"publish","type":"product","link":"https:\/\/dizagn.fr\/en\/product\/richard-alain-double-commode-220-meubles-tv-ed-c-1954\/","title":{"rendered":"ALAIN RICHARD, DRESSER 220, MEUBLES TV ED., C.1954"},"content":{"rendered":"<p>Literature:<\/p>\n<p>Meubles TV commercial catalog, circa 1954<\/p>\n<p>Maison fran\u00e7aise, n\u00b0109, 1957 July<\/p>","protected":false},"excerpt":{"rendered":"<p>RICHARD Alain (1926-2009)<\/p>\n<p>Double dresser 220, Meubles TV edition, France, circa 1954<\/p>\n<p>Black lacquered metal and ash plywood (revarnished)<\/p>\n<p>Editor and designer's labels<\/p>\n<p>Length. 125 x Height. 77 x Depth 48 cm<\/p>\n<p>&nbsp;<\/p>\n<p>Ref. 294<\/p>\n<p>&nbsp;<\/p>","protected":false},"featured_media":699,"template":"","meta":{"_et_pb_use_builder":"","_et_pb_old_content":"","_et_gb_content_width":""},"product_brand":[],"product_cat":[19],"product_tag":[],"class_list":{"0":"post-698","1":"product","2":"type-product","3":"status-publish","4":"has-post-thumbnail","6":"product_cat-archives","8":"first","9":"instock","10":"shipping-taxable","11":"purchasable","12":"product-type-simple"},"yoast_head":"<!-- This site is optimized with the Yoast SEO plugin v27.4 - https:\/\/yoast.com\/product\/yoast-seo-wordpress\/ -->\n<title>ALAIN RICHARD, COMMODE 220, MEUBLES TV ED., C.1954 - DIZAGN<\/title>\n<meta name=\"robots\" content=\"index, follow, max-snippet:-1, max-image-preview:large, max-video-preview:-1\" \/>\n<link rel=\"canonical\" href=\"https:\/\/dizagn.fr\/en\/product\/richard-alain-double-commode-220-meubles-tv-ed-c-1954\/\" \/>\n<meta property=\"og:locale\" content=\"en_GB\" \/>\n<meta property=\"og:type\" content=\"article\" \/>\n<meta property=\"og:title\" content=\"ALAIN RICHARD, COMMODE 220, MEUBLES TV ED., C.1954 - DIZAGN\" \/>\n<meta property=\"og:description\" content=\"RICHARD Alain (1926-2009)  Double commode 220, Meubles TV \u00e9diteur, circa 1954  M\u00e9tal laqu\u00e9 noir et contreplaqu\u00e9 de fr\u00eane (reverni)  \u00c9tiquettes de l&#039;\u00e9diteur et du designer  Long. 125 x Haut. 77 x Prof 48 cm  &nbsp;  Ref. 294  &nbsp;\" \/>\n<meta property=\"og:url\" content=\"https:\/\/dizagn.fr\/en\/product\/richard-alain-double-commode-220-meubles-tv-ed-c-1954\/\" \/>\n<meta property=\"og:site_name\" content=\"DIZAGN\" \/>\n<meta property=\"article:modified_time\" content=\"2022-10-26T19:41:48+00:00\" \/>\n<meta property=\"og:image\" content=\"https:\/\/dizagn.fr\/wp-content\/uploads\/2022\/09\/RICHARD-ALAIN-double-commode-220-Meubles-TV-ed-1954-1-scaled.jpg\" \/>\n\t<meta property=\"og:image:width\" content=\"2560\" \/>\n\t<meta property=\"og:image:height\" content=\"2560\" \/>\n\t<meta property=\"og:image:type\" content=\"image\/jpeg\" \/>\n<meta name=\"twitter:card\" content=\"summary_large_image\" \/>\n<meta name=\"twitter:label1\" content=\"Estimated reading time\" \/>\n\t<meta name=\"twitter:data1\" content=\"1 minute\" \/>\n<script type=\"application\/ld+json\" class=\"yoast-schema-graph\">{\"@context\":\"https:\\\/\\\/schema.org\",\"@graph\":[{\"@type\":\"WebPage\",\"@id\":\"https:\\\/\\\/dizagn.fr\\\/produit\\\/richard-alain-double-commode-220-meubles-tv-ed-c-1954\\\/\",\"url\":\"https:\\\/\\\/dizagn.fr\\\/produit\\\/richard-alain-double-commode-220-meubles-tv-ed-c-1954\\\/\",\"name\":\"ALAIN RICHARD, COMMODE 220, MEUBLES TV ED., C.1954 - DIZAGN\",\"isPartOf\":{\"@id\":\"https:\\\/\\\/dizagn.fr\\\/#website\"},\"primaryImageOfPage\":{\"@id\":\"https:\\\/\\\/dizagn.fr\\\/produit\\\/richard-alain-double-commode-220-meubles-tv-ed-c-1954\\\/#primaryimage\"},\"image\":{\"@id\":\"https:\\\/\\\/dizagn.fr\\\/produit\\\/richard-alain-double-commode-220-meubles-tv-ed-c-1954\\\/#primaryimage\"},\"thumbnailUrl\":\"https:\\\/\\\/dizagn.fr\\\/wp-content\\\/uploads\\\/2022\\\/09\\\/RICHARD-ALAIN-double-commode-220-Meubles-TV-ed-1954-1-scaled.jpg\",\"datePublished\":\"2022-09-08T10:34:55+00:00\",\"dateModified\":\"2022-10-26T19:41:48+00:00\",\"breadcrumb\":{\"@id\":\"https:\\\/\\\/dizagn.fr\\\/produit\\\/richard-alain-double-commode-220-meubles-tv-ed-c-1954\\\/#breadcrumb\"},\"inLanguage\":\"en-GB\",\"potentialAction\":[{\"@type\":\"ReadAction\",\"target\":[\"https:\\\/\\\/dizagn.fr\\\/produit\\\/richard-alain-double-commode-220-meubles-tv-ed-c-1954\\\/\"]}]},{\"@type\":\"ImageObject\",\"inLanguage\":\"en-GB\",\"@id\":\"https:\\\/\\\/dizagn.fr\\\/produit\\\/richard-alain-double-commode-220-meubles-tv-ed-c-1954\\\/#primaryimage\",\"url\":\"https:\\\/\\\/dizagn.fr\\\/wp-content\\\/uploads\\\/2022\\\/09\\\/RICHARD-ALAIN-double-commode-220-Meubles-TV-ed-1954-1-scaled.jpg\",\"contentUrl\":\"https:\\\/\\\/dizagn.fr\\\/wp-content\\\/uploads\\\/2022\\\/09\\\/RICHARD-ALAIN-double-commode-220-Meubles-TV-ed-1954-1-scaled.jpg\",\"width\":2560,\"height\":2560,\"caption\":\"RICHARD ALAIN double commode 220 Meubles TV ed 1954\"},{\"@type\":\"BreadcrumbList\",\"@id\":\"https:\\\/\\\/dizagn.fr\\\/produit\\\/richard-alain-double-commode-220-meubles-tv-ed-c-1954\\\/#breadcrumb\",\"itemListElement\":[{\"@type\":\"ListItem\",\"position\":1,\"name\":\"Accueil\",\"item\":\"https:\\\/\\\/dizagn.fr\\\/\"},{\"@type\":\"ListItem\",\"position\":2,\"name\":\"S\u00e9lection\",\"item\":\"https:\\\/\\\/dizagn.fr\\\/\"},{\"@type\":\"ListItem\",\"position\":3,\"name\":\"ALAIN RICHARD, COMMODE 220, MEUBLES TV ED., C.1954\"}]},{\"@type\":\"WebSite\",\"@id\":\"https:\\\/\\\/dizagn.fr\\\/#website\",\"url\":\"https:\\\/\\\/dizagn.fr\\\/\",\"name\":\"DIZAGN\",\"description\":\"\",\"publisher\":{\"@id\":\"https:\\\/\\\/dizagn.fr\\\/#organization\"},\"potentialAction\":[{\"@type\":\"SearchAction\",\"target\":{\"@type\":\"EntryPoint\",\"urlTemplate\":\"https:\\\/\\\/dizagn.fr\\\/?s={search_term_string}\"},\"query-input\":{\"@type\":\"PropertyValueSpecification\",\"valueRequired\":true,\"valueName\":\"search_term_string\"}}],\"inLanguage\":\"en-GB\"},{\"@type\":\"Organization\",\"@id\":\"https:\\\/\\\/dizagn.fr\\\/#organization\",\"name\":\"DIZAGN\",\"url\":\"https:\\\/\\\/dizagn.fr\\\/\",\"logo\":{\"@type\":\"ImageObject\",\"inLanguage\":\"en-GB\",\"@id\":\"https:\\\/\\\/dizagn.fr\\\/#\\\/schema\\\/logo\\\/image\\\/\",\"url\":\"https:\\\/\\\/dizagn.fr\\\/wp-content\\\/uploads\\\/2023\\\/03\\\/logo-Dizagn.jpg\",\"contentUrl\":\"https:\\\/\\\/dizagn.fr\\\/wp-content\\\/uploads\\\/2023\\\/03\\\/logo-Dizagn.jpg\",\"width\":304,\"height\":95,\"caption\":\"DIZAGN\"},\"image\":{\"@id\":\"https:\\\/\\\/dizagn.fr\\\/#\\\/schema\\\/logo\\\/image\\\/\"}}]}<\/script>\n<!-- \/ Yoast SEO plugin. -->","yoast_head_json":{"title":"ALAIN RICHARD, COMMODE 220, MEUBLES TV ED., C.1954 - DIZAGN","robots":{"index":"index","follow":"follow","max-snippet":"max-snippet:-1","max-image-preview":"max-image-preview:large","max-video-preview":"max-video-preview:-1"},"canonical":"https:\/\/dizagn.fr\/en\/product\/richard-alain-double-commode-220-meubles-tv-ed-c-1954\/","og_locale":"en_GB","og_type":"article","og_title":"ALAIN RICHARD, COMMODE 220, MEUBLES TV ED., C.1954 - DIZAGN","og_description":"RICHARD Alain (1926-2009)  Double commode 220, Meubles TV \u00e9diteur, circa 1954  M\u00e9tal laqu\u00e9 noir et contreplaqu\u00e9 de fr\u00eane (reverni)  \u00c9tiquettes de l'\u00e9diteur et du designer  Long. 125 x Haut. 77 x Prof 48 cm  &nbsp;  Ref. 294  &nbsp;","og_url":"https:\/\/dizagn.fr\/en\/product\/richard-alain-double-commode-220-meubles-tv-ed-c-1954\/","og_site_name":"DIZAGN","article_modified_time":"2022-10-26T19:41:48+00:00","og_image":[{"width":2560,"height":2560,"url":"https:\/\/dizagn.fr\/wp-content\/uploads\/2022\/09\/RICHARD-ALAIN-double-commode-220-Meubles-TV-ed-1954-1-scaled.jpg","type":"image\/jpeg"}],"twitter_card":"summary_large_image","twitter_misc":{"Estimated reading time":"1 minute"},"schema":{"@context":"https:\/\/schema.org","@graph":[{"@type":"WebPage","@id":"https:\/\/dizagn.fr\/produit\/richard-alain-double-commode-220-meubles-tv-ed-c-1954\/","url":"https:\/\/dizagn.fr\/produit\/richard-alain-double-commode-220-meubles-tv-ed-c-1954\/","name":"ALAIN RICHARD, COMMODE 220, MEUBLES TV ED., C.1954 - DIZAGN","isPartOf":{"@id":"https:\/\/dizagn.fr\/#website"},"primaryImageOfPage":{"@id":"https:\/\/dizagn.fr\/produit\/richard-alain-double-commode-220-meubles-tv-ed-c-1954\/#primaryimage"},"image":{"@id":"https:\/\/dizagn.fr\/produit\/richard-alain-double-commode-220-meubles-tv-ed-c-1954\/#primaryimage"},"thumbnailUrl":"https:\/\/dizagn.fr\/wp-content\/uploads\/2022\/09\/RICHARD-ALAIN-double-commode-220-Meubles-TV-ed-1954-1-scaled.jpg","datePublished":"2022-09-08T10:34:55+00:00","dateModified":"2022-10-26T19:41:48+00:00","breadcrumb":{"@id":"https:\/\/dizagn.fr\/produit\/richard-alain-double-commode-220-meubles-tv-ed-c-1954\/#breadcrumb"},"inLanguage":"en-GB","potentialAction":[{"@type":"ReadAction","target":["https:\/\/dizagn.fr\/produit\/richard-alain-double-commode-220-meubles-tv-ed-c-1954\/"]}]},{"@type":"ImageObject","inLanguage":"en-GB","@id":"https:\/\/dizagn.fr\/produit\/richard-alain-double-commode-220-meubles-tv-ed-c-1954\/#primaryimage","url":"https:\/\/dizagn.fr\/wp-content\/uploads\/2022\/09\/RICHARD-ALAIN-double-commode-220-Meubles-TV-ed-1954-1-scaled.jpg","contentUrl":"https:\/\/dizagn.fr\/wp-content\/uploads\/2022\/09\/RICHARD-ALAIN-double-commode-220-Meubles-TV-ed-1954-1-scaled.jpg","width":2560,"height":2560,"caption":"RICHARD ALAIN double commode 220 Meubles TV ed 1954"},{"@type":"BreadcrumbList","@id":"https:\/\/dizagn.fr\/produit\/richard-alain-double-commode-220-meubles-tv-ed-c-1954\/#breadcrumb","itemListElement":[{"@type":"ListItem","position":1,"name":"Accueil","item":"https:\/\/dizagn.fr\/"},{"@type":"ListItem","position":2,"name":"S\u00e9lection","item":"https:\/\/dizagn.fr\/"},{"@type":"ListItem","position":3,"name":"ALAIN RICHARD, COMMODE 220, MEUBLES TV ED., C.1954"}]},{"@type":"WebSite","@id":"https:\/\/dizagn.fr\/#website","url":"https:\/\/dizagn.fr\/","name":"DIZAGN","description":"","publisher":{"@id":"https:\/\/dizagn.fr\/#organization"},"potentialAction":[{"@type":"SearchAction","target":{"@type":"EntryPoint","urlTemplate":"https:\/\/dizagn.fr\/?s={search_term_string}"},"query-input":{"@type":"PropertyValueSpecification","valueRequired":true,"valueName":"search_term_string"}}],"inLanguage":"en-GB"},{"@type":"Organization","@id":"https:\/\/dizagn.fr\/#organization","name":"DIZAGN","url":"https:\/\/dizagn.fr\/","logo":{"@type":"ImageObject","inLanguage":"en-GB","@id":"https:\/\/dizagn.fr\/#\/schema\/logo\/image\/","url":"https:\/\/dizagn.fr\/wp-content\/uploads\/2023\/03\/logo-Dizagn.jpg","contentUrl":"https:\/\/dizagn.fr\/wp-content\/uploads\/2023\/03\/logo-Dizagn.jpg","width":304,"height":95,"caption":"DIZAGN"},"image":{"@id":"https:\/\/dizagn.fr\/#\/schema\/logo\/image\/"}}]}},"_links":{"self":[{"href":"https:\/\/dizagn.fr\/en\/wp-json\/wp\/v2\/product\/698","targetHints":{"allow":["GET"]}}],"collection":[{"href":"https:\/\/dizagn.fr\/en\/wp-json\/wp\/v2\/product"}],"about":[{"href":"https:\/\/dizagn.fr\/en\/wp-json\/wp\/v2\/types\/product"}],"wp:featuredmedia":[{"embeddable":true,"href":"https:\/\/dizagn.fr\/en\/wp-json\/wp\/v2\/media\/699"}],"wp:attachment":[{"href":"https:\/\/dizagn.fr\/en\/wp-json\/wp\/v2\/media?parent=698"}],"wp:term":[{"taxonomy":"product_brand","embeddable":true,"href":"https:\/\/dizagn.fr\/en\/wp-json\/wp\/v2\/product_brand?post=698"},{"taxonomy":"product_cat","embeddable":true,"href":"https:\/\/dizagn.fr\/en\/wp-json\/wp\/v2\/product_cat?post=698"},{"taxonomy":"product_tag","embeddable":true,"href":"https:\/\/dizagn.fr\/en\/wp-json\/wp\/v2\/product_tag?post=698"}],"curies":[{"name":"wp","href":"https:\/\/api.w.org\/{rel}","templated":true}]}}