{"id":658,"date":"2022-09-03T00:28:39","date_gmt":"2022-09-02T22:28:39","guid":{"rendered":"http:\/\/dizagn.fr\/?post_type=product&#038;p=658"},"modified":"2022-10-06T00:36:56","modified_gmt":"2022-10-05T22:36:56","slug":"fermigier-etienne-6-chaises-serie-x-sentou-ed-c-1967","status":"publish","type":"product","link":"https:\/\/dizagn.fr\/en\/product\/fermigier-etienne-6-chaises-serie-x-sentou-ed-c-1967\/","title":{"rendered":"ETIENNE FERMIGIER, 6 CHAISES SERIE X, SENTOU ED., C.1967"},"content":{"rendered":"<p>Literature:<\/p>\n<p>Sentou commercial catalog, circa 1967<\/p>\n<p>Arts m\u00e9nagers, n\u00b0213, sept 1967<\/p>","protected":false},"excerpt":{"rendered":"<p>FERMIGIER \u00c9tienne (1932-1973)<\/p>\n<p>Six chairs 4487, Serie X, Sentou edition, circa 1967<\/p>\n<p>Metallic grey epoxy lacquered metal, wooden structure, foam and wool fabric Bergamo 2 from Maison Bisson Bruneel<\/p>\n<p>Width. 44 x Depth. 45 x Height. 78 cm<\/p>\n<p>&nbsp;<\/p>\n<p>Ref. 92<\/p>","protected":false},"featured_media":659,"template":"","meta":{"_et_pb_use_builder":"","_et_pb_old_content":"","_et_gb_content_width":""},"product_brand":[],"product_cat":[19],"product_tag":[],"class_list":{"0":"post-658","1":"product","2":"type-product","3":"status-publish","4":"has-post-thumbnail","6":"product_cat-archives","8":"first","9":"instock","10":"shipping-taxable","11":"purchasable","12":"product-type-simple"},"yoast_head":"<!-- This site is optimized with the Yoast SEO plugin v27.1.1 - https:\/\/yoast.com\/product\/yoast-seo-wordpress\/ -->\n<title>ETIENNE FERMIGIER, 6 CHAISES SERIE X, SENTOU ED., C.1967 - DIZAGN<\/title>\n<meta name=\"robots\" content=\"index, follow, max-snippet:-1, max-image-preview:large, max-video-preview:-1\" \/>\n<link rel=\"canonical\" href=\"https:\/\/dizagn.fr\/en\/product\/fermigier-etienne-6-chaises-serie-x-sentou-ed-c-1967\/\" \/>\n<meta property=\"og:locale\" content=\"en_GB\" \/>\n<meta property=\"og:type\" content=\"article\" \/>\n<meta property=\"og:title\" content=\"ETIENNE FERMIGIER, 6 CHAISES SERIE X, SENTOU ED., C.1967 - DIZAGN\" \/>\n<meta property=\"og:description\" content=\"FERMIGIER \u00c9tienne (1932-1973)  Six chaises 4487, S\u00e9rie X, Sentou \u00e9diteur, circa 1967  M\u00e9tal laqu\u00e9 epoxy gris m\u00e9tallis\u00e9, structure bois, mousse et tissu Natt\u00e9 de laine Bergamo 2 de la Maison Bisson Bruneel  Larg. 44 x Prof. 45 x Haut. 78 cm  &nbsp;  Ref. 92\" \/>\n<meta property=\"og:url\" content=\"https:\/\/dizagn.fr\/en\/product\/fermigier-etienne-6-chaises-serie-x-sentou-ed-c-1967\/\" \/>\n<meta property=\"og:site_name\" content=\"DIZAGN\" \/>\n<meta property=\"article:modified_time\" content=\"2022-10-05T22:36:56+00:00\" \/>\n<meta property=\"og:image\" content=\"https:\/\/dizagn.fr\/wp-content\/uploads\/2022\/09\/FERMIGIER-serie-6-chaises-SENTOU-1-scaled.jpg\" \/>\n\t<meta property=\"og:image:width\" content=\"2560\" \/>\n\t<meta property=\"og:image:height\" content=\"2557\" \/>\n\t<meta property=\"og:image:type\" content=\"image\/jpeg\" \/>\n<meta name=\"twitter:card\" content=\"summary_large_image\" \/>\n<meta name=\"twitter:label1\" content=\"Estimated reading time\" \/>\n\t<meta name=\"twitter:data1\" content=\"1 minute\" \/>\n<script type=\"application\/ld+json\" class=\"yoast-schema-graph\">{\"@context\":\"https:\/\/schema.org\",\"@graph\":[{\"@type\":\"WebPage\",\"@id\":\"https:\/\/dizagn.fr\/produit\/fermigier-etienne-6-chaises-serie-x-sentou-ed-c-1967\/\",\"url\":\"https:\/\/dizagn.fr\/produit\/fermigier-etienne-6-chaises-serie-x-sentou-ed-c-1967\/\",\"name\":\"ETIENNE FERMIGIER, 6 CHAISES SERIE X, SENTOU ED., C.1967 - DIZAGN\",\"isPartOf\":{\"@id\":\"https:\/\/dizagn.fr\/#website\"},\"primaryImageOfPage\":{\"@id\":\"https:\/\/dizagn.fr\/produit\/fermigier-etienne-6-chaises-serie-x-sentou-ed-c-1967\/#primaryimage\"},\"image\":{\"@id\":\"https:\/\/dizagn.fr\/produit\/fermigier-etienne-6-chaises-serie-x-sentou-ed-c-1967\/#primaryimage\"},\"thumbnailUrl\":\"https:\/\/dizagn.fr\/wp-content\/uploads\/2022\/09\/FERMIGIER-serie-6-chaises-SENTOU-1-scaled.jpg\",\"datePublished\":\"2022-09-02T22:28:39+00:00\",\"dateModified\":\"2022-10-05T22:36:56+00:00\",\"breadcrumb\":{\"@id\":\"https:\/\/dizagn.fr\/produit\/fermigier-etienne-6-chaises-serie-x-sentou-ed-c-1967\/#breadcrumb\"},\"inLanguage\":\"en-GB\",\"potentialAction\":[{\"@type\":\"ReadAction\",\"target\":[\"https:\/\/dizagn.fr\/produit\/fermigier-etienne-6-chaises-serie-x-sentou-ed-c-1967\/\"]}]},{\"@type\":\"ImageObject\",\"inLanguage\":\"en-GB\",\"@id\":\"https:\/\/dizagn.fr\/produit\/fermigier-etienne-6-chaises-serie-x-sentou-ed-c-1967\/#primaryimage\",\"url\":\"https:\/\/dizagn.fr\/wp-content\/uploads\/2022\/09\/FERMIGIER-serie-6-chaises-SENTOU-1-scaled.jpg\",\"contentUrl\":\"https:\/\/dizagn.fr\/wp-content\/uploads\/2022\/09\/FERMIGIER-serie-6-chaises-SENTOU-1-scaled.jpg\",\"width\":2560,\"height\":2557,\"caption\":\"FERMIGIER ETIENNE, 6 CHAISES SERIE X, SENTOU ED., C.1967\"},{\"@type\":\"BreadcrumbList\",\"@id\":\"https:\/\/dizagn.fr\/produit\/fermigier-etienne-6-chaises-serie-x-sentou-ed-c-1967\/#breadcrumb\",\"itemListElement\":[{\"@type\":\"ListItem\",\"position\":1,\"name\":\"Accueil\",\"item\":\"https:\/\/dizagn.fr\/\"},{\"@type\":\"ListItem\",\"position\":2,\"name\":\"S\u00e9lection\",\"item\":\"https:\/\/dizagn.fr\/\"},{\"@type\":\"ListItem\",\"position\":3,\"name\":\"ETIENNE FERMIGIER, 6 CHAISES SERIE X, SENTOU ED., C.1967\"}]},{\"@type\":\"WebSite\",\"@id\":\"https:\/\/dizagn.fr\/#website\",\"url\":\"https:\/\/dizagn.fr\/\",\"name\":\"DIZAGN\",\"description\":\"\",\"potentialAction\":[{\"@type\":\"SearchAction\",\"target\":{\"@type\":\"EntryPoint\",\"urlTemplate\":\"https:\/\/dizagn.fr\/?s={search_term_string}\"},\"query-input\":{\"@type\":\"PropertyValueSpecification\",\"valueRequired\":true,\"valueName\":\"search_term_string\"}}],\"inLanguage\":\"en-GB\"}]}<\/script>\n<!-- \/ Yoast SEO plugin. -->","yoast_head_json":{"title":"ETIENNE FERMIGIER, 6 CHAISES SERIE X, SENTOU ED., C.1967 - DIZAGN","robots":{"index":"index","follow":"follow","max-snippet":"max-snippet:-1","max-image-preview":"max-image-preview:large","max-video-preview":"max-video-preview:-1"},"canonical":"https:\/\/dizagn.fr\/en\/product\/fermigier-etienne-6-chaises-serie-x-sentou-ed-c-1967\/","og_locale":"en_GB","og_type":"article","og_title":"ETIENNE FERMIGIER, 6 CHAISES SERIE X, SENTOU ED., C.1967 - DIZAGN","og_description":"FERMIGIER \u00c9tienne (1932-1973)  Six chaises 4487, S\u00e9rie X, Sentou \u00e9diteur, circa 1967  M\u00e9tal laqu\u00e9 epoxy gris m\u00e9tallis\u00e9, structure bois, mousse et tissu Natt\u00e9 de laine Bergamo 2 de la Maison Bisson Bruneel  Larg. 44 x Prof. 45 x Haut. 78 cm  &nbsp;  Ref. 92","og_url":"https:\/\/dizagn.fr\/en\/product\/fermigier-etienne-6-chaises-serie-x-sentou-ed-c-1967\/","og_site_name":"DIZAGN","article_modified_time":"2022-10-05T22:36:56+00:00","og_image":[{"width":2560,"height":2557,"url":"https:\/\/dizagn.fr\/wp-content\/uploads\/2022\/09\/FERMIGIER-serie-6-chaises-SENTOU-1-scaled.jpg","type":"image\/jpeg"}],"twitter_card":"summary_large_image","twitter_misc":{"Estimated reading time":"1 minute"},"schema":{"@context":"https:\/\/schema.org","@graph":[{"@type":"WebPage","@id":"https:\/\/dizagn.fr\/produit\/fermigier-etienne-6-chaises-serie-x-sentou-ed-c-1967\/","url":"https:\/\/dizagn.fr\/produit\/fermigier-etienne-6-chaises-serie-x-sentou-ed-c-1967\/","name":"ETIENNE FERMIGIER, 6 CHAISES SERIE X, SENTOU ED., C.1967 - DIZAGN","isPartOf":{"@id":"https:\/\/dizagn.fr\/#website"},"primaryImageOfPage":{"@id":"https:\/\/dizagn.fr\/produit\/fermigier-etienne-6-chaises-serie-x-sentou-ed-c-1967\/#primaryimage"},"image":{"@id":"https:\/\/dizagn.fr\/produit\/fermigier-etienne-6-chaises-serie-x-sentou-ed-c-1967\/#primaryimage"},"thumbnailUrl":"https:\/\/dizagn.fr\/wp-content\/uploads\/2022\/09\/FERMIGIER-serie-6-chaises-SENTOU-1-scaled.jpg","datePublished":"2022-09-02T22:28:39+00:00","dateModified":"2022-10-05T22:36:56+00:00","breadcrumb":{"@id":"https:\/\/dizagn.fr\/produit\/fermigier-etienne-6-chaises-serie-x-sentou-ed-c-1967\/#breadcrumb"},"inLanguage":"en-GB","potentialAction":[{"@type":"ReadAction","target":["https:\/\/dizagn.fr\/produit\/fermigier-etienne-6-chaises-serie-x-sentou-ed-c-1967\/"]}]},{"@type":"ImageObject","inLanguage":"en-GB","@id":"https:\/\/dizagn.fr\/produit\/fermigier-etienne-6-chaises-serie-x-sentou-ed-c-1967\/#primaryimage","url":"https:\/\/dizagn.fr\/wp-content\/uploads\/2022\/09\/FERMIGIER-serie-6-chaises-SENTOU-1-scaled.jpg","contentUrl":"https:\/\/dizagn.fr\/wp-content\/uploads\/2022\/09\/FERMIGIER-serie-6-chaises-SENTOU-1-scaled.jpg","width":2560,"height":2557,"caption":"FERMIGIER ETIENNE, 6 CHAISES SERIE X, SENTOU ED., C.1967"},{"@type":"BreadcrumbList","@id":"https:\/\/dizagn.fr\/produit\/fermigier-etienne-6-chaises-serie-x-sentou-ed-c-1967\/#breadcrumb","itemListElement":[{"@type":"ListItem","position":1,"name":"Accueil","item":"https:\/\/dizagn.fr\/"},{"@type":"ListItem","position":2,"name":"S\u00e9lection","item":"https:\/\/dizagn.fr\/"},{"@type":"ListItem","position":3,"name":"ETIENNE FERMIGIER, 6 CHAISES SERIE X, SENTOU ED., C.1967"}]},{"@type":"WebSite","@id":"https:\/\/dizagn.fr\/#website","url":"https:\/\/dizagn.fr\/","name":"DIZAGN","description":"","potentialAction":[{"@type":"SearchAction","target":{"@type":"EntryPoint","urlTemplate":"https:\/\/dizagn.fr\/?s={search_term_string}"},"query-input":{"@type":"PropertyValueSpecification","valueRequired":true,"valueName":"search_term_string"}}],"inLanguage":"en-GB"}]}},"_links":{"self":[{"href":"https:\/\/dizagn.fr\/en\/wp-json\/wp\/v2\/product\/658","targetHints":{"allow":["GET"]}}],"collection":[{"href":"https:\/\/dizagn.fr\/en\/wp-json\/wp\/v2\/product"}],"about":[{"href":"https:\/\/dizagn.fr\/en\/wp-json\/wp\/v2\/types\/product"}],"wp:featuredmedia":[{"embeddable":true,"href":"https:\/\/dizagn.fr\/en\/wp-json\/wp\/v2\/media\/659"}],"wp:attachment":[{"href":"https:\/\/dizagn.fr\/en\/wp-json\/wp\/v2\/media?parent=658"}],"wp:term":[{"taxonomy":"product_brand","embeddable":true,"href":"https:\/\/dizagn.fr\/en\/wp-json\/wp\/v2\/product_brand?post=658"},{"taxonomy":"product_cat","embeddable":true,"href":"https:\/\/dizagn.fr\/en\/wp-json\/wp\/v2\/product_cat?post=658"},{"taxonomy":"product_tag","embeddable":true,"href":"https:\/\/dizagn.fr\/en\/wp-json\/wp\/v2\/product_tag?post=658"}],"curies":[{"name":"wp","href":"https:\/\/api.w.org\/{rel}","templated":true}]}}