{"id":653,"date":"2022-09-03T00:01:43","date_gmt":"2022-09-02T22:01:43","guid":{"rendered":"http:\/\/dizagn.fr\/?post_type=product&#038;p=653"},"modified":"2023-03-17T15:02:48","modified_gmt":"2023-03-17T14:02:48","slug":"frydman-georges-grand-lampadaire-efa-ed-c-1958","status":"publish","type":"product","link":"https:\/\/dizagn.fr\/en\/product\/frydman-georges-grand-lampadaire-efa-ed-c-1958\/","title":{"rendered":"GEORGES FRYDMAN, LARGE FLOOR LAMP, EFA ED., C.1958"},"content":{"rendered":"<p>Reference : Joie et beaut\u00e9 dans la maison, Undated, circa 1960<\/p>","protected":false},"excerpt":{"rendered":"<p>FRYDMAN Georges (1924-)<\/p>\n<p>Important floorlamp, EFA edition, 1958<\/p>\n<p>Varnished nickel-plated metal, varnished mahogany and ivory lacquered metal reflector<\/p>\n<p>Height. 200 x Diam. lampshade 56 x Diam. base 35 cm<\/p>\n<p>&nbsp;<\/p>\n<p>Ref. 89<\/p>","protected":false},"featured_media":654,"template":"","meta":{"_et_pb_use_builder":"","_et_pb_old_content":"","_et_gb_content_width":""},"product_brand":[],"product_cat":[19],"product_tag":[],"class_list":{"0":"post-653","1":"product","2":"type-product","3":"status-publish","4":"has-post-thumbnail","6":"product_cat-archives","8":"first","9":"instock","10":"shipping-taxable","11":"purchasable","12":"product-type-simple"},"yoast_head":"<!-- This site is optimized with the Yoast SEO plugin v27.1.1 - https:\/\/yoast.com\/product\/yoast-seo-wordpress\/ -->\n<title>GEORGES FRYDMAN, GRAND LAMPADAIRE, EFA ED., C.1958 - DIZAGN<\/title>\n<meta name=\"robots\" content=\"index, follow, max-snippet:-1, max-image-preview:large, max-video-preview:-1\" \/>\n<link rel=\"canonical\" href=\"https:\/\/dizagn.fr\/en\/product\/frydman-georges-grand-lampadaire-efa-ed-c-1958\/\" \/>\n<meta property=\"og:locale\" content=\"en_GB\" \/>\n<meta property=\"og:type\" content=\"article\" \/>\n<meta property=\"og:title\" content=\"GEORGES FRYDMAN, GRAND LAMPADAIRE, EFA ED., C.1958 - DIZAGN\" \/>\n<meta property=\"og:description\" content=\"FRYDMAN Georges (1924-)  Grand lampadaire, EFA \u00e9diteur, 1958  M\u00e9tal nickel\u00e9 verni, r\u00e9flecteur m\u00e9tal laqu\u00e9 ivoire et acajou verni  Haut. 200 x Diam. abat-jour 56 x Diam. base 35 cm  &nbsp;  Ref. 89\" \/>\n<meta property=\"og:url\" content=\"https:\/\/dizagn.fr\/en\/product\/frydman-georges-grand-lampadaire-efa-ed-c-1958\/\" \/>\n<meta property=\"og:site_name\" content=\"DIZAGN\" \/>\n<meta property=\"article:modified_time\" content=\"2023-03-17T14:02:48+00:00\" \/>\n<meta property=\"og:image\" content=\"https:\/\/dizagn.fr\/wp-content\/uploads\/2022\/09\/FRYDMAN-lampadaire-1.jpg\" \/>\n\t<meta property=\"og:image:width\" content=\"1772\" \/>\n\t<meta property=\"og:image:height\" content=\"1772\" \/>\n\t<meta property=\"og:image:type\" content=\"image\/jpeg\" \/>\n<meta name=\"twitter:card\" content=\"summary_large_image\" \/>\n<meta name=\"twitter:label1\" content=\"Estimated reading time\" \/>\n\t<meta name=\"twitter:data1\" content=\"1 minute\" \/>\n<script type=\"application\/ld+json\" class=\"yoast-schema-graph\">{\"@context\":\"https:\/\/schema.org\",\"@graph\":[{\"@type\":\"WebPage\",\"@id\":\"https:\/\/dizagn.fr\/produit\/frydman-georges-grand-lampadaire-efa-ed-c-1958\/\",\"url\":\"https:\/\/dizagn.fr\/produit\/frydman-georges-grand-lampadaire-efa-ed-c-1958\/\",\"name\":\"GEORGES FRYDMAN, GRAND LAMPADAIRE, EFA ED., C.1958 - DIZAGN\",\"isPartOf\":{\"@id\":\"https:\/\/dizagn.fr\/#website\"},\"primaryImageOfPage\":{\"@id\":\"https:\/\/dizagn.fr\/produit\/frydman-georges-grand-lampadaire-efa-ed-c-1958\/#primaryimage\"},\"image\":{\"@id\":\"https:\/\/dizagn.fr\/produit\/frydman-georges-grand-lampadaire-efa-ed-c-1958\/#primaryimage\"},\"thumbnailUrl\":\"https:\/\/dizagn.fr\/wp-content\/uploads\/2022\/09\/FRYDMAN-lampadaire-1.jpg\",\"datePublished\":\"2022-09-02T22:01:43+00:00\",\"dateModified\":\"2023-03-17T14:02:48+00:00\",\"breadcrumb\":{\"@id\":\"https:\/\/dizagn.fr\/produit\/frydman-georges-grand-lampadaire-efa-ed-c-1958\/#breadcrumb\"},\"inLanguage\":\"en-GB\",\"potentialAction\":[{\"@type\":\"ReadAction\",\"target\":[\"https:\/\/dizagn.fr\/produit\/frydman-georges-grand-lampadaire-efa-ed-c-1958\/\"]}]},{\"@type\":\"ImageObject\",\"inLanguage\":\"en-GB\",\"@id\":\"https:\/\/dizagn.fr\/produit\/frydman-georges-grand-lampadaire-efa-ed-c-1958\/#primaryimage\",\"url\":\"https:\/\/dizagn.fr\/wp-content\/uploads\/2022\/09\/FRYDMAN-lampadaire-1.jpg\",\"contentUrl\":\"https:\/\/dizagn.fr\/wp-content\/uploads\/2022\/09\/FRYDMAN-lampadaire-1.jpg\",\"width\":1772,\"height\":1772,\"caption\":\"FRYDMAN GEORGES, GRAND LAMPADAIRE, EFA ED., C.1958\"},{\"@type\":\"BreadcrumbList\",\"@id\":\"https:\/\/dizagn.fr\/produit\/frydman-georges-grand-lampadaire-efa-ed-c-1958\/#breadcrumb\",\"itemListElement\":[{\"@type\":\"ListItem\",\"position\":1,\"name\":\"Accueil\",\"item\":\"https:\/\/dizagn.fr\/\"},{\"@type\":\"ListItem\",\"position\":2,\"name\":\"S\u00e9lection\",\"item\":\"https:\/\/dizagn.fr\/\"},{\"@type\":\"ListItem\",\"position\":3,\"name\":\"GEORGES FRYDMAN, GRAND LAMPADAIRE, EFA ED., C.1958\"}]},{\"@type\":\"WebSite\",\"@id\":\"https:\/\/dizagn.fr\/#website\",\"url\":\"https:\/\/dizagn.fr\/\",\"name\":\"DIZAGN\",\"description\":\"\",\"potentialAction\":[{\"@type\":\"SearchAction\",\"target\":{\"@type\":\"EntryPoint\",\"urlTemplate\":\"https:\/\/dizagn.fr\/?s={search_term_string}\"},\"query-input\":{\"@type\":\"PropertyValueSpecification\",\"valueRequired\":true,\"valueName\":\"search_term_string\"}}],\"inLanguage\":\"en-GB\"}]}<\/script>\n<!-- \/ Yoast SEO plugin. -->","yoast_head_json":{"title":"GEORGES FRYDMAN, GRAND LAMPADAIRE, EFA ED., C.1958 - DIZAGN","robots":{"index":"index","follow":"follow","max-snippet":"max-snippet:-1","max-image-preview":"max-image-preview:large","max-video-preview":"max-video-preview:-1"},"canonical":"https:\/\/dizagn.fr\/en\/product\/frydman-georges-grand-lampadaire-efa-ed-c-1958\/","og_locale":"en_GB","og_type":"article","og_title":"GEORGES FRYDMAN, GRAND LAMPADAIRE, EFA ED., C.1958 - DIZAGN","og_description":"FRYDMAN Georges (1924-)  Grand lampadaire, EFA \u00e9diteur, 1958  M\u00e9tal nickel\u00e9 verni, r\u00e9flecteur m\u00e9tal laqu\u00e9 ivoire et acajou verni  Haut. 200 x Diam. abat-jour 56 x Diam. base 35 cm  &nbsp;  Ref. 89","og_url":"https:\/\/dizagn.fr\/en\/product\/frydman-georges-grand-lampadaire-efa-ed-c-1958\/","og_site_name":"DIZAGN","article_modified_time":"2023-03-17T14:02:48+00:00","og_image":[{"width":1772,"height":1772,"url":"https:\/\/dizagn.fr\/wp-content\/uploads\/2022\/09\/FRYDMAN-lampadaire-1.jpg","type":"image\/jpeg"}],"twitter_card":"summary_large_image","twitter_misc":{"Estimated reading time":"1 minute"},"schema":{"@context":"https:\/\/schema.org","@graph":[{"@type":"WebPage","@id":"https:\/\/dizagn.fr\/produit\/frydman-georges-grand-lampadaire-efa-ed-c-1958\/","url":"https:\/\/dizagn.fr\/produit\/frydman-georges-grand-lampadaire-efa-ed-c-1958\/","name":"GEORGES FRYDMAN, GRAND LAMPADAIRE, EFA ED., C.1958 - DIZAGN","isPartOf":{"@id":"https:\/\/dizagn.fr\/#website"},"primaryImageOfPage":{"@id":"https:\/\/dizagn.fr\/produit\/frydman-georges-grand-lampadaire-efa-ed-c-1958\/#primaryimage"},"image":{"@id":"https:\/\/dizagn.fr\/produit\/frydman-georges-grand-lampadaire-efa-ed-c-1958\/#primaryimage"},"thumbnailUrl":"https:\/\/dizagn.fr\/wp-content\/uploads\/2022\/09\/FRYDMAN-lampadaire-1.jpg","datePublished":"2022-09-02T22:01:43+00:00","dateModified":"2023-03-17T14:02:48+00:00","breadcrumb":{"@id":"https:\/\/dizagn.fr\/produit\/frydman-georges-grand-lampadaire-efa-ed-c-1958\/#breadcrumb"},"inLanguage":"en-GB","potentialAction":[{"@type":"ReadAction","target":["https:\/\/dizagn.fr\/produit\/frydman-georges-grand-lampadaire-efa-ed-c-1958\/"]}]},{"@type":"ImageObject","inLanguage":"en-GB","@id":"https:\/\/dizagn.fr\/produit\/frydman-georges-grand-lampadaire-efa-ed-c-1958\/#primaryimage","url":"https:\/\/dizagn.fr\/wp-content\/uploads\/2022\/09\/FRYDMAN-lampadaire-1.jpg","contentUrl":"https:\/\/dizagn.fr\/wp-content\/uploads\/2022\/09\/FRYDMAN-lampadaire-1.jpg","width":1772,"height":1772,"caption":"FRYDMAN GEORGES, GRAND LAMPADAIRE, EFA ED., C.1958"},{"@type":"BreadcrumbList","@id":"https:\/\/dizagn.fr\/produit\/frydman-georges-grand-lampadaire-efa-ed-c-1958\/#breadcrumb","itemListElement":[{"@type":"ListItem","position":1,"name":"Accueil","item":"https:\/\/dizagn.fr\/"},{"@type":"ListItem","position":2,"name":"S\u00e9lection","item":"https:\/\/dizagn.fr\/"},{"@type":"ListItem","position":3,"name":"GEORGES FRYDMAN, GRAND LAMPADAIRE, EFA ED., C.1958"}]},{"@type":"WebSite","@id":"https:\/\/dizagn.fr\/#website","url":"https:\/\/dizagn.fr\/","name":"DIZAGN","description":"","potentialAction":[{"@type":"SearchAction","target":{"@type":"EntryPoint","urlTemplate":"https:\/\/dizagn.fr\/?s={search_term_string}"},"query-input":{"@type":"PropertyValueSpecification","valueRequired":true,"valueName":"search_term_string"}}],"inLanguage":"en-GB"}]}},"_links":{"self":[{"href":"https:\/\/dizagn.fr\/en\/wp-json\/wp\/v2\/product\/653","targetHints":{"allow":["GET"]}}],"collection":[{"href":"https:\/\/dizagn.fr\/en\/wp-json\/wp\/v2\/product"}],"about":[{"href":"https:\/\/dizagn.fr\/en\/wp-json\/wp\/v2\/types\/product"}],"wp:featuredmedia":[{"embeddable":true,"href":"https:\/\/dizagn.fr\/en\/wp-json\/wp\/v2\/media\/654"}],"wp:attachment":[{"href":"https:\/\/dizagn.fr\/en\/wp-json\/wp\/v2\/media?parent=653"}],"wp:term":[{"taxonomy":"product_brand","embeddable":true,"href":"https:\/\/dizagn.fr\/en\/wp-json\/wp\/v2\/product_brand?post=653"},{"taxonomy":"product_cat","embeddable":true,"href":"https:\/\/dizagn.fr\/en\/wp-json\/wp\/v2\/product_cat?post=653"},{"taxonomy":"product_tag","embeddable":true,"href":"https:\/\/dizagn.fr\/en\/wp-json\/wp\/v2\/product_tag?post=653"}],"curies":[{"name":"wp","href":"https:\/\/api.w.org\/{rel}","templated":true}]}}