{"id":637,"date":"2022-09-02T00:38:36","date_gmt":"2022-09-01T22:38:36","guid":{"rendered":"http:\/\/dizagn.fr\/?post_type=product&#038;p=637"},"modified":"2023-03-02T11:08:28","modified_gmt":"2023-03-02T10:08:28","slug":"mariscal-javier-cortes-pepe-tabourets-duplex-bd-ed-c-1981","status":"publish","type":"product","link":"https:\/\/dizagn.fr\/en\/product\/mariscal-javier-cortes-pepe-tabourets-duplex-bd-ed-c-1981\/","title":{"rendered":"J. MARISCAL &amp; P. CORTES, STOOLS DUPLEX, C.1981"},"content":{"rendered":"<p>Reference : Fran\u00e7ois Baudot, les assises du si\u00e8cle, ed. Du May, 1990, p103<\/p>","protected":false},"excerpt":{"rendered":"<p>MARISCAL Javier (1950-) &amp; CORTES Pepe (1946-)<\/p>\n<p>Pair of Duplex stools<\/p>\n<p>BD Editiones de diseno edition, circa 1981<\/p>\n<p>White, black, red, blue and yellow lacquered metal, black leather base<\/p>\n<p>Height. 77 x Diam. 39 cm<\/p>\n<p>&nbsp;<\/p>\n<p>Ref. 270<\/p>","protected":false},"featured_media":638,"template":"","meta":{"_et_pb_use_builder":"","_et_pb_old_content":"","_et_gb_content_width":""},"product_brand":[],"product_cat":[19],"product_tag":[],"class_list":{"0":"post-637","1":"product","2":"type-product","3":"status-publish","4":"has-post-thumbnail","6":"product_cat-archives","8":"first","9":"instock","10":"shipping-taxable","11":"purchasable","12":"product-type-simple"},"yoast_head":"<!-- This site is optimized with the Yoast SEO plugin v27.1.1 - https:\/\/yoast.com\/product\/yoast-seo-wordpress\/ -->\n<title>J. MARISCAL &amp; P. CORTES, TABOURETS DUPLEX, C.1981 - DIZAGN<\/title>\n<meta name=\"robots\" content=\"index, follow, max-snippet:-1, max-image-preview:large, max-video-preview:-1\" \/>\n<link rel=\"canonical\" href=\"https:\/\/dizagn.fr\/en\/product\/mariscal-javier-cortes-pepe-tabourets-duplex-bd-ed-c-1981\/\" \/>\n<meta property=\"og:locale\" content=\"en_GB\" \/>\n<meta property=\"og:type\" content=\"article\" \/>\n<meta property=\"og:title\" content=\"J. MARISCAL &amp; P. CORTES, TABOURETS DUPLEX, C.1981 - DIZAGN\" \/>\n<meta property=\"og:description\" content=\"MARISCAL Javier (1950-) &amp; CORTES Pepe (1946-)  Paire de tabourets Duplex  BD Editiones de diseno \u00e9diteur, circa 1981  M\u00e9tal laqu\u00e9 blanc noir rouge bleu et jaune, galette de cuir noir  Haut. 77 x Diam. 39 cm  &nbsp;  Ref. 270\" \/>\n<meta property=\"og:url\" content=\"https:\/\/dizagn.fr\/en\/product\/mariscal-javier-cortes-pepe-tabourets-duplex-bd-ed-c-1981\/\" \/>\n<meta property=\"og:site_name\" content=\"DIZAGN\" \/>\n<meta property=\"article:modified_time\" content=\"2023-03-02T10:08:28+00:00\" \/>\n<meta property=\"og:image\" content=\"https:\/\/dizagn.fr\/wp-content\/uploads\/2022\/09\/MARISCAL-Xavier-CORTES-Pepe-tabourets-DUPLEX-1.jpg\" \/>\n\t<meta property=\"og:image:width\" content=\"1772\" \/>\n\t<meta property=\"og:image:height\" content=\"1772\" \/>\n\t<meta property=\"og:image:type\" content=\"image\/jpeg\" \/>\n<meta name=\"twitter:card\" content=\"summary_large_image\" \/>\n<meta name=\"twitter:label1\" content=\"Estimated reading time\" \/>\n\t<meta name=\"twitter:data1\" content=\"1 minute\" \/>\n<script type=\"application\/ld+json\" class=\"yoast-schema-graph\">{\"@context\":\"https:\/\/schema.org\",\"@graph\":[{\"@type\":\"WebPage\",\"@id\":\"https:\/\/dizagn.fr\/produit\/mariscal-javier-cortes-pepe-tabourets-duplex-bd-ed-c-1981\/\",\"url\":\"https:\/\/dizagn.fr\/produit\/mariscal-javier-cortes-pepe-tabourets-duplex-bd-ed-c-1981\/\",\"name\":\"J. MARISCAL & P. CORTES, TABOURETS DUPLEX, C.1981 - DIZAGN\",\"isPartOf\":{\"@id\":\"https:\/\/dizagn.fr\/#website\"},\"primaryImageOfPage\":{\"@id\":\"https:\/\/dizagn.fr\/produit\/mariscal-javier-cortes-pepe-tabourets-duplex-bd-ed-c-1981\/#primaryimage\"},\"image\":{\"@id\":\"https:\/\/dizagn.fr\/produit\/mariscal-javier-cortes-pepe-tabourets-duplex-bd-ed-c-1981\/#primaryimage\"},\"thumbnailUrl\":\"https:\/\/dizagn.fr\/wp-content\/uploads\/2022\/09\/MARISCAL-Xavier-CORTES-Pepe-tabourets-DUPLEX-1.jpg\",\"datePublished\":\"2022-09-01T22:38:36+00:00\",\"dateModified\":\"2023-03-02T10:08:28+00:00\",\"breadcrumb\":{\"@id\":\"https:\/\/dizagn.fr\/produit\/mariscal-javier-cortes-pepe-tabourets-duplex-bd-ed-c-1981\/#breadcrumb\"},\"inLanguage\":\"en-GB\",\"potentialAction\":[{\"@type\":\"ReadAction\",\"target\":[\"https:\/\/dizagn.fr\/produit\/mariscal-javier-cortes-pepe-tabourets-duplex-bd-ed-c-1981\/\"]}]},{\"@type\":\"ImageObject\",\"inLanguage\":\"en-GB\",\"@id\":\"https:\/\/dizagn.fr\/produit\/mariscal-javier-cortes-pepe-tabourets-duplex-bd-ed-c-1981\/#primaryimage\",\"url\":\"https:\/\/dizagn.fr\/wp-content\/uploads\/2022\/09\/MARISCAL-Xavier-CORTES-Pepe-tabourets-DUPLEX-1.jpg\",\"contentUrl\":\"https:\/\/dizagn.fr\/wp-content\/uploads\/2022\/09\/MARISCAL-Xavier-CORTES-Pepe-tabourets-DUPLEX-1.jpg\",\"width\":1772,\"height\":1772,\"caption\":\"MARISCAL Xavier CORTES Pepe tabourets DUPLEX\"},{\"@type\":\"BreadcrumbList\",\"@id\":\"https:\/\/dizagn.fr\/produit\/mariscal-javier-cortes-pepe-tabourets-duplex-bd-ed-c-1981\/#breadcrumb\",\"itemListElement\":[{\"@type\":\"ListItem\",\"position\":1,\"name\":\"Accueil\",\"item\":\"https:\/\/dizagn.fr\/\"},{\"@type\":\"ListItem\",\"position\":2,\"name\":\"S\u00e9lection\",\"item\":\"https:\/\/dizagn.fr\/\"},{\"@type\":\"ListItem\",\"position\":3,\"name\":\"J. MARISCAL &#038; P. CORTES, TABOURETS DUPLEX, C.1981\"}]},{\"@type\":\"WebSite\",\"@id\":\"https:\/\/dizagn.fr\/#website\",\"url\":\"https:\/\/dizagn.fr\/\",\"name\":\"DIZAGN\",\"description\":\"\",\"potentialAction\":[{\"@type\":\"SearchAction\",\"target\":{\"@type\":\"EntryPoint\",\"urlTemplate\":\"https:\/\/dizagn.fr\/?s={search_term_string}\"},\"query-input\":{\"@type\":\"PropertyValueSpecification\",\"valueRequired\":true,\"valueName\":\"search_term_string\"}}],\"inLanguage\":\"en-GB\"}]}<\/script>\n<!-- \/ Yoast SEO plugin. -->","yoast_head_json":{"title":"J. MARISCAL & P. CORTES, TABOURETS DUPLEX, C.1981 - DIZAGN","robots":{"index":"index","follow":"follow","max-snippet":"max-snippet:-1","max-image-preview":"max-image-preview:large","max-video-preview":"max-video-preview:-1"},"canonical":"https:\/\/dizagn.fr\/en\/product\/mariscal-javier-cortes-pepe-tabourets-duplex-bd-ed-c-1981\/","og_locale":"en_GB","og_type":"article","og_title":"J. MARISCAL & P. CORTES, TABOURETS DUPLEX, C.1981 - DIZAGN","og_description":"MARISCAL Javier (1950-) &amp; CORTES Pepe (1946-)  Paire de tabourets Duplex  BD Editiones de diseno \u00e9diteur, circa 1981  M\u00e9tal laqu\u00e9 blanc noir rouge bleu et jaune, galette de cuir noir  Haut. 77 x Diam. 39 cm  &nbsp;  Ref. 270","og_url":"https:\/\/dizagn.fr\/en\/product\/mariscal-javier-cortes-pepe-tabourets-duplex-bd-ed-c-1981\/","og_site_name":"DIZAGN","article_modified_time":"2023-03-02T10:08:28+00:00","og_image":[{"width":1772,"height":1772,"url":"https:\/\/dizagn.fr\/wp-content\/uploads\/2022\/09\/MARISCAL-Xavier-CORTES-Pepe-tabourets-DUPLEX-1.jpg","type":"image\/jpeg"}],"twitter_card":"summary_large_image","twitter_misc":{"Estimated reading time":"1 minute"},"schema":{"@context":"https:\/\/schema.org","@graph":[{"@type":"WebPage","@id":"https:\/\/dizagn.fr\/produit\/mariscal-javier-cortes-pepe-tabourets-duplex-bd-ed-c-1981\/","url":"https:\/\/dizagn.fr\/produit\/mariscal-javier-cortes-pepe-tabourets-duplex-bd-ed-c-1981\/","name":"J. MARISCAL & P. CORTES, TABOURETS DUPLEX, C.1981 - DIZAGN","isPartOf":{"@id":"https:\/\/dizagn.fr\/#website"},"primaryImageOfPage":{"@id":"https:\/\/dizagn.fr\/produit\/mariscal-javier-cortes-pepe-tabourets-duplex-bd-ed-c-1981\/#primaryimage"},"image":{"@id":"https:\/\/dizagn.fr\/produit\/mariscal-javier-cortes-pepe-tabourets-duplex-bd-ed-c-1981\/#primaryimage"},"thumbnailUrl":"https:\/\/dizagn.fr\/wp-content\/uploads\/2022\/09\/MARISCAL-Xavier-CORTES-Pepe-tabourets-DUPLEX-1.jpg","datePublished":"2022-09-01T22:38:36+00:00","dateModified":"2023-03-02T10:08:28+00:00","breadcrumb":{"@id":"https:\/\/dizagn.fr\/produit\/mariscal-javier-cortes-pepe-tabourets-duplex-bd-ed-c-1981\/#breadcrumb"},"inLanguage":"en-GB","potentialAction":[{"@type":"ReadAction","target":["https:\/\/dizagn.fr\/produit\/mariscal-javier-cortes-pepe-tabourets-duplex-bd-ed-c-1981\/"]}]},{"@type":"ImageObject","inLanguage":"en-GB","@id":"https:\/\/dizagn.fr\/produit\/mariscal-javier-cortes-pepe-tabourets-duplex-bd-ed-c-1981\/#primaryimage","url":"https:\/\/dizagn.fr\/wp-content\/uploads\/2022\/09\/MARISCAL-Xavier-CORTES-Pepe-tabourets-DUPLEX-1.jpg","contentUrl":"https:\/\/dizagn.fr\/wp-content\/uploads\/2022\/09\/MARISCAL-Xavier-CORTES-Pepe-tabourets-DUPLEX-1.jpg","width":1772,"height":1772,"caption":"MARISCAL Xavier CORTES Pepe tabourets DUPLEX"},{"@type":"BreadcrumbList","@id":"https:\/\/dizagn.fr\/produit\/mariscal-javier-cortes-pepe-tabourets-duplex-bd-ed-c-1981\/#breadcrumb","itemListElement":[{"@type":"ListItem","position":1,"name":"Accueil","item":"https:\/\/dizagn.fr\/"},{"@type":"ListItem","position":2,"name":"S\u00e9lection","item":"https:\/\/dizagn.fr\/"},{"@type":"ListItem","position":3,"name":"J. MARISCAL &#038; P. CORTES, TABOURETS DUPLEX, C.1981"}]},{"@type":"WebSite","@id":"https:\/\/dizagn.fr\/#website","url":"https:\/\/dizagn.fr\/","name":"DIZAGN","description":"","potentialAction":[{"@type":"SearchAction","target":{"@type":"EntryPoint","urlTemplate":"https:\/\/dizagn.fr\/?s={search_term_string}"},"query-input":{"@type":"PropertyValueSpecification","valueRequired":true,"valueName":"search_term_string"}}],"inLanguage":"en-GB"}]}},"_links":{"self":[{"href":"https:\/\/dizagn.fr\/en\/wp-json\/wp\/v2\/product\/637","targetHints":{"allow":["GET"]}}],"collection":[{"href":"https:\/\/dizagn.fr\/en\/wp-json\/wp\/v2\/product"}],"about":[{"href":"https:\/\/dizagn.fr\/en\/wp-json\/wp\/v2\/types\/product"}],"wp:featuredmedia":[{"embeddable":true,"href":"https:\/\/dizagn.fr\/en\/wp-json\/wp\/v2\/media\/638"}],"wp:attachment":[{"href":"https:\/\/dizagn.fr\/en\/wp-json\/wp\/v2\/media?parent=637"}],"wp:term":[{"taxonomy":"product_brand","embeddable":true,"href":"https:\/\/dizagn.fr\/en\/wp-json\/wp\/v2\/product_brand?post=637"},{"taxonomy":"product_cat","embeddable":true,"href":"https:\/\/dizagn.fr\/en\/wp-json\/wp\/v2\/product_cat?post=637"},{"taxonomy":"product_tag","embeddable":true,"href":"https:\/\/dizagn.fr\/en\/wp-json\/wp\/v2\/product_tag?post=637"}],"curies":[{"name":"wp","href":"https:\/\/api.w.org\/{rel}","templated":true}]}}