{"id":636,"date":"2022-09-02T00:20:02","date_gmt":"2022-09-01T22:20:02","guid":{"rendered":"http:\/\/dizagn.fr\/?post_type=product&#038;p=636"},"modified":"2026-04-16T02:58:26","modified_gmt":"2026-04-16T00:58:26","slug":"richard-alain-table-200-meubles-tv-ed-c-1954","status":"publish","type":"product","link":"https:\/\/dizagn.fr\/en\/product\/richard-alain-table-200-meubles-tv-ed-c-1954\/","title":{"rendered":"ALAIN RICHARD, TABLE 200, MEUBLES TV ED., C.1954"},"content":{"rendered":"<p>References: Meubles TV commercial catalog, circa 1955<\/p>","protected":false},"excerpt":{"rendered":"<p>RICHARD Alain (1926-2009)<\/p>\n<p>Table 200, Meubles TV edition, circa 1954<\/p>\n<p>Black lacquered metal, elm and black laminate<\/p>\n<p>Length. 130 x Height. 75 x Depth 80 cm<\/p>\n<p>Ref. 287<\/p>","protected":false},"featured_media":1807,"template":"","meta":{"_et_pb_use_builder":"","_et_pb_old_content":"","_et_gb_content_width":""},"product_brand":[],"product_cat":[19],"product_tag":[],"class_list":{"0":"post-636","1":"product","2":"type-product","3":"status-publish","4":"has-post-thumbnail","6":"product_cat-archives","8":"first","9":"outofstock","10":"shipping-taxable","11":"product-type-simple"},"yoast_head":"<!-- This site is optimized with the Yoast SEO plugin v27.4 - https:\/\/yoast.com\/product\/yoast-seo-wordpress\/ -->\n<title>ALAIN RICHARD, TABLE 200, MEUBLES TV ED., C.1954 - DIZAGN<\/title>\n<meta name=\"robots\" content=\"index, follow, max-snippet:-1, max-image-preview:large, max-video-preview:-1\" \/>\n<link rel=\"canonical\" href=\"https:\/\/dizagn.fr\/en\/product\/richard-alain-table-200-meubles-tv-ed-c-1954\/\" \/>\n<meta property=\"og:locale\" content=\"en_GB\" \/>\n<meta property=\"og:type\" content=\"article\" \/>\n<meta property=\"og:title\" content=\"ALAIN RICHARD, TABLE 200, MEUBLES TV ED., C.1954 - DIZAGN\" \/>\n<meta property=\"og:description\" content=\"RICHARD Alain (1926-2009)  Table 200, Meubles TV \u00e9diteur, circa 1954  M\u00e9tal laqu\u00e9 noir, orme et stratifi\u00e9 noir  Long. 130 x Haut. 75 x Prof 80 cm    Ref. 287\" \/>\n<meta property=\"og:url\" content=\"https:\/\/dizagn.fr\/en\/product\/richard-alain-table-200-meubles-tv-ed-c-1954\/\" \/>\n<meta property=\"og:site_name\" content=\"DIZAGN\" \/>\n<meta property=\"article:modified_time\" content=\"2026-04-16T00:58:26+00:00\" \/>\n<meta property=\"og:image\" content=\"https:\/\/dizagn.fr\/wp-content\/uploads\/2022\/09\/RICHARD-Alain-table-200-1-2-1024x1024.jpg\" \/>\n\t<meta property=\"og:image:width\" content=\"1024\" \/>\n\t<meta property=\"og:image:height\" content=\"1024\" \/>\n\t<meta property=\"og:image:type\" content=\"image\/jpeg\" \/>\n<meta name=\"twitter:card\" content=\"summary_large_image\" \/>\n<meta name=\"twitter:label1\" content=\"Estimated reading time\" \/>\n\t<meta name=\"twitter:data1\" content=\"1 minute\" \/>\n<script type=\"application\/ld+json\" class=\"yoast-schema-graph\">{\"@context\":\"https:\\\/\\\/schema.org\",\"@graph\":[{\"@type\":\"WebPage\",\"@id\":\"https:\\\/\\\/dizagn.fr\\\/produit\\\/richard-alain-table-200-meubles-tv-ed-c-1954\\\/\",\"url\":\"https:\\\/\\\/dizagn.fr\\\/produit\\\/richard-alain-table-200-meubles-tv-ed-c-1954\\\/\",\"name\":\"ALAIN RICHARD, TABLE 200, MEUBLES TV ED., C.1954 - DIZAGN\",\"isPartOf\":{\"@id\":\"https:\\\/\\\/dizagn.fr\\\/#website\"},\"primaryImageOfPage\":{\"@id\":\"https:\\\/\\\/dizagn.fr\\\/produit\\\/richard-alain-table-200-meubles-tv-ed-c-1954\\\/#primaryimage\"},\"image\":{\"@id\":\"https:\\\/\\\/dizagn.fr\\\/produit\\\/richard-alain-table-200-meubles-tv-ed-c-1954\\\/#primaryimage\"},\"thumbnailUrl\":\"https:\\\/\\\/dizagn.fr\\\/wp-content\\\/uploads\\\/2022\\\/09\\\/RICHARD-Alain-table-200-1-2.jpg\",\"datePublished\":\"2022-09-01T22:20:02+00:00\",\"dateModified\":\"2026-04-16T00:58:26+00:00\",\"breadcrumb\":{\"@id\":\"https:\\\/\\\/dizagn.fr\\\/produit\\\/richard-alain-table-200-meubles-tv-ed-c-1954\\\/#breadcrumb\"},\"inLanguage\":\"en-GB\",\"potentialAction\":[{\"@type\":\"ReadAction\",\"target\":[\"https:\\\/\\\/dizagn.fr\\\/produit\\\/richard-alain-table-200-meubles-tv-ed-c-1954\\\/\"]}]},{\"@type\":\"ImageObject\",\"inLanguage\":\"en-GB\",\"@id\":\"https:\\\/\\\/dizagn.fr\\\/produit\\\/richard-alain-table-200-meubles-tv-ed-c-1954\\\/#primaryimage\",\"url\":\"https:\\\/\\\/dizagn.fr\\\/wp-content\\\/uploads\\\/2022\\\/09\\\/RICHARD-Alain-table-200-1-2.jpg\",\"contentUrl\":\"https:\\\/\\\/dizagn.fr\\\/wp-content\\\/uploads\\\/2022\\\/09\\\/RICHARD-Alain-table-200-1-2.jpg\",\"width\":2560,\"height\":2557},{\"@type\":\"BreadcrumbList\",\"@id\":\"https:\\\/\\\/dizagn.fr\\\/produit\\\/richard-alain-table-200-meubles-tv-ed-c-1954\\\/#breadcrumb\",\"itemListElement\":[{\"@type\":\"ListItem\",\"position\":1,\"name\":\"Accueil\",\"item\":\"https:\\\/\\\/dizagn.fr\\\/\"},{\"@type\":\"ListItem\",\"position\":2,\"name\":\"S\u00e9lection\",\"item\":\"https:\\\/\\\/dizagn.fr\\\/\"},{\"@type\":\"ListItem\",\"position\":3,\"name\":\"ALAIN RICHARD, TABLE 200, MEUBLES TV ED., C.1954\"}]},{\"@type\":\"WebSite\",\"@id\":\"https:\\\/\\\/dizagn.fr\\\/#website\",\"url\":\"https:\\\/\\\/dizagn.fr\\\/\",\"name\":\"DIZAGN\",\"description\":\"\",\"publisher\":{\"@id\":\"https:\\\/\\\/dizagn.fr\\\/#organization\"},\"potentialAction\":[{\"@type\":\"SearchAction\",\"target\":{\"@type\":\"EntryPoint\",\"urlTemplate\":\"https:\\\/\\\/dizagn.fr\\\/?s={search_term_string}\"},\"query-input\":{\"@type\":\"PropertyValueSpecification\",\"valueRequired\":true,\"valueName\":\"search_term_string\"}}],\"inLanguage\":\"en-GB\"},{\"@type\":\"Organization\",\"@id\":\"https:\\\/\\\/dizagn.fr\\\/#organization\",\"name\":\"DIZAGN\",\"url\":\"https:\\\/\\\/dizagn.fr\\\/\",\"logo\":{\"@type\":\"ImageObject\",\"inLanguage\":\"en-GB\",\"@id\":\"https:\\\/\\\/dizagn.fr\\\/#\\\/schema\\\/logo\\\/image\\\/\",\"url\":\"https:\\\/\\\/dizagn.fr\\\/wp-content\\\/uploads\\\/2023\\\/03\\\/logo-Dizagn.jpg\",\"contentUrl\":\"https:\\\/\\\/dizagn.fr\\\/wp-content\\\/uploads\\\/2023\\\/03\\\/logo-Dizagn.jpg\",\"width\":304,\"height\":95,\"caption\":\"DIZAGN\"},\"image\":{\"@id\":\"https:\\\/\\\/dizagn.fr\\\/#\\\/schema\\\/logo\\\/image\\\/\"}}]}<\/script>\n<!-- \/ Yoast SEO plugin. -->","yoast_head_json":{"title":"ALAIN RICHARD, TABLE 200, MEUBLES TV ED., C.1954 - DIZAGN","robots":{"index":"index","follow":"follow","max-snippet":"max-snippet:-1","max-image-preview":"max-image-preview:large","max-video-preview":"max-video-preview:-1"},"canonical":"https:\/\/dizagn.fr\/en\/product\/richard-alain-table-200-meubles-tv-ed-c-1954\/","og_locale":"en_GB","og_type":"article","og_title":"ALAIN RICHARD, TABLE 200, MEUBLES TV ED., C.1954 - DIZAGN","og_description":"RICHARD Alain (1926-2009)  Table 200, Meubles TV \u00e9diteur, circa 1954  M\u00e9tal laqu\u00e9 noir, orme et stratifi\u00e9 noir  Long. 130 x Haut. 75 x Prof 80 cm    Ref. 287","og_url":"https:\/\/dizagn.fr\/en\/product\/richard-alain-table-200-meubles-tv-ed-c-1954\/","og_site_name":"DIZAGN","article_modified_time":"2026-04-16T00:58:26+00:00","og_image":[{"width":1024,"height":1024,"url":"https:\/\/dizagn.fr\/wp-content\/uploads\/2022\/09\/RICHARD-Alain-table-200-1-2-1024x1024.jpg","type":"image\/jpeg"}],"twitter_card":"summary_large_image","twitter_misc":{"Estimated reading time":"1 minute"},"schema":{"@context":"https:\/\/schema.org","@graph":[{"@type":"WebPage","@id":"https:\/\/dizagn.fr\/produit\/richard-alain-table-200-meubles-tv-ed-c-1954\/","url":"https:\/\/dizagn.fr\/produit\/richard-alain-table-200-meubles-tv-ed-c-1954\/","name":"ALAIN RICHARD, TABLE 200, MEUBLES TV ED., C.1954 - DIZAGN","isPartOf":{"@id":"https:\/\/dizagn.fr\/#website"},"primaryImageOfPage":{"@id":"https:\/\/dizagn.fr\/produit\/richard-alain-table-200-meubles-tv-ed-c-1954\/#primaryimage"},"image":{"@id":"https:\/\/dizagn.fr\/produit\/richard-alain-table-200-meubles-tv-ed-c-1954\/#primaryimage"},"thumbnailUrl":"https:\/\/dizagn.fr\/wp-content\/uploads\/2022\/09\/RICHARD-Alain-table-200-1-2.jpg","datePublished":"2022-09-01T22:20:02+00:00","dateModified":"2026-04-16T00:58:26+00:00","breadcrumb":{"@id":"https:\/\/dizagn.fr\/produit\/richard-alain-table-200-meubles-tv-ed-c-1954\/#breadcrumb"},"inLanguage":"en-GB","potentialAction":[{"@type":"ReadAction","target":["https:\/\/dizagn.fr\/produit\/richard-alain-table-200-meubles-tv-ed-c-1954\/"]}]},{"@type":"ImageObject","inLanguage":"en-GB","@id":"https:\/\/dizagn.fr\/produit\/richard-alain-table-200-meubles-tv-ed-c-1954\/#primaryimage","url":"https:\/\/dizagn.fr\/wp-content\/uploads\/2022\/09\/RICHARD-Alain-table-200-1-2.jpg","contentUrl":"https:\/\/dizagn.fr\/wp-content\/uploads\/2022\/09\/RICHARD-Alain-table-200-1-2.jpg","width":2560,"height":2557},{"@type":"BreadcrumbList","@id":"https:\/\/dizagn.fr\/produit\/richard-alain-table-200-meubles-tv-ed-c-1954\/#breadcrumb","itemListElement":[{"@type":"ListItem","position":1,"name":"Accueil","item":"https:\/\/dizagn.fr\/"},{"@type":"ListItem","position":2,"name":"S\u00e9lection","item":"https:\/\/dizagn.fr\/"},{"@type":"ListItem","position":3,"name":"ALAIN RICHARD, TABLE 200, MEUBLES TV ED., C.1954"}]},{"@type":"WebSite","@id":"https:\/\/dizagn.fr\/#website","url":"https:\/\/dizagn.fr\/","name":"DIZAGN","description":"","publisher":{"@id":"https:\/\/dizagn.fr\/#organization"},"potentialAction":[{"@type":"SearchAction","target":{"@type":"EntryPoint","urlTemplate":"https:\/\/dizagn.fr\/?s={search_term_string}"},"query-input":{"@type":"PropertyValueSpecification","valueRequired":true,"valueName":"search_term_string"}}],"inLanguage":"en-GB"},{"@type":"Organization","@id":"https:\/\/dizagn.fr\/#organization","name":"DIZAGN","url":"https:\/\/dizagn.fr\/","logo":{"@type":"ImageObject","inLanguage":"en-GB","@id":"https:\/\/dizagn.fr\/#\/schema\/logo\/image\/","url":"https:\/\/dizagn.fr\/wp-content\/uploads\/2023\/03\/logo-Dizagn.jpg","contentUrl":"https:\/\/dizagn.fr\/wp-content\/uploads\/2023\/03\/logo-Dizagn.jpg","width":304,"height":95,"caption":"DIZAGN"},"image":{"@id":"https:\/\/dizagn.fr\/#\/schema\/logo\/image\/"}}]}},"_links":{"self":[{"href":"https:\/\/dizagn.fr\/en\/wp-json\/wp\/v2\/product\/636","targetHints":{"allow":["GET"]}}],"collection":[{"href":"https:\/\/dizagn.fr\/en\/wp-json\/wp\/v2\/product"}],"about":[{"href":"https:\/\/dizagn.fr\/en\/wp-json\/wp\/v2\/types\/product"}],"wp:featuredmedia":[{"embeddable":true,"href":"https:\/\/dizagn.fr\/en\/wp-json\/wp\/v2\/media\/1807"}],"wp:attachment":[{"href":"https:\/\/dizagn.fr\/en\/wp-json\/wp\/v2\/media?parent=636"}],"wp:term":[{"taxonomy":"product_brand","embeddable":true,"href":"https:\/\/dizagn.fr\/en\/wp-json\/wp\/v2\/product_brand?post=636"},{"taxonomy":"product_cat","embeddable":true,"href":"https:\/\/dizagn.fr\/en\/wp-json\/wp\/v2\/product_cat?post=636"},{"taxonomy":"product_tag","embeddable":true,"href":"https:\/\/dizagn.fr\/en\/wp-json\/wp\/v2\/product_tag?post=636"}],"curies":[{"name":"wp","href":"https:\/\/api.w.org\/{rel}","templated":true}]}}