{"id":618,"date":"2022-09-01T23:36:49","date_gmt":"2022-09-01T21:36:49","guid":{"rendered":"http:\/\/dizagn.fr\/?post_type=product&#038;p=618"},"modified":"2024-10-29T08:18:40","modified_gmt":"2024-10-29T07:18:40","slug":"travail-francais-lampadaire-c-1990","status":"publish","type":"product","link":"https:\/\/dizagn.fr\/en\/product\/travail-francais-lampadaire-c-1990\/","title":{"rendered":"BOLLUM, FLOORLAMP, C.1990"},"content":{"rendered":"","protected":false},"excerpt":{"rendered":"<p>Bollum studio<\/p>\n<p>Floorlamp, Bollum edition, France, circa 1990<\/p>\n<p>Grey lacquered metal, Plexiglas, steel wire and halogen<\/p>\n<p>Height. 184 x Depth. 44 cm<\/p>\n<p>Ref. 279<\/p>","protected":false},"featured_media":624,"template":"","meta":{"_et_pb_use_builder":"","_et_pb_old_content":"","_et_gb_content_width":""},"product_brand":[],"product_cat":[18],"product_tag":[],"class_list":{"0":"post-618","1":"product","2":"type-product","3":"status-publish","4":"has-post-thumbnail","6":"product_cat-selection","8":"first","9":"instock","10":"shipping-taxable","11":"purchasable","12":"product-type-simple"},"yoast_head":"<!-- This site is optimized with the Yoast SEO plugin v27.4 - https:\/\/yoast.com\/product\/yoast-seo-wordpress\/ -->\n<title>BOLLUM, LAMPADAIRE, C.1990 - DIZAGN<\/title>\n<meta name=\"robots\" content=\"index, follow, max-snippet:-1, max-image-preview:large, max-video-preview:-1\" \/>\n<link rel=\"canonical\" href=\"https:\/\/dizagn.fr\/en\/product\/travail-francais-lampadaire-c-1990\/\" \/>\n<meta property=\"og:locale\" content=\"en_GB\" \/>\n<meta property=\"og:type\" content=\"article\" \/>\n<meta property=\"og:title\" content=\"BOLLUM, LAMPADAIRE, C.1990 - DIZAGN\" \/>\n<meta property=\"og:description\" content=\"Bollum studio  Lampadaire, Bollum \u00e9diteur, France, circa 1990  M\u00e9tal laqu\u00e9 gris, plexiglas, fil d&#039;acier et halog\u00e8ne  Haut. 184 x Prof. 44 cm  Ref. 279\" \/>\n<meta property=\"og:url\" content=\"https:\/\/dizagn.fr\/en\/product\/travail-francais-lampadaire-c-1990\/\" \/>\n<meta property=\"og:site_name\" content=\"DIZAGN\" \/>\n<meta property=\"article:modified_time\" content=\"2024-10-29T07:18:40+00:00\" \/>\n<meta property=\"og:image\" content=\"https:\/\/dizagn.fr\/wp-content\/uploads\/2022\/09\/TRAVAIL-FRANCAIS-LAMPADAIRE-1990-1.jpg\" \/>\n\t<meta property=\"og:image:width\" content=\"1772\" \/>\n\t<meta property=\"og:image:height\" content=\"1772\" \/>\n\t<meta property=\"og:image:type\" content=\"image\/jpeg\" \/>\n<meta name=\"twitter:card\" content=\"summary_large_image\" \/>\n<meta name=\"twitter:label1\" content=\"Estimated reading time\" \/>\n\t<meta name=\"twitter:data1\" content=\"1 minute\" \/>\n<script type=\"application\/ld+json\" class=\"yoast-schema-graph\">{\"@context\":\"https:\\\/\\\/schema.org\",\"@graph\":[{\"@type\":\"WebPage\",\"@id\":\"https:\\\/\\\/dizagn.fr\\\/produit\\\/travail-francais-lampadaire-c-1990\\\/\",\"url\":\"https:\\\/\\\/dizagn.fr\\\/produit\\\/travail-francais-lampadaire-c-1990\\\/\",\"name\":\"BOLLUM, LAMPADAIRE, C.1990 - DIZAGN\",\"isPartOf\":{\"@id\":\"https:\\\/\\\/dizagn.fr\\\/#website\"},\"primaryImageOfPage\":{\"@id\":\"https:\\\/\\\/dizagn.fr\\\/produit\\\/travail-francais-lampadaire-c-1990\\\/#primaryimage\"},\"image\":{\"@id\":\"https:\\\/\\\/dizagn.fr\\\/produit\\\/travail-francais-lampadaire-c-1990\\\/#primaryimage\"},\"thumbnailUrl\":\"https:\\\/\\\/dizagn.fr\\\/wp-content\\\/uploads\\\/2022\\\/09\\\/TRAVAIL-FRANCAIS-LAMPADAIRE-1990-1.jpg\",\"datePublished\":\"2022-09-01T21:36:49+00:00\",\"dateModified\":\"2024-10-29T07:18:40+00:00\",\"breadcrumb\":{\"@id\":\"https:\\\/\\\/dizagn.fr\\\/produit\\\/travail-francais-lampadaire-c-1990\\\/#breadcrumb\"},\"inLanguage\":\"en-GB\",\"potentialAction\":[{\"@type\":\"ReadAction\",\"target\":[\"https:\\\/\\\/dizagn.fr\\\/produit\\\/travail-francais-lampadaire-c-1990\\\/\"]}]},{\"@type\":\"ImageObject\",\"inLanguage\":\"en-GB\",\"@id\":\"https:\\\/\\\/dizagn.fr\\\/produit\\\/travail-francais-lampadaire-c-1990\\\/#primaryimage\",\"url\":\"https:\\\/\\\/dizagn.fr\\\/wp-content\\\/uploads\\\/2022\\\/09\\\/TRAVAIL-FRANCAIS-LAMPADAIRE-1990-1.jpg\",\"contentUrl\":\"https:\\\/\\\/dizagn.fr\\\/wp-content\\\/uploads\\\/2022\\\/09\\\/TRAVAIL-FRANCAIS-LAMPADAIRE-1990-1.jpg\",\"width\":1772,\"height\":1772,\"caption\":\"TRAVAIL FRAN\u00c7AIS, LAMPADAIRE, C.1990\"},{\"@type\":\"BreadcrumbList\",\"@id\":\"https:\\\/\\\/dizagn.fr\\\/produit\\\/travail-francais-lampadaire-c-1990\\\/#breadcrumb\",\"itemListElement\":[{\"@type\":\"ListItem\",\"position\":1,\"name\":\"Accueil\",\"item\":\"https:\\\/\\\/dizagn.fr\\\/\"},{\"@type\":\"ListItem\",\"position\":2,\"name\":\"S\u00e9lection\",\"item\":\"https:\\\/\\\/dizagn.fr\\\/\"},{\"@type\":\"ListItem\",\"position\":3,\"name\":\"BOLLUM, LAMPADAIRE, C.1990\"}]},{\"@type\":\"WebSite\",\"@id\":\"https:\\\/\\\/dizagn.fr\\\/#website\",\"url\":\"https:\\\/\\\/dizagn.fr\\\/\",\"name\":\"DIZAGN\",\"description\":\"\",\"publisher\":{\"@id\":\"https:\\\/\\\/dizagn.fr\\\/#organization\"},\"potentialAction\":[{\"@type\":\"SearchAction\",\"target\":{\"@type\":\"EntryPoint\",\"urlTemplate\":\"https:\\\/\\\/dizagn.fr\\\/?s={search_term_string}\"},\"query-input\":{\"@type\":\"PropertyValueSpecification\",\"valueRequired\":true,\"valueName\":\"search_term_string\"}}],\"inLanguage\":\"en-GB\"},{\"@type\":\"Organization\",\"@id\":\"https:\\\/\\\/dizagn.fr\\\/#organization\",\"name\":\"DIZAGN\",\"url\":\"https:\\\/\\\/dizagn.fr\\\/\",\"logo\":{\"@type\":\"ImageObject\",\"inLanguage\":\"en-GB\",\"@id\":\"https:\\\/\\\/dizagn.fr\\\/#\\\/schema\\\/logo\\\/image\\\/\",\"url\":\"https:\\\/\\\/dizagn.fr\\\/wp-content\\\/uploads\\\/2023\\\/03\\\/logo-Dizagn.jpg\",\"contentUrl\":\"https:\\\/\\\/dizagn.fr\\\/wp-content\\\/uploads\\\/2023\\\/03\\\/logo-Dizagn.jpg\",\"width\":304,\"height\":95,\"caption\":\"DIZAGN\"},\"image\":{\"@id\":\"https:\\\/\\\/dizagn.fr\\\/#\\\/schema\\\/logo\\\/image\\\/\"}}]}<\/script>\n<!-- \/ Yoast SEO plugin. -->","yoast_head_json":{"title":"BOLLUM, LAMPADAIRE, C.1990 - DIZAGN","robots":{"index":"index","follow":"follow","max-snippet":"max-snippet:-1","max-image-preview":"max-image-preview:large","max-video-preview":"max-video-preview:-1"},"canonical":"https:\/\/dizagn.fr\/en\/product\/travail-francais-lampadaire-c-1990\/","og_locale":"en_GB","og_type":"article","og_title":"BOLLUM, LAMPADAIRE, C.1990 - DIZAGN","og_description":"Bollum studio  Lampadaire, Bollum \u00e9diteur, France, circa 1990  M\u00e9tal laqu\u00e9 gris, plexiglas, fil d'acier et halog\u00e8ne  Haut. 184 x Prof. 44 cm  Ref. 279","og_url":"https:\/\/dizagn.fr\/en\/product\/travail-francais-lampadaire-c-1990\/","og_site_name":"DIZAGN","article_modified_time":"2024-10-29T07:18:40+00:00","og_image":[{"width":1772,"height":1772,"url":"https:\/\/dizagn.fr\/wp-content\/uploads\/2022\/09\/TRAVAIL-FRANCAIS-LAMPADAIRE-1990-1.jpg","type":"image\/jpeg"}],"twitter_card":"summary_large_image","twitter_misc":{"Estimated reading time":"1 minute"},"schema":{"@context":"https:\/\/schema.org","@graph":[{"@type":"WebPage","@id":"https:\/\/dizagn.fr\/produit\/travail-francais-lampadaire-c-1990\/","url":"https:\/\/dizagn.fr\/produit\/travail-francais-lampadaire-c-1990\/","name":"BOLLUM, LAMPADAIRE, C.1990 - DIZAGN","isPartOf":{"@id":"https:\/\/dizagn.fr\/#website"},"primaryImageOfPage":{"@id":"https:\/\/dizagn.fr\/produit\/travail-francais-lampadaire-c-1990\/#primaryimage"},"image":{"@id":"https:\/\/dizagn.fr\/produit\/travail-francais-lampadaire-c-1990\/#primaryimage"},"thumbnailUrl":"https:\/\/dizagn.fr\/wp-content\/uploads\/2022\/09\/TRAVAIL-FRANCAIS-LAMPADAIRE-1990-1.jpg","datePublished":"2022-09-01T21:36:49+00:00","dateModified":"2024-10-29T07:18:40+00:00","breadcrumb":{"@id":"https:\/\/dizagn.fr\/produit\/travail-francais-lampadaire-c-1990\/#breadcrumb"},"inLanguage":"en-GB","potentialAction":[{"@type":"ReadAction","target":["https:\/\/dizagn.fr\/produit\/travail-francais-lampadaire-c-1990\/"]}]},{"@type":"ImageObject","inLanguage":"en-GB","@id":"https:\/\/dizagn.fr\/produit\/travail-francais-lampadaire-c-1990\/#primaryimage","url":"https:\/\/dizagn.fr\/wp-content\/uploads\/2022\/09\/TRAVAIL-FRANCAIS-LAMPADAIRE-1990-1.jpg","contentUrl":"https:\/\/dizagn.fr\/wp-content\/uploads\/2022\/09\/TRAVAIL-FRANCAIS-LAMPADAIRE-1990-1.jpg","width":1772,"height":1772,"caption":"TRAVAIL FRAN\u00c7AIS, LAMPADAIRE, C.1990"},{"@type":"BreadcrumbList","@id":"https:\/\/dizagn.fr\/produit\/travail-francais-lampadaire-c-1990\/#breadcrumb","itemListElement":[{"@type":"ListItem","position":1,"name":"Accueil","item":"https:\/\/dizagn.fr\/"},{"@type":"ListItem","position":2,"name":"S\u00e9lection","item":"https:\/\/dizagn.fr\/"},{"@type":"ListItem","position":3,"name":"BOLLUM, LAMPADAIRE, C.1990"}]},{"@type":"WebSite","@id":"https:\/\/dizagn.fr\/#website","url":"https:\/\/dizagn.fr\/","name":"DIZAGN","description":"","publisher":{"@id":"https:\/\/dizagn.fr\/#organization"},"potentialAction":[{"@type":"SearchAction","target":{"@type":"EntryPoint","urlTemplate":"https:\/\/dizagn.fr\/?s={search_term_string}"},"query-input":{"@type":"PropertyValueSpecification","valueRequired":true,"valueName":"search_term_string"}}],"inLanguage":"en-GB"},{"@type":"Organization","@id":"https:\/\/dizagn.fr\/#organization","name":"DIZAGN","url":"https:\/\/dizagn.fr\/","logo":{"@type":"ImageObject","inLanguage":"en-GB","@id":"https:\/\/dizagn.fr\/#\/schema\/logo\/image\/","url":"https:\/\/dizagn.fr\/wp-content\/uploads\/2023\/03\/logo-Dizagn.jpg","contentUrl":"https:\/\/dizagn.fr\/wp-content\/uploads\/2023\/03\/logo-Dizagn.jpg","width":304,"height":95,"caption":"DIZAGN"},"image":{"@id":"https:\/\/dizagn.fr\/#\/schema\/logo\/image\/"}}]}},"_links":{"self":[{"href":"https:\/\/dizagn.fr\/en\/wp-json\/wp\/v2\/product\/618","targetHints":{"allow":["GET"]}}],"collection":[{"href":"https:\/\/dizagn.fr\/en\/wp-json\/wp\/v2\/product"}],"about":[{"href":"https:\/\/dizagn.fr\/en\/wp-json\/wp\/v2\/types\/product"}],"wp:featuredmedia":[{"embeddable":true,"href":"https:\/\/dizagn.fr\/en\/wp-json\/wp\/v2\/media\/624"}],"wp:attachment":[{"href":"https:\/\/dizagn.fr\/en\/wp-json\/wp\/v2\/media?parent=618"}],"wp:term":[{"taxonomy":"product_brand","embeddable":true,"href":"https:\/\/dizagn.fr\/en\/wp-json\/wp\/v2\/product_brand?post=618"},{"taxonomy":"product_cat","embeddable":true,"href":"https:\/\/dizagn.fr\/en\/wp-json\/wp\/v2\/product_cat?post=618"},{"taxonomy":"product_tag","embeddable":true,"href":"https:\/\/dizagn.fr\/en\/wp-json\/wp\/v2\/product_tag?post=618"}],"curies":[{"name":"wp","href":"https:\/\/api.w.org\/{rel}","templated":true}]}}