{"id":608,"date":"2022-09-01T21:33:43","date_gmt":"2022-09-01T19:33:43","guid":{"rendered":"http:\/\/dizagn.fr\/?post_type=product&#038;p=608"},"modified":"2022-10-26T21:44:31","modified_gmt":"2022-10-26T19:44:31","slug":"guariche-pierre-commode-basse-negroni-ed-c-1973","status":"publish","type":"product","link":"https:\/\/dizagn.fr\/en\/product\/guariche-pierre-commode-basse-negroni-ed-c-1973\/","title":{"rendered":"PIERRE GUARICHE, LOW DRESSER, NEGRONI ED., C.1973"},"content":{"rendered":"<p>References : A. Jeauneau, L. Blaise, D. Jacob, Pierre Guariche, Norma edition, 2020<\/p>","protected":false},"excerpt":{"rendered":"<p>GUARICHE Pierre (1926-1995)<\/p>\n<p>Low dresser, Negroni edition, France, 1973<\/p>\n<p>Commissioned for Athena Port studio-duplex,  Bandol, South of France<\/p>\n<p>Pine, white laminate<\/p>\n<p>Height. 40 x Width. 190 x Depth. 40 cm<\/p>\n<p>&nbsp;<\/p>\n<p>Ref.181<\/p>","protected":false},"featured_media":612,"template":"","meta":{"_et_pb_use_builder":"","_et_pb_old_content":"","_et_gb_content_width":""},"product_brand":[],"product_cat":[19],"product_tag":[],"class_list":{"0":"post-608","1":"product","2":"type-product","3":"status-publish","4":"has-post-thumbnail","6":"product_cat-archives","8":"first","9":"instock","10":"shipping-taxable","11":"purchasable","12":"product-type-simple"},"yoast_head":"<!-- This site is optimized with the Yoast SEO plugin v27.1.1 - https:\/\/yoast.com\/product\/yoast-seo-wordpress\/ -->\n<title>PIERRE GUARICHE, COMMODE BASSE, NEGRONI ED., C.1973 - DIZAGN<\/title>\n<meta name=\"robots\" content=\"index, follow, max-snippet:-1, max-image-preview:large, max-video-preview:-1\" \/>\n<link rel=\"canonical\" href=\"https:\/\/dizagn.fr\/en\/product\/guariche-pierre-commode-basse-negroni-ed-c-1973\/\" \/>\n<meta property=\"og:locale\" content=\"en_GB\" \/>\n<meta property=\"og:type\" content=\"article\" \/>\n<meta property=\"og:title\" content=\"PIERRE GUARICHE, COMMODE BASSE, NEGRONI ED., C.1973 - DIZAGN\" \/>\n<meta property=\"og:description\" content=\"GUARICHE Pierre (1926-1995)  Commode basse, \u00c9dition Negroni, 1973  Con\u00e7ue pour les studio-duplex Athena Port \u00e0 Bandol  Pin, stratifi\u00e9 blanc  Haut. 40 x Larg. 190 x Prof. 40 cm  &nbsp;  Ref.181\" \/>\n<meta property=\"og:url\" content=\"https:\/\/dizagn.fr\/en\/product\/guariche-pierre-commode-basse-negroni-ed-c-1973\/\" \/>\n<meta property=\"og:site_name\" content=\"DIZAGN\" \/>\n<meta property=\"article:modified_time\" content=\"2022-10-26T19:44:31+00:00\" \/>\n<meta property=\"og:image\" content=\"https:\/\/dizagn.fr\/wp-content\/uploads\/2022\/09\/GUARICHE-commode-2-1-1024x1019.jpg\" \/>\n\t<meta property=\"og:image:width\" content=\"1024\" \/>\n\t<meta property=\"og:image:height\" content=\"1019\" \/>\n\t<meta property=\"og:image:type\" content=\"image\/jpeg\" \/>\n<meta name=\"twitter:card\" content=\"summary_large_image\" \/>\n<meta name=\"twitter:label1\" content=\"Estimated reading time\" \/>\n\t<meta name=\"twitter:data1\" content=\"1 minute\" \/>\n<script type=\"application\/ld+json\" class=\"yoast-schema-graph\">{\"@context\":\"https:\/\/schema.org\",\"@graph\":[{\"@type\":\"WebPage\",\"@id\":\"https:\/\/dizagn.fr\/produit\/guariche-pierre-commode-basse-negroni-ed-c-1973\/\",\"url\":\"https:\/\/dizagn.fr\/produit\/guariche-pierre-commode-basse-negroni-ed-c-1973\/\",\"name\":\"PIERRE GUARICHE, COMMODE BASSE, NEGRONI ED., C.1973 - DIZAGN\",\"isPartOf\":{\"@id\":\"https:\/\/dizagn.fr\/#website\"},\"primaryImageOfPage\":{\"@id\":\"https:\/\/dizagn.fr\/produit\/guariche-pierre-commode-basse-negroni-ed-c-1973\/#primaryimage\"},\"image\":{\"@id\":\"https:\/\/dizagn.fr\/produit\/guariche-pierre-commode-basse-negroni-ed-c-1973\/#primaryimage\"},\"thumbnailUrl\":\"https:\/\/dizagn.fr\/wp-content\/uploads\/2022\/09\/GUARICHE-commode-2-1.jpg\",\"datePublished\":\"2022-09-01T19:33:43+00:00\",\"dateModified\":\"2022-10-26T19:44:31+00:00\",\"breadcrumb\":{\"@id\":\"https:\/\/dizagn.fr\/produit\/guariche-pierre-commode-basse-negroni-ed-c-1973\/#breadcrumb\"},\"inLanguage\":\"en-GB\",\"potentialAction\":[{\"@type\":\"ReadAction\",\"target\":[\"https:\/\/dizagn.fr\/produit\/guariche-pierre-commode-basse-negroni-ed-c-1973\/\"]}]},{\"@type\":\"ImageObject\",\"inLanguage\":\"en-GB\",\"@id\":\"https:\/\/dizagn.fr\/produit\/guariche-pierre-commode-basse-negroni-ed-c-1973\/#primaryimage\",\"url\":\"https:\/\/dizagn.fr\/wp-content\/uploads\/2022\/09\/GUARICHE-commode-2-1.jpg\",\"contentUrl\":\"https:\/\/dizagn.fr\/wp-content\/uploads\/2022\/09\/GUARICHE-commode-2-1.jpg\",\"width\":2224,\"height\":2213,\"caption\":\"GUARICHE PIERRE, COMMODE BASSE, NEGRONI ED., C.1973\"},{\"@type\":\"BreadcrumbList\",\"@id\":\"https:\/\/dizagn.fr\/produit\/guariche-pierre-commode-basse-negroni-ed-c-1973\/#breadcrumb\",\"itemListElement\":[{\"@type\":\"ListItem\",\"position\":1,\"name\":\"Accueil\",\"item\":\"https:\/\/dizagn.fr\/\"},{\"@type\":\"ListItem\",\"position\":2,\"name\":\"S\u00e9lection\",\"item\":\"https:\/\/dizagn.fr\/\"},{\"@type\":\"ListItem\",\"position\":3,\"name\":\"PIERRE GUARICHE, COMMODE BASSE, NEGRONI ED., C.1973\"}]},{\"@type\":\"WebSite\",\"@id\":\"https:\/\/dizagn.fr\/#website\",\"url\":\"https:\/\/dizagn.fr\/\",\"name\":\"DIZAGN\",\"description\":\"\",\"potentialAction\":[{\"@type\":\"SearchAction\",\"target\":{\"@type\":\"EntryPoint\",\"urlTemplate\":\"https:\/\/dizagn.fr\/?s={search_term_string}\"},\"query-input\":{\"@type\":\"PropertyValueSpecification\",\"valueRequired\":true,\"valueName\":\"search_term_string\"}}],\"inLanguage\":\"en-GB\"}]}<\/script>\n<!-- \/ Yoast SEO plugin. -->","yoast_head_json":{"title":"PIERRE GUARICHE, COMMODE BASSE, NEGRONI ED., C.1973 - DIZAGN","robots":{"index":"index","follow":"follow","max-snippet":"max-snippet:-1","max-image-preview":"max-image-preview:large","max-video-preview":"max-video-preview:-1"},"canonical":"https:\/\/dizagn.fr\/en\/product\/guariche-pierre-commode-basse-negroni-ed-c-1973\/","og_locale":"en_GB","og_type":"article","og_title":"PIERRE GUARICHE, COMMODE BASSE, NEGRONI ED., C.1973 - DIZAGN","og_description":"GUARICHE Pierre (1926-1995)  Commode basse, \u00c9dition Negroni, 1973  Con\u00e7ue pour les studio-duplex Athena Port \u00e0 Bandol  Pin, stratifi\u00e9 blanc  Haut. 40 x Larg. 190 x Prof. 40 cm  &nbsp;  Ref.181","og_url":"https:\/\/dizagn.fr\/en\/product\/guariche-pierre-commode-basse-negroni-ed-c-1973\/","og_site_name":"DIZAGN","article_modified_time":"2022-10-26T19:44:31+00:00","og_image":[{"width":1024,"height":1019,"url":"https:\/\/dizagn.fr\/wp-content\/uploads\/2022\/09\/GUARICHE-commode-2-1-1024x1019.jpg","type":"image\/jpeg"}],"twitter_card":"summary_large_image","twitter_misc":{"Estimated reading time":"1 minute"},"schema":{"@context":"https:\/\/schema.org","@graph":[{"@type":"WebPage","@id":"https:\/\/dizagn.fr\/produit\/guariche-pierre-commode-basse-negroni-ed-c-1973\/","url":"https:\/\/dizagn.fr\/produit\/guariche-pierre-commode-basse-negroni-ed-c-1973\/","name":"PIERRE GUARICHE, COMMODE BASSE, NEGRONI ED., C.1973 - DIZAGN","isPartOf":{"@id":"https:\/\/dizagn.fr\/#website"},"primaryImageOfPage":{"@id":"https:\/\/dizagn.fr\/produit\/guariche-pierre-commode-basse-negroni-ed-c-1973\/#primaryimage"},"image":{"@id":"https:\/\/dizagn.fr\/produit\/guariche-pierre-commode-basse-negroni-ed-c-1973\/#primaryimage"},"thumbnailUrl":"https:\/\/dizagn.fr\/wp-content\/uploads\/2022\/09\/GUARICHE-commode-2-1.jpg","datePublished":"2022-09-01T19:33:43+00:00","dateModified":"2022-10-26T19:44:31+00:00","breadcrumb":{"@id":"https:\/\/dizagn.fr\/produit\/guariche-pierre-commode-basse-negroni-ed-c-1973\/#breadcrumb"},"inLanguage":"en-GB","potentialAction":[{"@type":"ReadAction","target":["https:\/\/dizagn.fr\/produit\/guariche-pierre-commode-basse-negroni-ed-c-1973\/"]}]},{"@type":"ImageObject","inLanguage":"en-GB","@id":"https:\/\/dizagn.fr\/produit\/guariche-pierre-commode-basse-negroni-ed-c-1973\/#primaryimage","url":"https:\/\/dizagn.fr\/wp-content\/uploads\/2022\/09\/GUARICHE-commode-2-1.jpg","contentUrl":"https:\/\/dizagn.fr\/wp-content\/uploads\/2022\/09\/GUARICHE-commode-2-1.jpg","width":2224,"height":2213,"caption":"GUARICHE PIERRE, COMMODE BASSE, NEGRONI ED., C.1973"},{"@type":"BreadcrumbList","@id":"https:\/\/dizagn.fr\/produit\/guariche-pierre-commode-basse-negroni-ed-c-1973\/#breadcrumb","itemListElement":[{"@type":"ListItem","position":1,"name":"Accueil","item":"https:\/\/dizagn.fr\/"},{"@type":"ListItem","position":2,"name":"S\u00e9lection","item":"https:\/\/dizagn.fr\/"},{"@type":"ListItem","position":3,"name":"PIERRE GUARICHE, COMMODE BASSE, NEGRONI ED., C.1973"}]},{"@type":"WebSite","@id":"https:\/\/dizagn.fr\/#website","url":"https:\/\/dizagn.fr\/","name":"DIZAGN","description":"","potentialAction":[{"@type":"SearchAction","target":{"@type":"EntryPoint","urlTemplate":"https:\/\/dizagn.fr\/?s={search_term_string}"},"query-input":{"@type":"PropertyValueSpecification","valueRequired":true,"valueName":"search_term_string"}}],"inLanguage":"en-GB"}]}},"_links":{"self":[{"href":"https:\/\/dizagn.fr\/en\/wp-json\/wp\/v2\/product\/608","targetHints":{"allow":["GET"]}}],"collection":[{"href":"https:\/\/dizagn.fr\/en\/wp-json\/wp\/v2\/product"}],"about":[{"href":"https:\/\/dizagn.fr\/en\/wp-json\/wp\/v2\/types\/product"}],"wp:featuredmedia":[{"embeddable":true,"href":"https:\/\/dizagn.fr\/en\/wp-json\/wp\/v2\/media\/612"}],"wp:attachment":[{"href":"https:\/\/dizagn.fr\/en\/wp-json\/wp\/v2\/media?parent=608"}],"wp:term":[{"taxonomy":"product_brand","embeddable":true,"href":"https:\/\/dizagn.fr\/en\/wp-json\/wp\/v2\/product_brand?post=608"},{"taxonomy":"product_cat","embeddable":true,"href":"https:\/\/dizagn.fr\/en\/wp-json\/wp\/v2\/product_cat?post=608"},{"taxonomy":"product_tag","embeddable":true,"href":"https:\/\/dizagn.fr\/en\/wp-json\/wp\/v2\/product_tag?post=608"}],"curies":[{"name":"wp","href":"https:\/\/api.w.org\/{rel}","templated":true}]}}