{"id":603,"date":"2022-09-01T20:52:14","date_gmt":"2022-09-01T18:52:14","guid":{"rendered":"http:\/\/dizagn.fr\/?post_type=product&#038;p=603"},"modified":"2024-05-30T23:59:10","modified_gmt":"2024-05-30T21:59:10","slug":"reid-john-sylvia-lampe-1207-rotaflex-ed-c-1960","status":"publish","type":"product","link":"https:\/\/dizagn.fr\/en\/product\/reid-john-sylvia-lampe-1207-rotaflex-ed-c-1960\/","title":{"rendered":"JOHN &amp; SYLVIA REID, LAMP 1207, ROTAFLEX ED., C.1960"},"content":{"rendered":"<p>Literature:<\/p>\n<p>Meubles et d\u00e9cors, n\u00b0793, 1964 August<\/p>\n<p>Commercial catalog Rotaflex, circa 1960<\/p>","protected":false},"excerpt":{"rendered":"<p>REID John (1925-1992) &amp; Sylvia<\/p>\n<p>1207 lamp, Rotaflex edition, Disderot maker, France, circa 1960<\/p>\n<p>Lacquered metal, brass and Rotaflex<\/p>\n<p>Diam. 76 cm<\/p>\n<p>&nbsp;<\/p>\n<p>Ref. 203<\/p>","protected":false},"featured_media":604,"template":"","meta":{"_et_pb_use_builder":"","_et_pb_old_content":"","_et_gb_content_width":""},"product_brand":[],"product_cat":[19],"product_tag":[],"class_list":{"0":"post-603","1":"product","2":"type-product","3":"status-publish","4":"has-post-thumbnail","6":"product_cat-archives","8":"first","9":"instock","10":"shipping-taxable","11":"purchasable","12":"product-type-simple"},"yoast_head":"<!-- This site is optimized with the Yoast SEO plugin v27.1.1 - https:\/\/yoast.com\/product\/yoast-seo-wordpress\/ -->\n<title>JOHN &amp; SYLVIA REID, LAMPE 1207, ROTAFLEX ED., C.1960 - DIZAGN<\/title>\n<meta name=\"robots\" content=\"index, follow, max-snippet:-1, max-image-preview:large, max-video-preview:-1\" \/>\n<link rel=\"canonical\" href=\"https:\/\/dizagn.fr\/en\/product\/reid-john-sylvia-lampe-1207-rotaflex-ed-c-1960\/\" \/>\n<meta property=\"og:locale\" content=\"en_GB\" \/>\n<meta property=\"og:type\" content=\"article\" \/>\n<meta property=\"og:title\" content=\"JOHN &amp; SYLVIA REID, LAMPE 1207, ROTAFLEX ED., C.1960 - DIZAGN\" \/>\n<meta property=\"og:description\" content=\"REID John (1925-1992) &amp; Sylvia  Lampe 1207, Rotaflex \u00e9diteur, Disderot fabricant, France, circa 1960  M\u00e9tal laqu\u00e9, laiton et Rotaflex  Diam. 76 cm  &nbsp;  Ref. 203\" \/>\n<meta property=\"og:url\" content=\"https:\/\/dizagn.fr\/en\/product\/reid-john-sylvia-lampe-1207-rotaflex-ed-c-1960\/\" \/>\n<meta property=\"og:site_name\" content=\"DIZAGN\" \/>\n<meta property=\"article:modified_time\" content=\"2024-05-30T21:59:10+00:00\" \/>\n<meta property=\"og:image\" content=\"https:\/\/dizagn.fr\/wp-content\/uploads\/2022\/09\/studio-Juillet-29.jpg\" \/>\n\t<meta property=\"og:image:width\" content=\"1772\" \/>\n\t<meta property=\"og:image:height\" content=\"1772\" \/>\n\t<meta property=\"og:image:type\" content=\"image\/jpeg\" \/>\n<meta name=\"twitter:card\" content=\"summary_large_image\" \/>\n<meta name=\"twitter:label1\" content=\"Estimated reading time\" \/>\n\t<meta name=\"twitter:data1\" content=\"1 minute\" \/>\n<script type=\"application\/ld+json\" class=\"yoast-schema-graph\">{\"@context\":\"https:\/\/schema.org\",\"@graph\":[{\"@type\":\"WebPage\",\"@id\":\"https:\/\/dizagn.fr\/en\/product\/reid-john-sylvia-lampe-1207-rotaflex-ed-c-1960\/\",\"url\":\"https:\/\/dizagn.fr\/en\/product\/reid-john-sylvia-lampe-1207-rotaflex-ed-c-1960\/\",\"name\":\"JOHN & SYLVIA REID, LAMPE 1207, ROTAFLEX ED., C.1960 - DIZAGN\",\"isPartOf\":{\"@id\":\"https:\/\/dizagn.fr\/#website\"},\"primaryImageOfPage\":{\"@id\":\"https:\/\/dizagn.fr\/en\/product\/reid-john-sylvia-lampe-1207-rotaflex-ed-c-1960\/#primaryimage\"},\"image\":{\"@id\":\"https:\/\/dizagn.fr\/en\/product\/reid-john-sylvia-lampe-1207-rotaflex-ed-c-1960\/#primaryimage\"},\"thumbnailUrl\":\"https:\/\/dizagn.fr\/wp-content\/uploads\/2022\/09\/studio-Juillet-29.jpg\",\"datePublished\":\"2022-09-01T18:52:14+00:00\",\"dateModified\":\"2024-05-30T21:59:10+00:00\",\"breadcrumb\":{\"@id\":\"https:\/\/dizagn.fr\/en\/product\/reid-john-sylvia-lampe-1207-rotaflex-ed-c-1960\/#breadcrumb\"},\"inLanguage\":\"en-GB\",\"potentialAction\":[{\"@type\":\"ReadAction\",\"target\":[\"https:\/\/dizagn.fr\/en\/product\/reid-john-sylvia-lampe-1207-rotaflex-ed-c-1960\/\"]}]},{\"@type\":\"ImageObject\",\"inLanguage\":\"en-GB\",\"@id\":\"https:\/\/dizagn.fr\/en\/product\/reid-john-sylvia-lampe-1207-rotaflex-ed-c-1960\/#primaryimage\",\"url\":\"https:\/\/dizagn.fr\/wp-content\/uploads\/2022\/09\/studio-Juillet-29.jpg\",\"contentUrl\":\"https:\/\/dizagn.fr\/wp-content\/uploads\/2022\/09\/studio-Juillet-29.jpg\",\"width\":1772,\"height\":1772,\"caption\":\"REID JOHN & SYLVIA, LAMPE 1207, ROTAFLEX ED., C.1960\"},{\"@type\":\"BreadcrumbList\",\"@id\":\"https:\/\/dizagn.fr\/en\/product\/reid-john-sylvia-lampe-1207-rotaflex-ed-c-1960\/#breadcrumb\",\"itemListElement\":[{\"@type\":\"ListItem\",\"position\":1,\"name\":\"Accueil\",\"item\":\"https:\/\/dizagn.fr\/\"},{\"@type\":\"ListItem\",\"position\":2,\"name\":\"S\u00e9lection\",\"item\":\"https:\/\/dizagn.fr\/\"},{\"@type\":\"ListItem\",\"position\":3,\"name\":\"JOHN &#038; SYLVIA REID, LAMPE 1207, ROTAFLEX ED., C.1960\"}]},{\"@type\":\"WebSite\",\"@id\":\"https:\/\/dizagn.fr\/#website\",\"url\":\"https:\/\/dizagn.fr\/\",\"name\":\"DIZAGN\",\"description\":\"\",\"potentialAction\":[{\"@type\":\"SearchAction\",\"target\":{\"@type\":\"EntryPoint\",\"urlTemplate\":\"https:\/\/dizagn.fr\/?s={search_term_string}\"},\"query-input\":{\"@type\":\"PropertyValueSpecification\",\"valueRequired\":true,\"valueName\":\"search_term_string\"}}],\"inLanguage\":\"en-GB\"}]}<\/script>\n<!-- \/ Yoast SEO plugin. -->","yoast_head_json":{"title":"JOHN & SYLVIA REID, LAMPE 1207, ROTAFLEX ED., C.1960 - DIZAGN","robots":{"index":"index","follow":"follow","max-snippet":"max-snippet:-1","max-image-preview":"max-image-preview:large","max-video-preview":"max-video-preview:-1"},"canonical":"https:\/\/dizagn.fr\/en\/product\/reid-john-sylvia-lampe-1207-rotaflex-ed-c-1960\/","og_locale":"en_GB","og_type":"article","og_title":"JOHN & SYLVIA REID, LAMPE 1207, ROTAFLEX ED., C.1960 - DIZAGN","og_description":"REID John (1925-1992) &amp; Sylvia  Lampe 1207, Rotaflex \u00e9diteur, Disderot fabricant, France, circa 1960  M\u00e9tal laqu\u00e9, laiton et Rotaflex  Diam. 76 cm  &nbsp;  Ref. 203","og_url":"https:\/\/dizagn.fr\/en\/product\/reid-john-sylvia-lampe-1207-rotaflex-ed-c-1960\/","og_site_name":"DIZAGN","article_modified_time":"2024-05-30T21:59:10+00:00","og_image":[{"width":1772,"height":1772,"url":"https:\/\/dizagn.fr\/wp-content\/uploads\/2022\/09\/studio-Juillet-29.jpg","type":"image\/jpeg"}],"twitter_card":"summary_large_image","twitter_misc":{"Estimated reading time":"1 minute"},"schema":{"@context":"https:\/\/schema.org","@graph":[{"@type":"WebPage","@id":"https:\/\/dizagn.fr\/en\/product\/reid-john-sylvia-lampe-1207-rotaflex-ed-c-1960\/","url":"https:\/\/dizagn.fr\/en\/product\/reid-john-sylvia-lampe-1207-rotaflex-ed-c-1960\/","name":"JOHN & SYLVIA REID, LAMPE 1207, ROTAFLEX ED., C.1960 - DIZAGN","isPartOf":{"@id":"https:\/\/dizagn.fr\/#website"},"primaryImageOfPage":{"@id":"https:\/\/dizagn.fr\/en\/product\/reid-john-sylvia-lampe-1207-rotaflex-ed-c-1960\/#primaryimage"},"image":{"@id":"https:\/\/dizagn.fr\/en\/product\/reid-john-sylvia-lampe-1207-rotaflex-ed-c-1960\/#primaryimage"},"thumbnailUrl":"https:\/\/dizagn.fr\/wp-content\/uploads\/2022\/09\/studio-Juillet-29.jpg","datePublished":"2022-09-01T18:52:14+00:00","dateModified":"2024-05-30T21:59:10+00:00","breadcrumb":{"@id":"https:\/\/dizagn.fr\/en\/product\/reid-john-sylvia-lampe-1207-rotaflex-ed-c-1960\/#breadcrumb"},"inLanguage":"en-GB","potentialAction":[{"@type":"ReadAction","target":["https:\/\/dizagn.fr\/en\/product\/reid-john-sylvia-lampe-1207-rotaflex-ed-c-1960\/"]}]},{"@type":"ImageObject","inLanguage":"en-GB","@id":"https:\/\/dizagn.fr\/en\/product\/reid-john-sylvia-lampe-1207-rotaflex-ed-c-1960\/#primaryimage","url":"https:\/\/dizagn.fr\/wp-content\/uploads\/2022\/09\/studio-Juillet-29.jpg","contentUrl":"https:\/\/dizagn.fr\/wp-content\/uploads\/2022\/09\/studio-Juillet-29.jpg","width":1772,"height":1772,"caption":"REID JOHN & SYLVIA, LAMPE 1207, ROTAFLEX ED., C.1960"},{"@type":"BreadcrumbList","@id":"https:\/\/dizagn.fr\/en\/product\/reid-john-sylvia-lampe-1207-rotaflex-ed-c-1960\/#breadcrumb","itemListElement":[{"@type":"ListItem","position":1,"name":"Accueil","item":"https:\/\/dizagn.fr\/"},{"@type":"ListItem","position":2,"name":"S\u00e9lection","item":"https:\/\/dizagn.fr\/"},{"@type":"ListItem","position":3,"name":"JOHN &#038; SYLVIA REID, LAMPE 1207, ROTAFLEX ED., C.1960"}]},{"@type":"WebSite","@id":"https:\/\/dizagn.fr\/#website","url":"https:\/\/dizagn.fr\/","name":"DIZAGN","description":"","potentialAction":[{"@type":"SearchAction","target":{"@type":"EntryPoint","urlTemplate":"https:\/\/dizagn.fr\/?s={search_term_string}"},"query-input":{"@type":"PropertyValueSpecification","valueRequired":true,"valueName":"search_term_string"}}],"inLanguage":"en-GB"}]}},"_links":{"self":[{"href":"https:\/\/dizagn.fr\/en\/wp-json\/wp\/v2\/product\/603","targetHints":{"allow":["GET"]}}],"collection":[{"href":"https:\/\/dizagn.fr\/en\/wp-json\/wp\/v2\/product"}],"about":[{"href":"https:\/\/dizagn.fr\/en\/wp-json\/wp\/v2\/types\/product"}],"wp:featuredmedia":[{"embeddable":true,"href":"https:\/\/dizagn.fr\/en\/wp-json\/wp\/v2\/media\/604"}],"wp:attachment":[{"href":"https:\/\/dizagn.fr\/en\/wp-json\/wp\/v2\/media?parent=603"}],"wp:term":[{"taxonomy":"product_brand","embeddable":true,"href":"https:\/\/dizagn.fr\/en\/wp-json\/wp\/v2\/product_brand?post=603"},{"taxonomy":"product_cat","embeddable":true,"href":"https:\/\/dizagn.fr\/en\/wp-json\/wp\/v2\/product_cat?post=603"},{"taxonomy":"product_tag","embeddable":true,"href":"https:\/\/dizagn.fr\/en\/wp-json\/wp\/v2\/product_tag?post=603"}],"curies":[{"name":"wp","href":"https:\/\/api.w.org\/{rel}","templated":true}]}}