{"id":542,"date":"2023-01-02T17:45:45","date_gmt":"2023-01-02T16:45:45","guid":{"rendered":"http:\/\/dizagn.fr\/?post_type=product&#038;p=542"},"modified":"2024-10-06T11:09:49","modified_gmt":"2024-10-06T09:09:49","slug":"console-serre-joints-atelier-a-editeur-circa-1970","status":"publish","type":"product","link":"https:\/\/dizagn.fr\/en\/product\/console-serre-joints-atelier-a-editeur-circa-1970\/","title":{"rendered":"FRAN\u00c7OIS ARNAL, CONSOLE, ATELIER A, C. 1970"},"content":{"rendered":"<p>Literature:<\/p>\n<p>Brochure Atelier A, circa 1970<\/p>\n<p>Chlo\u00e9 Braunstein-Kriegel , Kneebone Jollant, Atelier A, ed. Norma, 2003, p. 122, 179<\/p>","protected":false},"excerpt":{"rendered":"<p>ARNAL Fran\u00e7ois (1924-2012) &amp; Atelier A<\/p>\n<p>Console \u00ab\u00a0Serre-joints\u00a0\u00bb, Atelier A \u00e9diteur, France, circa 1970<\/p>\n<p>Chromed metal, black marble top<\/p>\n<p>Rayures d&rsquo;usage, traces d&rsquo;oxydation, quelques manques de mati\u00e8re<\/p>\n<p>Height 74 x length 170 x depth 55 cm<\/p>\n<p>&nbsp;<\/p>\n<p>Ref. 278<\/p>","protected":false},"featured_media":543,"template":"","meta":{"_et_pb_use_builder":"","_et_pb_old_content":"","_et_gb_content_width":""},"product_brand":[],"product_cat":[19],"product_tag":[],"class_list":{"0":"post-542","1":"product","2":"type-product","3":"status-publish","4":"has-post-thumbnail","6":"product_cat-archives","8":"first","9":"instock","10":"shipping-taxable","11":"purchasable","12":"product-type-simple"},"yoast_head":"<!-- This site is optimized with the Yoast SEO plugin v27.1.1 - https:\/\/yoast.com\/product\/yoast-seo-wordpress\/ -->\n<title>FRAN\u00c7OIS ARNAL, CONSOLE, ATELIER A, C. 1970 - DIZAGN<\/title>\n<meta name=\"robots\" content=\"index, follow, max-snippet:-1, max-image-preview:large, max-video-preview:-1\" \/>\n<link rel=\"canonical\" href=\"https:\/\/dizagn.fr\/en\/product\/console-serre-joints-atelier-a-editeur-circa-1970\/\" \/>\n<meta property=\"og:locale\" content=\"en_GB\" \/>\n<meta property=\"og:type\" content=\"article\" \/>\n<meta property=\"og:title\" content=\"FRAN\u00c7OIS ARNAL, CONSOLE, ATELIER A, C. 1970 - DIZAGN\" \/>\n<meta property=\"og:description\" content=\"ARNAL Fran\u00e7ois (1924-2012) &amp; Atelier A  Console \u00ab\u00a0Serre-joints\u00a0\u00bb, Atelier A \u00e9diteur, France, circa 1970  M\u00e9tal chrom\u00e9, plateau en marbre noir  Rayures d&#039;usage, traces d&#039;oxydation, quelques manques de mati\u00e8re  Haut. 74 x Long. 170 x Prof. 55 cm  &nbsp;  Ref. 278\" \/>\n<meta property=\"og:url\" content=\"https:\/\/dizagn.fr\/en\/product\/console-serre-joints-atelier-a-editeur-circa-1970\/\" \/>\n<meta property=\"og:site_name\" content=\"DIZAGN\" \/>\n<meta property=\"article:modified_time\" content=\"2024-10-06T09:09:49+00:00\" \/>\n<meta property=\"og:image\" content=\"https:\/\/dizagn.fr\/wp-content\/uploads\/2022\/08\/ARNAL-console.jpg\" \/>\n\t<meta property=\"og:image:width\" content=\"700\" \/>\n\t<meta property=\"og:image:height\" content=\"700\" \/>\n\t<meta property=\"og:image:type\" content=\"image\/jpeg\" \/>\n<meta name=\"twitter:card\" content=\"summary_large_image\" \/>\n<meta name=\"twitter:label1\" content=\"Estimated reading time\" \/>\n\t<meta name=\"twitter:data1\" content=\"1 minute\" \/>\n<script type=\"application\/ld+json\" class=\"yoast-schema-graph\">{\"@context\":\"https:\/\/schema.org\",\"@graph\":[{\"@type\":\"WebPage\",\"@id\":\"https:\/\/dizagn.fr\/produit\/console-serre-joints-atelier-a-editeur-circa-1970\/\",\"url\":\"https:\/\/dizagn.fr\/produit\/console-serre-joints-atelier-a-editeur-circa-1970\/\",\"name\":\"FRAN\u00c7OIS ARNAL, CONSOLE, ATELIER A, C. 1970 - DIZAGN\",\"isPartOf\":{\"@id\":\"https:\/\/dizagn.fr\/#website\"},\"primaryImageOfPage\":{\"@id\":\"https:\/\/dizagn.fr\/produit\/console-serre-joints-atelier-a-editeur-circa-1970\/#primaryimage\"},\"image\":{\"@id\":\"https:\/\/dizagn.fr\/produit\/console-serre-joints-atelier-a-editeur-circa-1970\/#primaryimage\"},\"thumbnailUrl\":\"https:\/\/dizagn.fr\/wp-content\/uploads\/2022\/08\/ARNAL-console.jpg\",\"datePublished\":\"2023-01-02T16:45:45+00:00\",\"dateModified\":\"2024-10-06T09:09:49+00:00\",\"breadcrumb\":{\"@id\":\"https:\/\/dizagn.fr\/produit\/console-serre-joints-atelier-a-editeur-circa-1970\/#breadcrumb\"},\"inLanguage\":\"en-GB\",\"potentialAction\":[{\"@type\":\"ReadAction\",\"target\":[\"https:\/\/dizagn.fr\/produit\/console-serre-joints-atelier-a-editeur-circa-1970\/\"]}]},{\"@type\":\"ImageObject\",\"inLanguage\":\"en-GB\",\"@id\":\"https:\/\/dizagn.fr\/produit\/console-serre-joints-atelier-a-editeur-circa-1970\/#primaryimage\",\"url\":\"https:\/\/dizagn.fr\/wp-content\/uploads\/2022\/08\/ARNAL-console.jpg\",\"contentUrl\":\"https:\/\/dizagn.fr\/wp-content\/uploads\/2022\/08\/ARNAL-console.jpg\",\"width\":700,\"height\":700,\"caption\":\"Console \u00ab Serre-joints \u00bb, Atelier A \u00e9diteur, circa 1970\"},{\"@type\":\"BreadcrumbList\",\"@id\":\"https:\/\/dizagn.fr\/produit\/console-serre-joints-atelier-a-editeur-circa-1970\/#breadcrumb\",\"itemListElement\":[{\"@type\":\"ListItem\",\"position\":1,\"name\":\"Accueil\",\"item\":\"https:\/\/dizagn.fr\/\"},{\"@type\":\"ListItem\",\"position\":2,\"name\":\"S\u00e9lection\",\"item\":\"https:\/\/dizagn.fr\/\"},{\"@type\":\"ListItem\",\"position\":3,\"name\":\"FRAN\u00c7OIS ARNAL, CONSOLE, ATELIER A, C. 1970\"}]},{\"@type\":\"WebSite\",\"@id\":\"https:\/\/dizagn.fr\/#website\",\"url\":\"https:\/\/dizagn.fr\/\",\"name\":\"DIZAGN\",\"description\":\"\",\"potentialAction\":[{\"@type\":\"SearchAction\",\"target\":{\"@type\":\"EntryPoint\",\"urlTemplate\":\"https:\/\/dizagn.fr\/?s={search_term_string}\"},\"query-input\":{\"@type\":\"PropertyValueSpecification\",\"valueRequired\":true,\"valueName\":\"search_term_string\"}}],\"inLanguage\":\"en-GB\"}]}<\/script>\n<!-- \/ Yoast SEO plugin. -->","yoast_head_json":{"title":"FRAN\u00c7OIS ARNAL, CONSOLE, ATELIER A, C. 1970 - DIZAGN","robots":{"index":"index","follow":"follow","max-snippet":"max-snippet:-1","max-image-preview":"max-image-preview:large","max-video-preview":"max-video-preview:-1"},"canonical":"https:\/\/dizagn.fr\/en\/product\/console-serre-joints-atelier-a-editeur-circa-1970\/","og_locale":"en_GB","og_type":"article","og_title":"FRAN\u00c7OIS ARNAL, CONSOLE, ATELIER A, C. 1970 - DIZAGN","og_description":"ARNAL Fran\u00e7ois (1924-2012) &amp; Atelier A  Console \u00ab\u00a0Serre-joints\u00a0\u00bb, Atelier A \u00e9diteur, France, circa 1970  M\u00e9tal chrom\u00e9, plateau en marbre noir  Rayures d'usage, traces d'oxydation, quelques manques de mati\u00e8re  Haut. 74 x Long. 170 x Prof. 55 cm  &nbsp;  Ref. 278","og_url":"https:\/\/dizagn.fr\/en\/product\/console-serre-joints-atelier-a-editeur-circa-1970\/","og_site_name":"DIZAGN","article_modified_time":"2024-10-06T09:09:49+00:00","og_image":[{"width":700,"height":700,"url":"https:\/\/dizagn.fr\/wp-content\/uploads\/2022\/08\/ARNAL-console.jpg","type":"image\/jpeg"}],"twitter_card":"summary_large_image","twitter_misc":{"Estimated reading time":"1 minute"},"schema":{"@context":"https:\/\/schema.org","@graph":[{"@type":"WebPage","@id":"https:\/\/dizagn.fr\/produit\/console-serre-joints-atelier-a-editeur-circa-1970\/","url":"https:\/\/dizagn.fr\/produit\/console-serre-joints-atelier-a-editeur-circa-1970\/","name":"FRAN\u00c7OIS ARNAL, CONSOLE, ATELIER A, C. 1970 - DIZAGN","isPartOf":{"@id":"https:\/\/dizagn.fr\/#website"},"primaryImageOfPage":{"@id":"https:\/\/dizagn.fr\/produit\/console-serre-joints-atelier-a-editeur-circa-1970\/#primaryimage"},"image":{"@id":"https:\/\/dizagn.fr\/produit\/console-serre-joints-atelier-a-editeur-circa-1970\/#primaryimage"},"thumbnailUrl":"https:\/\/dizagn.fr\/wp-content\/uploads\/2022\/08\/ARNAL-console.jpg","datePublished":"2023-01-02T16:45:45+00:00","dateModified":"2024-10-06T09:09:49+00:00","breadcrumb":{"@id":"https:\/\/dizagn.fr\/produit\/console-serre-joints-atelier-a-editeur-circa-1970\/#breadcrumb"},"inLanguage":"en-GB","potentialAction":[{"@type":"ReadAction","target":["https:\/\/dizagn.fr\/produit\/console-serre-joints-atelier-a-editeur-circa-1970\/"]}]},{"@type":"ImageObject","inLanguage":"en-GB","@id":"https:\/\/dizagn.fr\/produit\/console-serre-joints-atelier-a-editeur-circa-1970\/#primaryimage","url":"https:\/\/dizagn.fr\/wp-content\/uploads\/2022\/08\/ARNAL-console.jpg","contentUrl":"https:\/\/dizagn.fr\/wp-content\/uploads\/2022\/08\/ARNAL-console.jpg","width":700,"height":700,"caption":"Console \u00ab Serre-joints \u00bb, Atelier A \u00e9diteur, circa 1970"},{"@type":"BreadcrumbList","@id":"https:\/\/dizagn.fr\/produit\/console-serre-joints-atelier-a-editeur-circa-1970\/#breadcrumb","itemListElement":[{"@type":"ListItem","position":1,"name":"Accueil","item":"https:\/\/dizagn.fr\/"},{"@type":"ListItem","position":2,"name":"S\u00e9lection","item":"https:\/\/dizagn.fr\/"},{"@type":"ListItem","position":3,"name":"FRAN\u00c7OIS ARNAL, CONSOLE, ATELIER A, C. 1970"}]},{"@type":"WebSite","@id":"https:\/\/dizagn.fr\/#website","url":"https:\/\/dizagn.fr\/","name":"DIZAGN","description":"","potentialAction":[{"@type":"SearchAction","target":{"@type":"EntryPoint","urlTemplate":"https:\/\/dizagn.fr\/?s={search_term_string}"},"query-input":{"@type":"PropertyValueSpecification","valueRequired":true,"valueName":"search_term_string"}}],"inLanguage":"en-GB"}]}},"_links":{"self":[{"href":"https:\/\/dizagn.fr\/en\/wp-json\/wp\/v2\/product\/542","targetHints":{"allow":["GET"]}}],"collection":[{"href":"https:\/\/dizagn.fr\/en\/wp-json\/wp\/v2\/product"}],"about":[{"href":"https:\/\/dizagn.fr\/en\/wp-json\/wp\/v2\/types\/product"}],"wp:featuredmedia":[{"embeddable":true,"href":"https:\/\/dizagn.fr\/en\/wp-json\/wp\/v2\/media\/543"}],"wp:attachment":[{"href":"https:\/\/dizagn.fr\/en\/wp-json\/wp\/v2\/media?parent=542"}],"wp:term":[{"taxonomy":"product_brand","embeddable":true,"href":"https:\/\/dizagn.fr\/en\/wp-json\/wp\/v2\/product_brand?post=542"},{"taxonomy":"product_cat","embeddable":true,"href":"https:\/\/dizagn.fr\/en\/wp-json\/wp\/v2\/product_cat?post=542"},{"taxonomy":"product_tag","embeddable":true,"href":"https:\/\/dizagn.fr\/en\/wp-json\/wp\/v2\/product_tag?post=542"}],"curies":[{"name":"wp","href":"https:\/\/api.w.org\/{rel}","templated":true}]}}