{"id":289,"date":"2025-11-09T08:00:54","date_gmt":"2025-11-09T07:00:54","guid":{"rendered":"http:\/\/dizagn.fr\/?post_type=product&#038;p=289"},"modified":"2025-11-12T14:06:59","modified_gmt":"2025-11-12T13:06:59","slug":"marange-bernard-cabinet-tfm-editeur-circa-1968","status":"publish","type":"product","link":"https:\/\/dizagn.fr\/en\/product\/marange-bernard-cabinet-tfm-editeur-circa-1968\/","title":{"rendered":"BERNARD MARANGE, CABINET, TFM ED., C.1968"},"content":{"rendered":"<p>[et_pb_section fb_built=\u00a0\u00bb1&Prime; _builder_version=\u00a0\u00bb4.16&Prime; custom_padding=\u00a0\u00bb0px||||false|false\u00a0\u00bb collapsed=\u00a0\u00bbon\u00a0\u00bb global_colors_info=\u00a0\u00bb{}\u00a0\u00bb][et_pb_row _builder_version=\u00a0\u00bb4.16&Prime; background_size=\u00a0\u00bbinitial\u00a0\u00bb background_position=\u00a0\u00bbtop_left\u00a0\u00bb background_repeat=\u00a0\u00bbrepeat\u00a0\u00bb width=\u00a0\u00bb100%\u00a0\u00bb custom_padding=\u00a0\u00bb0px||0px||false|false\u00a0\u00bb global_colors_info=\u00a0\u00bb{}\u00a0\u00bb][et_pb_column type=\u00a0\u00bb4_4&Prime; _builder_version=\u00a0\u00bb4.16&Prime; custom_padding=\u00a0\u00bb|||\u00a0\u00bb global_colors_info=\u00a0\u00bb{}\u00a0\u00bb custom_padding__hover=\u00a0\u00bb|||\u00a0\u00bb][et_pb_wc_breadcrumb _builder_version=\u00a0\u00bb4.16&Prime; global_colors_info=\u00a0\u00bb{}\u00a0\u00bb][\/et_pb_wc_breadcrumb][et_pb_wc_cart_notice _builder_version=\u00a0\u00bb4.16&Prime; global_colors_info=\u00a0\u00bb{}\u00a0\u00bb][\/et_pb_wc_cart_notice][\/et_pb_column][\/et_pb_row][et_pb_row column_structure=\u00a0\u00bb1_2,1_2&Prime; _builder_version=\u00a0\u00bb4.16&Prime; background_size=\u00a0\u00bbinitial\u00a0\u00bb background_position=\u00a0\u00bbtop_left\u00a0\u00bb background_repeat=\u00a0\u00bbrepeat\u00a0\u00bb width=\u00a0\u00bb100%\u00a0\u00bb custom_padding=\u00a0\u00bb0px||||false|false\u00a0\u00bb global_colors_info=\u00a0\u00bb{}\u00a0\u00bb][et_pb_column type=\u00a0\u00bb1_2&Prime; _builder_version=\u00a0\u00bb4.16&Prime; custom_padding=\u00a0\u00bb|||\u00a0\u00bb global_colors_info=\u00a0\u00bb{}\u00a0\u00bb custom_padding__hover=\u00a0\u00bb|||\u00a0\u00bb][et_pb_wc_images _builder_version=\u00a0\u00bb4.16&Prime; global_colors_info=\u00a0\u00bb{}\u00a0\u00bb][\/et_pb_wc_images][\/et_pb_column][et_pb_column type=\u00a0\u00bb1_2&Prime; _builder_version=\u00a0\u00bb4.16&Prime; custom_padding=\u00a0\u00bb|||\u00a0\u00bb global_colors_info=\u00a0\u00bb{}\u00a0\u00bb custom_padding__hover=\u00a0\u00bb|||\u00a0\u00bb][et_pb_wc_title _builder_version=\u00a0\u00bb4.16&Prime; global_colors_info=\u00a0\u00bb{}\u00a0\u00bb][\/et_pb_wc_title][et_pb_wc_rating _builder_version=\u00a0\u00bb4.16&Prime; global_colors_info=\u00a0\u00bb{}\u00a0\u00bb][\/et_pb_wc_rating][et_pb_wc_price _builder_version=\u00a0\u00bb4.16&Prime; global_colors_info=\u00a0\u00bb{}\u00a0\u00bb][\/et_pb_wc_price][et_pb_wc_description _builder_version=\u00a0\u00bb4.16&Prime; global_colors_info=\u00a0\u00bb{}\u00a0\u00bb][\/et_pb_wc_description][et_pb_wc_add_to_cart _builder_version=\u00a0\u00bb4.16&Prime; global_colors_info=\u00a0\u00bb{}\u00a0\u00bb][\/et_pb_wc_add_to_cart][et_pb_wc_meta _builder_version=\u00a0\u00bb4.16&Prime; global_colors_info=\u00a0\u00bb{}\u00a0\u00bb][\/et_pb_wc_meta][\/et_pb_column][\/et_pb_row][et_pb_row _builder_version=\u00a0\u00bb4.16&Prime; background_size=\u00a0\u00bbinitial\u00a0\u00bb background_position=\u00a0\u00bbtop_left\u00a0\u00bb background_repeat=\u00a0\u00bbrepeat\u00a0\u00bb width=\u00a0\u00bb100%\u00a0\u00bb global_colors_info=\u00a0\u00bb{}\u00a0\u00bb][et_pb_column type=\u00a0\u00bb4_4&Prime; _builder_version=\u00a0\u00bb4.16&Prime; custom_padding=\u00a0\u00bb|||\u00a0\u00bb global_colors_info=\u00a0\u00bb{}\u00a0\u00bb custom_padding__hover=\u00a0\u00bb|||\u00a0\u00bb][et_pb_wc_tabs _builder_version=\u00a0\u00bb4.16&Prime; global_colors_info=\u00a0\u00bb{}\u00a0\u00bb]\t\t\t\t\t[\/et_pb_wc_tabs][et_pb_wc_upsells _builder_version=\u00a0\u00bb4.16&Prime; global_colors_info=\u00a0\u00bb{}\u00a0\u00bb][\/et_pb_wc_upsells][et_pb_wc_related_products _builder_version=\u00a0\u00bb4.16&Prime; global_colors_info=\u00a0\u00bb{}\u00a0\u00bb][\/et_pb_wc_related_products][\/et_pb_column][\/et_pb_row][\/et_pb_section]<\/p>\n","protected":false},"excerpt":{"rendered":"<p>Bernard Marange (1928-)<\/p>\n<p>Cabinet, TFM edition, France, circa 1968<\/p>\n<p>Brushed metal, wenge plywood<\/p>\n<p>Height 160 x Width 103 x Depth 51 cm<\/p>\n<p>Ref. 245<\/p>\n<p>1200\u20ac<\/p>","protected":false},"featured_media":1976,"template":"","meta":{"_et_pb_use_builder":"on","_et_pb_old_content":"Rapport de condition : \r\n\r\nBon \u00e9tat d\u2019origine. M\u00e9tal bross\u00e9 en bon \u00e9tat. Placage de Weng\u00e9 pr\u00e9sentant quelques l\u00e9gers d\u00e9fauts, quelques sauts de placage, t\u00e2ches et rayures d\u2019usage. \r\nUne \u00e9tag\u00e8re en verre \u00e0 l\u2019int\u00e9rieur. \r\n\r\n\r\n\r\n\r\nBibliographie : \r\n\r\nCatalogue commercial TFM, circa 1968\r\n\r\nMeubles et si\u00e8ges fran\u00e7ais d'aujourd'hui, CREAC, 1970\r\n\r\n\r\n\r\n\r\nR\u00e9f\u00e9rences: \r\n\r\nBernard Marange \u00e9tudie \u00e0 l\u2019\u00c9cole nationale sup\u00e9rieure des Beaux-Arts. Successivement attach\u00e9 \u00e0 un cabinet d\u2019architecture \u00e0 Nice, directeur-fondateur de la Soci\u00e9t\u00e9 des Meubles Polyvalents, directeur de la Soci\u00e9t\u00e9 Axa Airborne Plan System, pour lesquelles il cr\u00e9\u00e9 des mod\u00e8les, a ouvert en 1963 son propre bureau d\u2019\u00e9tudes \u00e0 Paris. \r\n\r\nParmi ses r\u00e9alisations les plus marquantes : le Centre international des Congr\u00e8s \u00e0 Paris, la Maison des Jeunes de Colombes, le si\u00e8ge social de Socotec et bien s\u00fbr les gammes de mobilier pour TFM et Alpha International. \r\n","_et_gb_content_width":""},"product_brand":[],"product_cat":[18],"product_tag":[],"class_list":{"0":"post-289","1":"product","2":"type-product","3":"status-publish","4":"has-post-thumbnail","6":"product_cat-selection","8":"first","9":"instock","10":"sold-individually","11":"shipping-taxable","12":"product-type-simple"},"yoast_head":"<!-- This site is optimized with the Yoast SEO plugin v27.4 - https:\/\/yoast.com\/product\/yoast-seo-wordpress\/ -->\n<title>BERNARD MARANGE, CABINET, TFM ED., C.1968 - DIZAGN<\/title>\n<meta name=\"robots\" content=\"index, follow, max-snippet:-1, max-image-preview:large, max-video-preview:-1\" \/>\n<link rel=\"canonical\" href=\"https:\/\/dizagn.fr\/en\/product\/marange-bernard-cabinet-tfm-editeur-circa-1968\/\" \/>\n<meta property=\"og:locale\" content=\"en_GB\" \/>\n<meta property=\"og:type\" content=\"article\" \/>\n<meta property=\"og:title\" content=\"BERNARD MARANGE, CABINET, TFM ED., C.1968 - DIZAGN\" \/>\n<meta property=\"og:description\" content=\"Bernard Marange (1928-)  Cabinet, TFM \u00e9diteur, France, circa 1968  Acier bross\u00e9, contreplaqu\u00e9 de weng\u00e9  Haut. 160 x Larg. 103 x Prof. 51 cm  Ref. 245  1200\u20ac\" \/>\n<meta property=\"og:url\" content=\"https:\/\/dizagn.fr\/en\/product\/marange-bernard-cabinet-tfm-editeur-circa-1968\/\" \/>\n<meta property=\"og:site_name\" content=\"DIZAGN\" \/>\n<meta property=\"article:modified_time\" content=\"2025-11-12T13:06:59+00:00\" \/>\n<meta property=\"og:image\" content=\"https:\/\/dizagn.fr\/wp-content\/uploads\/2025\/11\/MARANGE-Bernard-meuble-haut-ed-TFM-circa-1968-3.jpg\" \/>\n\t<meta property=\"og:image:width\" content=\"1772\" \/>\n\t<meta property=\"og:image:height\" content=\"1772\" \/>\n\t<meta property=\"og:image:type\" content=\"image\/jpeg\" \/>\n<meta name=\"twitter:card\" content=\"summary_large_image\" \/>\n<meta name=\"twitter:label1\" content=\"Estimated reading time\" \/>\n\t<meta name=\"twitter:data1\" content=\"4 minutes\" \/>\n<script type=\"application\/ld+json\" class=\"yoast-schema-graph\">{\"@context\":\"https:\\\/\\\/schema.org\",\"@graph\":[{\"@type\":\"WebPage\",\"@id\":\"https:\\\/\\\/dizagn.fr\\\/produit\\\/marange-bernard-cabinet-tfm-editeur-circa-1968\\\/\",\"url\":\"https:\\\/\\\/dizagn.fr\\\/produit\\\/marange-bernard-cabinet-tfm-editeur-circa-1968\\\/\",\"name\":\"BERNARD MARANGE, CABINET, TFM ED., C.1968 - DIZAGN\",\"isPartOf\":{\"@id\":\"https:\\\/\\\/dizagn.fr\\\/#website\"},\"primaryImageOfPage\":{\"@id\":\"https:\\\/\\\/dizagn.fr\\\/produit\\\/marange-bernard-cabinet-tfm-editeur-circa-1968\\\/#primaryimage\"},\"image\":{\"@id\":\"https:\\\/\\\/dizagn.fr\\\/produit\\\/marange-bernard-cabinet-tfm-editeur-circa-1968\\\/#primaryimage\"},\"thumbnailUrl\":\"https:\\\/\\\/dizagn.fr\\\/wp-content\\\/uploads\\\/2025\\\/11\\\/MARANGE-Bernard-meuble-haut-ed-TFM-circa-1968-3.jpg\",\"datePublished\":\"2025-11-09T07:00:54+00:00\",\"dateModified\":\"2025-11-12T13:06:59+00:00\",\"breadcrumb\":{\"@id\":\"https:\\\/\\\/dizagn.fr\\\/produit\\\/marange-bernard-cabinet-tfm-editeur-circa-1968\\\/#breadcrumb\"},\"inLanguage\":\"en-GB\",\"potentialAction\":[{\"@type\":\"ReadAction\",\"target\":[\"https:\\\/\\\/dizagn.fr\\\/produit\\\/marange-bernard-cabinet-tfm-editeur-circa-1968\\\/\"]}]},{\"@type\":\"ImageObject\",\"inLanguage\":\"en-GB\",\"@id\":\"https:\\\/\\\/dizagn.fr\\\/produit\\\/marange-bernard-cabinet-tfm-editeur-circa-1968\\\/#primaryimage\",\"url\":\"https:\\\/\\\/dizagn.fr\\\/wp-content\\\/uploads\\\/2025\\\/11\\\/MARANGE-Bernard-meuble-haut-ed-TFM-circa-1968-3.jpg\",\"contentUrl\":\"https:\\\/\\\/dizagn.fr\\\/wp-content\\\/uploads\\\/2025\\\/11\\\/MARANGE-Bernard-meuble-haut-ed-TFM-circa-1968-3.jpg\",\"width\":1772,\"height\":1772},{\"@type\":\"BreadcrumbList\",\"@id\":\"https:\\\/\\\/dizagn.fr\\\/produit\\\/marange-bernard-cabinet-tfm-editeur-circa-1968\\\/#breadcrumb\",\"itemListElement\":[{\"@type\":\"ListItem\",\"position\":1,\"name\":\"Accueil\",\"item\":\"https:\\\/\\\/dizagn.fr\\\/\"},{\"@type\":\"ListItem\",\"position\":2,\"name\":\"S\u00e9lection\",\"item\":\"https:\\\/\\\/dizagn.fr\\\/\"},{\"@type\":\"ListItem\",\"position\":3,\"name\":\"BERNARD MARANGE, CABINET, TFM ED., C.1968\"}]},{\"@type\":\"WebSite\",\"@id\":\"https:\\\/\\\/dizagn.fr\\\/#website\",\"url\":\"https:\\\/\\\/dizagn.fr\\\/\",\"name\":\"DIZAGN\",\"description\":\"\",\"publisher\":{\"@id\":\"https:\\\/\\\/dizagn.fr\\\/#organization\"},\"potentialAction\":[{\"@type\":\"SearchAction\",\"target\":{\"@type\":\"EntryPoint\",\"urlTemplate\":\"https:\\\/\\\/dizagn.fr\\\/?s={search_term_string}\"},\"query-input\":{\"@type\":\"PropertyValueSpecification\",\"valueRequired\":true,\"valueName\":\"search_term_string\"}}],\"inLanguage\":\"en-GB\"},{\"@type\":\"Organization\",\"@id\":\"https:\\\/\\\/dizagn.fr\\\/#organization\",\"name\":\"DIZAGN\",\"url\":\"https:\\\/\\\/dizagn.fr\\\/\",\"logo\":{\"@type\":\"ImageObject\",\"inLanguage\":\"en-GB\",\"@id\":\"https:\\\/\\\/dizagn.fr\\\/#\\\/schema\\\/logo\\\/image\\\/\",\"url\":\"https:\\\/\\\/dizagn.fr\\\/wp-content\\\/uploads\\\/2023\\\/03\\\/logo-Dizagn.jpg\",\"contentUrl\":\"https:\\\/\\\/dizagn.fr\\\/wp-content\\\/uploads\\\/2023\\\/03\\\/logo-Dizagn.jpg\",\"width\":304,\"height\":95,\"caption\":\"DIZAGN\"},\"image\":{\"@id\":\"https:\\\/\\\/dizagn.fr\\\/#\\\/schema\\\/logo\\\/image\\\/\"}}]}<\/script>\n<!-- \/ Yoast SEO plugin. -->","yoast_head_json":{"title":"BERNARD MARANGE, CABINET, TFM ED., C.1968 - DIZAGN","robots":{"index":"index","follow":"follow","max-snippet":"max-snippet:-1","max-image-preview":"max-image-preview:large","max-video-preview":"max-video-preview:-1"},"canonical":"https:\/\/dizagn.fr\/en\/product\/marange-bernard-cabinet-tfm-editeur-circa-1968\/","og_locale":"en_GB","og_type":"article","og_title":"BERNARD MARANGE, CABINET, TFM ED., C.1968 - DIZAGN","og_description":"Bernard Marange (1928-)  Cabinet, TFM \u00e9diteur, France, circa 1968  Acier bross\u00e9, contreplaqu\u00e9 de weng\u00e9  Haut. 160 x Larg. 103 x Prof. 51 cm  Ref. 245  1200\u20ac","og_url":"https:\/\/dizagn.fr\/en\/product\/marange-bernard-cabinet-tfm-editeur-circa-1968\/","og_site_name":"DIZAGN","article_modified_time":"2025-11-12T13:06:59+00:00","og_image":[{"width":1772,"height":1772,"url":"https:\/\/dizagn.fr\/wp-content\/uploads\/2025\/11\/MARANGE-Bernard-meuble-haut-ed-TFM-circa-1968-3.jpg","type":"image\/jpeg"}],"twitter_card":"summary_large_image","twitter_misc":{"Estimated reading time":"4 minutes"},"schema":{"@context":"https:\/\/schema.org","@graph":[{"@type":"WebPage","@id":"https:\/\/dizagn.fr\/produit\/marange-bernard-cabinet-tfm-editeur-circa-1968\/","url":"https:\/\/dizagn.fr\/produit\/marange-bernard-cabinet-tfm-editeur-circa-1968\/","name":"BERNARD MARANGE, CABINET, TFM ED., C.1968 - DIZAGN","isPartOf":{"@id":"https:\/\/dizagn.fr\/#website"},"primaryImageOfPage":{"@id":"https:\/\/dizagn.fr\/produit\/marange-bernard-cabinet-tfm-editeur-circa-1968\/#primaryimage"},"image":{"@id":"https:\/\/dizagn.fr\/produit\/marange-bernard-cabinet-tfm-editeur-circa-1968\/#primaryimage"},"thumbnailUrl":"https:\/\/dizagn.fr\/wp-content\/uploads\/2025\/11\/MARANGE-Bernard-meuble-haut-ed-TFM-circa-1968-3.jpg","datePublished":"2025-11-09T07:00:54+00:00","dateModified":"2025-11-12T13:06:59+00:00","breadcrumb":{"@id":"https:\/\/dizagn.fr\/produit\/marange-bernard-cabinet-tfm-editeur-circa-1968\/#breadcrumb"},"inLanguage":"en-GB","potentialAction":[{"@type":"ReadAction","target":["https:\/\/dizagn.fr\/produit\/marange-bernard-cabinet-tfm-editeur-circa-1968\/"]}]},{"@type":"ImageObject","inLanguage":"en-GB","@id":"https:\/\/dizagn.fr\/produit\/marange-bernard-cabinet-tfm-editeur-circa-1968\/#primaryimage","url":"https:\/\/dizagn.fr\/wp-content\/uploads\/2025\/11\/MARANGE-Bernard-meuble-haut-ed-TFM-circa-1968-3.jpg","contentUrl":"https:\/\/dizagn.fr\/wp-content\/uploads\/2025\/11\/MARANGE-Bernard-meuble-haut-ed-TFM-circa-1968-3.jpg","width":1772,"height":1772},{"@type":"BreadcrumbList","@id":"https:\/\/dizagn.fr\/produit\/marange-bernard-cabinet-tfm-editeur-circa-1968\/#breadcrumb","itemListElement":[{"@type":"ListItem","position":1,"name":"Accueil","item":"https:\/\/dizagn.fr\/"},{"@type":"ListItem","position":2,"name":"S\u00e9lection","item":"https:\/\/dizagn.fr\/"},{"@type":"ListItem","position":3,"name":"BERNARD MARANGE, CABINET, TFM ED., C.1968"}]},{"@type":"WebSite","@id":"https:\/\/dizagn.fr\/#website","url":"https:\/\/dizagn.fr\/","name":"DIZAGN","description":"","publisher":{"@id":"https:\/\/dizagn.fr\/#organization"},"potentialAction":[{"@type":"SearchAction","target":{"@type":"EntryPoint","urlTemplate":"https:\/\/dizagn.fr\/?s={search_term_string}"},"query-input":{"@type":"PropertyValueSpecification","valueRequired":true,"valueName":"search_term_string"}}],"inLanguage":"en-GB"},{"@type":"Organization","@id":"https:\/\/dizagn.fr\/#organization","name":"DIZAGN","url":"https:\/\/dizagn.fr\/","logo":{"@type":"ImageObject","inLanguage":"en-GB","@id":"https:\/\/dizagn.fr\/#\/schema\/logo\/image\/","url":"https:\/\/dizagn.fr\/wp-content\/uploads\/2023\/03\/logo-Dizagn.jpg","contentUrl":"https:\/\/dizagn.fr\/wp-content\/uploads\/2023\/03\/logo-Dizagn.jpg","width":304,"height":95,"caption":"DIZAGN"},"image":{"@id":"https:\/\/dizagn.fr\/#\/schema\/logo\/image\/"}}]}},"_links":{"self":[{"href":"https:\/\/dizagn.fr\/en\/wp-json\/wp\/v2\/product\/289","targetHints":{"allow":["GET"]}}],"collection":[{"href":"https:\/\/dizagn.fr\/en\/wp-json\/wp\/v2\/product"}],"about":[{"href":"https:\/\/dizagn.fr\/en\/wp-json\/wp\/v2\/types\/product"}],"wp:featuredmedia":[{"embeddable":true,"href":"https:\/\/dizagn.fr\/en\/wp-json\/wp\/v2\/media\/1976"}],"wp:attachment":[{"href":"https:\/\/dizagn.fr\/en\/wp-json\/wp\/v2\/media?parent=289"}],"wp:term":[{"taxonomy":"product_brand","embeddable":true,"href":"https:\/\/dizagn.fr\/en\/wp-json\/wp\/v2\/product_brand?post=289"},{"taxonomy":"product_cat","embeddable":true,"href":"https:\/\/dizagn.fr\/en\/wp-json\/wp\/v2\/product_cat?post=289"},{"taxonomy":"product_tag","embeddable":true,"href":"https:\/\/dizagn.fr\/en\/wp-json\/wp\/v2\/product_tag?post=289"}],"curies":[{"name":"wp","href":"https:\/\/api.w.org\/{rel}","templated":true}]}}