{"id":282,"date":"2024-04-03T11:46:03","date_gmt":"2024-04-03T09:46:03","guid":{"rendered":"http:\/\/dizagn.fr\/?post_type=product&#038;p=282"},"modified":"2025-09-02T09:37:51","modified_gmt":"2025-09-02T07:37:51","slug":"282","status":"publish","type":"product","link":"https:\/\/dizagn.fr\/en\/product\/282\/","title":{"rendered":"\u00c9TIENNE FERMIGIER, FLOOR LAMP, MONIX ED., C.1960"},"content":{"rendered":"<p>Biography: <\/p>\n<p>\u00c9tienne Fermigier\u00a0was killed in a car accident on Sunday, September 2, 1973. He was 41 years old.<br \/>\nA brilliant designer, he held an important place in the world of French design. <\/p>\n<p>After studying at the \u00c9cole Boulle and later the \u00c9cole Nationale Sup\u00e9rieure des Arts D\u00e9coratifs, he opened his own studio in 1957, devoting as much attention to challenges in interior design as he did to questions of industrial design.\u00a0 <\/p>\n<p>Fermigier also launched the Meubles et Fonction gallery in partnership with Pierre Perrigault in 1959, running its interior design studio, producing some of his own designs and distributing other of his models edited by the biggest brands of the time. <\/p>\n<p>Fermigier was curious about every aspect of industrial aesthetics, as evidenced by the fact that, in addition to furniture and lightings, he also designed hardware items, desk accessories, one television, several radios, a one-seater car as well as steamrollers. <\/p>\n<p>A founding member of the CNAAC (Centre national d\u2019art appliqu\u00e9 contemporain),\u00a0he was 35 when he received the 1967 Prix Gabriel, awarded in recognition of his body of design work for mass production.<br \/>\n.<br \/>\nDemisch Danant gallery text <\/p>","protected":false},"excerpt":{"rendered":"<p>FERMIGIER \u00c9tienne (1932-1973)<\/p>\n<p>Floor lamp, Monix edition, France, circa 1960<\/p>\n<p>Chromed and brushed metal, signed \"Monix Paris\" under the base<\/p>\n<p>Height 173 x Base diameter 40 cm<\/p>\n<p>Ref. 201<\/p>","protected":false},"featured_media":1397,"template":"","meta":{"_et_pb_use_builder":"","_et_pb_old_content":"","_et_gb_content_width":""},"product_brand":[],"product_cat":[19],"product_tag":[],"class_list":{"0":"post-282","1":"product","2":"type-product","3":"status-publish","4":"has-post-thumbnail","6":"product_cat-archives","8":"first","9":"instock","10":"sold-individually","11":"shipping-taxable","12":"purchasable","13":"product-type-simple"},"yoast_head":"<!-- This site is optimized with the Yoast SEO plugin v27.1.1 - https:\/\/yoast.com\/product\/yoast-seo-wordpress\/ -->\n<title>\u00c9TIENNE FERMIGIER, LAMPADAIRE, MONIX ED., C.1960 - DIZAGN<\/title>\n<meta name=\"robots\" content=\"index, follow, max-snippet:-1, max-image-preview:large, max-video-preview:-1\" \/>\n<link rel=\"canonical\" href=\"https:\/\/dizagn.fr\/en\/product\/282\/\" \/>\n<meta property=\"og:locale\" content=\"en_GB\" \/>\n<meta property=\"og:type\" content=\"article\" \/>\n<meta property=\"og:title\" content=\"\u00c9TIENNE FERMIGIER, LAMPADAIRE, MONIX ED., C.1960 - DIZAGN\" \/>\n<meta property=\"og:description\" content=\"FERMIGIER \u00c9tienne (1932-1976)  Lampadaire, Monix \u00e9diteur, circa 1960  M\u00e9tal chrom\u00e9 et m\u00e9tal bross\u00e9 sign\u00e9 \u00ab Monix Paris \u00bb sous la base  Haut. 173 x Diam. base 40 cm  Ref. 201\" \/>\n<meta property=\"og:url\" content=\"https:\/\/dizagn.fr\/en\/product\/282\/\" \/>\n<meta property=\"og:site_name\" content=\"DIZAGN\" \/>\n<meta property=\"article:modified_time\" content=\"2025-09-02T07:37:51+00:00\" \/>\n<meta property=\"og:image\" content=\"https:\/\/dizagn.fr\/wp-content\/uploads\/2022\/08\/FERMIGIER-lampadaire-MONIX-circa-1960-2.jpg\" \/>\n\t<meta property=\"og:image:width\" content=\"1772\" \/>\n\t<meta property=\"og:image:height\" content=\"1772\" \/>\n\t<meta property=\"og:image:type\" content=\"image\/jpeg\" \/>\n<meta name=\"twitter:card\" content=\"summary_large_image\" \/>\n<meta name=\"twitter:label1\" content=\"Estimated reading time\" \/>\n\t<meta name=\"twitter:data1\" content=\"2 minutes\" \/>\n<script type=\"application\/ld+json\" class=\"yoast-schema-graph\">{\"@context\":\"https:\/\/schema.org\",\"@graph\":[{\"@type\":\"WebPage\",\"@id\":\"https:\/\/dizagn.fr\/produit\/282\/\",\"url\":\"https:\/\/dizagn.fr\/produit\/282\/\",\"name\":\"\u00c9TIENNE FERMIGIER, LAMPADAIRE, MONIX ED., C.1960 - DIZAGN\",\"isPartOf\":{\"@id\":\"https:\/\/dizagn.fr\/#website\"},\"primaryImageOfPage\":{\"@id\":\"https:\/\/dizagn.fr\/produit\/282\/#primaryimage\"},\"image\":{\"@id\":\"https:\/\/dizagn.fr\/produit\/282\/#primaryimage\"},\"thumbnailUrl\":\"https:\/\/dizagn.fr\/wp-content\/uploads\/2022\/08\/FERMIGIER-lampadaire-MONIX-circa-1960-2.jpg\",\"datePublished\":\"2024-04-03T09:46:03+00:00\",\"dateModified\":\"2025-09-02T07:37:51+00:00\",\"breadcrumb\":{\"@id\":\"https:\/\/dizagn.fr\/produit\/282\/#breadcrumb\"},\"inLanguage\":\"en-GB\",\"potentialAction\":[{\"@type\":\"ReadAction\",\"target\":[\"https:\/\/dizagn.fr\/produit\/282\/\"]}]},{\"@type\":\"ImageObject\",\"inLanguage\":\"en-GB\",\"@id\":\"https:\/\/dizagn.fr\/produit\/282\/#primaryimage\",\"url\":\"https:\/\/dizagn.fr\/wp-content\/uploads\/2022\/08\/FERMIGIER-lampadaire-MONIX-circa-1960-2.jpg\",\"contentUrl\":\"https:\/\/dizagn.fr\/wp-content\/uploads\/2022\/08\/FERMIGIER-lampadaire-MONIX-circa-1960-2.jpg\",\"width\":1772,\"height\":1772},{\"@type\":\"BreadcrumbList\",\"@id\":\"https:\/\/dizagn.fr\/produit\/282\/#breadcrumb\",\"itemListElement\":[{\"@type\":\"ListItem\",\"position\":1,\"name\":\"Accueil\",\"item\":\"https:\/\/dizagn.fr\/\"},{\"@type\":\"ListItem\",\"position\":2,\"name\":\"S\u00e9lection\",\"item\":\"https:\/\/dizagn.fr\/\"},{\"@type\":\"ListItem\",\"position\":3,\"name\":\"\u00c9TIENNE FERMIGIER, LAMPADAIRE, MONIX ED., C.1960\"}]},{\"@type\":\"WebSite\",\"@id\":\"https:\/\/dizagn.fr\/#website\",\"url\":\"https:\/\/dizagn.fr\/\",\"name\":\"DIZAGN\",\"description\":\"\",\"potentialAction\":[{\"@type\":\"SearchAction\",\"target\":{\"@type\":\"EntryPoint\",\"urlTemplate\":\"https:\/\/dizagn.fr\/?s={search_term_string}\"},\"query-input\":{\"@type\":\"PropertyValueSpecification\",\"valueRequired\":true,\"valueName\":\"search_term_string\"}}],\"inLanguage\":\"en-GB\"}]}<\/script>\n<!-- \/ Yoast SEO plugin. -->","yoast_head_json":{"title":"\u00c9TIENNE FERMIGIER, LAMPADAIRE, MONIX ED., C.1960 - DIZAGN","robots":{"index":"index","follow":"follow","max-snippet":"max-snippet:-1","max-image-preview":"max-image-preview:large","max-video-preview":"max-video-preview:-1"},"canonical":"https:\/\/dizagn.fr\/en\/product\/282\/","og_locale":"en_GB","og_type":"article","og_title":"\u00c9TIENNE FERMIGIER, LAMPADAIRE, MONIX ED., C.1960 - DIZAGN","og_description":"FERMIGIER \u00c9tienne (1932-1976)  Lampadaire, Monix \u00e9diteur, circa 1960  M\u00e9tal chrom\u00e9 et m\u00e9tal bross\u00e9 sign\u00e9 \u00ab Monix Paris \u00bb sous la base  Haut. 173 x Diam. base 40 cm  Ref. 201","og_url":"https:\/\/dizagn.fr\/en\/product\/282\/","og_site_name":"DIZAGN","article_modified_time":"2025-09-02T07:37:51+00:00","og_image":[{"width":1772,"height":1772,"url":"https:\/\/dizagn.fr\/wp-content\/uploads\/2022\/08\/FERMIGIER-lampadaire-MONIX-circa-1960-2.jpg","type":"image\/jpeg"}],"twitter_card":"summary_large_image","twitter_misc":{"Estimated reading time":"2 minutes"},"schema":{"@context":"https:\/\/schema.org","@graph":[{"@type":"WebPage","@id":"https:\/\/dizagn.fr\/produit\/282\/","url":"https:\/\/dizagn.fr\/produit\/282\/","name":"\u00c9TIENNE FERMIGIER, LAMPADAIRE, MONIX ED., C.1960 - DIZAGN","isPartOf":{"@id":"https:\/\/dizagn.fr\/#website"},"primaryImageOfPage":{"@id":"https:\/\/dizagn.fr\/produit\/282\/#primaryimage"},"image":{"@id":"https:\/\/dizagn.fr\/produit\/282\/#primaryimage"},"thumbnailUrl":"https:\/\/dizagn.fr\/wp-content\/uploads\/2022\/08\/FERMIGIER-lampadaire-MONIX-circa-1960-2.jpg","datePublished":"2024-04-03T09:46:03+00:00","dateModified":"2025-09-02T07:37:51+00:00","breadcrumb":{"@id":"https:\/\/dizagn.fr\/produit\/282\/#breadcrumb"},"inLanguage":"en-GB","potentialAction":[{"@type":"ReadAction","target":["https:\/\/dizagn.fr\/produit\/282\/"]}]},{"@type":"ImageObject","inLanguage":"en-GB","@id":"https:\/\/dizagn.fr\/produit\/282\/#primaryimage","url":"https:\/\/dizagn.fr\/wp-content\/uploads\/2022\/08\/FERMIGIER-lampadaire-MONIX-circa-1960-2.jpg","contentUrl":"https:\/\/dizagn.fr\/wp-content\/uploads\/2022\/08\/FERMIGIER-lampadaire-MONIX-circa-1960-2.jpg","width":1772,"height":1772},{"@type":"BreadcrumbList","@id":"https:\/\/dizagn.fr\/produit\/282\/#breadcrumb","itemListElement":[{"@type":"ListItem","position":1,"name":"Accueil","item":"https:\/\/dizagn.fr\/"},{"@type":"ListItem","position":2,"name":"S\u00e9lection","item":"https:\/\/dizagn.fr\/"},{"@type":"ListItem","position":3,"name":"\u00c9TIENNE FERMIGIER, LAMPADAIRE, MONIX ED., C.1960"}]},{"@type":"WebSite","@id":"https:\/\/dizagn.fr\/#website","url":"https:\/\/dizagn.fr\/","name":"DIZAGN","description":"","potentialAction":[{"@type":"SearchAction","target":{"@type":"EntryPoint","urlTemplate":"https:\/\/dizagn.fr\/?s={search_term_string}"},"query-input":{"@type":"PropertyValueSpecification","valueRequired":true,"valueName":"search_term_string"}}],"inLanguage":"en-GB"}]}},"_links":{"self":[{"href":"https:\/\/dizagn.fr\/en\/wp-json\/wp\/v2\/product\/282","targetHints":{"allow":["GET"]}}],"collection":[{"href":"https:\/\/dizagn.fr\/en\/wp-json\/wp\/v2\/product"}],"about":[{"href":"https:\/\/dizagn.fr\/en\/wp-json\/wp\/v2\/types\/product"}],"wp:featuredmedia":[{"embeddable":true,"href":"https:\/\/dizagn.fr\/en\/wp-json\/wp\/v2\/media\/1397"}],"wp:attachment":[{"href":"https:\/\/dizagn.fr\/en\/wp-json\/wp\/v2\/media?parent=282"}],"wp:term":[{"taxonomy":"product_brand","embeddable":true,"href":"https:\/\/dizagn.fr\/en\/wp-json\/wp\/v2\/product_brand?post=282"},{"taxonomy":"product_cat","embeddable":true,"href":"https:\/\/dizagn.fr\/en\/wp-json\/wp\/v2\/product_cat?post=282"},{"taxonomy":"product_tag","embeddable":true,"href":"https:\/\/dizagn.fr\/en\/wp-json\/wp\/v2\/product_tag?post=282"}],"curies":[{"name":"wp","href":"https:\/\/api.w.org\/{rel}","templated":true}]}}