{"id":2227,"date":"2026-04-27T22:35:11","date_gmt":"2026-04-27T20:35:11","guid":{"rendered":"https:\/\/dizagn.fr\/?post_type=product&#038;p=2227"},"modified":"2026-04-27T22:35:11","modified_gmt":"2026-04-27T20:35:11","slug":"georges-lacombe-paire-de-portes-sculptes-france-circa-1890","status":"publish","type":"product","link":"https:\/\/dizagn.fr\/en\/product\/georges-lacombe-paire-de-portes-sculptes-france-circa-1890\/","title":{"rendered":"GEORGES LACOMBE, PAIRE DE PORTES SCULPTES, FRANCE, CIRCA 1890"},"content":{"rendered":"<p>Rapport de condition : l\u00e9g\u00e8re fente sur un des panneaux<\/p>\n<p>Livraison dans le monde entier \u2708\ufe0f<\/p>","protected":false},"excerpt":{"rendered":"<p>Georges Lacombe (1868-1916)<br \/>\nPaire de portes sculpt\u00e9es<br \/>\nFrance, circa 1890<br \/>\nD\u00e9cor d&rsquo;un clair de lune sur la mer, l&rsquo;autre de l&rsquo;aube sur la c\u00f4te derri\u00e8re un pin maritime<br \/>\nPanneau 1:  Haut. 145 x 37 cm<br \/>\nPanneau 2 : Haut. 145 x 39 cm.<\/p>","protected":false},"featured_media":2228,"template":"","meta":{"_et_pb_use_builder":"","_et_pb_old_content":"","_et_gb_content_width":""},"product_brand":[],"product_cat":[18],"product_tag":[44],"class_list":{"0":"post-2227","1":"product","2":"type-product","3":"status-publish","4":"has-post-thumbnail","6":"product_cat-selection","7":"product_tag-nouveau","9":"first","10":"instock","11":"shipping-taxable","12":"purchasable","13":"product-type-simple"},"yoast_head":"<!-- This site is optimized with the Yoast SEO plugin v27.4 - https:\/\/yoast.com\/product\/yoast-seo-wordpress\/ -->\n<title>GEORGES LACOMBE, PAIRE DE PORTES SCULPTES, FRANCE, CIRCA 1890 - DIZAGN<\/title>\n<meta name=\"robots\" content=\"index, follow, max-snippet:-1, max-image-preview:large, max-video-preview:-1\" \/>\n<link rel=\"canonical\" href=\"https:\/\/dizagn.fr\/en\/product\/georges-lacombe-paire-de-portes-sculptes-france-circa-1890\/\" \/>\n<meta property=\"og:locale\" content=\"en_GB\" \/>\n<meta property=\"og:type\" content=\"article\" \/>\n<meta property=\"og:title\" content=\"GEORGES LACOMBE, PAIRE DE PORTES SCULPTES, FRANCE, CIRCA 1890 - DIZAGN\" \/>\n<meta property=\"og:description\" content=\"Georges Lacombe (1868-1916) Paire de portes sculpt\u00e9es  France, circa 1890 D\u00e9cor d&#039;un clair de lune sur la mer, l&#039;autre de l&#039;aube sur la c\u00f4te derri\u00e8re un pin maritime Panneau 1: Haut. 145 x 37 cm Panneau 2 : Haut. 145 x 39 cm.\" \/>\n<meta property=\"og:url\" content=\"https:\/\/dizagn.fr\/en\/product\/georges-lacombe-paire-de-portes-sculptes-france-circa-1890\/\" \/>\n<meta property=\"og:site_name\" content=\"DIZAGN\" \/>\n<meta property=\"og:image\" content=\"https:\/\/dizagn.fr\/wp-content\/uploads\/2026\/04\/LACOMBE-Georges-pair-of-doors-circa-1900-1.jpg\" \/>\n\t<meta property=\"og:image:width\" content=\"2270\" \/>\n\t<meta property=\"og:image:height\" content=\"2270\" \/>\n\t<meta property=\"og:image:type\" content=\"image\/jpeg\" \/>\n<meta name=\"twitter:card\" content=\"summary_large_image\" \/>\n<meta name=\"twitter:label1\" content=\"Estimated reading time\" \/>\n\t<meta name=\"twitter:data1\" content=\"1 minute\" \/>\n<script type=\"application\/ld+json\" class=\"yoast-schema-graph\">{\"@context\":\"https:\\\/\\\/schema.org\",\"@graph\":[{\"@type\":\"WebPage\",\"@id\":\"https:\\\/\\\/dizagn.fr\\\/produit\\\/georges-lacombe-paire-de-portes-sculptes-france-circa-1890\\\/\",\"url\":\"https:\\\/\\\/dizagn.fr\\\/produit\\\/georges-lacombe-paire-de-portes-sculptes-france-circa-1890\\\/\",\"name\":\"GEORGES LACOMBE, PAIRE DE PORTES SCULPTES, FRANCE, CIRCA 1890 - DIZAGN\",\"isPartOf\":{\"@id\":\"https:\\\/\\\/dizagn.fr\\\/#website\"},\"primaryImageOfPage\":{\"@id\":\"https:\\\/\\\/dizagn.fr\\\/produit\\\/georges-lacombe-paire-de-portes-sculptes-france-circa-1890\\\/#primaryimage\"},\"image\":{\"@id\":\"https:\\\/\\\/dizagn.fr\\\/produit\\\/georges-lacombe-paire-de-portes-sculptes-france-circa-1890\\\/#primaryimage\"},\"thumbnailUrl\":\"https:\\\/\\\/dizagn.fr\\\/wp-content\\\/uploads\\\/2026\\\/04\\\/LACOMBE-Georges-pair-of-doors-circa-1900-1.jpg\",\"datePublished\":\"2026-04-27T20:35:11+00:00\",\"breadcrumb\":{\"@id\":\"https:\\\/\\\/dizagn.fr\\\/produit\\\/georges-lacombe-paire-de-portes-sculptes-france-circa-1890\\\/#breadcrumb\"},\"inLanguage\":\"en-GB\",\"potentialAction\":[{\"@type\":\"ReadAction\",\"target\":[\"https:\\\/\\\/dizagn.fr\\\/produit\\\/georges-lacombe-paire-de-portes-sculptes-france-circa-1890\\\/\"]}]},{\"@type\":\"ImageObject\",\"inLanguage\":\"en-GB\",\"@id\":\"https:\\\/\\\/dizagn.fr\\\/produit\\\/georges-lacombe-paire-de-portes-sculptes-france-circa-1890\\\/#primaryimage\",\"url\":\"https:\\\/\\\/dizagn.fr\\\/wp-content\\\/uploads\\\/2026\\\/04\\\/LACOMBE-Georges-pair-of-doors-circa-1900-1.jpg\",\"contentUrl\":\"https:\\\/\\\/dizagn.fr\\\/wp-content\\\/uploads\\\/2026\\\/04\\\/LACOMBE-Georges-pair-of-doors-circa-1900-1.jpg\",\"width\":2270,\"height\":2270},{\"@type\":\"BreadcrumbList\",\"@id\":\"https:\\\/\\\/dizagn.fr\\\/produit\\\/georges-lacombe-paire-de-portes-sculptes-france-circa-1890\\\/#breadcrumb\",\"itemListElement\":[{\"@type\":\"ListItem\",\"position\":1,\"name\":\"Accueil\",\"item\":\"https:\\\/\\\/dizagn.fr\\\/\"},{\"@type\":\"ListItem\",\"position\":2,\"name\":\"S\u00e9lection\",\"item\":\"https:\\\/\\\/dizagn.fr\\\/\"},{\"@type\":\"ListItem\",\"position\":3,\"name\":\"GEORGES LACOMBE, PAIRE DE PORTES SCULPTES, FRANCE, CIRCA 1890\"}]},{\"@type\":\"WebSite\",\"@id\":\"https:\\\/\\\/dizagn.fr\\\/#website\",\"url\":\"https:\\\/\\\/dizagn.fr\\\/\",\"name\":\"DIZAGN\",\"description\":\"\",\"publisher\":{\"@id\":\"https:\\\/\\\/dizagn.fr\\\/#organization\"},\"potentialAction\":[{\"@type\":\"SearchAction\",\"target\":{\"@type\":\"EntryPoint\",\"urlTemplate\":\"https:\\\/\\\/dizagn.fr\\\/?s={search_term_string}\"},\"query-input\":{\"@type\":\"PropertyValueSpecification\",\"valueRequired\":true,\"valueName\":\"search_term_string\"}}],\"inLanguage\":\"en-GB\"},{\"@type\":\"Organization\",\"@id\":\"https:\\\/\\\/dizagn.fr\\\/#organization\",\"name\":\"DIZAGN\",\"url\":\"https:\\\/\\\/dizagn.fr\\\/\",\"logo\":{\"@type\":\"ImageObject\",\"inLanguage\":\"en-GB\",\"@id\":\"https:\\\/\\\/dizagn.fr\\\/#\\\/schema\\\/logo\\\/image\\\/\",\"url\":\"https:\\\/\\\/dizagn.fr\\\/wp-content\\\/uploads\\\/2023\\\/03\\\/logo-Dizagn.jpg\",\"contentUrl\":\"https:\\\/\\\/dizagn.fr\\\/wp-content\\\/uploads\\\/2023\\\/03\\\/logo-Dizagn.jpg\",\"width\":304,\"height\":95,\"caption\":\"DIZAGN\"},\"image\":{\"@id\":\"https:\\\/\\\/dizagn.fr\\\/#\\\/schema\\\/logo\\\/image\\\/\"}}]}<\/script>\n<!-- \/ Yoast SEO plugin. -->","yoast_head_json":{"title":"GEORGES LACOMBE, PAIRE DE PORTES SCULPTES, FRANCE, CIRCA 1890 - DIZAGN","robots":{"index":"index","follow":"follow","max-snippet":"max-snippet:-1","max-image-preview":"max-image-preview:large","max-video-preview":"max-video-preview:-1"},"canonical":"https:\/\/dizagn.fr\/en\/product\/georges-lacombe-paire-de-portes-sculptes-france-circa-1890\/","og_locale":"en_GB","og_type":"article","og_title":"GEORGES LACOMBE, PAIRE DE PORTES SCULPTES, FRANCE, CIRCA 1890 - DIZAGN","og_description":"Georges Lacombe (1868-1916) Paire de portes sculpt\u00e9es  France, circa 1890 D\u00e9cor d'un clair de lune sur la mer, l'autre de l'aube sur la c\u00f4te derri\u00e8re un pin maritime Panneau 1: Haut. 145 x 37 cm Panneau 2 : Haut. 145 x 39 cm.","og_url":"https:\/\/dizagn.fr\/en\/product\/georges-lacombe-paire-de-portes-sculptes-france-circa-1890\/","og_site_name":"DIZAGN","og_image":[{"width":2270,"height":2270,"url":"https:\/\/dizagn.fr\/wp-content\/uploads\/2026\/04\/LACOMBE-Georges-pair-of-doors-circa-1900-1.jpg","type":"image\/jpeg"}],"twitter_card":"summary_large_image","twitter_misc":{"Estimated reading time":"1 minute"},"schema":{"@context":"https:\/\/schema.org","@graph":[{"@type":"WebPage","@id":"https:\/\/dizagn.fr\/produit\/georges-lacombe-paire-de-portes-sculptes-france-circa-1890\/","url":"https:\/\/dizagn.fr\/produit\/georges-lacombe-paire-de-portes-sculptes-france-circa-1890\/","name":"GEORGES LACOMBE, PAIRE DE PORTES SCULPTES, FRANCE, CIRCA 1890 - DIZAGN","isPartOf":{"@id":"https:\/\/dizagn.fr\/#website"},"primaryImageOfPage":{"@id":"https:\/\/dizagn.fr\/produit\/georges-lacombe-paire-de-portes-sculptes-france-circa-1890\/#primaryimage"},"image":{"@id":"https:\/\/dizagn.fr\/produit\/georges-lacombe-paire-de-portes-sculptes-france-circa-1890\/#primaryimage"},"thumbnailUrl":"https:\/\/dizagn.fr\/wp-content\/uploads\/2026\/04\/LACOMBE-Georges-pair-of-doors-circa-1900-1.jpg","datePublished":"2026-04-27T20:35:11+00:00","breadcrumb":{"@id":"https:\/\/dizagn.fr\/produit\/georges-lacombe-paire-de-portes-sculptes-france-circa-1890\/#breadcrumb"},"inLanguage":"en-GB","potentialAction":[{"@type":"ReadAction","target":["https:\/\/dizagn.fr\/produit\/georges-lacombe-paire-de-portes-sculptes-france-circa-1890\/"]}]},{"@type":"ImageObject","inLanguage":"en-GB","@id":"https:\/\/dizagn.fr\/produit\/georges-lacombe-paire-de-portes-sculptes-france-circa-1890\/#primaryimage","url":"https:\/\/dizagn.fr\/wp-content\/uploads\/2026\/04\/LACOMBE-Georges-pair-of-doors-circa-1900-1.jpg","contentUrl":"https:\/\/dizagn.fr\/wp-content\/uploads\/2026\/04\/LACOMBE-Georges-pair-of-doors-circa-1900-1.jpg","width":2270,"height":2270},{"@type":"BreadcrumbList","@id":"https:\/\/dizagn.fr\/produit\/georges-lacombe-paire-de-portes-sculptes-france-circa-1890\/#breadcrumb","itemListElement":[{"@type":"ListItem","position":1,"name":"Accueil","item":"https:\/\/dizagn.fr\/"},{"@type":"ListItem","position":2,"name":"S\u00e9lection","item":"https:\/\/dizagn.fr\/"},{"@type":"ListItem","position":3,"name":"GEORGES LACOMBE, PAIRE DE PORTES SCULPTES, FRANCE, CIRCA 1890"}]},{"@type":"WebSite","@id":"https:\/\/dizagn.fr\/#website","url":"https:\/\/dizagn.fr\/","name":"DIZAGN","description":"","publisher":{"@id":"https:\/\/dizagn.fr\/#organization"},"potentialAction":[{"@type":"SearchAction","target":{"@type":"EntryPoint","urlTemplate":"https:\/\/dizagn.fr\/?s={search_term_string}"},"query-input":{"@type":"PropertyValueSpecification","valueRequired":true,"valueName":"search_term_string"}}],"inLanguage":"en-GB"},{"@type":"Organization","@id":"https:\/\/dizagn.fr\/#organization","name":"DIZAGN","url":"https:\/\/dizagn.fr\/","logo":{"@type":"ImageObject","inLanguage":"en-GB","@id":"https:\/\/dizagn.fr\/#\/schema\/logo\/image\/","url":"https:\/\/dizagn.fr\/wp-content\/uploads\/2023\/03\/logo-Dizagn.jpg","contentUrl":"https:\/\/dizagn.fr\/wp-content\/uploads\/2023\/03\/logo-Dizagn.jpg","width":304,"height":95,"caption":"DIZAGN"},"image":{"@id":"https:\/\/dizagn.fr\/#\/schema\/logo\/image\/"}}]}},"_links":{"self":[{"href":"https:\/\/dizagn.fr\/en\/wp-json\/wp\/v2\/product\/2227","targetHints":{"allow":["GET"]}}],"collection":[{"href":"https:\/\/dizagn.fr\/en\/wp-json\/wp\/v2\/product"}],"about":[{"href":"https:\/\/dizagn.fr\/en\/wp-json\/wp\/v2\/types\/product"}],"wp:featuredmedia":[{"embeddable":true,"href":"https:\/\/dizagn.fr\/en\/wp-json\/wp\/v2\/media\/2228"}],"wp:attachment":[{"href":"https:\/\/dizagn.fr\/en\/wp-json\/wp\/v2\/media?parent=2227"}],"wp:term":[{"taxonomy":"product_brand","embeddable":true,"href":"https:\/\/dizagn.fr\/en\/wp-json\/wp\/v2\/product_brand?post=2227"},{"taxonomy":"product_cat","embeddable":true,"href":"https:\/\/dizagn.fr\/en\/wp-json\/wp\/v2\/product_cat?post=2227"},{"taxonomy":"product_tag","embeddable":true,"href":"https:\/\/dizagn.fr\/en\/wp-json\/wp\/v2\/product_tag?post=2227"}],"curies":[{"name":"wp","href":"https:\/\/api.w.org\/{rel}","templated":true}]}}