{"id":2199,"date":"2026-04-09T11:55:36","date_gmt":"2026-04-09T09:55:36","guid":{"rendered":"https:\/\/dizagn.fr\/?post_type=product&#038;p=2199"},"modified":"2026-04-12T11:30:57","modified_gmt":"2026-04-12T09:30:57","slug":"maison-jansen-paire-de-fauteuils-manufacture-jansen-france-circa-1940","status":"publish","type":"product","link":"https:\/\/dizagn.fr\/en\/product\/maison-jansen-paire-de-fauteuils-manufacture-jansen-france-circa-1940\/","title":{"rendered":"MAISON JANSEN, paire de fauteuils, France, C. 1940"},"content":{"rendered":"","protected":false},"excerpt":{"rendered":"<p>MAISON JANSEN<\/p>\n<p>Paire de fauteuils \u00e9l\u00e9gants<br \/>\nFrance, manufacture Jansen, vers 1940<br \/>\nM\u00e9tal laqu\u00e9 blanc ivoire, feuillages en m\u00e9tal laqu\u00e9 vert et or, mousse et vinyle vert d&rsquo;origine<br \/>\nH. 103 (assise 37) x L. 68 x P. 74 cm<\/p>","protected":false},"featured_media":2200,"template":"","meta":{"_et_pb_use_builder":"","_et_pb_old_content":"","_et_gb_content_width":""},"product_brand":[],"product_cat":[18],"product_tag":[44],"class_list":{"0":"post-2199","1":"product","2":"type-product","3":"status-publish","4":"has-post-thumbnail","6":"product_cat-selection","7":"product_tag-nouveau","9":"first","10":"instock","11":"shipping-taxable","12":"purchasable","13":"product-type-simple"},"yoast_head":"<!-- This site is optimized with the Yoast SEO plugin v27.3 - https:\/\/yoast.com\/product\/yoast-seo-wordpress\/ -->\n<title>MAISON JANSEN, paire de fauteuils, France, C. 1940 - DIZAGN<\/title>\n<meta name=\"robots\" content=\"index, follow, max-snippet:-1, max-image-preview:large, max-video-preview:-1\" \/>\n<link rel=\"canonical\" href=\"https:\/\/dizagn.fr\/en\/product\/maison-jansen-paire-de-fauteuils-manufacture-jansen-france-circa-1940\/\" \/>\n<meta property=\"og:locale\" content=\"en_GB\" \/>\n<meta property=\"og:type\" content=\"article\" \/>\n<meta property=\"og:title\" content=\"MAISON JANSEN, paire de fauteuils, France, C. 1940 - DIZAGN\" \/>\n<meta property=\"og:description\" content=\"MAISON JANSEN  Paire de fauteuils \u00e9l\u00e9gants France, manufacture Jansen, vers 1940 M\u00e9tal laqu\u00e9 blanc ivoire, feuillages en m\u00e9tal laqu\u00e9 vert et or, mousse et vinyle vert d&#039;origine H. 103 (assise 37) x L. 68 x P. 74 cm\" \/>\n<meta property=\"og:url\" content=\"https:\/\/dizagn.fr\/en\/product\/maison-jansen-paire-de-fauteuils-manufacture-jansen-france-circa-1940\/\" \/>\n<meta property=\"og:site_name\" content=\"DIZAGN\" \/>\n<meta property=\"article:modified_time\" content=\"2026-04-12T09:30:57+00:00\" \/>\n<meta property=\"og:image\" content=\"https:\/\/dizagn.fr\/wp-content\/uploads\/2026\/04\/JANSEN-pair-of-armchairs-1-scaled.jpg\" \/>\n\t<meta property=\"og:image:width\" content=\"2560\" \/>\n\t<meta property=\"og:image:height\" content=\"2560\" \/>\n\t<meta property=\"og:image:type\" content=\"image\/jpeg\" \/>\n<meta name=\"twitter:card\" content=\"summary_large_image\" \/>\n<meta name=\"twitter:label1\" content=\"Estimated reading time\" \/>\n\t<meta name=\"twitter:data1\" content=\"1 minute\" \/>\n<script type=\"application\/ld+json\" class=\"yoast-schema-graph\">{\"@context\":\"https:\\\/\\\/schema.org\",\"@graph\":[{\"@type\":\"WebPage\",\"@id\":\"https:\\\/\\\/dizagn.fr\\\/produit\\\/maison-jansen-paire-de-fauteuils-manufacture-jansen-france-circa-1940\\\/\",\"url\":\"https:\\\/\\\/dizagn.fr\\\/produit\\\/maison-jansen-paire-de-fauteuils-manufacture-jansen-france-circa-1940\\\/\",\"name\":\"MAISON JANSEN, paire de fauteuils, France, C. 1940 - DIZAGN\",\"isPartOf\":{\"@id\":\"https:\\\/\\\/dizagn.fr\\\/#website\"},\"primaryImageOfPage\":{\"@id\":\"https:\\\/\\\/dizagn.fr\\\/produit\\\/maison-jansen-paire-de-fauteuils-manufacture-jansen-france-circa-1940\\\/#primaryimage\"},\"image\":{\"@id\":\"https:\\\/\\\/dizagn.fr\\\/produit\\\/maison-jansen-paire-de-fauteuils-manufacture-jansen-france-circa-1940\\\/#primaryimage\"},\"thumbnailUrl\":\"https:\\\/\\\/dizagn.fr\\\/wp-content\\\/uploads\\\/2026\\\/04\\\/JANSEN-pair-of-armchairs-1-scaled.jpg\",\"datePublished\":\"2026-04-09T09:55:36+00:00\",\"dateModified\":\"2026-04-12T09:30:57+00:00\",\"breadcrumb\":{\"@id\":\"https:\\\/\\\/dizagn.fr\\\/produit\\\/maison-jansen-paire-de-fauteuils-manufacture-jansen-france-circa-1940\\\/#breadcrumb\"},\"inLanguage\":\"en-GB\",\"potentialAction\":[{\"@type\":\"ReadAction\",\"target\":[\"https:\\\/\\\/dizagn.fr\\\/produit\\\/maison-jansen-paire-de-fauteuils-manufacture-jansen-france-circa-1940\\\/\"]}]},{\"@type\":\"ImageObject\",\"inLanguage\":\"en-GB\",\"@id\":\"https:\\\/\\\/dizagn.fr\\\/produit\\\/maison-jansen-paire-de-fauteuils-manufacture-jansen-france-circa-1940\\\/#primaryimage\",\"url\":\"https:\\\/\\\/dizagn.fr\\\/wp-content\\\/uploads\\\/2026\\\/04\\\/JANSEN-pair-of-armchairs-1-scaled.jpg\",\"contentUrl\":\"https:\\\/\\\/dizagn.fr\\\/wp-content\\\/uploads\\\/2026\\\/04\\\/JANSEN-pair-of-armchairs-1-scaled.jpg\",\"width\":2560,\"height\":2560},{\"@type\":\"BreadcrumbList\",\"@id\":\"https:\\\/\\\/dizagn.fr\\\/produit\\\/maison-jansen-paire-de-fauteuils-manufacture-jansen-france-circa-1940\\\/#breadcrumb\",\"itemListElement\":[{\"@type\":\"ListItem\",\"position\":1,\"name\":\"Accueil\",\"item\":\"https:\\\/\\\/dizagn.fr\\\/\"},{\"@type\":\"ListItem\",\"position\":2,\"name\":\"S\u00e9lection\",\"item\":\"https:\\\/\\\/dizagn.fr\\\/\"},{\"@type\":\"ListItem\",\"position\":3,\"name\":\"MAISON JANSEN, paire de fauteuils, France, C. 1940\"}]},{\"@type\":\"WebSite\",\"@id\":\"https:\\\/\\\/dizagn.fr\\\/#website\",\"url\":\"https:\\\/\\\/dizagn.fr\\\/\",\"name\":\"DIZAGN\",\"description\":\"\",\"publisher\":{\"@id\":\"https:\\\/\\\/dizagn.fr\\\/#organization\"},\"potentialAction\":[{\"@type\":\"SearchAction\",\"target\":{\"@type\":\"EntryPoint\",\"urlTemplate\":\"https:\\\/\\\/dizagn.fr\\\/?s={search_term_string}\"},\"query-input\":{\"@type\":\"PropertyValueSpecification\",\"valueRequired\":true,\"valueName\":\"search_term_string\"}}],\"inLanguage\":\"en-GB\"},{\"@type\":\"Organization\",\"@id\":\"https:\\\/\\\/dizagn.fr\\\/#organization\",\"name\":\"DIZAGN\",\"url\":\"https:\\\/\\\/dizagn.fr\\\/\",\"logo\":{\"@type\":\"ImageObject\",\"inLanguage\":\"en-GB\",\"@id\":\"https:\\\/\\\/dizagn.fr\\\/#\\\/schema\\\/logo\\\/image\\\/\",\"url\":\"https:\\\/\\\/dizagn.fr\\\/wp-content\\\/uploads\\\/2023\\\/03\\\/logo-Dizagn.jpg\",\"contentUrl\":\"https:\\\/\\\/dizagn.fr\\\/wp-content\\\/uploads\\\/2023\\\/03\\\/logo-Dizagn.jpg\",\"width\":304,\"height\":95,\"caption\":\"DIZAGN\"},\"image\":{\"@id\":\"https:\\\/\\\/dizagn.fr\\\/#\\\/schema\\\/logo\\\/image\\\/\"}}]}<\/script>\n<!-- \/ Yoast SEO plugin. -->","yoast_head_json":{"title":"MAISON JANSEN, paire de fauteuils, France, C. 1940 - DIZAGN","robots":{"index":"index","follow":"follow","max-snippet":"max-snippet:-1","max-image-preview":"max-image-preview:large","max-video-preview":"max-video-preview:-1"},"canonical":"https:\/\/dizagn.fr\/en\/product\/maison-jansen-paire-de-fauteuils-manufacture-jansen-france-circa-1940\/","og_locale":"en_GB","og_type":"article","og_title":"MAISON JANSEN, paire de fauteuils, France, C. 1940 - DIZAGN","og_description":"MAISON JANSEN  Paire de fauteuils \u00e9l\u00e9gants France, manufacture Jansen, vers 1940 M\u00e9tal laqu\u00e9 blanc ivoire, feuillages en m\u00e9tal laqu\u00e9 vert et or, mousse et vinyle vert d'origine H. 103 (assise 37) x L. 68 x P. 74 cm","og_url":"https:\/\/dizagn.fr\/en\/product\/maison-jansen-paire-de-fauteuils-manufacture-jansen-france-circa-1940\/","og_site_name":"DIZAGN","article_modified_time":"2026-04-12T09:30:57+00:00","og_image":[{"width":2560,"height":2560,"url":"https:\/\/dizagn.fr\/wp-content\/uploads\/2026\/04\/JANSEN-pair-of-armchairs-1-scaled.jpg","type":"image\/jpeg"}],"twitter_card":"summary_large_image","twitter_misc":{"Estimated reading time":"1 minute"},"schema":{"@context":"https:\/\/schema.org","@graph":[{"@type":"WebPage","@id":"https:\/\/dizagn.fr\/produit\/maison-jansen-paire-de-fauteuils-manufacture-jansen-france-circa-1940\/","url":"https:\/\/dizagn.fr\/produit\/maison-jansen-paire-de-fauteuils-manufacture-jansen-france-circa-1940\/","name":"MAISON JANSEN, paire de fauteuils, France, C. 1940 - DIZAGN","isPartOf":{"@id":"https:\/\/dizagn.fr\/#website"},"primaryImageOfPage":{"@id":"https:\/\/dizagn.fr\/produit\/maison-jansen-paire-de-fauteuils-manufacture-jansen-france-circa-1940\/#primaryimage"},"image":{"@id":"https:\/\/dizagn.fr\/produit\/maison-jansen-paire-de-fauteuils-manufacture-jansen-france-circa-1940\/#primaryimage"},"thumbnailUrl":"https:\/\/dizagn.fr\/wp-content\/uploads\/2026\/04\/JANSEN-pair-of-armchairs-1-scaled.jpg","datePublished":"2026-04-09T09:55:36+00:00","dateModified":"2026-04-12T09:30:57+00:00","breadcrumb":{"@id":"https:\/\/dizagn.fr\/produit\/maison-jansen-paire-de-fauteuils-manufacture-jansen-france-circa-1940\/#breadcrumb"},"inLanguage":"en-GB","potentialAction":[{"@type":"ReadAction","target":["https:\/\/dizagn.fr\/produit\/maison-jansen-paire-de-fauteuils-manufacture-jansen-france-circa-1940\/"]}]},{"@type":"ImageObject","inLanguage":"en-GB","@id":"https:\/\/dizagn.fr\/produit\/maison-jansen-paire-de-fauteuils-manufacture-jansen-france-circa-1940\/#primaryimage","url":"https:\/\/dizagn.fr\/wp-content\/uploads\/2026\/04\/JANSEN-pair-of-armchairs-1-scaled.jpg","contentUrl":"https:\/\/dizagn.fr\/wp-content\/uploads\/2026\/04\/JANSEN-pair-of-armchairs-1-scaled.jpg","width":2560,"height":2560},{"@type":"BreadcrumbList","@id":"https:\/\/dizagn.fr\/produit\/maison-jansen-paire-de-fauteuils-manufacture-jansen-france-circa-1940\/#breadcrumb","itemListElement":[{"@type":"ListItem","position":1,"name":"Accueil","item":"https:\/\/dizagn.fr\/"},{"@type":"ListItem","position":2,"name":"S\u00e9lection","item":"https:\/\/dizagn.fr\/"},{"@type":"ListItem","position":3,"name":"MAISON JANSEN, paire de fauteuils, France, C. 1940"}]},{"@type":"WebSite","@id":"https:\/\/dizagn.fr\/#website","url":"https:\/\/dizagn.fr\/","name":"DIZAGN","description":"","publisher":{"@id":"https:\/\/dizagn.fr\/#organization"},"potentialAction":[{"@type":"SearchAction","target":{"@type":"EntryPoint","urlTemplate":"https:\/\/dizagn.fr\/?s={search_term_string}"},"query-input":{"@type":"PropertyValueSpecification","valueRequired":true,"valueName":"search_term_string"}}],"inLanguage":"en-GB"},{"@type":"Organization","@id":"https:\/\/dizagn.fr\/#organization","name":"DIZAGN","url":"https:\/\/dizagn.fr\/","logo":{"@type":"ImageObject","inLanguage":"en-GB","@id":"https:\/\/dizagn.fr\/#\/schema\/logo\/image\/","url":"https:\/\/dizagn.fr\/wp-content\/uploads\/2023\/03\/logo-Dizagn.jpg","contentUrl":"https:\/\/dizagn.fr\/wp-content\/uploads\/2023\/03\/logo-Dizagn.jpg","width":304,"height":95,"caption":"DIZAGN"},"image":{"@id":"https:\/\/dizagn.fr\/#\/schema\/logo\/image\/"}}]}},"_links":{"self":[{"href":"https:\/\/dizagn.fr\/en\/wp-json\/wp\/v2\/product\/2199","targetHints":{"allow":["GET"]}}],"collection":[{"href":"https:\/\/dizagn.fr\/en\/wp-json\/wp\/v2\/product"}],"about":[{"href":"https:\/\/dizagn.fr\/en\/wp-json\/wp\/v2\/types\/product"}],"wp:featuredmedia":[{"embeddable":true,"href":"https:\/\/dizagn.fr\/en\/wp-json\/wp\/v2\/media\/2200"}],"wp:attachment":[{"href":"https:\/\/dizagn.fr\/en\/wp-json\/wp\/v2\/media?parent=2199"}],"wp:term":[{"taxonomy":"product_brand","embeddable":true,"href":"https:\/\/dizagn.fr\/en\/wp-json\/wp\/v2\/product_brand?post=2199"},{"taxonomy":"product_cat","embeddable":true,"href":"https:\/\/dizagn.fr\/en\/wp-json\/wp\/v2\/product_cat?post=2199"},{"taxonomy":"product_tag","embeddable":true,"href":"https:\/\/dizagn.fr\/en\/wp-json\/wp\/v2\/product_tag?post=2199"}],"curies":[{"name":"wp","href":"https:\/\/api.w.org\/{rel}","templated":true}]}}