{"id":2181,"date":"2026-03-11T11:58:22","date_gmt":"2026-03-11T10:58:22","guid":{"rendered":"https:\/\/dizagn.fr\/?post_type=product&#038;p=2181"},"modified":"2026-03-11T11:58:22","modified_gmt":"2026-03-11T10:58:22","slug":"guido-faleschini-daybed-roche-bobois-ed-circa-1970","status":"publish","type":"product","link":"https:\/\/dizagn.fr\/en\/product\/guido-faleschini-daybed-roche-bobois-ed-circa-1970\/","title":{"rendered":"GUIDO FALESCHINI, daybed, Roche Bobois ed., circa 1970"},"content":{"rendered":"<p>Biography: <\/p>\n<p>The Italian-Swiss designer Guido Faleschini was born in Italy in 1924. He trained as an architect in Milan and graduated in 1942. He continued his studies and graduated from the School of Art, where he was awarded first prize at the end of his course.<br \/>\nIn 1960, he graduated with a degree in architecture from the University of Lausanne. Shortly thereafter, he began teaching there as a professor of architectural composition.<\/p>\n<p>Faleschini was also passionate about painting.<br \/>\nFrom 1950 to 1968, he won numerous prizes in painting competitions.<\/p>\n<p>He then worked for several major manufacturers, including Pace Collection, i4 Mariani, and Arflex. His works have been exhibited at international trade shows. During this period, he also worked on the design of private homes and commercial spaces. <\/p>\n<p>Many of his designs are featured in the collections of the Museum of Modern Art in New York and the Victoria and Albert Museum in London.<\/p>\n<p>Guido Faleschini sadly passed away prematurely in 1971 at the age of 47.<br \/>\nDespite his passing, the designer created and produced incredible works that are still highly sought after and admired by connoisseurs around the world today.<\/p>","protected":false},"excerpt":{"rendered":"<p>Guido Faleschini (1924-1971)<br \/>\nLarge daybed with removable side table<br \/>\nRoche Bobois edition, France, circa 1970<br \/>\nManufacturer's label<br \/>\nStainless steel, foam, and fabric by Maison Iss\u00e9<\/p>\n<p>Height: 50 (seat height: 25) x Width: 125 x Length: 240 cm<br \/>\nBedside table Height: 35 cm x Depth: 55 cm x Width: 40 cm <\/p>","protected":false},"featured_media":2182,"template":"","meta":{"_et_pb_use_builder":"","_et_pb_old_content":"","_et_gb_content_width":""},"product_brand":[],"product_cat":[18],"product_tag":[44],"class_list":{"0":"post-2181","1":"product","2":"type-product","3":"status-publish","4":"has-post-thumbnail","6":"product_cat-selection","7":"product_tag-nouveau","9":"first","10":"instock","11":"shipping-taxable","12":"purchasable","13":"product-type-simple"},"yoast_head":"<!-- This site is optimized with the Yoast SEO plugin v27.4 - https:\/\/yoast.com\/product\/yoast-seo-wordpress\/ -->\n<title>GUIDO FALESCHINI, daybed, Roche Bobois ed., circa 1970 - DIZAGN<\/title>\n<meta name=\"robots\" content=\"index, follow, max-snippet:-1, max-image-preview:large, max-video-preview:-1\" \/>\n<link rel=\"canonical\" href=\"https:\/\/dizagn.fr\/en\/product\/guido-faleschini-daybed-roche-bobois-ed-circa-1970\/\" \/>\n<meta property=\"og:locale\" content=\"en_GB\" \/>\n<meta property=\"og:type\" content=\"article\" \/>\n<meta property=\"og:title\" content=\"GUIDO FALESCHINI, daybed, Roche Bobois ed., circa 1970 - DIZAGN\" \/>\n<meta property=\"og:description\" content=\"Guido Faleschini (1924-1971) Important daybed et son chevet amovible Roche Bobois \u00e9dition, France, circa 1970 \u00c9tiquette du fabricant Acier inoxydable, mousse et tissu de la Maison Iss\u00e9  Haut. 50 (assise 25) x Larg. 125 x Long. 240 cm  Chevet Haut. 35 x Prof. 55 x Larg. 40 cm\" \/>\n<meta property=\"og:url\" content=\"https:\/\/dizagn.fr\/en\/product\/guido-faleschini-daybed-roche-bobois-ed-circa-1970\/\" \/>\n<meta property=\"og:site_name\" content=\"DIZAGN\" \/>\n<meta property=\"og:image\" content=\"https:\/\/dizagn.fr\/wp-content\/uploads\/2026\/03\/FALESCHINI-Guido-daybed-ROCHE-BOBOIS-1-scaled.jpg\" \/>\n\t<meta property=\"og:image:width\" content=\"2560\" \/>\n\t<meta property=\"og:image:height\" content=\"2560\" \/>\n\t<meta property=\"og:image:type\" content=\"image\/jpeg\" \/>\n<meta name=\"twitter:card\" content=\"summary_large_image\" \/>\n<meta name=\"twitter:label1\" content=\"Estimated reading time\" \/>\n\t<meta name=\"twitter:data1\" content=\"1 minute\" \/>\n<script type=\"application\/ld+json\" class=\"yoast-schema-graph\">{\"@context\":\"https:\\\/\\\/schema.org\",\"@graph\":[{\"@type\":\"WebPage\",\"@id\":\"https:\\\/\\\/dizagn.fr\\\/produit\\\/guido-faleschini-daybed-roche-bobois-ed-circa-1970\\\/\",\"url\":\"https:\\\/\\\/dizagn.fr\\\/produit\\\/guido-faleschini-daybed-roche-bobois-ed-circa-1970\\\/\",\"name\":\"GUIDO FALESCHINI, daybed, Roche Bobois ed., circa 1970 - DIZAGN\",\"isPartOf\":{\"@id\":\"https:\\\/\\\/dizagn.fr\\\/#website\"},\"primaryImageOfPage\":{\"@id\":\"https:\\\/\\\/dizagn.fr\\\/produit\\\/guido-faleschini-daybed-roche-bobois-ed-circa-1970\\\/#primaryimage\"},\"image\":{\"@id\":\"https:\\\/\\\/dizagn.fr\\\/produit\\\/guido-faleschini-daybed-roche-bobois-ed-circa-1970\\\/#primaryimage\"},\"thumbnailUrl\":\"https:\\\/\\\/dizagn.fr\\\/wp-content\\\/uploads\\\/2026\\\/03\\\/FALESCHINI-Guido-daybed-ROCHE-BOBOIS-1-scaled.jpg\",\"datePublished\":\"2026-03-11T10:58:22+00:00\",\"breadcrumb\":{\"@id\":\"https:\\\/\\\/dizagn.fr\\\/produit\\\/guido-faleschini-daybed-roche-bobois-ed-circa-1970\\\/#breadcrumb\"},\"inLanguage\":\"en-GB\",\"potentialAction\":[{\"@type\":\"ReadAction\",\"target\":[\"https:\\\/\\\/dizagn.fr\\\/produit\\\/guido-faleschini-daybed-roche-bobois-ed-circa-1970\\\/\"]}]},{\"@type\":\"ImageObject\",\"inLanguage\":\"en-GB\",\"@id\":\"https:\\\/\\\/dizagn.fr\\\/produit\\\/guido-faleschini-daybed-roche-bobois-ed-circa-1970\\\/#primaryimage\",\"url\":\"https:\\\/\\\/dizagn.fr\\\/wp-content\\\/uploads\\\/2026\\\/03\\\/FALESCHINI-Guido-daybed-ROCHE-BOBOIS-1-scaled.jpg\",\"contentUrl\":\"https:\\\/\\\/dizagn.fr\\\/wp-content\\\/uploads\\\/2026\\\/03\\\/FALESCHINI-Guido-daybed-ROCHE-BOBOIS-1-scaled.jpg\",\"width\":2560,\"height\":2560},{\"@type\":\"BreadcrumbList\",\"@id\":\"https:\\\/\\\/dizagn.fr\\\/produit\\\/guido-faleschini-daybed-roche-bobois-ed-circa-1970\\\/#breadcrumb\",\"itemListElement\":[{\"@type\":\"ListItem\",\"position\":1,\"name\":\"Accueil\",\"item\":\"https:\\\/\\\/dizagn.fr\\\/\"},{\"@type\":\"ListItem\",\"position\":2,\"name\":\"S\u00e9lection\",\"item\":\"https:\\\/\\\/dizagn.fr\\\/\"},{\"@type\":\"ListItem\",\"position\":3,\"name\":\"GUIDO FALESCHINI, daybed, Roche Bobois ed., circa 1970\"}]},{\"@type\":\"WebSite\",\"@id\":\"https:\\\/\\\/dizagn.fr\\\/#website\",\"url\":\"https:\\\/\\\/dizagn.fr\\\/\",\"name\":\"DIZAGN\",\"description\":\"\",\"publisher\":{\"@id\":\"https:\\\/\\\/dizagn.fr\\\/#organization\"},\"potentialAction\":[{\"@type\":\"SearchAction\",\"target\":{\"@type\":\"EntryPoint\",\"urlTemplate\":\"https:\\\/\\\/dizagn.fr\\\/?s={search_term_string}\"},\"query-input\":{\"@type\":\"PropertyValueSpecification\",\"valueRequired\":true,\"valueName\":\"search_term_string\"}}],\"inLanguage\":\"en-GB\"},{\"@type\":\"Organization\",\"@id\":\"https:\\\/\\\/dizagn.fr\\\/#organization\",\"name\":\"DIZAGN\",\"url\":\"https:\\\/\\\/dizagn.fr\\\/\",\"logo\":{\"@type\":\"ImageObject\",\"inLanguage\":\"en-GB\",\"@id\":\"https:\\\/\\\/dizagn.fr\\\/#\\\/schema\\\/logo\\\/image\\\/\",\"url\":\"https:\\\/\\\/dizagn.fr\\\/wp-content\\\/uploads\\\/2023\\\/03\\\/logo-Dizagn.jpg\",\"contentUrl\":\"https:\\\/\\\/dizagn.fr\\\/wp-content\\\/uploads\\\/2023\\\/03\\\/logo-Dizagn.jpg\",\"width\":304,\"height\":95,\"caption\":\"DIZAGN\"},\"image\":{\"@id\":\"https:\\\/\\\/dizagn.fr\\\/#\\\/schema\\\/logo\\\/image\\\/\"}}]}<\/script>\n<!-- \/ Yoast SEO plugin. -->","yoast_head_json":{"title":"GUIDO FALESCHINI, daybed, Roche Bobois ed., circa 1970 - DIZAGN","robots":{"index":"index","follow":"follow","max-snippet":"max-snippet:-1","max-image-preview":"max-image-preview:large","max-video-preview":"max-video-preview:-1"},"canonical":"https:\/\/dizagn.fr\/en\/product\/guido-faleschini-daybed-roche-bobois-ed-circa-1970\/","og_locale":"en_GB","og_type":"article","og_title":"GUIDO FALESCHINI, daybed, Roche Bobois ed., circa 1970 - DIZAGN","og_description":"Guido Faleschini (1924-1971) Important daybed et son chevet amovible Roche Bobois \u00e9dition, France, circa 1970 \u00c9tiquette du fabricant Acier inoxydable, mousse et tissu de la Maison Iss\u00e9  Haut. 50 (assise 25) x Larg. 125 x Long. 240 cm  Chevet Haut. 35 x Prof. 55 x Larg. 40 cm","og_url":"https:\/\/dizagn.fr\/en\/product\/guido-faleschini-daybed-roche-bobois-ed-circa-1970\/","og_site_name":"DIZAGN","og_image":[{"width":2560,"height":2560,"url":"https:\/\/dizagn.fr\/wp-content\/uploads\/2026\/03\/FALESCHINI-Guido-daybed-ROCHE-BOBOIS-1-scaled.jpg","type":"image\/jpeg"}],"twitter_card":"summary_large_image","twitter_misc":{"Estimated reading time":"1 minute"},"schema":{"@context":"https:\/\/schema.org","@graph":[{"@type":"WebPage","@id":"https:\/\/dizagn.fr\/produit\/guido-faleschini-daybed-roche-bobois-ed-circa-1970\/","url":"https:\/\/dizagn.fr\/produit\/guido-faleschini-daybed-roche-bobois-ed-circa-1970\/","name":"GUIDO FALESCHINI, daybed, Roche Bobois ed., circa 1970 - DIZAGN","isPartOf":{"@id":"https:\/\/dizagn.fr\/#website"},"primaryImageOfPage":{"@id":"https:\/\/dizagn.fr\/produit\/guido-faleschini-daybed-roche-bobois-ed-circa-1970\/#primaryimage"},"image":{"@id":"https:\/\/dizagn.fr\/produit\/guido-faleschini-daybed-roche-bobois-ed-circa-1970\/#primaryimage"},"thumbnailUrl":"https:\/\/dizagn.fr\/wp-content\/uploads\/2026\/03\/FALESCHINI-Guido-daybed-ROCHE-BOBOIS-1-scaled.jpg","datePublished":"2026-03-11T10:58:22+00:00","breadcrumb":{"@id":"https:\/\/dizagn.fr\/produit\/guido-faleschini-daybed-roche-bobois-ed-circa-1970\/#breadcrumb"},"inLanguage":"en-GB","potentialAction":[{"@type":"ReadAction","target":["https:\/\/dizagn.fr\/produit\/guido-faleschini-daybed-roche-bobois-ed-circa-1970\/"]}]},{"@type":"ImageObject","inLanguage":"en-GB","@id":"https:\/\/dizagn.fr\/produit\/guido-faleschini-daybed-roche-bobois-ed-circa-1970\/#primaryimage","url":"https:\/\/dizagn.fr\/wp-content\/uploads\/2026\/03\/FALESCHINI-Guido-daybed-ROCHE-BOBOIS-1-scaled.jpg","contentUrl":"https:\/\/dizagn.fr\/wp-content\/uploads\/2026\/03\/FALESCHINI-Guido-daybed-ROCHE-BOBOIS-1-scaled.jpg","width":2560,"height":2560},{"@type":"BreadcrumbList","@id":"https:\/\/dizagn.fr\/produit\/guido-faleschini-daybed-roche-bobois-ed-circa-1970\/#breadcrumb","itemListElement":[{"@type":"ListItem","position":1,"name":"Accueil","item":"https:\/\/dizagn.fr\/"},{"@type":"ListItem","position":2,"name":"S\u00e9lection","item":"https:\/\/dizagn.fr\/"},{"@type":"ListItem","position":3,"name":"GUIDO FALESCHINI, daybed, Roche Bobois ed., circa 1970"}]},{"@type":"WebSite","@id":"https:\/\/dizagn.fr\/#website","url":"https:\/\/dizagn.fr\/","name":"DIZAGN","description":"","publisher":{"@id":"https:\/\/dizagn.fr\/#organization"},"potentialAction":[{"@type":"SearchAction","target":{"@type":"EntryPoint","urlTemplate":"https:\/\/dizagn.fr\/?s={search_term_string}"},"query-input":{"@type":"PropertyValueSpecification","valueRequired":true,"valueName":"search_term_string"}}],"inLanguage":"en-GB"},{"@type":"Organization","@id":"https:\/\/dizagn.fr\/#organization","name":"DIZAGN","url":"https:\/\/dizagn.fr\/","logo":{"@type":"ImageObject","inLanguage":"en-GB","@id":"https:\/\/dizagn.fr\/#\/schema\/logo\/image\/","url":"https:\/\/dizagn.fr\/wp-content\/uploads\/2023\/03\/logo-Dizagn.jpg","contentUrl":"https:\/\/dizagn.fr\/wp-content\/uploads\/2023\/03\/logo-Dizagn.jpg","width":304,"height":95,"caption":"DIZAGN"},"image":{"@id":"https:\/\/dizagn.fr\/#\/schema\/logo\/image\/"}}]}},"_links":{"self":[{"href":"https:\/\/dizagn.fr\/en\/wp-json\/wp\/v2\/product\/2181","targetHints":{"allow":["GET"]}}],"collection":[{"href":"https:\/\/dizagn.fr\/en\/wp-json\/wp\/v2\/product"}],"about":[{"href":"https:\/\/dizagn.fr\/en\/wp-json\/wp\/v2\/types\/product"}],"wp:featuredmedia":[{"embeddable":true,"href":"https:\/\/dizagn.fr\/en\/wp-json\/wp\/v2\/media\/2182"}],"wp:attachment":[{"href":"https:\/\/dizagn.fr\/en\/wp-json\/wp\/v2\/media?parent=2181"}],"wp:term":[{"taxonomy":"product_brand","embeddable":true,"href":"https:\/\/dizagn.fr\/en\/wp-json\/wp\/v2\/product_brand?post=2181"},{"taxonomy":"product_cat","embeddable":true,"href":"https:\/\/dizagn.fr\/en\/wp-json\/wp\/v2\/product_cat?post=2181"},{"taxonomy":"product_tag","embeddable":true,"href":"https:\/\/dizagn.fr\/en\/wp-json\/wp\/v2\/product_tag?post=2181"}],"curies":[{"name":"wp","href":"https:\/\/api.w.org\/{rel}","templated":true}]}}