{"id":2168,"date":"2026-03-06T09:58:10","date_gmt":"2026-03-06T08:58:10","guid":{"rendered":"https:\/\/dizagn.fr\/?post_type=product&#038;p=2168"},"modified":"2026-03-06T10:12:25","modified_gmt":"2026-03-06T09:12:25","slug":"pierre-paulin-fauteuils-f300-artifort-ed-1964","status":"publish","type":"product","link":"https:\/\/dizagn.fr\/en\/product\/pierre-paulin-fauteuils-f300-artifort-ed-1964\/","title":{"rendered":"PIERRE PAULIN, F300 armchairs, Artifort ed., 1964"},"content":{"rendered":"<p>Literature:<br \/>\nC. Geel, Pierre Paulin. Cr\u00e9ateur, Archibooks, Paris, 2008<br \/>\nC. Pitiot, Paulin, Cat. Expos, CNAM, Paris, 2016<\/p>\n<p>References: <\/p>\n<p>Collection Mus\u00e9e d&rsquo;art moderne, Centre Pompidou, don Mme Maia Paulin, n\u00b0inv. AM 2015-1-32<br \/>\nCollection Mus\u00e9e d&rsquo;art moderne Saint-\u00c9tienne<br \/>\nExposition Paulin, Centre Pompidou, Paris, 11 mai-22 ao\u00fbt 2016<\/p>\n<p>Biography:<\/p>\n<p>Pierre Paulin (French, 1927\u20132009) trained as a sculptor but injured his right arm, forcing him to turn to design and study at the \u00c9cole Camondo in Paris. He is perhaps best known for his innovative designs for the Dutch company Artifort in the 1960s: the famous Mushroom Chair (1959), the Ribbon Chair (1966), and the Tongue Chair (1968), which used foam and metal frames with stretchable materials and clean lines that cradled the body. Paulin was also highly influential and involved in French design throughout the 1970s. Clearly influenced by his training as a sculptor and his German roots, as well as by the work of early modernists, Paulin was even more marked by the work of George Nelson and Charles Eames and by the importance of the social component of modern design.<\/p>\n<p>Most notably, Paulin was invited by the Mobilier National in 1970 to decorate the private apartments of President George Pompidou in the Palais de l'\u00c9lys\u00e9e, and to furnish the office of President Francois Mitterand in 1983. He also redesigned the interiors of numerous private and public spaces including the Denon Wing of the Louvre Museum, the hall of Tapestries in Paris City Hall, the Economic and Social Council assembly room, and the Green Room of the state radio's Broadcasting House (\"Maison de la Radio\").<\/p>\n<p>What makes Paulin\u2019s designs so distinctive is their striking sculptural shape, which earned Paulin many prizes worldwide. Paulin\u2019s designs are timeless and progressive and in November 2009 he was posthumously awarded the distinction of \u201cRoyal Designer for Industry\u201d (RDI) by President Nicolas Sarkozy. In 2016, a retrospective of his work was on view at Centre Pompidou, Paris.<\/p>","protected":false},"excerpt":{"rendered":"<p>PIERRE PAULIN (1927-2009)<\/p>\n<p>Pair of F300 armchairs<br \/>\nArtifort edition, Netherlands, model created in 1964<br \/>\nRestored white gelcoat fiberglass structure, choice of foam and fabric<br \/>\nH. 90 (seat 38) x L. 73 x D. 52 cm<br \/>\n4 available<\/p>","protected":false},"featured_media":2170,"template":"","meta":{"_et_pb_use_builder":"","_et_pb_old_content":"","_et_gb_content_width":""},"product_brand":[],"product_cat":[18],"product_tag":[44],"class_list":{"0":"post-2168","1":"product","2":"type-product","3":"status-publish","4":"has-post-thumbnail","6":"product_cat-selection","7":"product_tag-nouveau","9":"first","10":"instock","11":"shipping-taxable","12":"purchasable","13":"product-type-simple"},"yoast_head":"<!-- This site is optimized with the Yoast SEO plugin v27.4 - https:\/\/yoast.com\/product\/yoast-seo-wordpress\/ -->\n<title>PIERRE PAULIN, fauteuils F300, Artifort ed., 1964 - DIZAGN<\/title>\n<meta name=\"robots\" content=\"index, follow, max-snippet:-1, max-image-preview:large, max-video-preview:-1\" \/>\n<link rel=\"canonical\" href=\"https:\/\/dizagn.fr\/en\/product\/pierre-paulin-fauteuils-f300-artifort-ed-1964\/\" \/>\n<meta property=\"og:locale\" content=\"en_GB\" \/>\n<meta property=\"og:type\" content=\"article\" \/>\n<meta property=\"og:title\" content=\"PIERRE PAULIN, fauteuils F300, Artifort ed., 1964 - DIZAGN\" \/>\n<meta property=\"og:description\" content=\"PIERRE PAULIN (1927-2009)  Paire de fauteuils F300 Artifort \u00e9dition, Pays-Bas, mod\u00e8le cr\u00e9\u00e9 en 1964 Structure en fibre de verre gelcoat blanc restaur\u00e9e, mousse et tissu au choix H. 90 (assise 38) x L. 73 x P. 52 cm 4 disponibles\" \/>\n<meta property=\"og:url\" content=\"https:\/\/dizagn.fr\/en\/product\/pierre-paulin-fauteuils-f300-artifort-ed-1964\/\" \/>\n<meta property=\"og:site_name\" content=\"DIZAGN\" \/>\n<meta property=\"article:modified_time\" content=\"2026-03-06T09:12:25+00:00\" \/>\n<meta property=\"og:image\" content=\"https:\/\/dizagn.fr\/wp-content\/uploads\/2026\/03\/PAULIN-pierre-F300-armchairs-1-scaled.jpg\" \/>\n\t<meta property=\"og:image:width\" content=\"2560\" \/>\n\t<meta property=\"og:image:height\" content=\"2560\" \/>\n\t<meta property=\"og:image:type\" content=\"image\/jpeg\" \/>\n<meta name=\"twitter:card\" content=\"summary_large_image\" \/>\n<meta name=\"twitter:label1\" content=\"Estimated reading time\" \/>\n\t<meta name=\"twitter:data1\" content=\"1 minute\" \/>\n<script type=\"application\/ld+json\" class=\"yoast-schema-graph\">{\"@context\":\"https:\\\/\\\/schema.org\",\"@graph\":[{\"@type\":\"WebPage\",\"@id\":\"https:\\\/\\\/dizagn.fr\\\/produit\\\/pierre-paulin-fauteuils-f300-artifort-ed-1964\\\/\",\"url\":\"https:\\\/\\\/dizagn.fr\\\/produit\\\/pierre-paulin-fauteuils-f300-artifort-ed-1964\\\/\",\"name\":\"PIERRE PAULIN, fauteuils F300, Artifort ed., 1964 - DIZAGN\",\"isPartOf\":{\"@id\":\"https:\\\/\\\/dizagn.fr\\\/#website\"},\"primaryImageOfPage\":{\"@id\":\"https:\\\/\\\/dizagn.fr\\\/produit\\\/pierre-paulin-fauteuils-f300-artifort-ed-1964\\\/#primaryimage\"},\"image\":{\"@id\":\"https:\\\/\\\/dizagn.fr\\\/produit\\\/pierre-paulin-fauteuils-f300-artifort-ed-1964\\\/#primaryimage\"},\"thumbnailUrl\":\"https:\\\/\\\/dizagn.fr\\\/wp-content\\\/uploads\\\/2026\\\/03\\\/PAULIN-pierre-F300-armchairs-1-scaled.jpg\",\"datePublished\":\"2026-03-06T08:58:10+00:00\",\"dateModified\":\"2026-03-06T09:12:25+00:00\",\"breadcrumb\":{\"@id\":\"https:\\\/\\\/dizagn.fr\\\/produit\\\/pierre-paulin-fauteuils-f300-artifort-ed-1964\\\/#breadcrumb\"},\"inLanguage\":\"en-GB\",\"potentialAction\":[{\"@type\":\"ReadAction\",\"target\":[\"https:\\\/\\\/dizagn.fr\\\/produit\\\/pierre-paulin-fauteuils-f300-artifort-ed-1964\\\/\"]}]},{\"@type\":\"ImageObject\",\"inLanguage\":\"en-GB\",\"@id\":\"https:\\\/\\\/dizagn.fr\\\/produit\\\/pierre-paulin-fauteuils-f300-artifort-ed-1964\\\/#primaryimage\",\"url\":\"https:\\\/\\\/dizagn.fr\\\/wp-content\\\/uploads\\\/2026\\\/03\\\/PAULIN-pierre-F300-armchairs-1-scaled.jpg\",\"contentUrl\":\"https:\\\/\\\/dizagn.fr\\\/wp-content\\\/uploads\\\/2026\\\/03\\\/PAULIN-pierre-F300-armchairs-1-scaled.jpg\",\"width\":2560,\"height\":2560},{\"@type\":\"BreadcrumbList\",\"@id\":\"https:\\\/\\\/dizagn.fr\\\/produit\\\/pierre-paulin-fauteuils-f300-artifort-ed-1964\\\/#breadcrumb\",\"itemListElement\":[{\"@type\":\"ListItem\",\"position\":1,\"name\":\"Accueil\",\"item\":\"https:\\\/\\\/dizagn.fr\\\/\"},{\"@type\":\"ListItem\",\"position\":2,\"name\":\"S\u00e9lection\",\"item\":\"https:\\\/\\\/dizagn.fr\\\/\"},{\"@type\":\"ListItem\",\"position\":3,\"name\":\"PIERRE PAULIN, fauteuils F300, Artifort ed., 1964\"}]},{\"@type\":\"WebSite\",\"@id\":\"https:\\\/\\\/dizagn.fr\\\/#website\",\"url\":\"https:\\\/\\\/dizagn.fr\\\/\",\"name\":\"DIZAGN\",\"description\":\"\",\"publisher\":{\"@id\":\"https:\\\/\\\/dizagn.fr\\\/#organization\"},\"potentialAction\":[{\"@type\":\"SearchAction\",\"target\":{\"@type\":\"EntryPoint\",\"urlTemplate\":\"https:\\\/\\\/dizagn.fr\\\/?s={search_term_string}\"},\"query-input\":{\"@type\":\"PropertyValueSpecification\",\"valueRequired\":true,\"valueName\":\"search_term_string\"}}],\"inLanguage\":\"en-GB\"},{\"@type\":\"Organization\",\"@id\":\"https:\\\/\\\/dizagn.fr\\\/#organization\",\"name\":\"DIZAGN\",\"url\":\"https:\\\/\\\/dizagn.fr\\\/\",\"logo\":{\"@type\":\"ImageObject\",\"inLanguage\":\"en-GB\",\"@id\":\"https:\\\/\\\/dizagn.fr\\\/#\\\/schema\\\/logo\\\/image\\\/\",\"url\":\"https:\\\/\\\/dizagn.fr\\\/wp-content\\\/uploads\\\/2023\\\/03\\\/logo-Dizagn.jpg\",\"contentUrl\":\"https:\\\/\\\/dizagn.fr\\\/wp-content\\\/uploads\\\/2023\\\/03\\\/logo-Dizagn.jpg\",\"width\":304,\"height\":95,\"caption\":\"DIZAGN\"},\"image\":{\"@id\":\"https:\\\/\\\/dizagn.fr\\\/#\\\/schema\\\/logo\\\/image\\\/\"}}]}<\/script>\n<!-- \/ Yoast SEO plugin. -->","yoast_head_json":{"title":"PIERRE PAULIN, fauteuils F300, Artifort ed., 1964 - DIZAGN","robots":{"index":"index","follow":"follow","max-snippet":"max-snippet:-1","max-image-preview":"max-image-preview:large","max-video-preview":"max-video-preview:-1"},"canonical":"https:\/\/dizagn.fr\/en\/product\/pierre-paulin-fauteuils-f300-artifort-ed-1964\/","og_locale":"en_GB","og_type":"article","og_title":"PIERRE PAULIN, fauteuils F300, Artifort ed., 1964 - DIZAGN","og_description":"PIERRE PAULIN (1927-2009)  Paire de fauteuils F300 Artifort \u00e9dition, Pays-Bas, mod\u00e8le cr\u00e9\u00e9 en 1964 Structure en fibre de verre gelcoat blanc restaur\u00e9e, mousse et tissu au choix H. 90 (assise 38) x L. 73 x P. 52 cm 4 disponibles","og_url":"https:\/\/dizagn.fr\/en\/product\/pierre-paulin-fauteuils-f300-artifort-ed-1964\/","og_site_name":"DIZAGN","article_modified_time":"2026-03-06T09:12:25+00:00","og_image":[{"width":2560,"height":2560,"url":"https:\/\/dizagn.fr\/wp-content\/uploads\/2026\/03\/PAULIN-pierre-F300-armchairs-1-scaled.jpg","type":"image\/jpeg"}],"twitter_card":"summary_large_image","twitter_misc":{"Estimated reading time":"1 minute"},"schema":{"@context":"https:\/\/schema.org","@graph":[{"@type":"WebPage","@id":"https:\/\/dizagn.fr\/produit\/pierre-paulin-fauteuils-f300-artifort-ed-1964\/","url":"https:\/\/dizagn.fr\/produit\/pierre-paulin-fauteuils-f300-artifort-ed-1964\/","name":"PIERRE PAULIN, fauteuils F300, Artifort ed., 1964 - DIZAGN","isPartOf":{"@id":"https:\/\/dizagn.fr\/#website"},"primaryImageOfPage":{"@id":"https:\/\/dizagn.fr\/produit\/pierre-paulin-fauteuils-f300-artifort-ed-1964\/#primaryimage"},"image":{"@id":"https:\/\/dizagn.fr\/produit\/pierre-paulin-fauteuils-f300-artifort-ed-1964\/#primaryimage"},"thumbnailUrl":"https:\/\/dizagn.fr\/wp-content\/uploads\/2026\/03\/PAULIN-pierre-F300-armchairs-1-scaled.jpg","datePublished":"2026-03-06T08:58:10+00:00","dateModified":"2026-03-06T09:12:25+00:00","breadcrumb":{"@id":"https:\/\/dizagn.fr\/produit\/pierre-paulin-fauteuils-f300-artifort-ed-1964\/#breadcrumb"},"inLanguage":"en-GB","potentialAction":[{"@type":"ReadAction","target":["https:\/\/dizagn.fr\/produit\/pierre-paulin-fauteuils-f300-artifort-ed-1964\/"]}]},{"@type":"ImageObject","inLanguage":"en-GB","@id":"https:\/\/dizagn.fr\/produit\/pierre-paulin-fauteuils-f300-artifort-ed-1964\/#primaryimage","url":"https:\/\/dizagn.fr\/wp-content\/uploads\/2026\/03\/PAULIN-pierre-F300-armchairs-1-scaled.jpg","contentUrl":"https:\/\/dizagn.fr\/wp-content\/uploads\/2026\/03\/PAULIN-pierre-F300-armchairs-1-scaled.jpg","width":2560,"height":2560},{"@type":"BreadcrumbList","@id":"https:\/\/dizagn.fr\/produit\/pierre-paulin-fauteuils-f300-artifort-ed-1964\/#breadcrumb","itemListElement":[{"@type":"ListItem","position":1,"name":"Accueil","item":"https:\/\/dizagn.fr\/"},{"@type":"ListItem","position":2,"name":"S\u00e9lection","item":"https:\/\/dizagn.fr\/"},{"@type":"ListItem","position":3,"name":"PIERRE PAULIN, fauteuils F300, Artifort ed., 1964"}]},{"@type":"WebSite","@id":"https:\/\/dizagn.fr\/#website","url":"https:\/\/dizagn.fr\/","name":"DIZAGN","description":"","publisher":{"@id":"https:\/\/dizagn.fr\/#organization"},"potentialAction":[{"@type":"SearchAction","target":{"@type":"EntryPoint","urlTemplate":"https:\/\/dizagn.fr\/?s={search_term_string}"},"query-input":{"@type":"PropertyValueSpecification","valueRequired":true,"valueName":"search_term_string"}}],"inLanguage":"en-GB"},{"@type":"Organization","@id":"https:\/\/dizagn.fr\/#organization","name":"DIZAGN","url":"https:\/\/dizagn.fr\/","logo":{"@type":"ImageObject","inLanguage":"en-GB","@id":"https:\/\/dizagn.fr\/#\/schema\/logo\/image\/","url":"https:\/\/dizagn.fr\/wp-content\/uploads\/2023\/03\/logo-Dizagn.jpg","contentUrl":"https:\/\/dizagn.fr\/wp-content\/uploads\/2023\/03\/logo-Dizagn.jpg","width":304,"height":95,"caption":"DIZAGN"},"image":{"@id":"https:\/\/dizagn.fr\/#\/schema\/logo\/image\/"}}]}},"_links":{"self":[{"href":"https:\/\/dizagn.fr\/en\/wp-json\/wp\/v2\/product\/2168","targetHints":{"allow":["GET"]}}],"collection":[{"href":"https:\/\/dizagn.fr\/en\/wp-json\/wp\/v2\/product"}],"about":[{"href":"https:\/\/dizagn.fr\/en\/wp-json\/wp\/v2\/types\/product"}],"wp:featuredmedia":[{"embeddable":true,"href":"https:\/\/dizagn.fr\/en\/wp-json\/wp\/v2\/media\/2170"}],"wp:attachment":[{"href":"https:\/\/dizagn.fr\/en\/wp-json\/wp\/v2\/media?parent=2168"}],"wp:term":[{"taxonomy":"product_brand","embeddable":true,"href":"https:\/\/dizagn.fr\/en\/wp-json\/wp\/v2\/product_brand?post=2168"},{"taxonomy":"product_cat","embeddable":true,"href":"https:\/\/dizagn.fr\/en\/wp-json\/wp\/v2\/product_cat?post=2168"},{"taxonomy":"product_tag","embeddable":true,"href":"https:\/\/dizagn.fr\/en\/wp-json\/wp\/v2\/product_tag?post=2168"}],"curies":[{"name":"wp","href":"https:\/\/api.w.org\/{rel}","templated":true}]}}