{"id":2084,"date":"2026-01-07T10:28:26","date_gmt":"2026-01-07T09:28:26","guid":{"rendered":"https:\/\/dizagn.fr\/?post_type=product&#038;p=2084"},"modified":"2026-04-09T11:51:27","modified_gmt":"2026-04-09T09:51:27","slug":"pierre-sala-chaise-poisson-pilote-serie-limitee-1983","status":"publish","type":"product","link":"https:\/\/dizagn.fr\/en\/product\/pierre-sala-chaise-poisson-pilote-serie-limitee-1983\/","title":{"rendered":"PIERRE SALA, Poisson Pilote chair, Limited edition, 1983"},"content":{"rendered":"<p>Yellow, black, and white lacquered wood<br \/>\n250 copies, Limited edition<br \/>\nSigned, dated, and numbered \u201cPoisson pilote, 49\/250, Sala, 83\u201d<br \/>\nHeight: 90 \u00d7 Width: 42 \u00d7 Depth: 41 cm<\/p>\n<p>Literature: <\/p>\n<p>Ivan Mietton, Pierre Lonjou, Th\u00e9o Caviezel, Pierre Sala, \u00e9dition Hors Champ, 2024<\/p>\n<p>Biography: <\/p>\n<p>Pierre Sala (1948-1989) had a remarkable career. After studying scenography and gestural semiotics, this young Parisian, inspired by the spirit of the 1970s, launched himself into theater production at the age of 20. What followed was an exciting adventure in which he worked both as a writer and a director. Often without words, the theater he promoted was experimental, visual, and sensory. Critics will long remember Lysis (1974), Grenouille (1975), T\u00eate d'Angles (1976), and Maison Rouge (1980). <\/p>\n<p>Another decade, other desires. Sala entered the 1980s with a deep-seated desire to express himself as a furniture designer. The Piranha chair, emblematic of his first collection, was an immediate success. Three years later, the Clairefontaine notebook established him on the international design scene. <\/p>\n<p>Jusqu\u2019en 1988, Pierre Sala se pla\u00eet \u00e0 dessiner des collections pleines de fantaisie.<br \/>\nEn parall\u00e8le de cette qu\u00eate esth\u00e9tique, il r\u00e9pond \u00e0 des commandes en tant qu\u2019architecte d\u2019int\u00e9rieur et apporte son regard novateur \u00e0 la conception de bars, de restaurants et d\u2019autres espaces publics ou priv\u00e9s. Fauch\u00e9 dans sa quaranti\u00e8me ann\u00e9e, en 1989, il laisse derri\u00e8re lui nombre de projets \u00e0 l\u2019\u00e9tat de prototypes ou d\u2019id\u00e9es.<\/p>\n<p>Card payments accepted via Stripe \ud83d\udcb3<\/p>","protected":false},"excerpt":{"rendered":"<p>Pierre Sala (1948-1989)<br \/>\nPoisson Pilote chair from Side Chair range<br \/>\nN\u00b049\/450, France, 1983<\/p>","protected":false},"featured_media":2085,"template":"","meta":{"_et_pb_use_builder":"","_et_pb_old_content":"","_et_gb_content_width":""},"product_brand":[],"product_cat":[18],"product_tag":[44],"class_list":{"0":"post-2084","1":"product","2":"type-product","3":"status-publish","4":"has-post-thumbnail","6":"product_cat-selection","7":"product_tag-nouveau","9":"first","10":"instock","11":"shipping-taxable","12":"purchasable","13":"product-type-simple"},"yoast_head":"<!-- This site is optimized with the Yoast SEO plugin v27.4 - https:\/\/yoast.com\/product\/yoast-seo-wordpress\/ -->\n<title>PIERRE SALA, chaise Poisson Pilote, S\u00e9rie limit\u00e9e, 1983 - DIZAGN<\/title>\n<meta name=\"robots\" content=\"index, follow, max-snippet:-1, max-image-preview:large, max-video-preview:-1\" \/>\n<link rel=\"canonical\" href=\"https:\/\/dizagn.fr\/en\/product\/pierre-sala-chaise-poisson-pilote-serie-limitee-1983\/\" \/>\n<meta property=\"og:locale\" content=\"en_GB\" \/>\n<meta property=\"og:type\" content=\"article\" \/>\n<meta property=\"og:title\" content=\"PIERRE SALA, chaise Poisson Pilote, S\u00e9rie limit\u00e9e, 1983 - DIZAGN\" \/>\n<meta property=\"og:description\" content=\"Pierre Sala (1948-1989) Chaise Poisson Pilote de la s\u00e9rie Side Chair N\u00b049\/450, France, 1983\" \/>\n<meta property=\"og:url\" content=\"https:\/\/dizagn.fr\/en\/product\/pierre-sala-chaise-poisson-pilote-serie-limitee-1983\/\" \/>\n<meta property=\"og:site_name\" content=\"DIZAGN\" \/>\n<meta property=\"article:modified_time\" content=\"2026-04-09T09:51:27+00:00\" \/>\n<meta property=\"og:image\" content=\"https:\/\/dizagn.fr\/wp-content\/uploads\/2026\/01\/SALA-Pierre-Poisson-pilote-chair-1-scaled.jpg\" \/>\n\t<meta property=\"og:image:width\" content=\"2560\" \/>\n\t<meta property=\"og:image:height\" content=\"2560\" \/>\n\t<meta property=\"og:image:type\" content=\"image\/jpeg\" \/>\n<meta name=\"twitter:card\" content=\"summary_large_image\" \/>\n<meta name=\"twitter:label1\" content=\"Estimated reading time\" \/>\n\t<meta name=\"twitter:data1\" content=\"2 minutes\" \/>\n<script type=\"application\/ld+json\" class=\"yoast-schema-graph\">{\"@context\":\"https:\\\/\\\/schema.org\",\"@graph\":[{\"@type\":\"WebPage\",\"@id\":\"https:\\\/\\\/dizagn.fr\\\/produit\\\/pierre-sala-chaise-poisson-pilote-serie-limitee-1983\\\/\",\"url\":\"https:\\\/\\\/dizagn.fr\\\/produit\\\/pierre-sala-chaise-poisson-pilote-serie-limitee-1983\\\/\",\"name\":\"PIERRE SALA, chaise Poisson Pilote, S\u00e9rie limit\u00e9e, 1983 - DIZAGN\",\"isPartOf\":{\"@id\":\"https:\\\/\\\/dizagn.fr\\\/#website\"},\"primaryImageOfPage\":{\"@id\":\"https:\\\/\\\/dizagn.fr\\\/produit\\\/pierre-sala-chaise-poisson-pilote-serie-limitee-1983\\\/#primaryimage\"},\"image\":{\"@id\":\"https:\\\/\\\/dizagn.fr\\\/produit\\\/pierre-sala-chaise-poisson-pilote-serie-limitee-1983\\\/#primaryimage\"},\"thumbnailUrl\":\"https:\\\/\\\/dizagn.fr\\\/wp-content\\\/uploads\\\/2026\\\/01\\\/SALA-Pierre-Poisson-pilote-chair-1-scaled.jpg\",\"datePublished\":\"2026-01-07T09:28:26+00:00\",\"dateModified\":\"2026-04-09T09:51:27+00:00\",\"breadcrumb\":{\"@id\":\"https:\\\/\\\/dizagn.fr\\\/produit\\\/pierre-sala-chaise-poisson-pilote-serie-limitee-1983\\\/#breadcrumb\"},\"inLanguage\":\"en-GB\",\"potentialAction\":[{\"@type\":\"ReadAction\",\"target\":[\"https:\\\/\\\/dizagn.fr\\\/produit\\\/pierre-sala-chaise-poisson-pilote-serie-limitee-1983\\\/\"]}]},{\"@type\":\"ImageObject\",\"inLanguage\":\"en-GB\",\"@id\":\"https:\\\/\\\/dizagn.fr\\\/produit\\\/pierre-sala-chaise-poisson-pilote-serie-limitee-1983\\\/#primaryimage\",\"url\":\"https:\\\/\\\/dizagn.fr\\\/wp-content\\\/uploads\\\/2026\\\/01\\\/SALA-Pierre-Poisson-pilote-chair-1-scaled.jpg\",\"contentUrl\":\"https:\\\/\\\/dizagn.fr\\\/wp-content\\\/uploads\\\/2026\\\/01\\\/SALA-Pierre-Poisson-pilote-chair-1-scaled.jpg\",\"width\":2560,\"height\":2560},{\"@type\":\"BreadcrumbList\",\"@id\":\"https:\\\/\\\/dizagn.fr\\\/produit\\\/pierre-sala-chaise-poisson-pilote-serie-limitee-1983\\\/#breadcrumb\",\"itemListElement\":[{\"@type\":\"ListItem\",\"position\":1,\"name\":\"Accueil\",\"item\":\"https:\\\/\\\/dizagn.fr\\\/\"},{\"@type\":\"ListItem\",\"position\":2,\"name\":\"S\u00e9lection\",\"item\":\"https:\\\/\\\/dizagn.fr\\\/\"},{\"@type\":\"ListItem\",\"position\":3,\"name\":\"PIERRE SALA, chaise Poisson Pilote, S\u00e9rie limit\u00e9e, 1983\"}]},{\"@type\":\"WebSite\",\"@id\":\"https:\\\/\\\/dizagn.fr\\\/#website\",\"url\":\"https:\\\/\\\/dizagn.fr\\\/\",\"name\":\"DIZAGN\",\"description\":\"\",\"publisher\":{\"@id\":\"https:\\\/\\\/dizagn.fr\\\/#organization\"},\"potentialAction\":[{\"@type\":\"SearchAction\",\"target\":{\"@type\":\"EntryPoint\",\"urlTemplate\":\"https:\\\/\\\/dizagn.fr\\\/?s={search_term_string}\"},\"query-input\":{\"@type\":\"PropertyValueSpecification\",\"valueRequired\":true,\"valueName\":\"search_term_string\"}}],\"inLanguage\":\"en-GB\"},{\"@type\":\"Organization\",\"@id\":\"https:\\\/\\\/dizagn.fr\\\/#organization\",\"name\":\"DIZAGN\",\"url\":\"https:\\\/\\\/dizagn.fr\\\/\",\"logo\":{\"@type\":\"ImageObject\",\"inLanguage\":\"en-GB\",\"@id\":\"https:\\\/\\\/dizagn.fr\\\/#\\\/schema\\\/logo\\\/image\\\/\",\"url\":\"https:\\\/\\\/dizagn.fr\\\/wp-content\\\/uploads\\\/2023\\\/03\\\/logo-Dizagn.jpg\",\"contentUrl\":\"https:\\\/\\\/dizagn.fr\\\/wp-content\\\/uploads\\\/2023\\\/03\\\/logo-Dizagn.jpg\",\"width\":304,\"height\":95,\"caption\":\"DIZAGN\"},\"image\":{\"@id\":\"https:\\\/\\\/dizagn.fr\\\/#\\\/schema\\\/logo\\\/image\\\/\"}}]}<\/script>\n<!-- \/ Yoast SEO plugin. -->","yoast_head_json":{"title":"PIERRE SALA, chaise Poisson Pilote, S\u00e9rie limit\u00e9e, 1983 - DIZAGN","robots":{"index":"index","follow":"follow","max-snippet":"max-snippet:-1","max-image-preview":"max-image-preview:large","max-video-preview":"max-video-preview:-1"},"canonical":"https:\/\/dizagn.fr\/en\/product\/pierre-sala-chaise-poisson-pilote-serie-limitee-1983\/","og_locale":"en_GB","og_type":"article","og_title":"PIERRE SALA, chaise Poisson Pilote, S\u00e9rie limit\u00e9e, 1983 - DIZAGN","og_description":"Pierre Sala (1948-1989) Chaise Poisson Pilote de la s\u00e9rie Side Chair N\u00b049\/450, France, 1983","og_url":"https:\/\/dizagn.fr\/en\/product\/pierre-sala-chaise-poisson-pilote-serie-limitee-1983\/","og_site_name":"DIZAGN","article_modified_time":"2026-04-09T09:51:27+00:00","og_image":[{"width":2560,"height":2560,"url":"https:\/\/dizagn.fr\/wp-content\/uploads\/2026\/01\/SALA-Pierre-Poisson-pilote-chair-1-scaled.jpg","type":"image\/jpeg"}],"twitter_card":"summary_large_image","twitter_misc":{"Estimated reading time":"2 minutes"},"schema":{"@context":"https:\/\/schema.org","@graph":[{"@type":"WebPage","@id":"https:\/\/dizagn.fr\/produit\/pierre-sala-chaise-poisson-pilote-serie-limitee-1983\/","url":"https:\/\/dizagn.fr\/produit\/pierre-sala-chaise-poisson-pilote-serie-limitee-1983\/","name":"PIERRE SALA, chaise Poisson Pilote, S\u00e9rie limit\u00e9e, 1983 - DIZAGN","isPartOf":{"@id":"https:\/\/dizagn.fr\/#website"},"primaryImageOfPage":{"@id":"https:\/\/dizagn.fr\/produit\/pierre-sala-chaise-poisson-pilote-serie-limitee-1983\/#primaryimage"},"image":{"@id":"https:\/\/dizagn.fr\/produit\/pierre-sala-chaise-poisson-pilote-serie-limitee-1983\/#primaryimage"},"thumbnailUrl":"https:\/\/dizagn.fr\/wp-content\/uploads\/2026\/01\/SALA-Pierre-Poisson-pilote-chair-1-scaled.jpg","datePublished":"2026-01-07T09:28:26+00:00","dateModified":"2026-04-09T09:51:27+00:00","breadcrumb":{"@id":"https:\/\/dizagn.fr\/produit\/pierre-sala-chaise-poisson-pilote-serie-limitee-1983\/#breadcrumb"},"inLanguage":"en-GB","potentialAction":[{"@type":"ReadAction","target":["https:\/\/dizagn.fr\/produit\/pierre-sala-chaise-poisson-pilote-serie-limitee-1983\/"]}]},{"@type":"ImageObject","inLanguage":"en-GB","@id":"https:\/\/dizagn.fr\/produit\/pierre-sala-chaise-poisson-pilote-serie-limitee-1983\/#primaryimage","url":"https:\/\/dizagn.fr\/wp-content\/uploads\/2026\/01\/SALA-Pierre-Poisson-pilote-chair-1-scaled.jpg","contentUrl":"https:\/\/dizagn.fr\/wp-content\/uploads\/2026\/01\/SALA-Pierre-Poisson-pilote-chair-1-scaled.jpg","width":2560,"height":2560},{"@type":"BreadcrumbList","@id":"https:\/\/dizagn.fr\/produit\/pierre-sala-chaise-poisson-pilote-serie-limitee-1983\/#breadcrumb","itemListElement":[{"@type":"ListItem","position":1,"name":"Accueil","item":"https:\/\/dizagn.fr\/"},{"@type":"ListItem","position":2,"name":"S\u00e9lection","item":"https:\/\/dizagn.fr\/"},{"@type":"ListItem","position":3,"name":"PIERRE SALA, chaise Poisson Pilote, S\u00e9rie limit\u00e9e, 1983"}]},{"@type":"WebSite","@id":"https:\/\/dizagn.fr\/#website","url":"https:\/\/dizagn.fr\/","name":"DIZAGN","description":"","publisher":{"@id":"https:\/\/dizagn.fr\/#organization"},"potentialAction":[{"@type":"SearchAction","target":{"@type":"EntryPoint","urlTemplate":"https:\/\/dizagn.fr\/?s={search_term_string}"},"query-input":{"@type":"PropertyValueSpecification","valueRequired":true,"valueName":"search_term_string"}}],"inLanguage":"en-GB"},{"@type":"Organization","@id":"https:\/\/dizagn.fr\/#organization","name":"DIZAGN","url":"https:\/\/dizagn.fr\/","logo":{"@type":"ImageObject","inLanguage":"en-GB","@id":"https:\/\/dizagn.fr\/#\/schema\/logo\/image\/","url":"https:\/\/dizagn.fr\/wp-content\/uploads\/2023\/03\/logo-Dizagn.jpg","contentUrl":"https:\/\/dizagn.fr\/wp-content\/uploads\/2023\/03\/logo-Dizagn.jpg","width":304,"height":95,"caption":"DIZAGN"},"image":{"@id":"https:\/\/dizagn.fr\/#\/schema\/logo\/image\/"}}]}},"_links":{"self":[{"href":"https:\/\/dizagn.fr\/en\/wp-json\/wp\/v2\/product\/2084","targetHints":{"allow":["GET"]}}],"collection":[{"href":"https:\/\/dizagn.fr\/en\/wp-json\/wp\/v2\/product"}],"about":[{"href":"https:\/\/dizagn.fr\/en\/wp-json\/wp\/v2\/types\/product"}],"wp:featuredmedia":[{"embeddable":true,"href":"https:\/\/dizagn.fr\/en\/wp-json\/wp\/v2\/media\/2085"}],"wp:attachment":[{"href":"https:\/\/dizagn.fr\/en\/wp-json\/wp\/v2\/media?parent=2084"}],"wp:term":[{"taxonomy":"product_brand","embeddable":true,"href":"https:\/\/dizagn.fr\/en\/wp-json\/wp\/v2\/product_brand?post=2084"},{"taxonomy":"product_cat","embeddable":true,"href":"https:\/\/dizagn.fr\/en\/wp-json\/wp\/v2\/product_cat?post=2084"},{"taxonomy":"product_tag","embeddable":true,"href":"https:\/\/dizagn.fr\/en\/wp-json\/wp\/v2\/product_tag?post=2084"}],"curies":[{"name":"wp","href":"https:\/\/api.w.org\/{rel}","templated":true}]}}