{"id":1940,"date":"2025-10-15T13:40:36","date_gmt":"2025-10-15T11:40:36","guid":{"rendered":"https:\/\/dizagn.fr\/?post_type=product&#038;p=1940"},"modified":"2025-12-04T13:43:52","modified_gmt":"2025-12-04T12:43:52","slug":"arp-fauteuil-a7-dit-corb-prototype-steiner-1955","status":"publish","type":"product","link":"https:\/\/dizagn.fr\/en\/product\/arp-fauteuil-a7-dit-corb-prototype-steiner-1955\/","title":{"rendered":"ARP, A7 armchair or CORB prototype Steiner, 1955"},"content":{"rendered":"<p>Reference: Steiner France Historical Collection<\/p>\n<p>Literature:<br \/>\n&#8211; Patrick Favardin, Les D\u00e9corateurs des ann\u00e9es 50, Norma ed., 2002<br \/>\n&#8211; Patrick Favardin, Steiner et l\u2019aventure du design, Norma ed., 2007<br \/>\n&#8211; Exhibition catalog, Mobiboom, the explosion of design in France<\/p>","protected":false},"excerpt":{"rendered":"<p>ARP (Atelier de Recherches Plastiques)<br \/>\nP. Guariche, M. Mortier, J.A. Motte<br \/>\nA7 armchair or Corb<br \/>\nSteiner maker, prototype, France, circa 1955<br \/>\nWhite lacquered metal, plywood, foam and original blue fabric<br \/>\nH. 70 (seat 40) x W. 84 x D. 70 cm<\/p>","protected":false},"featured_media":1941,"template":"","meta":{"_et_pb_use_builder":"","_et_pb_old_content":"","_et_gb_content_width":""},"product_brand":[],"product_cat":[18],"product_tag":[],"class_list":{"0":"post-1940","1":"product","2":"type-product","3":"status-publish","4":"has-post-thumbnail","6":"product_cat-selection","8":"first","9":"instock","10":"shipping-taxable","11":"purchasable","12":"product-type-simple"},"yoast_head":"<!-- This site is optimized with the Yoast SEO plugin v27.4 - https:\/\/yoast.com\/product\/yoast-seo-wordpress\/ -->\n<title>ARP, fauteuil A7 dit CORB prototype Steiner, 1955 - DIZAGN<\/title>\n<meta name=\"robots\" content=\"index, follow, max-snippet:-1, max-image-preview:large, max-video-preview:-1\" \/>\n<link rel=\"canonical\" href=\"https:\/\/dizagn.fr\/en\/product\/arp-fauteuil-a7-dit-corb-prototype-steiner-1955\/\" \/>\n<meta property=\"og:locale\" content=\"en_GB\" \/>\n<meta property=\"og:type\" content=\"article\" \/>\n<meta property=\"og:title\" content=\"ARP, fauteuil A7 dit CORB prototype Steiner, 1955 - DIZAGN\" \/>\n<meta property=\"og:description\" content=\"ARP (Atelier de Recherches Plastiques) P. Guariche, M. Mortier, J.A. Motte Fauteuil A7 dit Corb Fabricant Steiner, prototype, France, vers 1955 M\u00e9tal laqu\u00e9 blanc, contreplaqu\u00e9, mousse et tissu bleu d&#039;origine H. 70 (assise 40) x L. 84 x P. 70 cm\" \/>\n<meta property=\"og:url\" content=\"https:\/\/dizagn.fr\/en\/product\/arp-fauteuil-a7-dit-corb-prototype-steiner-1955\/\" \/>\n<meta property=\"og:site_name\" content=\"DIZAGN\" \/>\n<meta property=\"article:modified_time\" content=\"2025-12-04T12:43:52+00:00\" \/>\n<meta property=\"og:image\" content=\"https:\/\/dizagn.fr\/wp-content\/uploads\/2025\/10\/ARP-CORB-armchair-prototype-1.jpg\" \/>\n\t<meta property=\"og:image:width\" content=\"2481\" \/>\n\t<meta property=\"og:image:height\" content=\"2481\" \/>\n\t<meta property=\"og:image:type\" content=\"image\/jpeg\" \/>\n<meta name=\"twitter:card\" content=\"summary_large_image\" \/>\n<meta name=\"twitter:label1\" content=\"Estimated reading time\" \/>\n\t<meta name=\"twitter:data1\" content=\"1 minute\" \/>\n<script type=\"application\/ld+json\" class=\"yoast-schema-graph\">{\"@context\":\"https:\\\/\\\/schema.org\",\"@graph\":[{\"@type\":\"WebPage\",\"@id\":\"https:\\\/\\\/dizagn.fr\\\/produit\\\/arp-fauteuil-a7-dit-corb-prototype-steiner-1955\\\/\",\"url\":\"https:\\\/\\\/dizagn.fr\\\/produit\\\/arp-fauteuil-a7-dit-corb-prototype-steiner-1955\\\/\",\"name\":\"ARP, fauteuil A7 dit CORB prototype Steiner, 1955 - DIZAGN\",\"isPartOf\":{\"@id\":\"https:\\\/\\\/dizagn.fr\\\/#website\"},\"primaryImageOfPage\":{\"@id\":\"https:\\\/\\\/dizagn.fr\\\/produit\\\/arp-fauteuil-a7-dit-corb-prototype-steiner-1955\\\/#primaryimage\"},\"image\":{\"@id\":\"https:\\\/\\\/dizagn.fr\\\/produit\\\/arp-fauteuil-a7-dit-corb-prototype-steiner-1955\\\/#primaryimage\"},\"thumbnailUrl\":\"https:\\\/\\\/dizagn.fr\\\/wp-content\\\/uploads\\\/2025\\\/10\\\/ARP-CORB-armchair-prototype-1.jpg\",\"datePublished\":\"2025-10-15T11:40:36+00:00\",\"dateModified\":\"2025-12-04T12:43:52+00:00\",\"breadcrumb\":{\"@id\":\"https:\\\/\\\/dizagn.fr\\\/produit\\\/arp-fauteuil-a7-dit-corb-prototype-steiner-1955\\\/#breadcrumb\"},\"inLanguage\":\"en-GB\",\"potentialAction\":[{\"@type\":\"ReadAction\",\"target\":[\"https:\\\/\\\/dizagn.fr\\\/produit\\\/arp-fauteuil-a7-dit-corb-prototype-steiner-1955\\\/\"]}]},{\"@type\":\"ImageObject\",\"inLanguage\":\"en-GB\",\"@id\":\"https:\\\/\\\/dizagn.fr\\\/produit\\\/arp-fauteuil-a7-dit-corb-prototype-steiner-1955\\\/#primaryimage\",\"url\":\"https:\\\/\\\/dizagn.fr\\\/wp-content\\\/uploads\\\/2025\\\/10\\\/ARP-CORB-armchair-prototype-1.jpg\",\"contentUrl\":\"https:\\\/\\\/dizagn.fr\\\/wp-content\\\/uploads\\\/2025\\\/10\\\/ARP-CORB-armchair-prototype-1.jpg\",\"width\":2481,\"height\":2481},{\"@type\":\"BreadcrumbList\",\"@id\":\"https:\\\/\\\/dizagn.fr\\\/produit\\\/arp-fauteuil-a7-dit-corb-prototype-steiner-1955\\\/#breadcrumb\",\"itemListElement\":[{\"@type\":\"ListItem\",\"position\":1,\"name\":\"Accueil\",\"item\":\"https:\\\/\\\/dizagn.fr\\\/\"},{\"@type\":\"ListItem\",\"position\":2,\"name\":\"S\u00e9lection\",\"item\":\"https:\\\/\\\/dizagn.fr\\\/\"},{\"@type\":\"ListItem\",\"position\":3,\"name\":\"ARP, fauteuil A7 dit CORB prototype Steiner, 1955\"}]},{\"@type\":\"WebSite\",\"@id\":\"https:\\\/\\\/dizagn.fr\\\/#website\",\"url\":\"https:\\\/\\\/dizagn.fr\\\/\",\"name\":\"DIZAGN\",\"description\":\"\",\"publisher\":{\"@id\":\"https:\\\/\\\/dizagn.fr\\\/#organization\"},\"potentialAction\":[{\"@type\":\"SearchAction\",\"target\":{\"@type\":\"EntryPoint\",\"urlTemplate\":\"https:\\\/\\\/dizagn.fr\\\/?s={search_term_string}\"},\"query-input\":{\"@type\":\"PropertyValueSpecification\",\"valueRequired\":true,\"valueName\":\"search_term_string\"}}],\"inLanguage\":\"en-GB\"},{\"@type\":\"Organization\",\"@id\":\"https:\\\/\\\/dizagn.fr\\\/#organization\",\"name\":\"DIZAGN\",\"url\":\"https:\\\/\\\/dizagn.fr\\\/\",\"logo\":{\"@type\":\"ImageObject\",\"inLanguage\":\"en-GB\",\"@id\":\"https:\\\/\\\/dizagn.fr\\\/#\\\/schema\\\/logo\\\/image\\\/\",\"url\":\"https:\\\/\\\/dizagn.fr\\\/wp-content\\\/uploads\\\/2023\\\/03\\\/logo-Dizagn.jpg\",\"contentUrl\":\"https:\\\/\\\/dizagn.fr\\\/wp-content\\\/uploads\\\/2023\\\/03\\\/logo-Dizagn.jpg\",\"width\":304,\"height\":95,\"caption\":\"DIZAGN\"},\"image\":{\"@id\":\"https:\\\/\\\/dizagn.fr\\\/#\\\/schema\\\/logo\\\/image\\\/\"}}]}<\/script>\n<!-- \/ Yoast SEO plugin. -->","yoast_head_json":{"title":"ARP, fauteuil A7 dit CORB prototype Steiner, 1955 - DIZAGN","robots":{"index":"index","follow":"follow","max-snippet":"max-snippet:-1","max-image-preview":"max-image-preview:large","max-video-preview":"max-video-preview:-1"},"canonical":"https:\/\/dizagn.fr\/en\/product\/arp-fauteuil-a7-dit-corb-prototype-steiner-1955\/","og_locale":"en_GB","og_type":"article","og_title":"ARP, fauteuil A7 dit CORB prototype Steiner, 1955 - DIZAGN","og_description":"ARP (Atelier de Recherches Plastiques) P. Guariche, M. Mortier, J.A. Motte Fauteuil A7 dit Corb Fabricant Steiner, prototype, France, vers 1955 M\u00e9tal laqu\u00e9 blanc, contreplaqu\u00e9, mousse et tissu bleu d'origine H. 70 (assise 40) x L. 84 x P. 70 cm","og_url":"https:\/\/dizagn.fr\/en\/product\/arp-fauteuil-a7-dit-corb-prototype-steiner-1955\/","og_site_name":"DIZAGN","article_modified_time":"2025-12-04T12:43:52+00:00","og_image":[{"width":2481,"height":2481,"url":"https:\/\/dizagn.fr\/wp-content\/uploads\/2025\/10\/ARP-CORB-armchair-prototype-1.jpg","type":"image\/jpeg"}],"twitter_card":"summary_large_image","twitter_misc":{"Estimated reading time":"1 minute"},"schema":{"@context":"https:\/\/schema.org","@graph":[{"@type":"WebPage","@id":"https:\/\/dizagn.fr\/produit\/arp-fauteuil-a7-dit-corb-prototype-steiner-1955\/","url":"https:\/\/dizagn.fr\/produit\/arp-fauteuil-a7-dit-corb-prototype-steiner-1955\/","name":"ARP, fauteuil A7 dit CORB prototype Steiner, 1955 - DIZAGN","isPartOf":{"@id":"https:\/\/dizagn.fr\/#website"},"primaryImageOfPage":{"@id":"https:\/\/dizagn.fr\/produit\/arp-fauteuil-a7-dit-corb-prototype-steiner-1955\/#primaryimage"},"image":{"@id":"https:\/\/dizagn.fr\/produit\/arp-fauteuil-a7-dit-corb-prototype-steiner-1955\/#primaryimage"},"thumbnailUrl":"https:\/\/dizagn.fr\/wp-content\/uploads\/2025\/10\/ARP-CORB-armchair-prototype-1.jpg","datePublished":"2025-10-15T11:40:36+00:00","dateModified":"2025-12-04T12:43:52+00:00","breadcrumb":{"@id":"https:\/\/dizagn.fr\/produit\/arp-fauteuil-a7-dit-corb-prototype-steiner-1955\/#breadcrumb"},"inLanguage":"en-GB","potentialAction":[{"@type":"ReadAction","target":["https:\/\/dizagn.fr\/produit\/arp-fauteuil-a7-dit-corb-prototype-steiner-1955\/"]}]},{"@type":"ImageObject","inLanguage":"en-GB","@id":"https:\/\/dizagn.fr\/produit\/arp-fauteuil-a7-dit-corb-prototype-steiner-1955\/#primaryimage","url":"https:\/\/dizagn.fr\/wp-content\/uploads\/2025\/10\/ARP-CORB-armchair-prototype-1.jpg","contentUrl":"https:\/\/dizagn.fr\/wp-content\/uploads\/2025\/10\/ARP-CORB-armchair-prototype-1.jpg","width":2481,"height":2481},{"@type":"BreadcrumbList","@id":"https:\/\/dizagn.fr\/produit\/arp-fauteuil-a7-dit-corb-prototype-steiner-1955\/#breadcrumb","itemListElement":[{"@type":"ListItem","position":1,"name":"Accueil","item":"https:\/\/dizagn.fr\/"},{"@type":"ListItem","position":2,"name":"S\u00e9lection","item":"https:\/\/dizagn.fr\/"},{"@type":"ListItem","position":3,"name":"ARP, fauteuil A7 dit CORB prototype Steiner, 1955"}]},{"@type":"WebSite","@id":"https:\/\/dizagn.fr\/#website","url":"https:\/\/dizagn.fr\/","name":"DIZAGN","description":"","publisher":{"@id":"https:\/\/dizagn.fr\/#organization"},"potentialAction":[{"@type":"SearchAction","target":{"@type":"EntryPoint","urlTemplate":"https:\/\/dizagn.fr\/?s={search_term_string}"},"query-input":{"@type":"PropertyValueSpecification","valueRequired":true,"valueName":"search_term_string"}}],"inLanguage":"en-GB"},{"@type":"Organization","@id":"https:\/\/dizagn.fr\/#organization","name":"DIZAGN","url":"https:\/\/dizagn.fr\/","logo":{"@type":"ImageObject","inLanguage":"en-GB","@id":"https:\/\/dizagn.fr\/#\/schema\/logo\/image\/","url":"https:\/\/dizagn.fr\/wp-content\/uploads\/2023\/03\/logo-Dizagn.jpg","contentUrl":"https:\/\/dizagn.fr\/wp-content\/uploads\/2023\/03\/logo-Dizagn.jpg","width":304,"height":95,"caption":"DIZAGN"},"image":{"@id":"https:\/\/dizagn.fr\/#\/schema\/logo\/image\/"}}]}},"_links":{"self":[{"href":"https:\/\/dizagn.fr\/en\/wp-json\/wp\/v2\/product\/1940","targetHints":{"allow":["GET"]}}],"collection":[{"href":"https:\/\/dizagn.fr\/en\/wp-json\/wp\/v2\/product"}],"about":[{"href":"https:\/\/dizagn.fr\/en\/wp-json\/wp\/v2\/types\/product"}],"wp:featuredmedia":[{"embeddable":true,"href":"https:\/\/dizagn.fr\/en\/wp-json\/wp\/v2\/media\/1941"}],"wp:attachment":[{"href":"https:\/\/dizagn.fr\/en\/wp-json\/wp\/v2\/media?parent=1940"}],"wp:term":[{"taxonomy":"product_brand","embeddable":true,"href":"https:\/\/dizagn.fr\/en\/wp-json\/wp\/v2\/product_brand?post=1940"},{"taxonomy":"product_cat","embeddable":true,"href":"https:\/\/dizagn.fr\/en\/wp-json\/wp\/v2\/product_cat?post=1940"},{"taxonomy":"product_tag","embeddable":true,"href":"https:\/\/dizagn.fr\/en\/wp-json\/wp\/v2\/product_tag?post=1940"}],"curies":[{"name":"wp","href":"https:\/\/api.w.org\/{rel}","templated":true}]}}