{"id":1913,"date":"2025-10-05T10:41:51","date_gmt":"2025-10-05T08:41:51","guid":{"rendered":"https:\/\/dizagn.fr\/?post_type=product&#038;p=1913"},"modified":"2025-12-09T14:47:41","modified_gmt":"2025-12-09T13:47:41","slug":"jacques-henri-varichon-rare-paire-de-fauteuils-galaxie-steiner-1969","status":"publish","type":"product","link":"https:\/\/dizagn.fr\/en\/product\/jacques-henri-varichon-rare-paire-de-fauteuils-galaxie-steiner-1969\/","title":{"rendered":"JACQUES-HENRI VARICHON, paire de fauteuils Galaxie, Steiner, 1969"},"content":{"rendered":"<p>Reference:<br \/>\nFirst example of a self-supporting structure<br \/>\n32 copies produced<br \/>\n46th Salon de la Soci\u00e9t\u00e9 des artistes d\u00e9corateurs, Paris, 1969<\/p>\n<p>Comparable to the structures of Kenneth D. Snelson (1927-2016) from 1967 and the work of Buckminster Fuller (1895-1983)<\/p>\n<p>Literature:<br \/>\n46th salon des Artistes d\u00e9corateurs catalog, Espace et Lumi\u00e8re, sept-oct- 1969, p.\u00a082<br \/>\nPatrick Favardin, \u00ab\u00a0Steiner et l&rsquo;aventure du design\u00a0\u00bb, Norma \u00c9ditions, Paris, 2007, p.\u00a0165<br \/>\nP\u00e9n\u00e9la, 1972 <\/p>","protected":false},"excerpt":{"rendered":"<p>Jacques-Henri Varichon (1945-2011)<br \/>\nRare pair of Structura or Galaxie armchairs<br \/>\nSteiner edition, France, circa 1969<br \/>\nChrome-plated metal and ecru tarpaulin fabric<br \/>\nH. 67 (seat 39) \u00d7 W. 118.5 \u00d7 D. 86 cm<\/p>","protected":false},"featured_media":1914,"template":"","meta":{"_et_pb_use_builder":"","_et_pb_old_content":"","_et_gb_content_width":""},"product_brand":[],"product_cat":[18],"product_tag":[],"class_list":{"0":"post-1913","1":"product","2":"type-product","3":"status-publish","4":"has-post-thumbnail","6":"product_cat-selection","8":"first","9":"instock","10":"shipping-taxable","11":"purchasable","12":"product-type-simple"},"yoast_head":"<!-- This site is optimized with the Yoast SEO plugin v27.4 - https:\/\/yoast.com\/product\/yoast-seo-wordpress\/ -->\n<title>JACQUES-HENRI VARICHON, paire de fauteuils Galaxie, Steiner, 1969 - DIZAGN<\/title>\n<meta name=\"robots\" content=\"index, follow, max-snippet:-1, max-image-preview:large, max-video-preview:-1\" \/>\n<link rel=\"canonical\" href=\"https:\/\/dizagn.fr\/en\/product\/jacques-henri-varichon-rare-paire-de-fauteuils-galaxie-steiner-1969\/\" \/>\n<meta property=\"og:locale\" content=\"en_GB\" \/>\n<meta property=\"og:type\" content=\"article\" \/>\n<meta property=\"og:title\" content=\"JACQUES-HENRI VARICHON, paire de fauteuils Galaxie, Steiner, 1969 - DIZAGN\" \/>\n<meta property=\"og:description\" content=\"Jacques-Henri Varichon (1945-2011)  Rare paire de fauteuils Structura ou Galaxie  Steiner \u00e9diteur, France, circa 1968  M\u00e9tal chrom\u00e9 et tissu b\u00e2che \u00e9cru  Haut. 67 (assise 39) \u00d7 Larg. 118,5 \u00d7 Prof. 86 cm\" \/>\n<meta property=\"og:url\" content=\"https:\/\/dizagn.fr\/en\/product\/jacques-henri-varichon-rare-paire-de-fauteuils-galaxie-steiner-1969\/\" \/>\n<meta property=\"og:site_name\" content=\"DIZAGN\" \/>\n<meta property=\"article:modified_time\" content=\"2025-12-09T13:47:41+00:00\" \/>\n<meta property=\"og:image\" content=\"https:\/\/dizagn.fr\/wp-content\/uploads\/2025\/10\/VARICHON-Galaxie-armchair-scaled.jpg\" \/>\n\t<meta property=\"og:image:width\" content=\"2560\" \/>\n\t<meta property=\"og:image:height\" content=\"2560\" \/>\n\t<meta property=\"og:image:type\" content=\"image\/jpeg\" \/>\n<meta name=\"twitter:card\" content=\"summary_large_image\" \/>\n<meta name=\"twitter:label1\" content=\"Estimated reading time\" \/>\n\t<meta name=\"twitter:data1\" content=\"1 minute\" \/>\n<script type=\"application\/ld+json\" class=\"yoast-schema-graph\">{\"@context\":\"https:\\\/\\\/schema.org\",\"@graph\":[{\"@type\":\"WebPage\",\"@id\":\"https:\\\/\\\/dizagn.fr\\\/produit\\\/jacques-henri-varichon-rare-paire-de-fauteuils-galaxie-steiner-1969\\\/\",\"url\":\"https:\\\/\\\/dizagn.fr\\\/produit\\\/jacques-henri-varichon-rare-paire-de-fauteuils-galaxie-steiner-1969\\\/\",\"name\":\"JACQUES-HENRI VARICHON, paire de fauteuils Galaxie, Steiner, 1969 - DIZAGN\",\"isPartOf\":{\"@id\":\"https:\\\/\\\/dizagn.fr\\\/#website\"},\"primaryImageOfPage\":{\"@id\":\"https:\\\/\\\/dizagn.fr\\\/produit\\\/jacques-henri-varichon-rare-paire-de-fauteuils-galaxie-steiner-1969\\\/#primaryimage\"},\"image\":{\"@id\":\"https:\\\/\\\/dizagn.fr\\\/produit\\\/jacques-henri-varichon-rare-paire-de-fauteuils-galaxie-steiner-1969\\\/#primaryimage\"},\"thumbnailUrl\":\"https:\\\/\\\/dizagn.fr\\\/wp-content\\\/uploads\\\/2025\\\/10\\\/VARICHON-Galaxie-armchair-scaled.jpg\",\"datePublished\":\"2025-10-05T08:41:51+00:00\",\"dateModified\":\"2025-12-09T13:47:41+00:00\",\"breadcrumb\":{\"@id\":\"https:\\\/\\\/dizagn.fr\\\/produit\\\/jacques-henri-varichon-rare-paire-de-fauteuils-galaxie-steiner-1969\\\/#breadcrumb\"},\"inLanguage\":\"en-GB\",\"potentialAction\":[{\"@type\":\"ReadAction\",\"target\":[\"https:\\\/\\\/dizagn.fr\\\/produit\\\/jacques-henri-varichon-rare-paire-de-fauteuils-galaxie-steiner-1969\\\/\"]}]},{\"@type\":\"ImageObject\",\"inLanguage\":\"en-GB\",\"@id\":\"https:\\\/\\\/dizagn.fr\\\/produit\\\/jacques-henri-varichon-rare-paire-de-fauteuils-galaxie-steiner-1969\\\/#primaryimage\",\"url\":\"https:\\\/\\\/dizagn.fr\\\/wp-content\\\/uploads\\\/2025\\\/10\\\/VARICHON-Galaxie-armchair-scaled.jpg\",\"contentUrl\":\"https:\\\/\\\/dizagn.fr\\\/wp-content\\\/uploads\\\/2025\\\/10\\\/VARICHON-Galaxie-armchair-scaled.jpg\",\"width\":2560,\"height\":2560},{\"@type\":\"BreadcrumbList\",\"@id\":\"https:\\\/\\\/dizagn.fr\\\/produit\\\/jacques-henri-varichon-rare-paire-de-fauteuils-galaxie-steiner-1969\\\/#breadcrumb\",\"itemListElement\":[{\"@type\":\"ListItem\",\"position\":1,\"name\":\"Accueil\",\"item\":\"https:\\\/\\\/dizagn.fr\\\/\"},{\"@type\":\"ListItem\",\"position\":2,\"name\":\"S\u00e9lection\",\"item\":\"https:\\\/\\\/dizagn.fr\\\/\"},{\"@type\":\"ListItem\",\"position\":3,\"name\":\"JACQUES-HENRI VARICHON, paire de fauteuils Galaxie, Steiner, 1969\"}]},{\"@type\":\"WebSite\",\"@id\":\"https:\\\/\\\/dizagn.fr\\\/#website\",\"url\":\"https:\\\/\\\/dizagn.fr\\\/\",\"name\":\"DIZAGN\",\"description\":\"\",\"publisher\":{\"@id\":\"https:\\\/\\\/dizagn.fr\\\/#organization\"},\"potentialAction\":[{\"@type\":\"SearchAction\",\"target\":{\"@type\":\"EntryPoint\",\"urlTemplate\":\"https:\\\/\\\/dizagn.fr\\\/?s={search_term_string}\"},\"query-input\":{\"@type\":\"PropertyValueSpecification\",\"valueRequired\":true,\"valueName\":\"search_term_string\"}}],\"inLanguage\":\"en-GB\"},{\"@type\":\"Organization\",\"@id\":\"https:\\\/\\\/dizagn.fr\\\/#organization\",\"name\":\"DIZAGN\",\"url\":\"https:\\\/\\\/dizagn.fr\\\/\",\"logo\":{\"@type\":\"ImageObject\",\"inLanguage\":\"en-GB\",\"@id\":\"https:\\\/\\\/dizagn.fr\\\/#\\\/schema\\\/logo\\\/image\\\/\",\"url\":\"https:\\\/\\\/dizagn.fr\\\/wp-content\\\/uploads\\\/2023\\\/03\\\/logo-Dizagn.jpg\",\"contentUrl\":\"https:\\\/\\\/dizagn.fr\\\/wp-content\\\/uploads\\\/2023\\\/03\\\/logo-Dizagn.jpg\",\"width\":304,\"height\":95,\"caption\":\"DIZAGN\"},\"image\":{\"@id\":\"https:\\\/\\\/dizagn.fr\\\/#\\\/schema\\\/logo\\\/image\\\/\"}}]}<\/script>\n<!-- \/ Yoast SEO plugin. -->","yoast_head_json":{"title":"JACQUES-HENRI VARICHON, paire de fauteuils Galaxie, Steiner, 1969 - DIZAGN","robots":{"index":"index","follow":"follow","max-snippet":"max-snippet:-1","max-image-preview":"max-image-preview:large","max-video-preview":"max-video-preview:-1"},"canonical":"https:\/\/dizagn.fr\/en\/product\/jacques-henri-varichon-rare-paire-de-fauteuils-galaxie-steiner-1969\/","og_locale":"en_GB","og_type":"article","og_title":"JACQUES-HENRI VARICHON, paire de fauteuils Galaxie, Steiner, 1969 - DIZAGN","og_description":"Jacques-Henri Varichon (1945-2011)  Rare paire de fauteuils Structura ou Galaxie  Steiner \u00e9diteur, France, circa 1968  M\u00e9tal chrom\u00e9 et tissu b\u00e2che \u00e9cru  Haut. 67 (assise 39) \u00d7 Larg. 118,5 \u00d7 Prof. 86 cm","og_url":"https:\/\/dizagn.fr\/en\/product\/jacques-henri-varichon-rare-paire-de-fauteuils-galaxie-steiner-1969\/","og_site_name":"DIZAGN","article_modified_time":"2025-12-09T13:47:41+00:00","og_image":[{"width":2560,"height":2560,"url":"https:\/\/dizagn.fr\/wp-content\/uploads\/2025\/10\/VARICHON-Galaxie-armchair-scaled.jpg","type":"image\/jpeg"}],"twitter_card":"summary_large_image","twitter_misc":{"Estimated reading time":"1 minute"},"schema":{"@context":"https:\/\/schema.org","@graph":[{"@type":"WebPage","@id":"https:\/\/dizagn.fr\/produit\/jacques-henri-varichon-rare-paire-de-fauteuils-galaxie-steiner-1969\/","url":"https:\/\/dizagn.fr\/produit\/jacques-henri-varichon-rare-paire-de-fauteuils-galaxie-steiner-1969\/","name":"JACQUES-HENRI VARICHON, paire de fauteuils Galaxie, Steiner, 1969 - DIZAGN","isPartOf":{"@id":"https:\/\/dizagn.fr\/#website"},"primaryImageOfPage":{"@id":"https:\/\/dizagn.fr\/produit\/jacques-henri-varichon-rare-paire-de-fauteuils-galaxie-steiner-1969\/#primaryimage"},"image":{"@id":"https:\/\/dizagn.fr\/produit\/jacques-henri-varichon-rare-paire-de-fauteuils-galaxie-steiner-1969\/#primaryimage"},"thumbnailUrl":"https:\/\/dizagn.fr\/wp-content\/uploads\/2025\/10\/VARICHON-Galaxie-armchair-scaled.jpg","datePublished":"2025-10-05T08:41:51+00:00","dateModified":"2025-12-09T13:47:41+00:00","breadcrumb":{"@id":"https:\/\/dizagn.fr\/produit\/jacques-henri-varichon-rare-paire-de-fauteuils-galaxie-steiner-1969\/#breadcrumb"},"inLanguage":"en-GB","potentialAction":[{"@type":"ReadAction","target":["https:\/\/dizagn.fr\/produit\/jacques-henri-varichon-rare-paire-de-fauteuils-galaxie-steiner-1969\/"]}]},{"@type":"ImageObject","inLanguage":"en-GB","@id":"https:\/\/dizagn.fr\/produit\/jacques-henri-varichon-rare-paire-de-fauteuils-galaxie-steiner-1969\/#primaryimage","url":"https:\/\/dizagn.fr\/wp-content\/uploads\/2025\/10\/VARICHON-Galaxie-armchair-scaled.jpg","contentUrl":"https:\/\/dizagn.fr\/wp-content\/uploads\/2025\/10\/VARICHON-Galaxie-armchair-scaled.jpg","width":2560,"height":2560},{"@type":"BreadcrumbList","@id":"https:\/\/dizagn.fr\/produit\/jacques-henri-varichon-rare-paire-de-fauteuils-galaxie-steiner-1969\/#breadcrumb","itemListElement":[{"@type":"ListItem","position":1,"name":"Accueil","item":"https:\/\/dizagn.fr\/"},{"@type":"ListItem","position":2,"name":"S\u00e9lection","item":"https:\/\/dizagn.fr\/"},{"@type":"ListItem","position":3,"name":"JACQUES-HENRI VARICHON, paire de fauteuils Galaxie, Steiner, 1969"}]},{"@type":"WebSite","@id":"https:\/\/dizagn.fr\/#website","url":"https:\/\/dizagn.fr\/","name":"DIZAGN","description":"","publisher":{"@id":"https:\/\/dizagn.fr\/#organization"},"potentialAction":[{"@type":"SearchAction","target":{"@type":"EntryPoint","urlTemplate":"https:\/\/dizagn.fr\/?s={search_term_string}"},"query-input":{"@type":"PropertyValueSpecification","valueRequired":true,"valueName":"search_term_string"}}],"inLanguage":"en-GB"},{"@type":"Organization","@id":"https:\/\/dizagn.fr\/#organization","name":"DIZAGN","url":"https:\/\/dizagn.fr\/","logo":{"@type":"ImageObject","inLanguage":"en-GB","@id":"https:\/\/dizagn.fr\/#\/schema\/logo\/image\/","url":"https:\/\/dizagn.fr\/wp-content\/uploads\/2023\/03\/logo-Dizagn.jpg","contentUrl":"https:\/\/dizagn.fr\/wp-content\/uploads\/2023\/03\/logo-Dizagn.jpg","width":304,"height":95,"caption":"DIZAGN"},"image":{"@id":"https:\/\/dizagn.fr\/#\/schema\/logo\/image\/"}}]}},"_links":{"self":[{"href":"https:\/\/dizagn.fr\/en\/wp-json\/wp\/v2\/product\/1913","targetHints":{"allow":["GET"]}}],"collection":[{"href":"https:\/\/dizagn.fr\/en\/wp-json\/wp\/v2\/product"}],"about":[{"href":"https:\/\/dizagn.fr\/en\/wp-json\/wp\/v2\/types\/product"}],"wp:featuredmedia":[{"embeddable":true,"href":"https:\/\/dizagn.fr\/en\/wp-json\/wp\/v2\/media\/1914"}],"wp:attachment":[{"href":"https:\/\/dizagn.fr\/en\/wp-json\/wp\/v2\/media?parent=1913"}],"wp:term":[{"taxonomy":"product_brand","embeddable":true,"href":"https:\/\/dizagn.fr\/en\/wp-json\/wp\/v2\/product_brand?post=1913"},{"taxonomy":"product_cat","embeddable":true,"href":"https:\/\/dizagn.fr\/en\/wp-json\/wp\/v2\/product_cat?post=1913"},{"taxonomy":"product_tag","embeddable":true,"href":"https:\/\/dizagn.fr\/en\/wp-json\/wp\/v2\/product_tag?post=1913"}],"curies":[{"name":"wp","href":"https:\/\/api.w.org\/{rel}","templated":true}]}}