{"id":1896,"date":"2025-09-04T12:26:46","date_gmt":"2025-09-04T10:26:46","guid":{"rendered":"https:\/\/dizagn.fr\/?post_type=product&#038;p=1896"},"modified":"2025-12-04T13:44:39","modified_gmt":"2025-12-04T12:44:39","slug":"nemo-francois-scali-et-alain-domingo-chaise-france-circa-1985","status":"publish","type":"product","link":"https:\/\/dizagn.fr\/en\/product\/nemo-francois-scali-et-alain-domingo-chaise-france-circa-1985\/","title":{"rendered":"NEMO (Fran\u00e7ois Scali and Alain Domingo) chair, France, circa 1985"},"content":{"rendered":"","protected":false},"excerpt":{"rendered":"<p>NEMO<br \/>\nFran\u00e7ois Scali (1951-) and Alain Domingo (1952-)<br \/>\nNemo edition, France, circa 1985<br \/>\nWhite lacquered metal, white PVC panel, insulated sheath, white and red fabric cushion<br \/>\nH. 64 (seat 46) x W. 50 x D. 45 cm <\/p>","protected":false},"featured_media":1897,"template":"","meta":{"_et_pb_use_builder":"","_et_pb_old_content":"","_et_gb_content_width":""},"product_brand":[],"product_cat":[19],"product_tag":[],"class_list":{"0":"post-1896","1":"product","2":"type-product","3":"status-publish","4":"has-post-thumbnail","6":"product_cat-archives","8":"first","9":"instock","10":"shipping-taxable","11":"purchasable","12":"product-type-simple"},"yoast_head":"<!-- This site is optimized with the Yoast SEO plugin v27.1.1 - https:\/\/yoast.com\/product\/yoast-seo-wordpress\/ -->\n<title>NEMO (Fran\u00e7ois Scali et Alain Domingo) chaise, France, circa 1985 - DIZAGN<\/title>\n<meta name=\"robots\" content=\"index, follow, max-snippet:-1, max-image-preview:large, max-video-preview:-1\" \/>\n<link rel=\"canonical\" href=\"https:\/\/dizagn.fr\/en\/product\/nemo-francois-scali-et-alain-domingo-chaise-france-circa-1985\/\" \/>\n<meta property=\"og:locale\" content=\"en_GB\" \/>\n<meta property=\"og:type\" content=\"article\" \/>\n<meta property=\"og:title\" content=\"NEMO (Fran\u00e7ois Scali et Alain Domingo) chaise, France, circa 1985 - DIZAGN\" \/>\n<meta property=\"og:description\" content=\"NEMO  Fran\u00e7ois Scali (1951-) et Alain Domingo (1952-) Nemo \u00e9dition, France, circa 1985 M\u00e9tal laqu\u00e9 blanc, panneau PVC blanc, isogaine, coussin tissu blanc et rouge Haut. 64 (assise 46) x Larg. 50 x Prof. 45 cm\" \/>\n<meta property=\"og:url\" content=\"https:\/\/dizagn.fr\/en\/product\/nemo-francois-scali-et-alain-domingo-chaise-france-circa-1985\/\" \/>\n<meta property=\"og:site_name\" content=\"DIZAGN\" \/>\n<meta property=\"article:modified_time\" content=\"2025-12-04T12:44:39+00:00\" \/>\n<meta property=\"og:image\" content=\"https:\/\/dizagn.fr\/wp-content\/uploads\/2025\/09\/NEMO-chair-1-scaled.jpg\" \/>\n\t<meta property=\"og:image:width\" content=\"2560\" \/>\n\t<meta property=\"og:image:height\" content=\"2560\" \/>\n\t<meta property=\"og:image:type\" content=\"image\/jpeg\" \/>\n<meta name=\"twitter:card\" content=\"summary_large_image\" \/>\n<meta name=\"twitter:label1\" content=\"Estimated reading time\" \/>\n\t<meta name=\"twitter:data1\" content=\"1 minute\" \/>\n<script type=\"application\/ld+json\" class=\"yoast-schema-graph\">{\"@context\":\"https:\/\/schema.org\",\"@graph\":[{\"@type\":\"WebPage\",\"@id\":\"https:\/\/dizagn.fr\/produit\/nemo-francois-scali-et-alain-domingo-chaise-france-circa-1985\/\",\"url\":\"https:\/\/dizagn.fr\/produit\/nemo-francois-scali-et-alain-domingo-chaise-france-circa-1985\/\",\"name\":\"NEMO (Fran\u00e7ois Scali et Alain Domingo) chaise, France, circa 1985 - DIZAGN\",\"isPartOf\":{\"@id\":\"https:\/\/dizagn.fr\/#website\"},\"primaryImageOfPage\":{\"@id\":\"https:\/\/dizagn.fr\/produit\/nemo-francois-scali-et-alain-domingo-chaise-france-circa-1985\/#primaryimage\"},\"image\":{\"@id\":\"https:\/\/dizagn.fr\/produit\/nemo-francois-scali-et-alain-domingo-chaise-france-circa-1985\/#primaryimage\"},\"thumbnailUrl\":\"https:\/\/dizagn.fr\/wp-content\/uploads\/2025\/09\/NEMO-chair-1-scaled.jpg\",\"datePublished\":\"2025-09-04T10:26:46+00:00\",\"dateModified\":\"2025-12-04T12:44:39+00:00\",\"breadcrumb\":{\"@id\":\"https:\/\/dizagn.fr\/produit\/nemo-francois-scali-et-alain-domingo-chaise-france-circa-1985\/#breadcrumb\"},\"inLanguage\":\"en-GB\",\"potentialAction\":[{\"@type\":\"ReadAction\",\"target\":[\"https:\/\/dizagn.fr\/produit\/nemo-francois-scali-et-alain-domingo-chaise-france-circa-1985\/\"]}]},{\"@type\":\"ImageObject\",\"inLanguage\":\"en-GB\",\"@id\":\"https:\/\/dizagn.fr\/produit\/nemo-francois-scali-et-alain-domingo-chaise-france-circa-1985\/#primaryimage\",\"url\":\"https:\/\/dizagn.fr\/wp-content\/uploads\/2025\/09\/NEMO-chair-1-scaled.jpg\",\"contentUrl\":\"https:\/\/dizagn.fr\/wp-content\/uploads\/2025\/09\/NEMO-chair-1-scaled.jpg\",\"width\":2560,\"height\":2560},{\"@type\":\"BreadcrumbList\",\"@id\":\"https:\/\/dizagn.fr\/produit\/nemo-francois-scali-et-alain-domingo-chaise-france-circa-1985\/#breadcrumb\",\"itemListElement\":[{\"@type\":\"ListItem\",\"position\":1,\"name\":\"Accueil\",\"item\":\"https:\/\/dizagn.fr\/\"},{\"@type\":\"ListItem\",\"position\":2,\"name\":\"S\u00e9lection\",\"item\":\"https:\/\/dizagn.fr\/\"},{\"@type\":\"ListItem\",\"position\":3,\"name\":\"NEMO (Fran\u00e7ois Scali et Alain Domingo) chaise, France, circa 1985\"}]},{\"@type\":\"WebSite\",\"@id\":\"https:\/\/dizagn.fr\/#website\",\"url\":\"https:\/\/dizagn.fr\/\",\"name\":\"DIZAGN\",\"description\":\"\",\"potentialAction\":[{\"@type\":\"SearchAction\",\"target\":{\"@type\":\"EntryPoint\",\"urlTemplate\":\"https:\/\/dizagn.fr\/?s={search_term_string}\"},\"query-input\":{\"@type\":\"PropertyValueSpecification\",\"valueRequired\":true,\"valueName\":\"search_term_string\"}}],\"inLanguage\":\"en-GB\"}]}<\/script>\n<!-- \/ Yoast SEO plugin. -->","yoast_head_json":{"title":"NEMO (Fran\u00e7ois Scali et Alain Domingo) chaise, France, circa 1985 - DIZAGN","robots":{"index":"index","follow":"follow","max-snippet":"max-snippet:-1","max-image-preview":"max-image-preview:large","max-video-preview":"max-video-preview:-1"},"canonical":"https:\/\/dizagn.fr\/en\/product\/nemo-francois-scali-et-alain-domingo-chaise-france-circa-1985\/","og_locale":"en_GB","og_type":"article","og_title":"NEMO (Fran\u00e7ois Scali et Alain Domingo) chaise, France, circa 1985 - DIZAGN","og_description":"NEMO  Fran\u00e7ois Scali (1951-) et Alain Domingo (1952-) Nemo \u00e9dition, France, circa 1985 M\u00e9tal laqu\u00e9 blanc, panneau PVC blanc, isogaine, coussin tissu blanc et rouge Haut. 64 (assise 46) x Larg. 50 x Prof. 45 cm","og_url":"https:\/\/dizagn.fr\/en\/product\/nemo-francois-scali-et-alain-domingo-chaise-france-circa-1985\/","og_site_name":"DIZAGN","article_modified_time":"2025-12-04T12:44:39+00:00","og_image":[{"width":2560,"height":2560,"url":"https:\/\/dizagn.fr\/wp-content\/uploads\/2025\/09\/NEMO-chair-1-scaled.jpg","type":"image\/jpeg"}],"twitter_card":"summary_large_image","twitter_misc":{"Estimated reading time":"1 minute"},"schema":{"@context":"https:\/\/schema.org","@graph":[{"@type":"WebPage","@id":"https:\/\/dizagn.fr\/produit\/nemo-francois-scali-et-alain-domingo-chaise-france-circa-1985\/","url":"https:\/\/dizagn.fr\/produit\/nemo-francois-scali-et-alain-domingo-chaise-france-circa-1985\/","name":"NEMO (Fran\u00e7ois Scali et Alain Domingo) chaise, France, circa 1985 - DIZAGN","isPartOf":{"@id":"https:\/\/dizagn.fr\/#website"},"primaryImageOfPage":{"@id":"https:\/\/dizagn.fr\/produit\/nemo-francois-scali-et-alain-domingo-chaise-france-circa-1985\/#primaryimage"},"image":{"@id":"https:\/\/dizagn.fr\/produit\/nemo-francois-scali-et-alain-domingo-chaise-france-circa-1985\/#primaryimage"},"thumbnailUrl":"https:\/\/dizagn.fr\/wp-content\/uploads\/2025\/09\/NEMO-chair-1-scaled.jpg","datePublished":"2025-09-04T10:26:46+00:00","dateModified":"2025-12-04T12:44:39+00:00","breadcrumb":{"@id":"https:\/\/dizagn.fr\/produit\/nemo-francois-scali-et-alain-domingo-chaise-france-circa-1985\/#breadcrumb"},"inLanguage":"en-GB","potentialAction":[{"@type":"ReadAction","target":["https:\/\/dizagn.fr\/produit\/nemo-francois-scali-et-alain-domingo-chaise-france-circa-1985\/"]}]},{"@type":"ImageObject","inLanguage":"en-GB","@id":"https:\/\/dizagn.fr\/produit\/nemo-francois-scali-et-alain-domingo-chaise-france-circa-1985\/#primaryimage","url":"https:\/\/dizagn.fr\/wp-content\/uploads\/2025\/09\/NEMO-chair-1-scaled.jpg","contentUrl":"https:\/\/dizagn.fr\/wp-content\/uploads\/2025\/09\/NEMO-chair-1-scaled.jpg","width":2560,"height":2560},{"@type":"BreadcrumbList","@id":"https:\/\/dizagn.fr\/produit\/nemo-francois-scali-et-alain-domingo-chaise-france-circa-1985\/#breadcrumb","itemListElement":[{"@type":"ListItem","position":1,"name":"Accueil","item":"https:\/\/dizagn.fr\/"},{"@type":"ListItem","position":2,"name":"S\u00e9lection","item":"https:\/\/dizagn.fr\/"},{"@type":"ListItem","position":3,"name":"NEMO (Fran\u00e7ois Scali et Alain Domingo) chaise, France, circa 1985"}]},{"@type":"WebSite","@id":"https:\/\/dizagn.fr\/#website","url":"https:\/\/dizagn.fr\/","name":"DIZAGN","description":"","potentialAction":[{"@type":"SearchAction","target":{"@type":"EntryPoint","urlTemplate":"https:\/\/dizagn.fr\/?s={search_term_string}"},"query-input":{"@type":"PropertyValueSpecification","valueRequired":true,"valueName":"search_term_string"}}],"inLanguage":"en-GB"}]}},"_links":{"self":[{"href":"https:\/\/dizagn.fr\/en\/wp-json\/wp\/v2\/product\/1896","targetHints":{"allow":["GET"]}}],"collection":[{"href":"https:\/\/dizagn.fr\/en\/wp-json\/wp\/v2\/product"}],"about":[{"href":"https:\/\/dizagn.fr\/en\/wp-json\/wp\/v2\/types\/product"}],"wp:featuredmedia":[{"embeddable":true,"href":"https:\/\/dizagn.fr\/en\/wp-json\/wp\/v2\/media\/1897"}],"wp:attachment":[{"href":"https:\/\/dizagn.fr\/en\/wp-json\/wp\/v2\/media?parent=1896"}],"wp:term":[{"taxonomy":"product_brand","embeddable":true,"href":"https:\/\/dizagn.fr\/en\/wp-json\/wp\/v2\/product_brand?post=1896"},{"taxonomy":"product_cat","embeddable":true,"href":"https:\/\/dizagn.fr\/en\/wp-json\/wp\/v2\/product_cat?post=1896"},{"taxonomy":"product_tag","embeddable":true,"href":"https:\/\/dizagn.fr\/en\/wp-json\/wp\/v2\/product_tag?post=1896"}],"curies":[{"name":"wp","href":"https:\/\/api.w.org\/{rel}","templated":true}]}}