{"id":1866,"date":"2025-12-02T23:15:52","date_gmt":"2025-12-02T22:15:52","guid":{"rendered":"https:\/\/dizagn.fr\/?post_type=product&#038;p=1866"},"modified":"2026-01-03T23:40:15","modified_gmt":"2026-01-03T22:40:15","slug":"2-chauffeuses-1500-etienne-henri-martin-tfm-ed-france-circa-1964","status":"publish","type":"product","link":"https:\/\/dizagn.fr\/en\/product\/2-chauffeuses-1500-etienne-henri-martin-tfm-ed-france-circa-1964\/","title":{"rendered":"ETIENNE HENRI MARTIN, 2 armchairs 1500, TFM, circa 1964"},"content":{"rendered":"<p>Reference:<\/p>\n<p>Mobilier National ARC &#8211; Atelier de recherche et Cr\u00e9ation<br \/>\nSaint-\u00c9tienne M\u00e9tropole Modern and Contemporary Art Museum Collection<br \/>\nSaint-Quentin-en-Yvelines Museum Collection, Montigny-le-Bretonneux, 2007<\/p>\n<p>Literature: <\/p>\n<p>Cr\u00e9\u00e9, 1972<br \/>\nMobilier National ARC &#8211; 20 ans de cr\u00e9ation, 1984<br \/>\nMobilier National ARC &#8211; 40 ans de cr\u00e9ation, 2004<\/p>","protected":false},"excerpt":{"rendered":"<p>Etienne Henri Martin (1904-1998)<\/p>\n<p>Two \u201c1500 Series\u201d armchairs<br \/>\nMobilier National ARC &#8211; Atelier de recherche et Cr\u00e9ation<br \/>\nTFM edition, France, circa 1964<br \/>\nTubular structure, foam, fabric of your choice included in the price (model and color)<br \/>\nH. 76 (seat 34) x W. 74 x D. 82 cm<br \/>\n6 available<\/p>","protected":false},"featured_media":1872,"template":"","meta":{"_et_pb_use_builder":"","_et_pb_old_content":"","_et_gb_content_width":""},"product_brand":[],"product_cat":[18],"product_tag":[],"class_list":{"0":"post-1866","1":"product","2":"type-product","3":"status-publish","4":"has-post-thumbnail","6":"product_cat-selection","8":"first","9":"instock","10":"shipping-taxable","11":"purchasable","12":"product-type-simple"},"yoast_head":"<!-- This site is optimized with the Yoast SEO plugin v27.4 - https:\/\/yoast.com\/product\/yoast-seo-wordpress\/ -->\n<title>ETIENNE HENRI MARTIN, 2 chauffeuses 1500, TFM, circa 1964 - DIZAGN<\/title>\n<meta name=\"robots\" content=\"index, follow, max-snippet:-1, max-image-preview:large, max-video-preview:-1\" \/>\n<link rel=\"canonical\" href=\"https:\/\/dizagn.fr\/en\/product\/2-chauffeuses-1500-etienne-henri-martin-tfm-ed-france-circa-1964\/\" \/>\n<meta property=\"og:locale\" content=\"en_GB\" \/>\n<meta property=\"og:type\" content=\"article\" \/>\n<meta property=\"og:title\" content=\"ETIENNE HENRI MARTIN, 2 chauffeuses 1500, TFM, circa 1964 - DIZAGN\" \/>\n<meta property=\"og:description\" content=\"Etienne Henri Martin (1904-1998)  Deux chauffeuses &quot;S\u00e9rie 1500&quot; Mobilier National ARC - Atelier de recherche et Cr\u00e9ation TFM \u00e9diteur, France, circa 1964  Structure tubulaire, mousse, tissu au choix compris dans le prix (mod\u00e8le et couleur) H. 76 cm (assise 34 cm) x L. 74 cm x P. 82 cm 6 disponibles\" \/>\n<meta property=\"og:url\" content=\"https:\/\/dizagn.fr\/en\/product\/2-chauffeuses-1500-etienne-henri-martin-tfm-ed-france-circa-1964\/\" \/>\n<meta property=\"og:site_name\" content=\"DIZAGN\" \/>\n<meta property=\"article:modified_time\" content=\"2026-01-03T22:40:15+00:00\" \/>\n<meta property=\"og:image\" content=\"https:\/\/dizagn.fr\/wp-content\/uploads\/2025\/09\/ETIENNE-HENRI-MARTIN-chauffeuse-1500-TFM-1-scaled.jpg\" \/>\n\t<meta property=\"og:image:width\" content=\"2560\" \/>\n\t<meta property=\"og:image:height\" content=\"2560\" \/>\n\t<meta property=\"og:image:type\" content=\"image\/jpeg\" \/>\n<meta name=\"twitter:card\" content=\"summary_large_image\" \/>\n<meta name=\"twitter:label1\" content=\"Estimated reading time\" \/>\n\t<meta name=\"twitter:data1\" content=\"1 minute\" \/>\n<script type=\"application\/ld+json\" class=\"yoast-schema-graph\">{\"@context\":\"https:\\\/\\\/schema.org\",\"@graph\":[{\"@type\":\"WebPage\",\"@id\":\"https:\\\/\\\/dizagn.fr\\\/produit\\\/2-chauffeuses-1500-etienne-henri-martin-tfm-ed-france-circa-1964\\\/\",\"url\":\"https:\\\/\\\/dizagn.fr\\\/produit\\\/2-chauffeuses-1500-etienne-henri-martin-tfm-ed-france-circa-1964\\\/\",\"name\":\"ETIENNE HENRI MARTIN, 2 chauffeuses 1500, TFM, circa 1964 - DIZAGN\",\"isPartOf\":{\"@id\":\"https:\\\/\\\/dizagn.fr\\\/#website\"},\"primaryImageOfPage\":{\"@id\":\"https:\\\/\\\/dizagn.fr\\\/produit\\\/2-chauffeuses-1500-etienne-henri-martin-tfm-ed-france-circa-1964\\\/#primaryimage\"},\"image\":{\"@id\":\"https:\\\/\\\/dizagn.fr\\\/produit\\\/2-chauffeuses-1500-etienne-henri-martin-tfm-ed-france-circa-1964\\\/#primaryimage\"},\"thumbnailUrl\":\"https:\\\/\\\/dizagn.fr\\\/wp-content\\\/uploads\\\/2025\\\/09\\\/ETIENNE-HENRI-MARTIN-chauffeuse-1500-TFM-1-scaled.jpg\",\"datePublished\":\"2025-12-02T22:15:52+00:00\",\"dateModified\":\"2026-01-03T22:40:15+00:00\",\"breadcrumb\":{\"@id\":\"https:\\\/\\\/dizagn.fr\\\/produit\\\/2-chauffeuses-1500-etienne-henri-martin-tfm-ed-france-circa-1964\\\/#breadcrumb\"},\"inLanguage\":\"en-GB\",\"potentialAction\":[{\"@type\":\"ReadAction\",\"target\":[\"https:\\\/\\\/dizagn.fr\\\/produit\\\/2-chauffeuses-1500-etienne-henri-martin-tfm-ed-france-circa-1964\\\/\"]}]},{\"@type\":\"ImageObject\",\"inLanguage\":\"en-GB\",\"@id\":\"https:\\\/\\\/dizagn.fr\\\/produit\\\/2-chauffeuses-1500-etienne-henri-martin-tfm-ed-france-circa-1964\\\/#primaryimage\",\"url\":\"https:\\\/\\\/dizagn.fr\\\/wp-content\\\/uploads\\\/2025\\\/09\\\/ETIENNE-HENRI-MARTIN-chauffeuse-1500-TFM-1-scaled.jpg\",\"contentUrl\":\"https:\\\/\\\/dizagn.fr\\\/wp-content\\\/uploads\\\/2025\\\/09\\\/ETIENNE-HENRI-MARTIN-chauffeuse-1500-TFM-1-scaled.jpg\",\"width\":2560,\"height\":2560},{\"@type\":\"BreadcrumbList\",\"@id\":\"https:\\\/\\\/dizagn.fr\\\/produit\\\/2-chauffeuses-1500-etienne-henri-martin-tfm-ed-france-circa-1964\\\/#breadcrumb\",\"itemListElement\":[{\"@type\":\"ListItem\",\"position\":1,\"name\":\"Accueil\",\"item\":\"https:\\\/\\\/dizagn.fr\\\/\"},{\"@type\":\"ListItem\",\"position\":2,\"name\":\"S\u00e9lection\",\"item\":\"https:\\\/\\\/dizagn.fr\\\/\"},{\"@type\":\"ListItem\",\"position\":3,\"name\":\"ETIENNE HENRI MARTIN, 2 chauffeuses 1500, TFM, circa 1964\"}]},{\"@type\":\"WebSite\",\"@id\":\"https:\\\/\\\/dizagn.fr\\\/#website\",\"url\":\"https:\\\/\\\/dizagn.fr\\\/\",\"name\":\"DIZAGN\",\"description\":\"\",\"publisher\":{\"@id\":\"https:\\\/\\\/dizagn.fr\\\/#organization\"},\"potentialAction\":[{\"@type\":\"SearchAction\",\"target\":{\"@type\":\"EntryPoint\",\"urlTemplate\":\"https:\\\/\\\/dizagn.fr\\\/?s={search_term_string}\"},\"query-input\":{\"@type\":\"PropertyValueSpecification\",\"valueRequired\":true,\"valueName\":\"search_term_string\"}}],\"inLanguage\":\"en-GB\"},{\"@type\":\"Organization\",\"@id\":\"https:\\\/\\\/dizagn.fr\\\/#organization\",\"name\":\"DIZAGN\",\"url\":\"https:\\\/\\\/dizagn.fr\\\/\",\"logo\":{\"@type\":\"ImageObject\",\"inLanguage\":\"en-GB\",\"@id\":\"https:\\\/\\\/dizagn.fr\\\/#\\\/schema\\\/logo\\\/image\\\/\",\"url\":\"https:\\\/\\\/dizagn.fr\\\/wp-content\\\/uploads\\\/2023\\\/03\\\/logo-Dizagn.jpg\",\"contentUrl\":\"https:\\\/\\\/dizagn.fr\\\/wp-content\\\/uploads\\\/2023\\\/03\\\/logo-Dizagn.jpg\",\"width\":304,\"height\":95,\"caption\":\"DIZAGN\"},\"image\":{\"@id\":\"https:\\\/\\\/dizagn.fr\\\/#\\\/schema\\\/logo\\\/image\\\/\"}}]}<\/script>\n<!-- \/ Yoast SEO plugin. -->","yoast_head_json":{"title":"ETIENNE HENRI MARTIN, 2 chauffeuses 1500, TFM, circa 1964 - DIZAGN","robots":{"index":"index","follow":"follow","max-snippet":"max-snippet:-1","max-image-preview":"max-image-preview:large","max-video-preview":"max-video-preview:-1"},"canonical":"https:\/\/dizagn.fr\/en\/product\/2-chauffeuses-1500-etienne-henri-martin-tfm-ed-france-circa-1964\/","og_locale":"en_GB","og_type":"article","og_title":"ETIENNE HENRI MARTIN, 2 chauffeuses 1500, TFM, circa 1964 - DIZAGN","og_description":"Etienne Henri Martin (1904-1998)  Deux chauffeuses \"S\u00e9rie 1500\" Mobilier National ARC - Atelier de recherche et Cr\u00e9ation TFM \u00e9diteur, France, circa 1964  Structure tubulaire, mousse, tissu au choix compris dans le prix (mod\u00e8le et couleur) H. 76 cm (assise 34 cm) x L. 74 cm x P. 82 cm 6 disponibles","og_url":"https:\/\/dizagn.fr\/en\/product\/2-chauffeuses-1500-etienne-henri-martin-tfm-ed-france-circa-1964\/","og_site_name":"DIZAGN","article_modified_time":"2026-01-03T22:40:15+00:00","og_image":[{"width":2560,"height":2560,"url":"https:\/\/dizagn.fr\/wp-content\/uploads\/2025\/09\/ETIENNE-HENRI-MARTIN-chauffeuse-1500-TFM-1-scaled.jpg","type":"image\/jpeg"}],"twitter_card":"summary_large_image","twitter_misc":{"Estimated reading time":"1 minute"},"schema":{"@context":"https:\/\/schema.org","@graph":[{"@type":"WebPage","@id":"https:\/\/dizagn.fr\/produit\/2-chauffeuses-1500-etienne-henri-martin-tfm-ed-france-circa-1964\/","url":"https:\/\/dizagn.fr\/produit\/2-chauffeuses-1500-etienne-henri-martin-tfm-ed-france-circa-1964\/","name":"ETIENNE HENRI MARTIN, 2 chauffeuses 1500, TFM, circa 1964 - DIZAGN","isPartOf":{"@id":"https:\/\/dizagn.fr\/#website"},"primaryImageOfPage":{"@id":"https:\/\/dizagn.fr\/produit\/2-chauffeuses-1500-etienne-henri-martin-tfm-ed-france-circa-1964\/#primaryimage"},"image":{"@id":"https:\/\/dizagn.fr\/produit\/2-chauffeuses-1500-etienne-henri-martin-tfm-ed-france-circa-1964\/#primaryimage"},"thumbnailUrl":"https:\/\/dizagn.fr\/wp-content\/uploads\/2025\/09\/ETIENNE-HENRI-MARTIN-chauffeuse-1500-TFM-1-scaled.jpg","datePublished":"2025-12-02T22:15:52+00:00","dateModified":"2026-01-03T22:40:15+00:00","breadcrumb":{"@id":"https:\/\/dizagn.fr\/produit\/2-chauffeuses-1500-etienne-henri-martin-tfm-ed-france-circa-1964\/#breadcrumb"},"inLanguage":"en-GB","potentialAction":[{"@type":"ReadAction","target":["https:\/\/dizagn.fr\/produit\/2-chauffeuses-1500-etienne-henri-martin-tfm-ed-france-circa-1964\/"]}]},{"@type":"ImageObject","inLanguage":"en-GB","@id":"https:\/\/dizagn.fr\/produit\/2-chauffeuses-1500-etienne-henri-martin-tfm-ed-france-circa-1964\/#primaryimage","url":"https:\/\/dizagn.fr\/wp-content\/uploads\/2025\/09\/ETIENNE-HENRI-MARTIN-chauffeuse-1500-TFM-1-scaled.jpg","contentUrl":"https:\/\/dizagn.fr\/wp-content\/uploads\/2025\/09\/ETIENNE-HENRI-MARTIN-chauffeuse-1500-TFM-1-scaled.jpg","width":2560,"height":2560},{"@type":"BreadcrumbList","@id":"https:\/\/dizagn.fr\/produit\/2-chauffeuses-1500-etienne-henri-martin-tfm-ed-france-circa-1964\/#breadcrumb","itemListElement":[{"@type":"ListItem","position":1,"name":"Accueil","item":"https:\/\/dizagn.fr\/"},{"@type":"ListItem","position":2,"name":"S\u00e9lection","item":"https:\/\/dizagn.fr\/"},{"@type":"ListItem","position":3,"name":"ETIENNE HENRI MARTIN, 2 chauffeuses 1500, TFM, circa 1964"}]},{"@type":"WebSite","@id":"https:\/\/dizagn.fr\/#website","url":"https:\/\/dizagn.fr\/","name":"DIZAGN","description":"","publisher":{"@id":"https:\/\/dizagn.fr\/#organization"},"potentialAction":[{"@type":"SearchAction","target":{"@type":"EntryPoint","urlTemplate":"https:\/\/dizagn.fr\/?s={search_term_string}"},"query-input":{"@type":"PropertyValueSpecification","valueRequired":true,"valueName":"search_term_string"}}],"inLanguage":"en-GB"},{"@type":"Organization","@id":"https:\/\/dizagn.fr\/#organization","name":"DIZAGN","url":"https:\/\/dizagn.fr\/","logo":{"@type":"ImageObject","inLanguage":"en-GB","@id":"https:\/\/dizagn.fr\/#\/schema\/logo\/image\/","url":"https:\/\/dizagn.fr\/wp-content\/uploads\/2023\/03\/logo-Dizagn.jpg","contentUrl":"https:\/\/dizagn.fr\/wp-content\/uploads\/2023\/03\/logo-Dizagn.jpg","width":304,"height":95,"caption":"DIZAGN"},"image":{"@id":"https:\/\/dizagn.fr\/#\/schema\/logo\/image\/"}}]}},"_links":{"self":[{"href":"https:\/\/dizagn.fr\/en\/wp-json\/wp\/v2\/product\/1866","targetHints":{"allow":["GET"]}}],"collection":[{"href":"https:\/\/dizagn.fr\/en\/wp-json\/wp\/v2\/product"}],"about":[{"href":"https:\/\/dizagn.fr\/en\/wp-json\/wp\/v2\/types\/product"}],"wp:featuredmedia":[{"embeddable":true,"href":"https:\/\/dizagn.fr\/en\/wp-json\/wp\/v2\/media\/1872"}],"wp:attachment":[{"href":"https:\/\/dizagn.fr\/en\/wp-json\/wp\/v2\/media?parent=1866"}],"wp:term":[{"taxonomy":"product_brand","embeddable":true,"href":"https:\/\/dizagn.fr\/en\/wp-json\/wp\/v2\/product_brand?post=1866"},{"taxonomy":"product_cat","embeddable":true,"href":"https:\/\/dizagn.fr\/en\/wp-json\/wp\/v2\/product_cat?post=1866"},{"taxonomy":"product_tag","embeddable":true,"href":"https:\/\/dizagn.fr\/en\/wp-json\/wp\/v2\/product_tag?post=1866"}],"curies":[{"name":"wp","href":"https:\/\/api.w.org\/{rel}","templated":true}]}}