{"id":1851,"date":"2025-09-02T22:49:31","date_gmt":"2025-09-02T20:49:31","guid":{"rendered":"https:\/\/dizagn.fr\/?post_type=product&#038;p=1851"},"modified":"2025-09-16T23:10:25","modified_gmt":"2025-09-16T21:10:25","slug":"paire-de-fauteuils-bernard-durussel-france-1948","status":"publish","type":"product","link":"https:\/\/dizagn.fr\/en\/product\/paire-de-fauteuils-bernard-durussel-france-1948\/","title":{"rendered":"BERNARD DURUSSEL, pair of armchairs, France, 1948"},"content":{"rendered":"<p>Reference:<br \/>\nSalon de la Soci\u00e9t\u00e9 des artistes d\u00e9corateurs, 1948<\/p>\n<p>Literature:<br \/>\nArt et industrie, octobre 1948<br \/>\nArt et d\u00e9coration, 1949<\/p>","protected":false},"excerpt":{"rendered":"<p>BERNARD DURUSSEL (1926-1995)<\/p>\n<p>Pair of armchairs<br \/>\nDurussel edition, France, 1948<br \/>\nWaxed oak, foam and fabric. Seat and back cushions on both armchairs (model and color of your choice)<br \/>\nHaut. 80 (assise 35) x Larg. 62 x Prof. 78 cm<br \/>\n3 available<\/p>","protected":false},"featured_media":1852,"template":"","meta":{"_et_pb_use_builder":"","_et_pb_old_content":"","_et_gb_content_width":""},"product_brand":[],"product_cat":[19],"product_tag":[44],"class_list":{"0":"post-1851","1":"product","2":"type-product","3":"status-publish","4":"has-post-thumbnail","6":"product_cat-archives","7":"product_tag-nouveau","9":"first","10":"instock","11":"shipping-taxable","12":"product-type-simple"},"yoast_head":"<!-- This site is optimized with the Yoast SEO plugin v27.1.1 - https:\/\/yoast.com\/product\/yoast-seo-wordpress\/ -->\n<title>BERNARD DURUSSEL, paire de fauteuils, France, 1948 - DIZAGN<\/title>\n<meta name=\"robots\" content=\"index, follow, max-snippet:-1, max-image-preview:large, max-video-preview:-1\" \/>\n<link rel=\"canonical\" href=\"https:\/\/dizagn.fr\/en\/product\/paire-de-fauteuils-bernard-durussel-france-1948\/\" \/>\n<meta property=\"og:locale\" content=\"en_GB\" \/>\n<meta property=\"og:type\" content=\"article\" \/>\n<meta property=\"og:title\" content=\"BERNARD DURUSSEL, paire de fauteuils, France, 1948 - DIZAGN\" \/>\n<meta property=\"og:description\" content=\"BERNARD DURUSSEL (1926-1995)  Paire de fauteuils \u00c9dition Durussel, France, 1948 Ch\u00eane cir\u00e9, mousse et tissu. coussins d&#039;assise et de dossier sur les deux fauteuils (mod\u00e8le et couleur au choix) Haut. 80 (assise 35) x Larg. 62 x Prof. 78 cm  3 disponibles\" \/>\n<meta property=\"og:url\" content=\"https:\/\/dizagn.fr\/en\/product\/paire-de-fauteuils-bernard-durussel-france-1948\/\" \/>\n<meta property=\"og:site_name\" content=\"DIZAGN\" \/>\n<meta property=\"article:modified_time\" content=\"2025-09-16T21:10:25+00:00\" \/>\n<meta property=\"og:image\" content=\"https:\/\/dizagn.fr\/wp-content\/uploads\/2025\/09\/DURUSSEL-Bernard-pair-armchairs-1948-1-scaled.jpg\" \/>\n\t<meta property=\"og:image:width\" content=\"2560\" \/>\n\t<meta property=\"og:image:height\" content=\"2560\" \/>\n\t<meta property=\"og:image:type\" content=\"image\/jpeg\" \/>\n<meta name=\"twitter:card\" content=\"summary_large_image\" \/>\n<meta name=\"twitter:label1\" content=\"Estimated reading time\" \/>\n\t<meta name=\"twitter:data1\" content=\"1 minute\" \/>\n<script type=\"application\/ld+json\" class=\"yoast-schema-graph\">{\"@context\":\"https:\/\/schema.org\",\"@graph\":[{\"@type\":\"WebPage\",\"@id\":\"https:\/\/dizagn.fr\/produit\/paire-de-fauteuils-bernard-durussel-france-1948\/\",\"url\":\"https:\/\/dizagn.fr\/produit\/paire-de-fauteuils-bernard-durussel-france-1948\/\",\"name\":\"BERNARD DURUSSEL, paire de fauteuils, France, 1948 - DIZAGN\",\"isPartOf\":{\"@id\":\"https:\/\/dizagn.fr\/#website\"},\"primaryImageOfPage\":{\"@id\":\"https:\/\/dizagn.fr\/produit\/paire-de-fauteuils-bernard-durussel-france-1948\/#primaryimage\"},\"image\":{\"@id\":\"https:\/\/dizagn.fr\/produit\/paire-de-fauteuils-bernard-durussel-france-1948\/#primaryimage\"},\"thumbnailUrl\":\"https:\/\/dizagn.fr\/wp-content\/uploads\/2025\/09\/DURUSSEL-Bernard-pair-armchairs-1948-1-scaled.jpg\",\"datePublished\":\"2025-09-02T20:49:31+00:00\",\"dateModified\":\"2025-09-16T21:10:25+00:00\",\"breadcrumb\":{\"@id\":\"https:\/\/dizagn.fr\/produit\/paire-de-fauteuils-bernard-durussel-france-1948\/#breadcrumb\"},\"inLanguage\":\"en-GB\",\"potentialAction\":[{\"@type\":\"ReadAction\",\"target\":[\"https:\/\/dizagn.fr\/produit\/paire-de-fauteuils-bernard-durussel-france-1948\/\"]}]},{\"@type\":\"ImageObject\",\"inLanguage\":\"en-GB\",\"@id\":\"https:\/\/dizagn.fr\/produit\/paire-de-fauteuils-bernard-durussel-france-1948\/#primaryimage\",\"url\":\"https:\/\/dizagn.fr\/wp-content\/uploads\/2025\/09\/DURUSSEL-Bernard-pair-armchairs-1948-1-scaled.jpg\",\"contentUrl\":\"https:\/\/dizagn.fr\/wp-content\/uploads\/2025\/09\/DURUSSEL-Bernard-pair-armchairs-1948-1-scaled.jpg\",\"width\":2560,\"height\":2560},{\"@type\":\"BreadcrumbList\",\"@id\":\"https:\/\/dizagn.fr\/produit\/paire-de-fauteuils-bernard-durussel-france-1948\/#breadcrumb\",\"itemListElement\":[{\"@type\":\"ListItem\",\"position\":1,\"name\":\"Accueil\",\"item\":\"https:\/\/dizagn.fr\/\"},{\"@type\":\"ListItem\",\"position\":2,\"name\":\"S\u00e9lection\",\"item\":\"https:\/\/dizagn.fr\/\"},{\"@type\":\"ListItem\",\"position\":3,\"name\":\"BERNARD DURUSSEL, paire de fauteuils, France, 1948\"}]},{\"@type\":\"WebSite\",\"@id\":\"https:\/\/dizagn.fr\/#website\",\"url\":\"https:\/\/dizagn.fr\/\",\"name\":\"DIZAGN\",\"description\":\"\",\"potentialAction\":[{\"@type\":\"SearchAction\",\"target\":{\"@type\":\"EntryPoint\",\"urlTemplate\":\"https:\/\/dizagn.fr\/?s={search_term_string}\"},\"query-input\":{\"@type\":\"PropertyValueSpecification\",\"valueRequired\":true,\"valueName\":\"search_term_string\"}}],\"inLanguage\":\"en-GB\"}]}<\/script>\n<!-- \/ Yoast SEO plugin. -->","yoast_head_json":{"title":"BERNARD DURUSSEL, paire de fauteuils, France, 1948 - DIZAGN","robots":{"index":"index","follow":"follow","max-snippet":"max-snippet:-1","max-image-preview":"max-image-preview:large","max-video-preview":"max-video-preview:-1"},"canonical":"https:\/\/dizagn.fr\/en\/product\/paire-de-fauteuils-bernard-durussel-france-1948\/","og_locale":"en_GB","og_type":"article","og_title":"BERNARD DURUSSEL, paire de fauteuils, France, 1948 - DIZAGN","og_description":"BERNARD DURUSSEL (1926-1995)  Paire de fauteuils \u00c9dition Durussel, France, 1948 Ch\u00eane cir\u00e9, mousse et tissu. coussins d'assise et de dossier sur les deux fauteuils (mod\u00e8le et couleur au choix) Haut. 80 (assise 35) x Larg. 62 x Prof. 78 cm  3 disponibles","og_url":"https:\/\/dizagn.fr\/en\/product\/paire-de-fauteuils-bernard-durussel-france-1948\/","og_site_name":"DIZAGN","article_modified_time":"2025-09-16T21:10:25+00:00","og_image":[{"width":2560,"height":2560,"url":"https:\/\/dizagn.fr\/wp-content\/uploads\/2025\/09\/DURUSSEL-Bernard-pair-armchairs-1948-1-scaled.jpg","type":"image\/jpeg"}],"twitter_card":"summary_large_image","twitter_misc":{"Estimated reading time":"1 minute"},"schema":{"@context":"https:\/\/schema.org","@graph":[{"@type":"WebPage","@id":"https:\/\/dizagn.fr\/produit\/paire-de-fauteuils-bernard-durussel-france-1948\/","url":"https:\/\/dizagn.fr\/produit\/paire-de-fauteuils-bernard-durussel-france-1948\/","name":"BERNARD DURUSSEL, paire de fauteuils, France, 1948 - DIZAGN","isPartOf":{"@id":"https:\/\/dizagn.fr\/#website"},"primaryImageOfPage":{"@id":"https:\/\/dizagn.fr\/produit\/paire-de-fauteuils-bernard-durussel-france-1948\/#primaryimage"},"image":{"@id":"https:\/\/dizagn.fr\/produit\/paire-de-fauteuils-bernard-durussel-france-1948\/#primaryimage"},"thumbnailUrl":"https:\/\/dizagn.fr\/wp-content\/uploads\/2025\/09\/DURUSSEL-Bernard-pair-armchairs-1948-1-scaled.jpg","datePublished":"2025-09-02T20:49:31+00:00","dateModified":"2025-09-16T21:10:25+00:00","breadcrumb":{"@id":"https:\/\/dizagn.fr\/produit\/paire-de-fauteuils-bernard-durussel-france-1948\/#breadcrumb"},"inLanguage":"en-GB","potentialAction":[{"@type":"ReadAction","target":["https:\/\/dizagn.fr\/produit\/paire-de-fauteuils-bernard-durussel-france-1948\/"]}]},{"@type":"ImageObject","inLanguage":"en-GB","@id":"https:\/\/dizagn.fr\/produit\/paire-de-fauteuils-bernard-durussel-france-1948\/#primaryimage","url":"https:\/\/dizagn.fr\/wp-content\/uploads\/2025\/09\/DURUSSEL-Bernard-pair-armchairs-1948-1-scaled.jpg","contentUrl":"https:\/\/dizagn.fr\/wp-content\/uploads\/2025\/09\/DURUSSEL-Bernard-pair-armchairs-1948-1-scaled.jpg","width":2560,"height":2560},{"@type":"BreadcrumbList","@id":"https:\/\/dizagn.fr\/produit\/paire-de-fauteuils-bernard-durussel-france-1948\/#breadcrumb","itemListElement":[{"@type":"ListItem","position":1,"name":"Accueil","item":"https:\/\/dizagn.fr\/"},{"@type":"ListItem","position":2,"name":"S\u00e9lection","item":"https:\/\/dizagn.fr\/"},{"@type":"ListItem","position":3,"name":"BERNARD DURUSSEL, paire de fauteuils, France, 1948"}]},{"@type":"WebSite","@id":"https:\/\/dizagn.fr\/#website","url":"https:\/\/dizagn.fr\/","name":"DIZAGN","description":"","potentialAction":[{"@type":"SearchAction","target":{"@type":"EntryPoint","urlTemplate":"https:\/\/dizagn.fr\/?s={search_term_string}"},"query-input":{"@type":"PropertyValueSpecification","valueRequired":true,"valueName":"search_term_string"}}],"inLanguage":"en-GB"}]}},"_links":{"self":[{"href":"https:\/\/dizagn.fr\/en\/wp-json\/wp\/v2\/product\/1851","targetHints":{"allow":["GET"]}}],"collection":[{"href":"https:\/\/dizagn.fr\/en\/wp-json\/wp\/v2\/product"}],"about":[{"href":"https:\/\/dizagn.fr\/en\/wp-json\/wp\/v2\/types\/product"}],"wp:featuredmedia":[{"embeddable":true,"href":"https:\/\/dizagn.fr\/en\/wp-json\/wp\/v2\/media\/1852"}],"wp:attachment":[{"href":"https:\/\/dizagn.fr\/en\/wp-json\/wp\/v2\/media?parent=1851"}],"wp:term":[{"taxonomy":"product_brand","embeddable":true,"href":"https:\/\/dizagn.fr\/en\/wp-json\/wp\/v2\/product_brand?post=1851"},{"taxonomy":"product_cat","embeddable":true,"href":"https:\/\/dizagn.fr\/en\/wp-json\/wp\/v2\/product_cat?post=1851"},{"taxonomy":"product_tag","embeddable":true,"href":"https:\/\/dizagn.fr\/en\/wp-json\/wp\/v2\/product_tag?post=1851"}],"curies":[{"name":"wp","href":"https:\/\/api.w.org\/{rel}","templated":true}]}}