{"id":1832,"date":"2025-12-04T15:58:51","date_gmt":"2025-12-04T14:58:51","guid":{"rendered":"https:\/\/dizagn.fr\/?post_type=product&#038;p=1832"},"modified":"2026-01-28T13:58:03","modified_gmt":"2026-01-28T12:58:03","slug":"tobia-scarpa-ne-en-1935-set-3-lampes-abatina","status":"publish","type":"product","link":"https:\/\/dizagn.fr\/en\/product\/tobia-scarpa-ne-en-1935-set-3-lampes-abatina\/","title":{"rendered":"Tobia Scarpa, set of 3 Abatina lamps, circa 1980"},"content":{"rendered":"<p>Biography: <\/p>\n<p>He was born in Venice in 1935, where he obtained his degree in architecture. Together with his wife Afra Bianchin (1937-2011), he founded one of the most successful and well-known agencies, and they collaborated on numerous innovative industrial design projects. In 1958, he experimented with glass with Venini in Murano. His collaboration with Gavina began in 1960; the \u201cBastiano\u201d sofa and the \u201cVanessa\u201d metal bed are his most accomplished pieces.<br \/>\n\u00a0<br \/>\nFor Cassina, he designed exclusive furniture for the home, such as the \u201c925\u201d armchair, which became part of the collection at the Museum of Modern Art in New York. In 1970, he won the Compasso d'Oro award for the \u201cSoriana\u201d armchair, thus broadening the scope of interest in his work. He collaborated with various companies in the sector. For years, he was responsible for the image of Benetton stores in Europe and the United States. In the field of architecture, he designed Benetton's entire production and management complex, as well as the company's headquarters in Treviso. He has designed numerous private residences and overseen the restoration of historic monuments such as the Mercato Vecchio museums in Verona and the Gallerie dell'Accademia in Venice. He is responsible for setting up permanent and temporary exhibitions. He has received various awards, including the Compasso d'Oro for his career in 2008.\u00a0<\/p>\n<p>Numerous publications are devoted to his work and various projects are exhibited in major museums around the world, not to mention those selected for major international exhibitions. Construction work on the Ca' Scarpa museum in Treviso was recently completed. He is embarking on a new collaboration with Cassina in 2020.<\/p>","protected":false},"excerpt":{"rendered":"<p>Tobia Scarpa (n\u00e9 en 1935)<\/p>\n<p>Abatina lamp, Flos edition, Italy, circa 1980<\/p>\n<p>Gray lacquered metal, fabric shade<\/p>\n<p>H. 63 x W. 47 x D. 45 cm <\/p>","protected":false},"featured_media":1834,"template":"","meta":{"_et_pb_use_builder":"","_et_pb_old_content":"","_et_gb_content_width":""},"product_brand":[],"product_cat":[19],"product_tag":[],"class_list":{"0":"post-1832","1":"product","2":"type-product","3":"status-publish","4":"has-post-thumbnail","6":"product_cat-archives","8":"first","9":"instock","10":"shipping-taxable","11":"purchasable","12":"product-type-simple"},"yoast_head":"<!-- This site is optimized with the Yoast SEO plugin v27.1.1 - https:\/\/yoast.com\/product\/yoast-seo-wordpress\/ -->\n<title>Tobia Scarpa, set 3 lampes Abatina, circa 1980 - DIZAGN<\/title>\n<meta name=\"robots\" content=\"index, follow, max-snippet:-1, max-image-preview:large, max-video-preview:-1\" \/>\n<link rel=\"canonical\" href=\"https:\/\/dizagn.fr\/en\/product\/tobia-scarpa-ne-en-1935-set-3-lampes-abatina\/\" \/>\n<meta property=\"og:locale\" content=\"en_GB\" \/>\n<meta property=\"og:type\" content=\"article\" \/>\n<meta property=\"og:title\" content=\"Tobia Scarpa, set 3 lampes Abatina, circa 1980 - DIZAGN\" \/>\n<meta property=\"og:description\" content=\"Tobia Scarpa (n\u00e9 en 1935)  Lampe Abatina, Flos \u00e9dition, Italie, circa 1980  M\u00e9tal laqu\u00e9 gris, abat-jour tissu  63 x 47 x 45 cm\" \/>\n<meta property=\"og:url\" content=\"https:\/\/dizagn.fr\/en\/product\/tobia-scarpa-ne-en-1935-set-3-lampes-abatina\/\" \/>\n<meta property=\"og:site_name\" content=\"DIZAGN\" \/>\n<meta property=\"article:modified_time\" content=\"2026-01-28T12:58:03+00:00\" \/>\n<meta property=\"og:image\" content=\"https:\/\/dizagn.fr\/wp-content\/uploads\/2025\/08\/SCARPA-3-lamps-Abatina-Flos-ed-1982-2-scaled.jpg\" \/>\n\t<meta property=\"og:image:width\" content=\"2560\" \/>\n\t<meta property=\"og:image:height\" content=\"2560\" \/>\n\t<meta property=\"og:image:type\" content=\"image\/jpeg\" \/>\n<meta name=\"twitter:card\" content=\"summary_large_image\" \/>\n<meta name=\"twitter:label1\" content=\"Estimated reading time\" \/>\n\t<meta name=\"twitter:data1\" content=\"2 minutes\" \/>\n<script type=\"application\/ld+json\" class=\"yoast-schema-graph\">{\"@context\":\"https:\/\/schema.org\",\"@graph\":[{\"@type\":\"WebPage\",\"@id\":\"https:\/\/dizagn.fr\/produit\/tobia-scarpa-ne-en-1935-set-3-lampes-abatina\/\",\"url\":\"https:\/\/dizagn.fr\/produit\/tobia-scarpa-ne-en-1935-set-3-lampes-abatina\/\",\"name\":\"Tobia Scarpa, set 3 lampes Abatina, circa 1980 - DIZAGN\",\"isPartOf\":{\"@id\":\"https:\/\/dizagn.fr\/#website\"},\"primaryImageOfPage\":{\"@id\":\"https:\/\/dizagn.fr\/produit\/tobia-scarpa-ne-en-1935-set-3-lampes-abatina\/#primaryimage\"},\"image\":{\"@id\":\"https:\/\/dizagn.fr\/produit\/tobia-scarpa-ne-en-1935-set-3-lampes-abatina\/#primaryimage\"},\"thumbnailUrl\":\"https:\/\/dizagn.fr\/wp-content\/uploads\/2025\/08\/SCARPA-3-lamps-Abatina-Flos-ed-1982-2-scaled.jpg\",\"datePublished\":\"2025-12-04T14:58:51+00:00\",\"dateModified\":\"2026-01-28T12:58:03+00:00\",\"breadcrumb\":{\"@id\":\"https:\/\/dizagn.fr\/produit\/tobia-scarpa-ne-en-1935-set-3-lampes-abatina\/#breadcrumb\"},\"inLanguage\":\"en-GB\",\"potentialAction\":[{\"@type\":\"ReadAction\",\"target\":[\"https:\/\/dizagn.fr\/produit\/tobia-scarpa-ne-en-1935-set-3-lampes-abatina\/\"]}]},{\"@type\":\"ImageObject\",\"inLanguage\":\"en-GB\",\"@id\":\"https:\/\/dizagn.fr\/produit\/tobia-scarpa-ne-en-1935-set-3-lampes-abatina\/#primaryimage\",\"url\":\"https:\/\/dizagn.fr\/wp-content\/uploads\/2025\/08\/SCARPA-3-lamps-Abatina-Flos-ed-1982-2-scaled.jpg\",\"contentUrl\":\"https:\/\/dizagn.fr\/wp-content\/uploads\/2025\/08\/SCARPA-3-lamps-Abatina-Flos-ed-1982-2-scaled.jpg\",\"width\":2560,\"height\":2560},{\"@type\":\"BreadcrumbList\",\"@id\":\"https:\/\/dizagn.fr\/produit\/tobia-scarpa-ne-en-1935-set-3-lampes-abatina\/#breadcrumb\",\"itemListElement\":[{\"@type\":\"ListItem\",\"position\":1,\"name\":\"Accueil\",\"item\":\"https:\/\/dizagn.fr\/\"},{\"@type\":\"ListItem\",\"position\":2,\"name\":\"S\u00e9lection\",\"item\":\"https:\/\/dizagn.fr\/\"},{\"@type\":\"ListItem\",\"position\":3,\"name\":\"Tobia Scarpa, set 3 lampes Abatina, circa 1980\"}]},{\"@type\":\"WebSite\",\"@id\":\"https:\/\/dizagn.fr\/#website\",\"url\":\"https:\/\/dizagn.fr\/\",\"name\":\"DIZAGN\",\"description\":\"\",\"potentialAction\":[{\"@type\":\"SearchAction\",\"target\":{\"@type\":\"EntryPoint\",\"urlTemplate\":\"https:\/\/dizagn.fr\/?s={search_term_string}\"},\"query-input\":{\"@type\":\"PropertyValueSpecification\",\"valueRequired\":true,\"valueName\":\"search_term_string\"}}],\"inLanguage\":\"en-GB\"}]}<\/script>\n<!-- \/ Yoast SEO plugin. -->","yoast_head_json":{"title":"Tobia Scarpa, set 3 lampes Abatina, circa 1980 - DIZAGN","robots":{"index":"index","follow":"follow","max-snippet":"max-snippet:-1","max-image-preview":"max-image-preview:large","max-video-preview":"max-video-preview:-1"},"canonical":"https:\/\/dizagn.fr\/en\/product\/tobia-scarpa-ne-en-1935-set-3-lampes-abatina\/","og_locale":"en_GB","og_type":"article","og_title":"Tobia Scarpa, set 3 lampes Abatina, circa 1980 - DIZAGN","og_description":"Tobia Scarpa (n\u00e9 en 1935)  Lampe Abatina, Flos \u00e9dition, Italie, circa 1980  M\u00e9tal laqu\u00e9 gris, abat-jour tissu  63 x 47 x 45 cm","og_url":"https:\/\/dizagn.fr\/en\/product\/tobia-scarpa-ne-en-1935-set-3-lampes-abatina\/","og_site_name":"DIZAGN","article_modified_time":"2026-01-28T12:58:03+00:00","og_image":[{"width":2560,"height":2560,"url":"https:\/\/dizagn.fr\/wp-content\/uploads\/2025\/08\/SCARPA-3-lamps-Abatina-Flos-ed-1982-2-scaled.jpg","type":"image\/jpeg"}],"twitter_card":"summary_large_image","twitter_misc":{"Estimated reading time":"2 minutes"},"schema":{"@context":"https:\/\/schema.org","@graph":[{"@type":"WebPage","@id":"https:\/\/dizagn.fr\/produit\/tobia-scarpa-ne-en-1935-set-3-lampes-abatina\/","url":"https:\/\/dizagn.fr\/produit\/tobia-scarpa-ne-en-1935-set-3-lampes-abatina\/","name":"Tobia Scarpa, set 3 lampes Abatina, circa 1980 - DIZAGN","isPartOf":{"@id":"https:\/\/dizagn.fr\/#website"},"primaryImageOfPage":{"@id":"https:\/\/dizagn.fr\/produit\/tobia-scarpa-ne-en-1935-set-3-lampes-abatina\/#primaryimage"},"image":{"@id":"https:\/\/dizagn.fr\/produit\/tobia-scarpa-ne-en-1935-set-3-lampes-abatina\/#primaryimage"},"thumbnailUrl":"https:\/\/dizagn.fr\/wp-content\/uploads\/2025\/08\/SCARPA-3-lamps-Abatina-Flos-ed-1982-2-scaled.jpg","datePublished":"2025-12-04T14:58:51+00:00","dateModified":"2026-01-28T12:58:03+00:00","breadcrumb":{"@id":"https:\/\/dizagn.fr\/produit\/tobia-scarpa-ne-en-1935-set-3-lampes-abatina\/#breadcrumb"},"inLanguage":"en-GB","potentialAction":[{"@type":"ReadAction","target":["https:\/\/dizagn.fr\/produit\/tobia-scarpa-ne-en-1935-set-3-lampes-abatina\/"]}]},{"@type":"ImageObject","inLanguage":"en-GB","@id":"https:\/\/dizagn.fr\/produit\/tobia-scarpa-ne-en-1935-set-3-lampes-abatina\/#primaryimage","url":"https:\/\/dizagn.fr\/wp-content\/uploads\/2025\/08\/SCARPA-3-lamps-Abatina-Flos-ed-1982-2-scaled.jpg","contentUrl":"https:\/\/dizagn.fr\/wp-content\/uploads\/2025\/08\/SCARPA-3-lamps-Abatina-Flos-ed-1982-2-scaled.jpg","width":2560,"height":2560},{"@type":"BreadcrumbList","@id":"https:\/\/dizagn.fr\/produit\/tobia-scarpa-ne-en-1935-set-3-lampes-abatina\/#breadcrumb","itemListElement":[{"@type":"ListItem","position":1,"name":"Accueil","item":"https:\/\/dizagn.fr\/"},{"@type":"ListItem","position":2,"name":"S\u00e9lection","item":"https:\/\/dizagn.fr\/"},{"@type":"ListItem","position":3,"name":"Tobia Scarpa, set 3 lampes Abatina, circa 1980"}]},{"@type":"WebSite","@id":"https:\/\/dizagn.fr\/#website","url":"https:\/\/dizagn.fr\/","name":"DIZAGN","description":"","potentialAction":[{"@type":"SearchAction","target":{"@type":"EntryPoint","urlTemplate":"https:\/\/dizagn.fr\/?s={search_term_string}"},"query-input":{"@type":"PropertyValueSpecification","valueRequired":true,"valueName":"search_term_string"}}],"inLanguage":"en-GB"}]}},"_links":{"self":[{"href":"https:\/\/dizagn.fr\/en\/wp-json\/wp\/v2\/product\/1832","targetHints":{"allow":["GET"]}}],"collection":[{"href":"https:\/\/dizagn.fr\/en\/wp-json\/wp\/v2\/product"}],"about":[{"href":"https:\/\/dizagn.fr\/en\/wp-json\/wp\/v2\/types\/product"}],"wp:featuredmedia":[{"embeddable":true,"href":"https:\/\/dizagn.fr\/en\/wp-json\/wp\/v2\/media\/1834"}],"wp:attachment":[{"href":"https:\/\/dizagn.fr\/en\/wp-json\/wp\/v2\/media?parent=1832"}],"wp:term":[{"taxonomy":"product_brand","embeddable":true,"href":"https:\/\/dizagn.fr\/en\/wp-json\/wp\/v2\/product_brand?post=1832"},{"taxonomy":"product_cat","embeddable":true,"href":"https:\/\/dizagn.fr\/en\/wp-json\/wp\/v2\/product_cat?post=1832"},{"taxonomy":"product_tag","embeddable":true,"href":"https:\/\/dizagn.fr\/en\/wp-json\/wp\/v2\/product_tag?post=1832"}],"curies":[{"name":"wp","href":"https:\/\/api.w.org\/{rel}","templated":true}]}}