{"id":1743,"date":"2025-02-26T10:28:53","date_gmt":"2025-02-26T09:28:53","guid":{"rendered":"https:\/\/dizagn.fr\/?post_type=product&#038;p=1743"},"modified":"2025-10-15T11:53:42","modified_gmt":"2025-10-15T09:53:42","slug":"travail-decorateur-paire-fauteuils-leopard-c-1930","status":"publish","type":"product","link":"https:\/\/dizagn.fr\/en\/product\/travail-decorateur-paire-fauteuils-leopard-c-1930\/","title":{"rendered":"DECORATOR'S WORK, PAIR OF LEOPARD ARMCHAIRS, C.1930"},"content":{"rendered":"<p>Condition report: minor rubbing and wear to trim<\/p>","protected":false},"excerpt":{"rendered":"<p>Decorator's work<br \/>\nPair of Leopard armchairs<br \/>\nHandcrafted, unique piece, circa 1930<br \/>\nLegs and frame in wood, springs, horsehair and Leopard fabric<br \/>\nHeight 76 x Width 78 x Depth 81 cm <\/p>","protected":false},"featured_media":1744,"template":"","meta":{"_et_pb_use_builder":"","_et_pb_old_content":"","_et_gb_content_width":""},"product_brand":[],"product_cat":[19],"product_tag":[],"class_list":{"0":"post-1743","1":"product","2":"type-product","3":"status-publish","4":"has-post-thumbnail","6":"product_cat-archives","8":"first","9":"instock","10":"shipping-taxable","11":"purchasable","12":"product-type-simple"},"yoast_head":"<!-- This site is optimized with the Yoast SEO plugin v27.1.1 - https:\/\/yoast.com\/product\/yoast-seo-wordpress\/ -->\n<title>TRAVAIL D\u00c9CORATEUR, PAIRE FAUTEUILS LEOPARD, C.1930 - DIZAGN<\/title>\n<meta name=\"robots\" content=\"index, follow, max-snippet:-1, max-image-preview:large, max-video-preview:-1\" \/>\n<link rel=\"canonical\" href=\"https:\/\/dizagn.fr\/en\/product\/travail-decorateur-paire-fauteuils-leopard-c-1930\/\" \/>\n<meta property=\"og:locale\" content=\"en_GB\" \/>\n<meta property=\"og:type\" content=\"article\" \/>\n<meta property=\"og:title\" content=\"TRAVAIL D\u00c9CORATEUR, PAIRE FAUTEUILS LEOPARD, C.1930 - DIZAGN\" \/>\n<meta property=\"og:description\" content=\"Travail de d\u00e9corateur Paire de fauteuils L\u00e9opard  Fabrication artisanal, circa 1930 Pi\u00e8tement et structure en bois, ressorts, crin et tissu L\u00e9opard Haut. 76 x Larg. 78 x Prof. 81 cm\" \/>\n<meta property=\"og:url\" content=\"https:\/\/dizagn.fr\/en\/product\/travail-decorateur-paire-fauteuils-leopard-c-1930\/\" \/>\n<meta property=\"og:site_name\" content=\"DIZAGN\" \/>\n<meta property=\"article:modified_time\" content=\"2025-10-15T09:53:42+00:00\" \/>\n<meta property=\"og:image\" content=\"https:\/\/dizagn.fr\/wp-content\/uploads\/2025\/02\/FRENCH-WORK-armchairs-LEOPARD-1-scaled.jpg\" \/>\n\t<meta property=\"og:image:width\" content=\"2560\" \/>\n\t<meta property=\"og:image:height\" content=\"2560\" \/>\n\t<meta property=\"og:image:type\" content=\"image\/jpeg\" \/>\n<meta name=\"twitter:card\" content=\"summary_large_image\" \/>\n<meta name=\"twitter:label1\" content=\"Estimated reading time\" \/>\n\t<meta name=\"twitter:data1\" content=\"1 minute\" \/>\n<script type=\"application\/ld+json\" class=\"yoast-schema-graph\">{\"@context\":\"https:\/\/schema.org\",\"@graph\":[{\"@type\":\"WebPage\",\"@id\":\"https:\/\/dizagn.fr\/produit\/travail-decorateur-paire-fauteuils-leopard-c-1930\/\",\"url\":\"https:\/\/dizagn.fr\/produit\/travail-decorateur-paire-fauteuils-leopard-c-1930\/\",\"name\":\"TRAVAIL D\u00c9CORATEUR, PAIRE FAUTEUILS LEOPARD, C.1930 - DIZAGN\",\"isPartOf\":{\"@id\":\"https:\/\/dizagn.fr\/#website\"},\"primaryImageOfPage\":{\"@id\":\"https:\/\/dizagn.fr\/produit\/travail-decorateur-paire-fauteuils-leopard-c-1930\/#primaryimage\"},\"image\":{\"@id\":\"https:\/\/dizagn.fr\/produit\/travail-decorateur-paire-fauteuils-leopard-c-1930\/#primaryimage\"},\"thumbnailUrl\":\"https:\/\/dizagn.fr\/wp-content\/uploads\/2025\/02\/FRENCH-WORK-armchairs-LEOPARD-1-scaled.jpg\",\"datePublished\":\"2025-02-26T09:28:53+00:00\",\"dateModified\":\"2025-10-15T09:53:42+00:00\",\"breadcrumb\":{\"@id\":\"https:\/\/dizagn.fr\/produit\/travail-decorateur-paire-fauteuils-leopard-c-1930\/#breadcrumb\"},\"inLanguage\":\"en-GB\",\"potentialAction\":[{\"@type\":\"ReadAction\",\"target\":[\"https:\/\/dizagn.fr\/produit\/travail-decorateur-paire-fauteuils-leopard-c-1930\/\"]}]},{\"@type\":\"ImageObject\",\"inLanguage\":\"en-GB\",\"@id\":\"https:\/\/dizagn.fr\/produit\/travail-decorateur-paire-fauteuils-leopard-c-1930\/#primaryimage\",\"url\":\"https:\/\/dizagn.fr\/wp-content\/uploads\/2025\/02\/FRENCH-WORK-armchairs-LEOPARD-1-scaled.jpg\",\"contentUrl\":\"https:\/\/dizagn.fr\/wp-content\/uploads\/2025\/02\/FRENCH-WORK-armchairs-LEOPARD-1-scaled.jpg\",\"width\":2560,\"height\":2560},{\"@type\":\"BreadcrumbList\",\"@id\":\"https:\/\/dizagn.fr\/produit\/travail-decorateur-paire-fauteuils-leopard-c-1930\/#breadcrumb\",\"itemListElement\":[{\"@type\":\"ListItem\",\"position\":1,\"name\":\"Accueil\",\"item\":\"https:\/\/dizagn.fr\/\"},{\"@type\":\"ListItem\",\"position\":2,\"name\":\"S\u00e9lection\",\"item\":\"https:\/\/dizagn.fr\/\"},{\"@type\":\"ListItem\",\"position\":3,\"name\":\"TRAVAIL D\u00c9CORATEUR, PAIRE FAUTEUILS LEOPARD, C.1930\"}]},{\"@type\":\"WebSite\",\"@id\":\"https:\/\/dizagn.fr\/#website\",\"url\":\"https:\/\/dizagn.fr\/\",\"name\":\"DIZAGN\",\"description\":\"\",\"potentialAction\":[{\"@type\":\"SearchAction\",\"target\":{\"@type\":\"EntryPoint\",\"urlTemplate\":\"https:\/\/dizagn.fr\/?s={search_term_string}\"},\"query-input\":{\"@type\":\"PropertyValueSpecification\",\"valueRequired\":true,\"valueName\":\"search_term_string\"}}],\"inLanguage\":\"en-GB\"}]}<\/script>\n<!-- \/ Yoast SEO plugin. -->","yoast_head_json":{"title":"TRAVAIL D\u00c9CORATEUR, PAIRE FAUTEUILS LEOPARD, C.1930 - DIZAGN","robots":{"index":"index","follow":"follow","max-snippet":"max-snippet:-1","max-image-preview":"max-image-preview:large","max-video-preview":"max-video-preview:-1"},"canonical":"https:\/\/dizagn.fr\/en\/product\/travail-decorateur-paire-fauteuils-leopard-c-1930\/","og_locale":"en_GB","og_type":"article","og_title":"TRAVAIL D\u00c9CORATEUR, PAIRE FAUTEUILS LEOPARD, C.1930 - DIZAGN","og_description":"Travail de d\u00e9corateur Paire de fauteuils L\u00e9opard  Fabrication artisanal, circa 1930 Pi\u00e8tement et structure en bois, ressorts, crin et tissu L\u00e9opard Haut. 76 x Larg. 78 x Prof. 81 cm","og_url":"https:\/\/dizagn.fr\/en\/product\/travail-decorateur-paire-fauteuils-leopard-c-1930\/","og_site_name":"DIZAGN","article_modified_time":"2025-10-15T09:53:42+00:00","og_image":[{"width":2560,"height":2560,"url":"https:\/\/dizagn.fr\/wp-content\/uploads\/2025\/02\/FRENCH-WORK-armchairs-LEOPARD-1-scaled.jpg","type":"image\/jpeg"}],"twitter_card":"summary_large_image","twitter_misc":{"Estimated reading time":"1 minute"},"schema":{"@context":"https:\/\/schema.org","@graph":[{"@type":"WebPage","@id":"https:\/\/dizagn.fr\/produit\/travail-decorateur-paire-fauteuils-leopard-c-1930\/","url":"https:\/\/dizagn.fr\/produit\/travail-decorateur-paire-fauteuils-leopard-c-1930\/","name":"TRAVAIL D\u00c9CORATEUR, PAIRE FAUTEUILS LEOPARD, C.1930 - DIZAGN","isPartOf":{"@id":"https:\/\/dizagn.fr\/#website"},"primaryImageOfPage":{"@id":"https:\/\/dizagn.fr\/produit\/travail-decorateur-paire-fauteuils-leopard-c-1930\/#primaryimage"},"image":{"@id":"https:\/\/dizagn.fr\/produit\/travail-decorateur-paire-fauteuils-leopard-c-1930\/#primaryimage"},"thumbnailUrl":"https:\/\/dizagn.fr\/wp-content\/uploads\/2025\/02\/FRENCH-WORK-armchairs-LEOPARD-1-scaled.jpg","datePublished":"2025-02-26T09:28:53+00:00","dateModified":"2025-10-15T09:53:42+00:00","breadcrumb":{"@id":"https:\/\/dizagn.fr\/produit\/travail-decorateur-paire-fauteuils-leopard-c-1930\/#breadcrumb"},"inLanguage":"en-GB","potentialAction":[{"@type":"ReadAction","target":["https:\/\/dizagn.fr\/produit\/travail-decorateur-paire-fauteuils-leopard-c-1930\/"]}]},{"@type":"ImageObject","inLanguage":"en-GB","@id":"https:\/\/dizagn.fr\/produit\/travail-decorateur-paire-fauteuils-leopard-c-1930\/#primaryimage","url":"https:\/\/dizagn.fr\/wp-content\/uploads\/2025\/02\/FRENCH-WORK-armchairs-LEOPARD-1-scaled.jpg","contentUrl":"https:\/\/dizagn.fr\/wp-content\/uploads\/2025\/02\/FRENCH-WORK-armchairs-LEOPARD-1-scaled.jpg","width":2560,"height":2560},{"@type":"BreadcrumbList","@id":"https:\/\/dizagn.fr\/produit\/travail-decorateur-paire-fauteuils-leopard-c-1930\/#breadcrumb","itemListElement":[{"@type":"ListItem","position":1,"name":"Accueil","item":"https:\/\/dizagn.fr\/"},{"@type":"ListItem","position":2,"name":"S\u00e9lection","item":"https:\/\/dizagn.fr\/"},{"@type":"ListItem","position":3,"name":"TRAVAIL D\u00c9CORATEUR, PAIRE FAUTEUILS LEOPARD, C.1930"}]},{"@type":"WebSite","@id":"https:\/\/dizagn.fr\/#website","url":"https:\/\/dizagn.fr\/","name":"DIZAGN","description":"","potentialAction":[{"@type":"SearchAction","target":{"@type":"EntryPoint","urlTemplate":"https:\/\/dizagn.fr\/?s={search_term_string}"},"query-input":{"@type":"PropertyValueSpecification","valueRequired":true,"valueName":"search_term_string"}}],"inLanguage":"en-GB"}]}},"_links":{"self":[{"href":"https:\/\/dizagn.fr\/en\/wp-json\/wp\/v2\/product\/1743","targetHints":{"allow":["GET"]}}],"collection":[{"href":"https:\/\/dizagn.fr\/en\/wp-json\/wp\/v2\/product"}],"about":[{"href":"https:\/\/dizagn.fr\/en\/wp-json\/wp\/v2\/types\/product"}],"wp:featuredmedia":[{"embeddable":true,"href":"https:\/\/dizagn.fr\/en\/wp-json\/wp\/v2\/media\/1744"}],"wp:attachment":[{"href":"https:\/\/dizagn.fr\/en\/wp-json\/wp\/v2\/media?parent=1743"}],"wp:term":[{"taxonomy":"product_brand","embeddable":true,"href":"https:\/\/dizagn.fr\/en\/wp-json\/wp\/v2\/product_brand?post=1743"},{"taxonomy":"product_cat","embeddable":true,"href":"https:\/\/dizagn.fr\/en\/wp-json\/wp\/v2\/product_cat?post=1743"},{"taxonomy":"product_tag","embeddable":true,"href":"https:\/\/dizagn.fr\/en\/wp-json\/wp\/v2\/product_tag?post=1743"}],"curies":[{"name":"wp","href":"https:\/\/api.w.org\/{rel}","templated":true}]}}