{"id":1738,"date":"2025-12-08T11:00:04","date_gmt":"2025-12-08T10:00:04","guid":{"rendered":"https:\/\/dizagn.fr\/?post_type=product&#038;p=1738"},"modified":"2026-03-06T10:01:07","modified_gmt":"2026-03-06T09:01:07","slug":"olivier-mourgue-fauteuils-montreal-airborne-ed-1967","status":"publish","type":"product","link":"https:\/\/dizagn.fr\/en\/product\/olivier-mourgue-fauteuils-montreal-airborne-ed-1967\/","title":{"rendered":"OLIVIER MOURGUE, Montreal armchairs, Airborne ed., 1967"},"content":{"rendered":"<p>References:<\/p>\n<p>ARC-Mobilier National public collection, inventory number GMT-22591-014<\/p>\n<p>Commissioned by the Mobilier National for the French pavilion at the 1967 Universal Exhibition.<\/p>\n<p>Olivier Mourgue's collaboration with Mobilier National dates back to the 1967 Montreal World's Fair, for which he created a set of seats and tables to furnish the Salon d'Honneur in the French Pavilion. The contract (May 9, 1967) stipulates that the designer must provide a project including full-scale plans, a report on materials and upholstery, and a study of the salon's overall d\u00e9cor. The prototypes studied and executed by ARC to Mourgue's designs resulted in a first edition, entrusted to the Airborne company, of thirty armchairs, ten poufs and six coffee tables bearing the \u201cMobilier national\u201d label. The internal structure of the seats, in molded polyester, forms a shell that is covered with foam and covered with a fully removable red jersey cover.<\/p>\n<p>Literature:<\/p>\n<p>-Meubles et d\u00e9cors, n\u00b0840, august-sept 1968<\/p>\n<p>-Commercial catalog Airborne, 1970<\/p>\n<p>-Japan Interior design, special edition, 1971<\/p>\n<p>-\u00ab Mobilier national 1964-2004, 40 ans de cr\u00e9ation \u00bb catalog<\/p>\n<p>Biography:<\/p>\n<p>Winner of the First International Design Award and Grand Prix national de la cr\u00e9ation industrielle, Olivier Mourgue is a graduate of the \u00c9cole Boulle. He enrolled at the \u00c9cole Nationale Sup\u00e9rieure des Arts D\u00e9coratifs in Paris and, while still a student, designed the Joker seating range in 1959 for the publisher Airborne, with whom he collaborated for almost 20 years.<\/p>\n<p>In 1964, in the same vein, he designed the Whist range in steel blade and black leather, of which we offer here a rare chaise longue in silvered leather, complete with chaise longue and ottoman.<br \/>\nThe following year, he innovated with the Djinn range, which proved a great success with the public. The models were selected by Standley Kubrick to equip the space station in his film 2001: \u201cA Space Odyssey\u201d, and now feature in the permanent collection of New York's MoMA.<\/p>\n<p>Collaboration with the firm gives it unprecedented industrial support. He is the symbol of the Airborne brand. After developing the \"Joker\", \"Whist\", \"Djinn\" and \"Montr\u00e9al\" series, he set out in search of a creation that would apply his research into nomadism and living close to the ground. With this in mind, in 1968 he designed the anthropomorphic \"Bouloum\" chaise longue in two versions: outside in fiberglass and inside covered in fabric.<\/p>\n<p>A close friend of Jean Coural, administrator of the Mobilier National, he was commissioned by the institution's Atelier de recherche et cr\u00e9ation that same year to design the cafeteria at the Maison de la Culture in Rennes, in collaboration with Pierre Paulin. He designed a \"cafeteria unit\" and the famous Caddie chair, which was produced in small series by Erbos solely for the project, without being edited.<\/p>\n<p>Card payments accepted via Stripe \ud83d\udcb3<\/p>","protected":false},"excerpt":{"rendered":"<p>Olivier Mourgue (1939-)<\/p>\n<p>Pair of Montreal armchairs<\/p>\n<p>Mobilier National-Atelier de recherche et cr\u00e9ation, Airborne edition, France, 1967<\/p>\n<p>Fiberglass structure, foam and fabric (free choice)<br \/>\nchrome-plated metal feet<\/p>\n<p>H. 65 (seat 38) x D. 63 x W. 87 cm<\/p>","protected":false},"featured_media":1937,"template":"","meta":{"_et_pb_use_builder":"","_et_pb_old_content":"","_et_gb_content_width":""},"product_brand":[],"product_cat":[18],"product_tag":[],"class_list":{"0":"post-1738","1":"product","2":"type-product","3":"status-publish","4":"has-post-thumbnail","6":"product_cat-selection","8":"first","9":"instock","10":"shipping-taxable","11":"purchasable","12":"product-type-simple"},"yoast_head":"<!-- This site is optimized with the Yoast SEO plugin v27.4 - https:\/\/yoast.com\/product\/yoast-seo-wordpress\/ -->\n<title>OLIVIER MOURGUE, fauteuils Montr\u00e9al, Airborne ed., 1967 - DIZAGN<\/title>\n<meta name=\"robots\" content=\"index, follow, max-snippet:-1, max-image-preview:large, max-video-preview:-1\" \/>\n<link rel=\"canonical\" href=\"https:\/\/dizagn.fr\/en\/product\/olivier-mourgue-fauteuils-montreal-airborne-ed-1967\/\" \/>\n<meta property=\"og:locale\" content=\"en_GB\" \/>\n<meta property=\"og:type\" content=\"article\" \/>\n<meta property=\"og:title\" content=\"OLIVIER MOURGUE, fauteuils Montr\u00e9al, Airborne ed., 1967 - DIZAGN\" \/>\n<meta property=\"og:description\" content=\"Olivier Mourgue (1939-)  Paire de fauteuils Montr\u00e9al  Mobilier National-Atelier de recherche et cr\u00e9ation, Airborne \u00e9diteur, France, 1967  Structure en fibre de verre, mousse et velours de Mohair de la Maison Misia (tissu au choix), patins en m\u00e9tal chrom\u00e9  Haut. 65 (38 cm) x Prof. 63 x Larg. 87 cm\" \/>\n<meta property=\"og:url\" content=\"https:\/\/dizagn.fr\/en\/product\/olivier-mourgue-fauteuils-montreal-airborne-ed-1967\/\" \/>\n<meta property=\"og:site_name\" content=\"DIZAGN\" \/>\n<meta property=\"article:modified_time\" content=\"2026-03-06T09:01:07+00:00\" \/>\n<meta property=\"og:image\" content=\"https:\/\/dizagn.fr\/wp-content\/uploads\/2025\/09\/MOURGUE-olivier-MONTREAL-armchair-2-1-scaled.jpg\" \/>\n\t<meta property=\"og:image:width\" content=\"2560\" \/>\n\t<meta property=\"og:image:height\" content=\"2560\" \/>\n\t<meta property=\"og:image:type\" content=\"image\/jpeg\" \/>\n<meta name=\"twitter:card\" content=\"summary_large_image\" \/>\n<meta name=\"twitter:label1\" content=\"Estimated reading time\" \/>\n\t<meta name=\"twitter:data1\" content=\"3 minutes\" \/>\n<script type=\"application\/ld+json\" class=\"yoast-schema-graph\">{\"@context\":\"https:\\\/\\\/schema.org\",\"@graph\":[{\"@type\":\"WebPage\",\"@id\":\"https:\\\/\\\/dizagn.fr\\\/produit\\\/olivier-mourgue-fauteuils-montreal-airborne-ed-1967\\\/\",\"url\":\"https:\\\/\\\/dizagn.fr\\\/produit\\\/olivier-mourgue-fauteuils-montreal-airborne-ed-1967\\\/\",\"name\":\"OLIVIER MOURGUE, fauteuils Montr\u00e9al, Airborne ed., 1967 - DIZAGN\",\"isPartOf\":{\"@id\":\"https:\\\/\\\/dizagn.fr\\\/#website\"},\"primaryImageOfPage\":{\"@id\":\"https:\\\/\\\/dizagn.fr\\\/produit\\\/olivier-mourgue-fauteuils-montreal-airborne-ed-1967\\\/#primaryimage\"},\"image\":{\"@id\":\"https:\\\/\\\/dizagn.fr\\\/produit\\\/olivier-mourgue-fauteuils-montreal-airborne-ed-1967\\\/#primaryimage\"},\"thumbnailUrl\":\"https:\\\/\\\/dizagn.fr\\\/wp-content\\\/uploads\\\/2025\\\/09\\\/MOURGUE-olivier-MONTREAL-armchair-2-1-scaled.jpg\",\"datePublished\":\"2025-12-08T10:00:04+00:00\",\"dateModified\":\"2026-03-06T09:01:07+00:00\",\"breadcrumb\":{\"@id\":\"https:\\\/\\\/dizagn.fr\\\/produit\\\/olivier-mourgue-fauteuils-montreal-airborne-ed-1967\\\/#breadcrumb\"},\"inLanguage\":\"en-GB\",\"potentialAction\":[{\"@type\":\"ReadAction\",\"target\":[\"https:\\\/\\\/dizagn.fr\\\/produit\\\/olivier-mourgue-fauteuils-montreal-airborne-ed-1967\\\/\"]}]},{\"@type\":\"ImageObject\",\"inLanguage\":\"en-GB\",\"@id\":\"https:\\\/\\\/dizagn.fr\\\/produit\\\/olivier-mourgue-fauteuils-montreal-airborne-ed-1967\\\/#primaryimage\",\"url\":\"https:\\\/\\\/dizagn.fr\\\/wp-content\\\/uploads\\\/2025\\\/09\\\/MOURGUE-olivier-MONTREAL-armchair-2-1-scaled.jpg\",\"contentUrl\":\"https:\\\/\\\/dizagn.fr\\\/wp-content\\\/uploads\\\/2025\\\/09\\\/MOURGUE-olivier-MONTREAL-armchair-2-1-scaled.jpg\",\"width\":2560,\"height\":2560},{\"@type\":\"BreadcrumbList\",\"@id\":\"https:\\\/\\\/dizagn.fr\\\/produit\\\/olivier-mourgue-fauteuils-montreal-airborne-ed-1967\\\/#breadcrumb\",\"itemListElement\":[{\"@type\":\"ListItem\",\"position\":1,\"name\":\"Accueil\",\"item\":\"https:\\\/\\\/dizagn.fr\\\/\"},{\"@type\":\"ListItem\",\"position\":2,\"name\":\"S\u00e9lection\",\"item\":\"https:\\\/\\\/dizagn.fr\\\/\"},{\"@type\":\"ListItem\",\"position\":3,\"name\":\"OLIVIER MOURGUE, fauteuils Montr\u00e9al, Airborne ed., 1967\"}]},{\"@type\":\"WebSite\",\"@id\":\"https:\\\/\\\/dizagn.fr\\\/#website\",\"url\":\"https:\\\/\\\/dizagn.fr\\\/\",\"name\":\"DIZAGN\",\"description\":\"\",\"publisher\":{\"@id\":\"https:\\\/\\\/dizagn.fr\\\/#organization\"},\"potentialAction\":[{\"@type\":\"SearchAction\",\"target\":{\"@type\":\"EntryPoint\",\"urlTemplate\":\"https:\\\/\\\/dizagn.fr\\\/?s={search_term_string}\"},\"query-input\":{\"@type\":\"PropertyValueSpecification\",\"valueRequired\":true,\"valueName\":\"search_term_string\"}}],\"inLanguage\":\"en-GB\"},{\"@type\":\"Organization\",\"@id\":\"https:\\\/\\\/dizagn.fr\\\/#organization\",\"name\":\"DIZAGN\",\"url\":\"https:\\\/\\\/dizagn.fr\\\/\",\"logo\":{\"@type\":\"ImageObject\",\"inLanguage\":\"en-GB\",\"@id\":\"https:\\\/\\\/dizagn.fr\\\/#\\\/schema\\\/logo\\\/image\\\/\",\"url\":\"https:\\\/\\\/dizagn.fr\\\/wp-content\\\/uploads\\\/2023\\\/03\\\/logo-Dizagn.jpg\",\"contentUrl\":\"https:\\\/\\\/dizagn.fr\\\/wp-content\\\/uploads\\\/2023\\\/03\\\/logo-Dizagn.jpg\",\"width\":304,\"height\":95,\"caption\":\"DIZAGN\"},\"image\":{\"@id\":\"https:\\\/\\\/dizagn.fr\\\/#\\\/schema\\\/logo\\\/image\\\/\"}}]}<\/script>\n<!-- \/ Yoast SEO plugin. -->","yoast_head_json":{"title":"OLIVIER MOURGUE, fauteuils Montr\u00e9al, Airborne ed., 1967 - DIZAGN","robots":{"index":"index","follow":"follow","max-snippet":"max-snippet:-1","max-image-preview":"max-image-preview:large","max-video-preview":"max-video-preview:-1"},"canonical":"https:\/\/dizagn.fr\/en\/product\/olivier-mourgue-fauteuils-montreal-airborne-ed-1967\/","og_locale":"en_GB","og_type":"article","og_title":"OLIVIER MOURGUE, fauteuils Montr\u00e9al, Airborne ed., 1967 - DIZAGN","og_description":"Olivier Mourgue (1939-)  Paire de fauteuils Montr\u00e9al  Mobilier National-Atelier de recherche et cr\u00e9ation, Airborne \u00e9diteur, France, 1967  Structure en fibre de verre, mousse et velours de Mohair de la Maison Misia (tissu au choix), patins en m\u00e9tal chrom\u00e9  Haut. 65 (38 cm) x Prof. 63 x Larg. 87 cm","og_url":"https:\/\/dizagn.fr\/en\/product\/olivier-mourgue-fauteuils-montreal-airborne-ed-1967\/","og_site_name":"DIZAGN","article_modified_time":"2026-03-06T09:01:07+00:00","og_image":[{"width":2560,"height":2560,"url":"https:\/\/dizagn.fr\/wp-content\/uploads\/2025\/09\/MOURGUE-olivier-MONTREAL-armchair-2-1-scaled.jpg","type":"image\/jpeg"}],"twitter_card":"summary_large_image","twitter_misc":{"Estimated reading time":"3 minutes"},"schema":{"@context":"https:\/\/schema.org","@graph":[{"@type":"WebPage","@id":"https:\/\/dizagn.fr\/produit\/olivier-mourgue-fauteuils-montreal-airborne-ed-1967\/","url":"https:\/\/dizagn.fr\/produit\/olivier-mourgue-fauteuils-montreal-airborne-ed-1967\/","name":"OLIVIER MOURGUE, fauteuils Montr\u00e9al, Airborne ed., 1967 - DIZAGN","isPartOf":{"@id":"https:\/\/dizagn.fr\/#website"},"primaryImageOfPage":{"@id":"https:\/\/dizagn.fr\/produit\/olivier-mourgue-fauteuils-montreal-airborne-ed-1967\/#primaryimage"},"image":{"@id":"https:\/\/dizagn.fr\/produit\/olivier-mourgue-fauteuils-montreal-airborne-ed-1967\/#primaryimage"},"thumbnailUrl":"https:\/\/dizagn.fr\/wp-content\/uploads\/2025\/09\/MOURGUE-olivier-MONTREAL-armchair-2-1-scaled.jpg","datePublished":"2025-12-08T10:00:04+00:00","dateModified":"2026-03-06T09:01:07+00:00","breadcrumb":{"@id":"https:\/\/dizagn.fr\/produit\/olivier-mourgue-fauteuils-montreal-airborne-ed-1967\/#breadcrumb"},"inLanguage":"en-GB","potentialAction":[{"@type":"ReadAction","target":["https:\/\/dizagn.fr\/produit\/olivier-mourgue-fauteuils-montreal-airborne-ed-1967\/"]}]},{"@type":"ImageObject","inLanguage":"en-GB","@id":"https:\/\/dizagn.fr\/produit\/olivier-mourgue-fauteuils-montreal-airborne-ed-1967\/#primaryimage","url":"https:\/\/dizagn.fr\/wp-content\/uploads\/2025\/09\/MOURGUE-olivier-MONTREAL-armchair-2-1-scaled.jpg","contentUrl":"https:\/\/dizagn.fr\/wp-content\/uploads\/2025\/09\/MOURGUE-olivier-MONTREAL-armchair-2-1-scaled.jpg","width":2560,"height":2560},{"@type":"BreadcrumbList","@id":"https:\/\/dizagn.fr\/produit\/olivier-mourgue-fauteuils-montreal-airborne-ed-1967\/#breadcrumb","itemListElement":[{"@type":"ListItem","position":1,"name":"Accueil","item":"https:\/\/dizagn.fr\/"},{"@type":"ListItem","position":2,"name":"S\u00e9lection","item":"https:\/\/dizagn.fr\/"},{"@type":"ListItem","position":3,"name":"OLIVIER MOURGUE, fauteuils Montr\u00e9al, Airborne ed., 1967"}]},{"@type":"WebSite","@id":"https:\/\/dizagn.fr\/#website","url":"https:\/\/dizagn.fr\/","name":"DIZAGN","description":"","publisher":{"@id":"https:\/\/dizagn.fr\/#organization"},"potentialAction":[{"@type":"SearchAction","target":{"@type":"EntryPoint","urlTemplate":"https:\/\/dizagn.fr\/?s={search_term_string}"},"query-input":{"@type":"PropertyValueSpecification","valueRequired":true,"valueName":"search_term_string"}}],"inLanguage":"en-GB"},{"@type":"Organization","@id":"https:\/\/dizagn.fr\/#organization","name":"DIZAGN","url":"https:\/\/dizagn.fr\/","logo":{"@type":"ImageObject","inLanguage":"en-GB","@id":"https:\/\/dizagn.fr\/#\/schema\/logo\/image\/","url":"https:\/\/dizagn.fr\/wp-content\/uploads\/2023\/03\/logo-Dizagn.jpg","contentUrl":"https:\/\/dizagn.fr\/wp-content\/uploads\/2023\/03\/logo-Dizagn.jpg","width":304,"height":95,"caption":"DIZAGN"},"image":{"@id":"https:\/\/dizagn.fr\/#\/schema\/logo\/image\/"}}]}},"_links":{"self":[{"href":"https:\/\/dizagn.fr\/en\/wp-json\/wp\/v2\/product\/1738","targetHints":{"allow":["GET"]}}],"collection":[{"href":"https:\/\/dizagn.fr\/en\/wp-json\/wp\/v2\/product"}],"about":[{"href":"https:\/\/dizagn.fr\/en\/wp-json\/wp\/v2\/types\/product"}],"wp:featuredmedia":[{"embeddable":true,"href":"https:\/\/dizagn.fr\/en\/wp-json\/wp\/v2\/media\/1937"}],"wp:attachment":[{"href":"https:\/\/dizagn.fr\/en\/wp-json\/wp\/v2\/media?parent=1738"}],"wp:term":[{"taxonomy":"product_brand","embeddable":true,"href":"https:\/\/dizagn.fr\/en\/wp-json\/wp\/v2\/product_brand?post=1738"},{"taxonomy":"product_cat","embeddable":true,"href":"https:\/\/dizagn.fr\/en\/wp-json\/wp\/v2\/product_cat?post=1738"},{"taxonomy":"product_tag","embeddable":true,"href":"https:\/\/dizagn.fr\/en\/wp-json\/wp\/v2\/product_tag?post=1738"}],"curies":[{"name":"wp","href":"https:\/\/api.w.org\/{rel}","templated":true}]}}