{"id":1661,"date":"2024-09-30T05:25:53","date_gmt":"2024-09-30T03:25:53","guid":{"rendered":"https:\/\/dizagn.fr\/?post_type=product&#038;p=1661"},"modified":"2025-12-04T13:46:23","modified_gmt":"2025-12-04T12:46:23","slug":"pierre-paulin-chauffeuse-557-dite-tongue-artifort-ed-1967","status":"publish","type":"product","link":"https:\/\/dizagn.fr\/en\/product\/pierre-paulin-chauffeuse-557-dite-tongue-artifort-ed-1967\/","title":{"rendered":"PIERRE PAULIN, 557 OR TONGUE CHAIR, ARTIFORT ED., 1967"},"content":{"rendered":"<p>Condition report: straps, foam and fabric restored to original model<\/p>\n<p>Reference:<\/p>\n<p>Exhibition, Paulin, Centre Pompidou, Paris, May 11-August 22, 2016<\/p>\n<p>Collection du mus\u00e9e d&rsquo;art moderne contemporain de Saint-\u00c9tienne M\u00e9tropole<br \/>\nn\u00b0 Inv. : 2001.25.1<\/p>\n<p>Literature: <\/p>\n<p>Comercial catalog Artifort, The Netherlands, circa 1960<br \/>\nCHAPOUTOT Anne, Pierre Paulin : un univers de formes, ed. Du May, Paris, 1992<br \/>\nCOLL. (GEEL C. dir.), Pierre Paulin designer, e\u0301ditions Archibooks, Paris, 2008<br \/>\nC. Pitiot, Paulin, catalogue d\u2019exposition, Centre Pompidou, Paris, 2016<br \/>\nC. Geel, Pierre Paulin, Petit. Pr\u00e9cis. Illustr\u00e9., T&#038;P Publishing, Paris, 2016<\/p>\n<p>Biography: <\/p>\n<p>Pierre Paulin (French, 1927-2009) trained to be a sculptor but injured his right arm forcing him to switch gears to design and study at \u00c9cole Camondo in Paris.  He is perhaps best known for his innovative designs for Dutch company Artifort of the 1960s famed Mushroom Chair (1959), the Ribbon Chair (1966) and the Tongue chair (1968) that used foams and metallic frames with stretch materials and clear lines that cradled the body. Paulin was also highly influential and involved in French design through the 1970s. Clearly influenced by his training as a sculptor and his German roots as well as the work of early modernists, Paulin was even more impacted by the work of George Nelson and Charles Eames and the significance of the social component of modern design.<\/p>\n<p>Most notably, Paulin was invited by the Mobilier National in 1970 to decorate the private apartments of President George Pompidou in the Palais de l'\u00c9lys\u00e9e, and to furnish the office of President Francois Mitterand in 1983.  He also redesigned the interiors of numerous private and public spaces including the Denon Wing of the Louvre Museum, the hall of Tapestries in Paris City Hall, the Economic and Social Council assembly room, and the Green Room of the state radio's Broadcasting House (\"Maison de la Radio\").<\/p>\n<p>What makes Paulin\u2019s designs so distinctive is their striking sculptural shape, which earned Paulin many prizes worldwide. Paulin\u2019s designs are timeless and progressive and in November 2009 he was posthumously awarded the distinction of \u201cRoyal Designer for Industry\u201d (RDI) by President Nicolas Sarkozy. In 2016, a retrospective of his work was on view at Centre Pompidou, Paris.<\/p>","protected":false},"excerpt":{"rendered":"<p>Pierre Paulin (1927-2009)<br \/>\n557 or Tongue Chair<br \/>\nArtifort, The Netherlands, 1967<br \/>\nMetal, foam and fabric restaured on the original model<br \/>\nHeight. 62 x Width. 90 x Depth. 90 cm<\/p>","protected":false},"featured_media":1687,"template":"","meta":{"_et_pb_use_builder":"","_et_pb_old_content":"","_et_gb_content_width":""},"product_brand":[],"product_cat":[18],"product_tag":[],"class_list":{"0":"post-1661","1":"product","2":"type-product","3":"status-publish","4":"has-post-thumbnail","6":"product_cat-selection","8":"first","9":"instock","10":"shipping-taxable","11":"purchasable","12":"product-type-simple"},"yoast_head":"<!-- This site is optimized with the Yoast SEO plugin v27.4 - https:\/\/yoast.com\/product\/yoast-seo-wordpress\/ -->\n<title>PIERRE PAULIN, CHAUFFEUSE 557 dite TONGUE, ARTIFORT ED., 1967 - DIZAGN<\/title>\n<meta name=\"robots\" content=\"index, follow, max-snippet:-1, max-image-preview:large, max-video-preview:-1\" \/>\n<link rel=\"canonical\" href=\"https:\/\/dizagn.fr\/en\/product\/pierre-paulin-chauffeuse-557-dite-tongue-artifort-ed-1967\/\" \/>\n<meta property=\"og:locale\" content=\"en_GB\" \/>\n<meta property=\"og:type\" content=\"article\" \/>\n<meta property=\"og:title\" content=\"PIERRE PAULIN, CHAUFFEUSE 557 dite TONGUE, ARTIFORT ED., 1967 - DIZAGN\" \/>\n<meta property=\"og:description\" content=\"Pierre Paulin (1927-2009) Chauffeuse 557 dite Tongue Artifort, Pays-bas, 1967 M\u00e9tal, mousse et tissu refait sur le mod\u00e8le d&#039;origine Haut. 62 x Larg. 90 x Prof. 90 cm\" \/>\n<meta property=\"og:url\" content=\"https:\/\/dizagn.fr\/en\/product\/pierre-paulin-chauffeuse-557-dite-tongue-artifort-ed-1967\/\" \/>\n<meta property=\"og:site_name\" content=\"DIZAGN\" \/>\n<meta property=\"article:modified_time\" content=\"2025-12-04T12:46:23+00:00\" \/>\n<meta property=\"og:image\" content=\"https:\/\/dizagn.fr\/wp-content\/uploads\/2024\/09\/PAULIN-Pierre-Tongue-chair-3-scaled.jpg\" \/>\n\t<meta property=\"og:image:width\" content=\"2560\" \/>\n\t<meta property=\"og:image:height\" content=\"2560\" \/>\n\t<meta property=\"og:image:type\" content=\"image\/jpeg\" \/>\n<meta name=\"twitter:card\" content=\"summary_large_image\" \/>\n<meta name=\"twitter:label1\" content=\"Estimated reading time\" \/>\n\t<meta name=\"twitter:data1\" content=\"3 minutes\" \/>\n<script type=\"application\/ld+json\" class=\"yoast-schema-graph\">{\"@context\":\"https:\\\/\\\/schema.org\",\"@graph\":[{\"@type\":\"WebPage\",\"@id\":\"https:\\\/\\\/dizagn.fr\\\/produit\\\/pierre-paulin-chauffeuse-557-dite-tongue-artifort-ed-1967\\\/\",\"url\":\"https:\\\/\\\/dizagn.fr\\\/produit\\\/pierre-paulin-chauffeuse-557-dite-tongue-artifort-ed-1967\\\/\",\"name\":\"PIERRE PAULIN, CHAUFFEUSE 557 dite TONGUE, ARTIFORT ED., 1967 - DIZAGN\",\"isPartOf\":{\"@id\":\"https:\\\/\\\/dizagn.fr\\\/#website\"},\"primaryImageOfPage\":{\"@id\":\"https:\\\/\\\/dizagn.fr\\\/produit\\\/pierre-paulin-chauffeuse-557-dite-tongue-artifort-ed-1967\\\/#primaryimage\"},\"image\":{\"@id\":\"https:\\\/\\\/dizagn.fr\\\/produit\\\/pierre-paulin-chauffeuse-557-dite-tongue-artifort-ed-1967\\\/#primaryimage\"},\"thumbnailUrl\":\"https:\\\/\\\/dizagn.fr\\\/wp-content\\\/uploads\\\/2024\\\/09\\\/PAULIN-Pierre-Tongue-chair-3-scaled.jpg\",\"datePublished\":\"2024-09-30T03:25:53+00:00\",\"dateModified\":\"2025-12-04T12:46:23+00:00\",\"breadcrumb\":{\"@id\":\"https:\\\/\\\/dizagn.fr\\\/produit\\\/pierre-paulin-chauffeuse-557-dite-tongue-artifort-ed-1967\\\/#breadcrumb\"},\"inLanguage\":\"en-GB\",\"potentialAction\":[{\"@type\":\"ReadAction\",\"target\":[\"https:\\\/\\\/dizagn.fr\\\/produit\\\/pierre-paulin-chauffeuse-557-dite-tongue-artifort-ed-1967\\\/\"]}]},{\"@type\":\"ImageObject\",\"inLanguage\":\"en-GB\",\"@id\":\"https:\\\/\\\/dizagn.fr\\\/produit\\\/pierre-paulin-chauffeuse-557-dite-tongue-artifort-ed-1967\\\/#primaryimage\",\"url\":\"https:\\\/\\\/dizagn.fr\\\/wp-content\\\/uploads\\\/2024\\\/09\\\/PAULIN-Pierre-Tongue-chair-3-scaled.jpg\",\"contentUrl\":\"https:\\\/\\\/dizagn.fr\\\/wp-content\\\/uploads\\\/2024\\\/09\\\/PAULIN-Pierre-Tongue-chair-3-scaled.jpg\",\"width\":2560,\"height\":2560},{\"@type\":\"BreadcrumbList\",\"@id\":\"https:\\\/\\\/dizagn.fr\\\/produit\\\/pierre-paulin-chauffeuse-557-dite-tongue-artifort-ed-1967\\\/#breadcrumb\",\"itemListElement\":[{\"@type\":\"ListItem\",\"position\":1,\"name\":\"Accueil\",\"item\":\"https:\\\/\\\/dizagn.fr\\\/\"},{\"@type\":\"ListItem\",\"position\":2,\"name\":\"S\u00e9lection\",\"item\":\"https:\\\/\\\/dizagn.fr\\\/\"},{\"@type\":\"ListItem\",\"position\":3,\"name\":\"PIERRE PAULIN, CHAUFFEUSE 557 dite TONGUE, ARTIFORT ED., 1967\"}]},{\"@type\":\"WebSite\",\"@id\":\"https:\\\/\\\/dizagn.fr\\\/#website\",\"url\":\"https:\\\/\\\/dizagn.fr\\\/\",\"name\":\"DIZAGN\",\"description\":\"\",\"publisher\":{\"@id\":\"https:\\\/\\\/dizagn.fr\\\/#organization\"},\"potentialAction\":[{\"@type\":\"SearchAction\",\"target\":{\"@type\":\"EntryPoint\",\"urlTemplate\":\"https:\\\/\\\/dizagn.fr\\\/?s={search_term_string}\"},\"query-input\":{\"@type\":\"PropertyValueSpecification\",\"valueRequired\":true,\"valueName\":\"search_term_string\"}}],\"inLanguage\":\"en-GB\"},{\"@type\":\"Organization\",\"@id\":\"https:\\\/\\\/dizagn.fr\\\/#organization\",\"name\":\"DIZAGN\",\"url\":\"https:\\\/\\\/dizagn.fr\\\/\",\"logo\":{\"@type\":\"ImageObject\",\"inLanguage\":\"en-GB\",\"@id\":\"https:\\\/\\\/dizagn.fr\\\/#\\\/schema\\\/logo\\\/image\\\/\",\"url\":\"https:\\\/\\\/dizagn.fr\\\/wp-content\\\/uploads\\\/2023\\\/03\\\/logo-Dizagn.jpg\",\"contentUrl\":\"https:\\\/\\\/dizagn.fr\\\/wp-content\\\/uploads\\\/2023\\\/03\\\/logo-Dizagn.jpg\",\"width\":304,\"height\":95,\"caption\":\"DIZAGN\"},\"image\":{\"@id\":\"https:\\\/\\\/dizagn.fr\\\/#\\\/schema\\\/logo\\\/image\\\/\"}}]}<\/script>\n<!-- \/ Yoast SEO plugin. -->","yoast_head_json":{"title":"PIERRE PAULIN, CHAUFFEUSE 557 dite TONGUE, ARTIFORT ED., 1967 - DIZAGN","robots":{"index":"index","follow":"follow","max-snippet":"max-snippet:-1","max-image-preview":"max-image-preview:large","max-video-preview":"max-video-preview:-1"},"canonical":"https:\/\/dizagn.fr\/en\/product\/pierre-paulin-chauffeuse-557-dite-tongue-artifort-ed-1967\/","og_locale":"en_GB","og_type":"article","og_title":"PIERRE PAULIN, CHAUFFEUSE 557 dite TONGUE, ARTIFORT ED., 1967 - DIZAGN","og_description":"Pierre Paulin (1927-2009) Chauffeuse 557 dite Tongue Artifort, Pays-bas, 1967 M\u00e9tal, mousse et tissu refait sur le mod\u00e8le d'origine Haut. 62 x Larg. 90 x Prof. 90 cm","og_url":"https:\/\/dizagn.fr\/en\/product\/pierre-paulin-chauffeuse-557-dite-tongue-artifort-ed-1967\/","og_site_name":"DIZAGN","article_modified_time":"2025-12-04T12:46:23+00:00","og_image":[{"width":2560,"height":2560,"url":"https:\/\/dizagn.fr\/wp-content\/uploads\/2024\/09\/PAULIN-Pierre-Tongue-chair-3-scaled.jpg","type":"image\/jpeg"}],"twitter_card":"summary_large_image","twitter_misc":{"Estimated reading time":"3 minutes"},"schema":{"@context":"https:\/\/schema.org","@graph":[{"@type":"WebPage","@id":"https:\/\/dizagn.fr\/produit\/pierre-paulin-chauffeuse-557-dite-tongue-artifort-ed-1967\/","url":"https:\/\/dizagn.fr\/produit\/pierre-paulin-chauffeuse-557-dite-tongue-artifort-ed-1967\/","name":"PIERRE PAULIN, CHAUFFEUSE 557 dite TONGUE, ARTIFORT ED., 1967 - DIZAGN","isPartOf":{"@id":"https:\/\/dizagn.fr\/#website"},"primaryImageOfPage":{"@id":"https:\/\/dizagn.fr\/produit\/pierre-paulin-chauffeuse-557-dite-tongue-artifort-ed-1967\/#primaryimage"},"image":{"@id":"https:\/\/dizagn.fr\/produit\/pierre-paulin-chauffeuse-557-dite-tongue-artifort-ed-1967\/#primaryimage"},"thumbnailUrl":"https:\/\/dizagn.fr\/wp-content\/uploads\/2024\/09\/PAULIN-Pierre-Tongue-chair-3-scaled.jpg","datePublished":"2024-09-30T03:25:53+00:00","dateModified":"2025-12-04T12:46:23+00:00","breadcrumb":{"@id":"https:\/\/dizagn.fr\/produit\/pierre-paulin-chauffeuse-557-dite-tongue-artifort-ed-1967\/#breadcrumb"},"inLanguage":"en-GB","potentialAction":[{"@type":"ReadAction","target":["https:\/\/dizagn.fr\/produit\/pierre-paulin-chauffeuse-557-dite-tongue-artifort-ed-1967\/"]}]},{"@type":"ImageObject","inLanguage":"en-GB","@id":"https:\/\/dizagn.fr\/produit\/pierre-paulin-chauffeuse-557-dite-tongue-artifort-ed-1967\/#primaryimage","url":"https:\/\/dizagn.fr\/wp-content\/uploads\/2024\/09\/PAULIN-Pierre-Tongue-chair-3-scaled.jpg","contentUrl":"https:\/\/dizagn.fr\/wp-content\/uploads\/2024\/09\/PAULIN-Pierre-Tongue-chair-3-scaled.jpg","width":2560,"height":2560},{"@type":"BreadcrumbList","@id":"https:\/\/dizagn.fr\/produit\/pierre-paulin-chauffeuse-557-dite-tongue-artifort-ed-1967\/#breadcrumb","itemListElement":[{"@type":"ListItem","position":1,"name":"Accueil","item":"https:\/\/dizagn.fr\/"},{"@type":"ListItem","position":2,"name":"S\u00e9lection","item":"https:\/\/dizagn.fr\/"},{"@type":"ListItem","position":3,"name":"PIERRE PAULIN, CHAUFFEUSE 557 dite TONGUE, ARTIFORT ED., 1967"}]},{"@type":"WebSite","@id":"https:\/\/dizagn.fr\/#website","url":"https:\/\/dizagn.fr\/","name":"DIZAGN","description":"","publisher":{"@id":"https:\/\/dizagn.fr\/#organization"},"potentialAction":[{"@type":"SearchAction","target":{"@type":"EntryPoint","urlTemplate":"https:\/\/dizagn.fr\/?s={search_term_string}"},"query-input":{"@type":"PropertyValueSpecification","valueRequired":true,"valueName":"search_term_string"}}],"inLanguage":"en-GB"},{"@type":"Organization","@id":"https:\/\/dizagn.fr\/#organization","name":"DIZAGN","url":"https:\/\/dizagn.fr\/","logo":{"@type":"ImageObject","inLanguage":"en-GB","@id":"https:\/\/dizagn.fr\/#\/schema\/logo\/image\/","url":"https:\/\/dizagn.fr\/wp-content\/uploads\/2023\/03\/logo-Dizagn.jpg","contentUrl":"https:\/\/dizagn.fr\/wp-content\/uploads\/2023\/03\/logo-Dizagn.jpg","width":304,"height":95,"caption":"DIZAGN"},"image":{"@id":"https:\/\/dizagn.fr\/#\/schema\/logo\/image\/"}}]}},"_links":{"self":[{"href":"https:\/\/dizagn.fr\/en\/wp-json\/wp\/v2\/product\/1661","targetHints":{"allow":["GET"]}}],"collection":[{"href":"https:\/\/dizagn.fr\/en\/wp-json\/wp\/v2\/product"}],"about":[{"href":"https:\/\/dizagn.fr\/en\/wp-json\/wp\/v2\/types\/product"}],"wp:featuredmedia":[{"embeddable":true,"href":"https:\/\/dizagn.fr\/en\/wp-json\/wp\/v2\/media\/1687"}],"wp:attachment":[{"href":"https:\/\/dizagn.fr\/en\/wp-json\/wp\/v2\/media?parent=1661"}],"wp:term":[{"taxonomy":"product_brand","embeddable":true,"href":"https:\/\/dizagn.fr\/en\/wp-json\/wp\/v2\/product_brand?post=1661"},{"taxonomy":"product_cat","embeddable":true,"href":"https:\/\/dizagn.fr\/en\/wp-json\/wp\/v2\/product_cat?post=1661"},{"taxonomy":"product_tag","embeddable":true,"href":"https:\/\/dizagn.fr\/en\/wp-json\/wp\/v2\/product_tag?post=1661"}],"curies":[{"name":"wp","href":"https:\/\/api.w.org\/{rel}","templated":true}]}}