{"id":1641,"date":"2024-09-12T09:01:29","date_gmt":"2024-09-12T07:01:29","guid":{"rendered":"https:\/\/dizagn.fr\/?post_type=product&#038;p=1641"},"modified":"2025-02-26T09:12:16","modified_gmt":"2025-02-26T08:12:16","slug":"rene-jean-caillette-set-4-primevere-chairs-1982","status":"publish","type":"product","link":"https:\/\/dizagn.fr\/en\/product\/rene-jean-caillette-set-4-primevere-chairs-1982\/","title":{"rendered":"RENE-JEAN CAILLETTE, SET 4 CHAISES PRIMEVERE, 1982"},"content":{"rendered":"<p>Reference:<br \/>\nGalerie VIA, Paris March 22 - April 13 : 1991\u2028Mus\u00e9e d'art moderne et contemporain de Saint-\u00c9tienne, 1998<\/p>\n<p>Literature:<br \/>\n-Archives Ren\u00e9-Jean Caillette, Paris<br \/>\n-Ren\u00e9 Jean Caillette, 40 ann\u00e9es de mobilier Galerie VIA &#8211; 22 mars &#8211; 13 avril 1991, p.9<br \/>\n-Design : collection du Mus\u00e9e d&rsquo;art moderne de Saint-Etienne M\u00e9tropole, Cit\u00e9 du design \u00e9d., 2008, p.507<\/p>\n<p>Condition report:<br \/>\ngood original condition, lacquered metal and laminated with some scratches and lacks<\/p>\n<p>Biography: <\/p>\n<p>Son of a woodworker, Caillette always intended to follow in his father\u2019s footsteps, but not in exactly the same way. For him, the beauty of furniture came from functionality and simplicity of line.<\/p>\n<p>George Charron, a French furniture manufacturer, discovered Caillette\u2019s work in 1950. This led to the creation of Group 4, a collaboration among Caillette, Alain Richard, Genevieve Dangles and Joseph Andr\u00e9 Motte. Caillette went on to design for Charron until 1972.<\/p>\n<p>Caillette received the Ren\u00e9 Gabriel prize in 1952 and the silver medal at the Milan Triennale in 1962. The Diamond Chair, designed in 1958 and editioned by Steiner, remains one of the most signature chairs of this period. \u201cIt is,\u201d he said, \u201cthe most pure and the most easy to fabricate of my models in molded plywood. I designed it with a piece of cardboard, telling myself that if the cardboard could fold, then so could wood.\u201d (From Favardin, Patrick,\u00a0Les D\u00e9corateurs des Ann\u00e9es 50,\u00a02002.)<\/p>\n<p>\u201cCaillette is one of the better chair designers of the period and his furniture attests to much ingenuity.\u201d<\/p>","protected":false},"excerpt":{"rendered":"<p>Ren\u00e9-Jean Caillette (1919-2004)<br \/>\nSet of 4 Primev\u00e8re chairs<br \/>\nCollomb \/ VIA edition, France, design 1967, prod. 1982<br \/>\nRed lacquered metal, plywood and black laminate<br \/>\nHeight 75 x Width 48 x Depth 43 cm<\/p>","protected":false},"featured_media":1642,"template":"","meta":{"_et_pb_use_builder":"","_et_pb_old_content":"","_et_gb_content_width":""},"product_brand":[],"product_cat":[18],"product_tag":[],"class_list":{"0":"post-1641","1":"product","2":"type-product","3":"status-publish","4":"has-post-thumbnail","6":"product_cat-selection","8":"first","9":"instock","10":"shipping-taxable","11":"purchasable","12":"product-type-simple"},"yoast_head":"<!-- This site is optimized with the Yoast SEO plugin v27.4 - https:\/\/yoast.com\/product\/yoast-seo-wordpress\/ -->\n<title>RENE-JEAN CAILLETTE, SET 4 CHAISES PRIMEVERE, 1982 - DIZAGN<\/title>\n<meta name=\"robots\" content=\"index, follow, max-snippet:-1, max-image-preview:large, max-video-preview:-1\" \/>\n<link rel=\"canonical\" href=\"https:\/\/dizagn.fr\/en\/product\/rene-jean-caillette-set-4-primevere-chairs-1982\/\" \/>\n<meta property=\"og:locale\" content=\"en_GB\" \/>\n<meta property=\"og:type\" content=\"article\" \/>\n<meta property=\"og:title\" content=\"RENE-JEAN CAILLETTE, SET 4 CHAISES PRIMEVERE, 1982 - DIZAGN\" \/>\n<meta property=\"og:description\" content=\"Ren\u00e9-Jean Caillette (1919-2004) Ensemble de 4 chaises Primev\u00e8re Collomb \/ VIA \u00e9dition, France, design 1967, prod. 1982 M\u00e9tal laqu\u00e9 rouge, contreplaqu\u00e9 et stratifi\u00e9 noir Hauteur 75 x Largeur 48 x Profondeur 43 cm\" \/>\n<meta property=\"og:url\" content=\"https:\/\/dizagn.fr\/en\/product\/rene-jean-caillette-set-4-primevere-chairs-1982\/\" \/>\n<meta property=\"og:site_name\" content=\"DIZAGN\" \/>\n<meta property=\"article:modified_time\" content=\"2025-02-26T08:12:16+00:00\" \/>\n<meta property=\"og:image\" content=\"https:\/\/dizagn.fr\/wp-content\/uploads\/2024\/09\/CAILLETTE-Rene-Jean-lot-4-chaises-PRIMEVERE-1.jpg\" \/>\n\t<meta property=\"og:image:width\" content=\"1200\" \/>\n\t<meta property=\"og:image:height\" content=\"1200\" \/>\n\t<meta property=\"og:image:type\" content=\"image\/jpeg\" \/>\n<meta name=\"twitter:card\" content=\"summary_large_image\" \/>\n<meta name=\"twitter:label1\" content=\"Estimated reading time\" \/>\n\t<meta name=\"twitter:data1\" content=\"2 minutes\" \/>\n<script type=\"application\/ld+json\" class=\"yoast-schema-graph\">{\"@context\":\"https:\\\/\\\/schema.org\",\"@graph\":[{\"@type\":\"WebPage\",\"@id\":\"https:\\\/\\\/dizagn.fr\\\/produit\\\/rene-jean-caillette-set-4-primevere-chairs-1982\\\/\",\"url\":\"https:\\\/\\\/dizagn.fr\\\/produit\\\/rene-jean-caillette-set-4-primevere-chairs-1982\\\/\",\"name\":\"RENE-JEAN CAILLETTE, SET 4 CHAISES PRIMEVERE, 1982 - DIZAGN\",\"isPartOf\":{\"@id\":\"https:\\\/\\\/dizagn.fr\\\/#website\"},\"primaryImageOfPage\":{\"@id\":\"https:\\\/\\\/dizagn.fr\\\/produit\\\/rene-jean-caillette-set-4-primevere-chairs-1982\\\/#primaryimage\"},\"image\":{\"@id\":\"https:\\\/\\\/dizagn.fr\\\/produit\\\/rene-jean-caillette-set-4-primevere-chairs-1982\\\/#primaryimage\"},\"thumbnailUrl\":\"https:\\\/\\\/dizagn.fr\\\/wp-content\\\/uploads\\\/2024\\\/09\\\/CAILLETTE-Rene-Jean-lot-4-chaises-PRIMEVERE-1.jpg\",\"datePublished\":\"2024-09-12T07:01:29+00:00\",\"dateModified\":\"2025-02-26T08:12:16+00:00\",\"breadcrumb\":{\"@id\":\"https:\\\/\\\/dizagn.fr\\\/produit\\\/rene-jean-caillette-set-4-primevere-chairs-1982\\\/#breadcrumb\"},\"inLanguage\":\"en-GB\",\"potentialAction\":[{\"@type\":\"ReadAction\",\"target\":[\"https:\\\/\\\/dizagn.fr\\\/produit\\\/rene-jean-caillette-set-4-primevere-chairs-1982\\\/\"]}]},{\"@type\":\"ImageObject\",\"inLanguage\":\"en-GB\",\"@id\":\"https:\\\/\\\/dizagn.fr\\\/produit\\\/rene-jean-caillette-set-4-primevere-chairs-1982\\\/#primaryimage\",\"url\":\"https:\\\/\\\/dizagn.fr\\\/wp-content\\\/uploads\\\/2024\\\/09\\\/CAILLETTE-Rene-Jean-lot-4-chaises-PRIMEVERE-1.jpg\",\"contentUrl\":\"https:\\\/\\\/dizagn.fr\\\/wp-content\\\/uploads\\\/2024\\\/09\\\/CAILLETTE-Rene-Jean-lot-4-chaises-PRIMEVERE-1.jpg\",\"width\":1200,\"height\":1200},{\"@type\":\"BreadcrumbList\",\"@id\":\"https:\\\/\\\/dizagn.fr\\\/produit\\\/rene-jean-caillette-set-4-primevere-chairs-1982\\\/#breadcrumb\",\"itemListElement\":[{\"@type\":\"ListItem\",\"position\":1,\"name\":\"Accueil\",\"item\":\"https:\\\/\\\/dizagn.fr\\\/\"},{\"@type\":\"ListItem\",\"position\":2,\"name\":\"S\u00e9lection\",\"item\":\"https:\\\/\\\/dizagn.fr\\\/\"},{\"@type\":\"ListItem\",\"position\":3,\"name\":\"RENE-JEAN CAILLETTE, SET 4 CHAISES PRIMEVERE, 1982\"}]},{\"@type\":\"WebSite\",\"@id\":\"https:\\\/\\\/dizagn.fr\\\/#website\",\"url\":\"https:\\\/\\\/dizagn.fr\\\/\",\"name\":\"DIZAGN\",\"description\":\"\",\"publisher\":{\"@id\":\"https:\\\/\\\/dizagn.fr\\\/#organization\"},\"potentialAction\":[{\"@type\":\"SearchAction\",\"target\":{\"@type\":\"EntryPoint\",\"urlTemplate\":\"https:\\\/\\\/dizagn.fr\\\/?s={search_term_string}\"},\"query-input\":{\"@type\":\"PropertyValueSpecification\",\"valueRequired\":true,\"valueName\":\"search_term_string\"}}],\"inLanguage\":\"en-GB\"},{\"@type\":\"Organization\",\"@id\":\"https:\\\/\\\/dizagn.fr\\\/#organization\",\"name\":\"DIZAGN\",\"url\":\"https:\\\/\\\/dizagn.fr\\\/\",\"logo\":{\"@type\":\"ImageObject\",\"inLanguage\":\"en-GB\",\"@id\":\"https:\\\/\\\/dizagn.fr\\\/#\\\/schema\\\/logo\\\/image\\\/\",\"url\":\"https:\\\/\\\/dizagn.fr\\\/wp-content\\\/uploads\\\/2023\\\/03\\\/logo-Dizagn.jpg\",\"contentUrl\":\"https:\\\/\\\/dizagn.fr\\\/wp-content\\\/uploads\\\/2023\\\/03\\\/logo-Dizagn.jpg\",\"width\":304,\"height\":95,\"caption\":\"DIZAGN\"},\"image\":{\"@id\":\"https:\\\/\\\/dizagn.fr\\\/#\\\/schema\\\/logo\\\/image\\\/\"}}]}<\/script>\n<!-- \/ Yoast SEO plugin. -->","yoast_head_json":{"title":"RENE-JEAN CAILLETTE, SET 4 CHAISES PRIMEVERE, 1982 - DIZAGN","robots":{"index":"index","follow":"follow","max-snippet":"max-snippet:-1","max-image-preview":"max-image-preview:large","max-video-preview":"max-video-preview:-1"},"canonical":"https:\/\/dizagn.fr\/en\/product\/rene-jean-caillette-set-4-primevere-chairs-1982\/","og_locale":"en_GB","og_type":"article","og_title":"RENE-JEAN CAILLETTE, SET 4 CHAISES PRIMEVERE, 1982 - DIZAGN","og_description":"Ren\u00e9-Jean Caillette (1919-2004) Ensemble de 4 chaises Primev\u00e8re Collomb \/ VIA \u00e9dition, France, design 1967, prod. 1982 M\u00e9tal laqu\u00e9 rouge, contreplaqu\u00e9 et stratifi\u00e9 noir Hauteur 75 x Largeur 48 x Profondeur 43 cm","og_url":"https:\/\/dizagn.fr\/en\/product\/rene-jean-caillette-set-4-primevere-chairs-1982\/","og_site_name":"DIZAGN","article_modified_time":"2025-02-26T08:12:16+00:00","og_image":[{"width":1200,"height":1200,"url":"https:\/\/dizagn.fr\/wp-content\/uploads\/2024\/09\/CAILLETTE-Rene-Jean-lot-4-chaises-PRIMEVERE-1.jpg","type":"image\/jpeg"}],"twitter_card":"summary_large_image","twitter_misc":{"Estimated reading time":"2 minutes"},"schema":{"@context":"https:\/\/schema.org","@graph":[{"@type":"WebPage","@id":"https:\/\/dizagn.fr\/produit\/rene-jean-caillette-set-4-primevere-chairs-1982\/","url":"https:\/\/dizagn.fr\/produit\/rene-jean-caillette-set-4-primevere-chairs-1982\/","name":"RENE-JEAN CAILLETTE, SET 4 CHAISES PRIMEVERE, 1982 - DIZAGN","isPartOf":{"@id":"https:\/\/dizagn.fr\/#website"},"primaryImageOfPage":{"@id":"https:\/\/dizagn.fr\/produit\/rene-jean-caillette-set-4-primevere-chairs-1982\/#primaryimage"},"image":{"@id":"https:\/\/dizagn.fr\/produit\/rene-jean-caillette-set-4-primevere-chairs-1982\/#primaryimage"},"thumbnailUrl":"https:\/\/dizagn.fr\/wp-content\/uploads\/2024\/09\/CAILLETTE-Rene-Jean-lot-4-chaises-PRIMEVERE-1.jpg","datePublished":"2024-09-12T07:01:29+00:00","dateModified":"2025-02-26T08:12:16+00:00","breadcrumb":{"@id":"https:\/\/dizagn.fr\/produit\/rene-jean-caillette-set-4-primevere-chairs-1982\/#breadcrumb"},"inLanguage":"en-GB","potentialAction":[{"@type":"ReadAction","target":["https:\/\/dizagn.fr\/produit\/rene-jean-caillette-set-4-primevere-chairs-1982\/"]}]},{"@type":"ImageObject","inLanguage":"en-GB","@id":"https:\/\/dizagn.fr\/produit\/rene-jean-caillette-set-4-primevere-chairs-1982\/#primaryimage","url":"https:\/\/dizagn.fr\/wp-content\/uploads\/2024\/09\/CAILLETTE-Rene-Jean-lot-4-chaises-PRIMEVERE-1.jpg","contentUrl":"https:\/\/dizagn.fr\/wp-content\/uploads\/2024\/09\/CAILLETTE-Rene-Jean-lot-4-chaises-PRIMEVERE-1.jpg","width":1200,"height":1200},{"@type":"BreadcrumbList","@id":"https:\/\/dizagn.fr\/produit\/rene-jean-caillette-set-4-primevere-chairs-1982\/#breadcrumb","itemListElement":[{"@type":"ListItem","position":1,"name":"Accueil","item":"https:\/\/dizagn.fr\/"},{"@type":"ListItem","position":2,"name":"S\u00e9lection","item":"https:\/\/dizagn.fr\/"},{"@type":"ListItem","position":3,"name":"RENE-JEAN CAILLETTE, SET 4 CHAISES PRIMEVERE, 1982"}]},{"@type":"WebSite","@id":"https:\/\/dizagn.fr\/#website","url":"https:\/\/dizagn.fr\/","name":"DIZAGN","description":"","publisher":{"@id":"https:\/\/dizagn.fr\/#organization"},"potentialAction":[{"@type":"SearchAction","target":{"@type":"EntryPoint","urlTemplate":"https:\/\/dizagn.fr\/?s={search_term_string}"},"query-input":{"@type":"PropertyValueSpecification","valueRequired":true,"valueName":"search_term_string"}}],"inLanguage":"en-GB"},{"@type":"Organization","@id":"https:\/\/dizagn.fr\/#organization","name":"DIZAGN","url":"https:\/\/dizagn.fr\/","logo":{"@type":"ImageObject","inLanguage":"en-GB","@id":"https:\/\/dizagn.fr\/#\/schema\/logo\/image\/","url":"https:\/\/dizagn.fr\/wp-content\/uploads\/2023\/03\/logo-Dizagn.jpg","contentUrl":"https:\/\/dizagn.fr\/wp-content\/uploads\/2023\/03\/logo-Dizagn.jpg","width":304,"height":95,"caption":"DIZAGN"},"image":{"@id":"https:\/\/dizagn.fr\/#\/schema\/logo\/image\/"}}]}},"_links":{"self":[{"href":"https:\/\/dizagn.fr\/en\/wp-json\/wp\/v2\/product\/1641","targetHints":{"allow":["GET"]}}],"collection":[{"href":"https:\/\/dizagn.fr\/en\/wp-json\/wp\/v2\/product"}],"about":[{"href":"https:\/\/dizagn.fr\/en\/wp-json\/wp\/v2\/types\/product"}],"wp:featuredmedia":[{"embeddable":true,"href":"https:\/\/dizagn.fr\/en\/wp-json\/wp\/v2\/media\/1642"}],"wp:attachment":[{"href":"https:\/\/dizagn.fr\/en\/wp-json\/wp\/v2\/media?parent=1641"}],"wp:term":[{"taxonomy":"product_brand","embeddable":true,"href":"https:\/\/dizagn.fr\/en\/wp-json\/wp\/v2\/product_brand?post=1641"},{"taxonomy":"product_cat","embeddable":true,"href":"https:\/\/dizagn.fr\/en\/wp-json\/wp\/v2\/product_cat?post=1641"},{"taxonomy":"product_tag","embeddable":true,"href":"https:\/\/dizagn.fr\/en\/wp-json\/wp\/v2\/product_tag?post=1641"}],"curies":[{"name":"wp","href":"https:\/\/api.w.org\/{rel}","templated":true}]}}