{"id":1633,"date":"2024-08-30T11:18:43","date_gmt":"2024-08-30T09:18:43","guid":{"rendered":"https:\/\/dizagn.fr\/?post_type=product&#038;p=1633"},"modified":"2025-02-26T12:10:01","modified_gmt":"2025-02-26T11:10:01","slug":"olivier-mourgue-chauffeuse-djinn-airborne-ed-c-1964","status":"publish","type":"product","link":"https:\/\/dizagn.fr\/en\/product\/olivier-mourgue-chauffeuse-djinn-airborne-ed-c-1964\/","title":{"rendered":"OLIVIER MOURGUE, CHAUFFEUSE DJINN, AIRBORNE ED., C.1964"},"content":{"rendered":"<p>Rapport de condition : patins rechrom\u00e9s, mousse et tissu restaur\u00e9. Possibilit\u00e9 changement tissu <\/p>\n<p>Reference:<br \/>\nCollection Mus\u00e9e des arts d\u00e9coratifs, Paris, n\u00b0inventaire AM 1993-1-828<\/p>\n<p>Literature:<br \/>\nMeubles et d\u00e9cors, n\u00b0813, avril 1966<br \/>\nJapan Interior design, 1971<br \/>\nCatalogue commercial Airborne, circa 1970<\/p>\n<p>Biography: <\/p>\n<p>Winner of the First International Design Award and Grand Prix national de la cr\u00e9ation industrielle, Olivier Mourgue is a graduate of the \u00c9cole Boulle. He enrolled at the \u00c9cole Nationale Sup\u00e9rieure des Arts D\u00e9coratifs in Paris and, while still a student, designed the Joker seating range in 1959 for the publisher Airborne, with whom he collaborated for almost 20 years.<\/p>\n<p>In 1964, in the same vein, he designed the Whist range in steel blade and black leather, of which we offer here a rare chaise longue in silvered leather, complete with chaise longue and ottoman.<\/p>\n<p>The following year, he innovated with the Djinn range, which proved a great success with the public. The models were selected by Standley Kubrick to equip the space station in his film 2001: \u201cA Space Odyssey\u201d, and now feature in the permanent collection of New York's MoMA.<\/p>\n<p>La collaboration avec la firme, lui assure un appui industriel sans pr\u00e9c\u00e9dent. Il est le symbole de la marque Airborne. Apr\u00e8s avoir \u00e9labor\u00e9 la s\u00e9rie \u00ab Joker \u00bb,\u00ab Whist \u00bb, \u00ab Djinn \u00bb et \u00abMontr\u00e9al\u00bb, il se met en qu\u00eate d\u2019une cr\u00e9ation qui permettrait d\u2019appliquer ses recherches en mati\u00e8re de nomadisme et de vie au ras du sol, c\u2019est dans cet esprit l\u00e0 qu\u2019il \u00e9labore en 1968 la chaise longue anthropomorphe \u00ab Bouloum \u00bb en deux versions : ext\u00e9rieure en fibre de verre et int\u00e9rieure recouvert de tissu.<\/p>\n<p>A close friend of Jean Coural, administrator of the Mobilier National, he was commissioned by the institution's Atelier de recherche et cr\u00e9ation that same year to design the cafeteria at the Maison de la Culture in Rennes, in collaboration with Pierre Paulin. He designed a \"cafeteria unit\" and the famous Caddie chair, which was produced in small series by Erbos solely for the project, without being edited.<\/p>","protected":false},"excerpt":{"rendered":"<p>Olivier Mourgue (1939-)<br \/>\nChauffeuse Djnn<br \/>\nAirborne \u00e9dition, France, circa 1964<br \/>\nM\u00e9tal, m\u00e9tal chrom\u00e9, mousse et tissu de la Maison Casamance<br \/>\nHaut. 66 ( assise: 35) x Long. 72 x Prof. 76 cm<\/p>","protected":false},"featured_media":1635,"template":"","meta":{"_et_pb_use_builder":"","_et_pb_old_content":"","_et_gb_content_width":""},"product_brand":[],"product_cat":[18],"product_tag":[],"class_list":{"0":"post-1633","1":"product","2":"type-product","3":"status-publish","4":"has-post-thumbnail","6":"product_cat-selection","8":"first","9":"instock","10":"shipping-taxable","11":"purchasable","12":"product-type-simple"},"yoast_head":"<!-- This site is optimized with the Yoast SEO plugin v27.1.1 - https:\/\/yoast.com\/product\/yoast-seo-wordpress\/ -->\n<title>OLIVIER MOURGUE, CHAUFFEUSE DJINN, AIRBORNE ED., C.1964 - DIZAGN<\/title>\n<meta name=\"robots\" content=\"index, follow, max-snippet:-1, max-image-preview:large, max-video-preview:-1\" \/>\n<link rel=\"canonical\" href=\"https:\/\/dizagn.fr\/en\/product\/olivier-mourgue-chauffeuse-djinn-airborne-ed-c-1964\/\" \/>\n<meta property=\"og:locale\" content=\"en_GB\" \/>\n<meta property=\"og:type\" content=\"article\" \/>\n<meta property=\"og:title\" content=\"OLIVIER MOURGUE, CHAUFFEUSE DJINN, AIRBORNE ED., C.1964 - DIZAGN\" \/>\n<meta property=\"og:description\" content=\"Olivier Mourgue (1939-) Chauffeuse Djnn Airborne \u00e9dition, France, circa 1964 M\u00e9tal, m\u00e9tal chrom\u00e9, mousse et tissu de la Maison Casamance  Haut. 66 ( assise: 35) x Long. 72 x Prof. 76 cm\" \/>\n<meta property=\"og:url\" content=\"https:\/\/dizagn.fr\/en\/product\/olivier-mourgue-chauffeuse-djinn-airborne-ed-c-1964\/\" \/>\n<meta property=\"og:site_name\" content=\"DIZAGN\" \/>\n<meta property=\"article:modified_time\" content=\"2025-02-26T11:10:01+00:00\" \/>\n<meta property=\"og:image\" content=\"https:\/\/dizagn.fr\/wp-content\/uploads\/2024\/08\/MOURGUE-chauffeuse-DJINN-2-scaled.jpg\" \/>\n\t<meta property=\"og:image:width\" content=\"2560\" \/>\n\t<meta property=\"og:image:height\" content=\"2560\" \/>\n\t<meta property=\"og:image:type\" content=\"image\/jpeg\" \/>\n<meta name=\"twitter:card\" content=\"summary_large_image\" \/>\n<meta name=\"twitter:label1\" content=\"Estimated reading time\" \/>\n\t<meta name=\"twitter:data1\" content=\"2 minutes\" \/>\n<script type=\"application\/ld+json\" class=\"yoast-schema-graph\">{\"@context\":\"https:\/\/schema.org\",\"@graph\":[{\"@type\":\"WebPage\",\"@id\":\"https:\/\/dizagn.fr\/produit\/olivier-mourgue-chauffeuse-djinn-airborne-ed-c-1964\/\",\"url\":\"https:\/\/dizagn.fr\/produit\/olivier-mourgue-chauffeuse-djinn-airborne-ed-c-1964\/\",\"name\":\"OLIVIER MOURGUE, CHAUFFEUSE DJINN, AIRBORNE ED., C.1964 - DIZAGN\",\"isPartOf\":{\"@id\":\"https:\/\/dizagn.fr\/#website\"},\"primaryImageOfPage\":{\"@id\":\"https:\/\/dizagn.fr\/produit\/olivier-mourgue-chauffeuse-djinn-airborne-ed-c-1964\/#primaryimage\"},\"image\":{\"@id\":\"https:\/\/dizagn.fr\/produit\/olivier-mourgue-chauffeuse-djinn-airborne-ed-c-1964\/#primaryimage\"},\"thumbnailUrl\":\"https:\/\/dizagn.fr\/wp-content\/uploads\/2024\/08\/MOURGUE-chauffeuse-DJINN-2-scaled.jpg\",\"datePublished\":\"2024-08-30T09:18:43+00:00\",\"dateModified\":\"2025-02-26T11:10:01+00:00\",\"breadcrumb\":{\"@id\":\"https:\/\/dizagn.fr\/produit\/olivier-mourgue-chauffeuse-djinn-airborne-ed-c-1964\/#breadcrumb\"},\"inLanguage\":\"en-GB\",\"potentialAction\":[{\"@type\":\"ReadAction\",\"target\":[\"https:\/\/dizagn.fr\/produit\/olivier-mourgue-chauffeuse-djinn-airborne-ed-c-1964\/\"]}]},{\"@type\":\"ImageObject\",\"inLanguage\":\"en-GB\",\"@id\":\"https:\/\/dizagn.fr\/produit\/olivier-mourgue-chauffeuse-djinn-airborne-ed-c-1964\/#primaryimage\",\"url\":\"https:\/\/dizagn.fr\/wp-content\/uploads\/2024\/08\/MOURGUE-chauffeuse-DJINN-2-scaled.jpg\",\"contentUrl\":\"https:\/\/dizagn.fr\/wp-content\/uploads\/2024\/08\/MOURGUE-chauffeuse-DJINN-2-scaled.jpg\",\"width\":2560,\"height\":2560},{\"@type\":\"BreadcrumbList\",\"@id\":\"https:\/\/dizagn.fr\/produit\/olivier-mourgue-chauffeuse-djinn-airborne-ed-c-1964\/#breadcrumb\",\"itemListElement\":[{\"@type\":\"ListItem\",\"position\":1,\"name\":\"Accueil\",\"item\":\"https:\/\/dizagn.fr\/\"},{\"@type\":\"ListItem\",\"position\":2,\"name\":\"S\u00e9lection\",\"item\":\"https:\/\/dizagn.fr\/\"},{\"@type\":\"ListItem\",\"position\":3,\"name\":\"OLIVIER MOURGUE, CHAUFFEUSE DJINN, AIRBORNE ED., C.1964\"}]},{\"@type\":\"WebSite\",\"@id\":\"https:\/\/dizagn.fr\/#website\",\"url\":\"https:\/\/dizagn.fr\/\",\"name\":\"DIZAGN\",\"description\":\"\",\"potentialAction\":[{\"@type\":\"SearchAction\",\"target\":{\"@type\":\"EntryPoint\",\"urlTemplate\":\"https:\/\/dizagn.fr\/?s={search_term_string}\"},\"query-input\":{\"@type\":\"PropertyValueSpecification\",\"valueRequired\":true,\"valueName\":\"search_term_string\"}}],\"inLanguage\":\"en-GB\"}]}<\/script>\n<!-- \/ Yoast SEO plugin. -->","yoast_head_json":{"title":"OLIVIER MOURGUE, CHAUFFEUSE DJINN, AIRBORNE ED., C.1964 - DIZAGN","robots":{"index":"index","follow":"follow","max-snippet":"max-snippet:-1","max-image-preview":"max-image-preview:large","max-video-preview":"max-video-preview:-1"},"canonical":"https:\/\/dizagn.fr\/en\/product\/olivier-mourgue-chauffeuse-djinn-airborne-ed-c-1964\/","og_locale":"en_GB","og_type":"article","og_title":"OLIVIER MOURGUE, CHAUFFEUSE DJINN, AIRBORNE ED., C.1964 - DIZAGN","og_description":"Olivier Mourgue (1939-) Chauffeuse Djnn Airborne \u00e9dition, France, circa 1964 M\u00e9tal, m\u00e9tal chrom\u00e9, mousse et tissu de la Maison Casamance  Haut. 66 ( assise: 35) x Long. 72 x Prof. 76 cm","og_url":"https:\/\/dizagn.fr\/en\/product\/olivier-mourgue-chauffeuse-djinn-airborne-ed-c-1964\/","og_site_name":"DIZAGN","article_modified_time":"2025-02-26T11:10:01+00:00","og_image":[{"width":2560,"height":2560,"url":"https:\/\/dizagn.fr\/wp-content\/uploads\/2024\/08\/MOURGUE-chauffeuse-DJINN-2-scaled.jpg","type":"image\/jpeg"}],"twitter_card":"summary_large_image","twitter_misc":{"Estimated reading time":"2 minutes"},"schema":{"@context":"https:\/\/schema.org","@graph":[{"@type":"WebPage","@id":"https:\/\/dizagn.fr\/produit\/olivier-mourgue-chauffeuse-djinn-airborne-ed-c-1964\/","url":"https:\/\/dizagn.fr\/produit\/olivier-mourgue-chauffeuse-djinn-airborne-ed-c-1964\/","name":"OLIVIER MOURGUE, CHAUFFEUSE DJINN, AIRBORNE ED., C.1964 - DIZAGN","isPartOf":{"@id":"https:\/\/dizagn.fr\/#website"},"primaryImageOfPage":{"@id":"https:\/\/dizagn.fr\/produit\/olivier-mourgue-chauffeuse-djinn-airborne-ed-c-1964\/#primaryimage"},"image":{"@id":"https:\/\/dizagn.fr\/produit\/olivier-mourgue-chauffeuse-djinn-airborne-ed-c-1964\/#primaryimage"},"thumbnailUrl":"https:\/\/dizagn.fr\/wp-content\/uploads\/2024\/08\/MOURGUE-chauffeuse-DJINN-2-scaled.jpg","datePublished":"2024-08-30T09:18:43+00:00","dateModified":"2025-02-26T11:10:01+00:00","breadcrumb":{"@id":"https:\/\/dizagn.fr\/produit\/olivier-mourgue-chauffeuse-djinn-airborne-ed-c-1964\/#breadcrumb"},"inLanguage":"en-GB","potentialAction":[{"@type":"ReadAction","target":["https:\/\/dizagn.fr\/produit\/olivier-mourgue-chauffeuse-djinn-airborne-ed-c-1964\/"]}]},{"@type":"ImageObject","inLanguage":"en-GB","@id":"https:\/\/dizagn.fr\/produit\/olivier-mourgue-chauffeuse-djinn-airborne-ed-c-1964\/#primaryimage","url":"https:\/\/dizagn.fr\/wp-content\/uploads\/2024\/08\/MOURGUE-chauffeuse-DJINN-2-scaled.jpg","contentUrl":"https:\/\/dizagn.fr\/wp-content\/uploads\/2024\/08\/MOURGUE-chauffeuse-DJINN-2-scaled.jpg","width":2560,"height":2560},{"@type":"BreadcrumbList","@id":"https:\/\/dizagn.fr\/produit\/olivier-mourgue-chauffeuse-djinn-airborne-ed-c-1964\/#breadcrumb","itemListElement":[{"@type":"ListItem","position":1,"name":"Accueil","item":"https:\/\/dizagn.fr\/"},{"@type":"ListItem","position":2,"name":"S\u00e9lection","item":"https:\/\/dizagn.fr\/"},{"@type":"ListItem","position":3,"name":"OLIVIER MOURGUE, CHAUFFEUSE DJINN, AIRBORNE ED., C.1964"}]},{"@type":"WebSite","@id":"https:\/\/dizagn.fr\/#website","url":"https:\/\/dizagn.fr\/","name":"DIZAGN","description":"","potentialAction":[{"@type":"SearchAction","target":{"@type":"EntryPoint","urlTemplate":"https:\/\/dizagn.fr\/?s={search_term_string}"},"query-input":{"@type":"PropertyValueSpecification","valueRequired":true,"valueName":"search_term_string"}}],"inLanguage":"en-GB"}]}},"_links":{"self":[{"href":"https:\/\/dizagn.fr\/en\/wp-json\/wp\/v2\/product\/1633","targetHints":{"allow":["GET"]}}],"collection":[{"href":"https:\/\/dizagn.fr\/en\/wp-json\/wp\/v2\/product"}],"about":[{"href":"https:\/\/dizagn.fr\/en\/wp-json\/wp\/v2\/types\/product"}],"wp:featuredmedia":[{"embeddable":true,"href":"https:\/\/dizagn.fr\/en\/wp-json\/wp\/v2\/media\/1635"}],"wp:attachment":[{"href":"https:\/\/dizagn.fr\/en\/wp-json\/wp\/v2\/media?parent=1633"}],"wp:term":[{"taxonomy":"product_brand","embeddable":true,"href":"https:\/\/dizagn.fr\/en\/wp-json\/wp\/v2\/product_brand?post=1633"},{"taxonomy":"product_cat","embeddable":true,"href":"https:\/\/dizagn.fr\/en\/wp-json\/wp\/v2\/product_cat?post=1633"},{"taxonomy":"product_tag","embeddable":true,"href":"https:\/\/dizagn.fr\/en\/wp-json\/wp\/v2\/product_tag?post=1633"}],"curies":[{"name":"wp","href":"https:\/\/api.w.org\/{rel}","templated":true}]}}