{"id":1614,"date":"2024-08-30T10:44:44","date_gmt":"2024-08-30T08:44:44","guid":{"rendered":"https:\/\/dizagn.fr\/?post_type=product&#038;p=1614"},"modified":"2024-09-20T09:06:37","modified_gmt":"2024-09-20T07:06:37","slug":"xavier-mategot-4-bridges-xm3-farjon-ed-c-1986","status":"publish","type":"product","link":"https:\/\/dizagn.fr\/en\/product\/xavier-mategot-4-bridges-xm3-farjon-ed-c-1986\/","title":{"rendered":"XAVIER MATEGOT, 4 BRIDGES XM3, FARJON ED., C. 1986"},"content":{"rendered":"<p>Condition report: <\/p>\n<p>Bon \u00e9tat g\u00e9n\u00e9ral. Sur certaines chaises l\u00e9g\u00e8res marques d\u2019usage, l\u00e9g\u00e8res traces de colle au dossier.<br \/>\nGriffures au placage, l\u00e9g\u00e8res oxydations. <\/p>\n<p>Reference: <\/p>\n<p>Collection Mus\u00e9e national d\u2019Art contemporain, Centre Pompidou, Paris<br \/>\nDonation du VIA, 2010, n\u00b0inv. AM2010-1-90<\/p>\n<p>Literature: <\/p>\n<p>Catalogue commercial Christian Farjon, circa 1980<\/p>","protected":false},"excerpt":{"rendered":"<p>Xavier Mat\u00e9got (1956-)<br \/>\nBridge XM3 \u2013 Gamme XM<br \/>\nChristian Farjon \u00e9diteur, VIA, France, circa 1986<br \/>\nAcier chrom\u00e9, fonte d\u2019aluminium, contreplaqu\u00e9 d\u2019orme, mousse<br \/>\nHaut. 68 (haut. Assise 46) x Larg. 54 x Prof. 59 cm<\/p>\n<p>Prix \/ pi\u00e8ce<\/p>","protected":false},"featured_media":1622,"template":"","meta":{"_et_pb_use_builder":"","_et_pb_old_content":"","_et_gb_content_width":""},"product_brand":[],"product_cat":[19],"product_tag":[44],"class_list":{"0":"post-1614","1":"product","2":"type-product","3":"status-publish","4":"has-post-thumbnail","6":"product_cat-archives","7":"product_tag-nouveau","9":"first","10":"instock","11":"shipping-taxable","12":"purchasable","13":"product-type-simple"},"yoast_head":"<!-- This site is optimized with the Yoast SEO plugin v27.1.1 - https:\/\/yoast.com\/product\/yoast-seo-wordpress\/ -->\n<title>XAVIER MATEGOT, 4 BRIDGES XM3, FARJON ED., C. 1986 - DIZAGN<\/title>\n<meta name=\"robots\" content=\"index, follow, max-snippet:-1, max-image-preview:large, max-video-preview:-1\" \/>\n<link rel=\"canonical\" href=\"https:\/\/dizagn.fr\/en\/product\/xavier-mategot-4-bridges-xm3-farjon-ed-c-1986\/\" \/>\n<meta property=\"og:locale\" content=\"en_GB\" \/>\n<meta property=\"og:type\" content=\"article\" \/>\n<meta property=\"og:title\" content=\"XAVIER MATEGOT, 4 BRIDGES XM3, FARJON ED., C. 1986 - DIZAGN\" \/>\n<meta property=\"og:description\" content=\"Xavier Mat\u00e9got (1956-) Bridge XM3 \u2013 Gamme XM Christian Farjon \u00e9diteur, VIA, France, circa 1986 Acier chrom\u00e9, fonte d\u2019aluminium, contreplaqu\u00e9 d\u2019orme, mousse Haut. 68 (haut. Assise 46) x Larg. 54 x Prof. 59 cm  Prix \/ pi\u00e8ce\" \/>\n<meta property=\"og:url\" content=\"https:\/\/dizagn.fr\/en\/product\/xavier-mategot-4-bridges-xm3-farjon-ed-c-1986\/\" \/>\n<meta property=\"og:site_name\" content=\"DIZAGN\" \/>\n<meta property=\"article:modified_time\" content=\"2024-09-20T07:06:37+00:00\" \/>\n<meta property=\"og:image\" content=\"https:\/\/dizagn.fr\/wp-content\/uploads\/2024\/08\/MATEGOT-Xavier-fauteuil-XM3-8.jpg\" \/>\n\t<meta property=\"og:image:width\" content=\"1200\" \/>\n\t<meta property=\"og:image:height\" content=\"1200\" \/>\n\t<meta property=\"og:image:type\" content=\"image\/jpeg\" \/>\n<meta name=\"twitter:card\" content=\"summary_large_image\" \/>\n<meta name=\"twitter:label1\" content=\"Estimated reading time\" \/>\n\t<meta name=\"twitter:data1\" content=\"1 minute\" \/>\n<script type=\"application\/ld+json\" class=\"yoast-schema-graph\">{\"@context\":\"https:\/\/schema.org\",\"@graph\":[{\"@type\":\"WebPage\",\"@id\":\"https:\/\/dizagn.fr\/produit\/xavier-mategot-4-bridges-xm3-farjon-ed-c-1986\/\",\"url\":\"https:\/\/dizagn.fr\/produit\/xavier-mategot-4-bridges-xm3-farjon-ed-c-1986\/\",\"name\":\"XAVIER MATEGOT, 4 BRIDGES XM3, FARJON ED., C. 1986 - DIZAGN\",\"isPartOf\":{\"@id\":\"https:\/\/dizagn.fr\/#website\"},\"primaryImageOfPage\":{\"@id\":\"https:\/\/dizagn.fr\/produit\/xavier-mategot-4-bridges-xm3-farjon-ed-c-1986\/#primaryimage\"},\"image\":{\"@id\":\"https:\/\/dizagn.fr\/produit\/xavier-mategot-4-bridges-xm3-farjon-ed-c-1986\/#primaryimage\"},\"thumbnailUrl\":\"https:\/\/dizagn.fr\/wp-content\/uploads\/2024\/08\/MATEGOT-Xavier-fauteuil-XM3-8.jpg\",\"datePublished\":\"2024-08-30T08:44:44+00:00\",\"dateModified\":\"2024-09-20T07:06:37+00:00\",\"breadcrumb\":{\"@id\":\"https:\/\/dizagn.fr\/produit\/xavier-mategot-4-bridges-xm3-farjon-ed-c-1986\/#breadcrumb\"},\"inLanguage\":\"en-GB\",\"potentialAction\":[{\"@type\":\"ReadAction\",\"target\":[\"https:\/\/dizagn.fr\/produit\/xavier-mategot-4-bridges-xm3-farjon-ed-c-1986\/\"]}]},{\"@type\":\"ImageObject\",\"inLanguage\":\"en-GB\",\"@id\":\"https:\/\/dizagn.fr\/produit\/xavier-mategot-4-bridges-xm3-farjon-ed-c-1986\/#primaryimage\",\"url\":\"https:\/\/dizagn.fr\/wp-content\/uploads\/2024\/08\/MATEGOT-Xavier-fauteuil-XM3-8.jpg\",\"contentUrl\":\"https:\/\/dizagn.fr\/wp-content\/uploads\/2024\/08\/MATEGOT-Xavier-fauteuil-XM3-8.jpg\",\"width\":1200,\"height\":1200},{\"@type\":\"BreadcrumbList\",\"@id\":\"https:\/\/dizagn.fr\/produit\/xavier-mategot-4-bridges-xm3-farjon-ed-c-1986\/#breadcrumb\",\"itemListElement\":[{\"@type\":\"ListItem\",\"position\":1,\"name\":\"Accueil\",\"item\":\"https:\/\/dizagn.fr\/\"},{\"@type\":\"ListItem\",\"position\":2,\"name\":\"S\u00e9lection\",\"item\":\"https:\/\/dizagn.fr\/\"},{\"@type\":\"ListItem\",\"position\":3,\"name\":\"XAVIER MATEGOT, 4 BRIDGES XM3, FARJON ED., C. 1986\"}]},{\"@type\":\"WebSite\",\"@id\":\"https:\/\/dizagn.fr\/#website\",\"url\":\"https:\/\/dizagn.fr\/\",\"name\":\"DIZAGN\",\"description\":\"\",\"potentialAction\":[{\"@type\":\"SearchAction\",\"target\":{\"@type\":\"EntryPoint\",\"urlTemplate\":\"https:\/\/dizagn.fr\/?s={search_term_string}\"},\"query-input\":{\"@type\":\"PropertyValueSpecification\",\"valueRequired\":true,\"valueName\":\"search_term_string\"}}],\"inLanguage\":\"en-GB\"}]}<\/script>\n<!-- \/ Yoast SEO plugin. -->","yoast_head_json":{"title":"XAVIER MATEGOT, 4 BRIDGES XM3, FARJON ED., C. 1986 - DIZAGN","robots":{"index":"index","follow":"follow","max-snippet":"max-snippet:-1","max-image-preview":"max-image-preview:large","max-video-preview":"max-video-preview:-1"},"canonical":"https:\/\/dizagn.fr\/en\/product\/xavier-mategot-4-bridges-xm3-farjon-ed-c-1986\/","og_locale":"en_GB","og_type":"article","og_title":"XAVIER MATEGOT, 4 BRIDGES XM3, FARJON ED., C. 1986 - DIZAGN","og_description":"Xavier Mat\u00e9got (1956-) Bridge XM3 \u2013 Gamme XM Christian Farjon \u00e9diteur, VIA, France, circa 1986 Acier chrom\u00e9, fonte d\u2019aluminium, contreplaqu\u00e9 d\u2019orme, mousse Haut. 68 (haut. Assise 46) x Larg. 54 x Prof. 59 cm  Prix \/ pi\u00e8ce","og_url":"https:\/\/dizagn.fr\/en\/product\/xavier-mategot-4-bridges-xm3-farjon-ed-c-1986\/","og_site_name":"DIZAGN","article_modified_time":"2024-09-20T07:06:37+00:00","og_image":[{"width":1200,"height":1200,"url":"https:\/\/dizagn.fr\/wp-content\/uploads\/2024\/08\/MATEGOT-Xavier-fauteuil-XM3-8.jpg","type":"image\/jpeg"}],"twitter_card":"summary_large_image","twitter_misc":{"Estimated reading time":"1 minute"},"schema":{"@context":"https:\/\/schema.org","@graph":[{"@type":"WebPage","@id":"https:\/\/dizagn.fr\/produit\/xavier-mategot-4-bridges-xm3-farjon-ed-c-1986\/","url":"https:\/\/dizagn.fr\/produit\/xavier-mategot-4-bridges-xm3-farjon-ed-c-1986\/","name":"XAVIER MATEGOT, 4 BRIDGES XM3, FARJON ED., C. 1986 - DIZAGN","isPartOf":{"@id":"https:\/\/dizagn.fr\/#website"},"primaryImageOfPage":{"@id":"https:\/\/dizagn.fr\/produit\/xavier-mategot-4-bridges-xm3-farjon-ed-c-1986\/#primaryimage"},"image":{"@id":"https:\/\/dizagn.fr\/produit\/xavier-mategot-4-bridges-xm3-farjon-ed-c-1986\/#primaryimage"},"thumbnailUrl":"https:\/\/dizagn.fr\/wp-content\/uploads\/2024\/08\/MATEGOT-Xavier-fauteuil-XM3-8.jpg","datePublished":"2024-08-30T08:44:44+00:00","dateModified":"2024-09-20T07:06:37+00:00","breadcrumb":{"@id":"https:\/\/dizagn.fr\/produit\/xavier-mategot-4-bridges-xm3-farjon-ed-c-1986\/#breadcrumb"},"inLanguage":"en-GB","potentialAction":[{"@type":"ReadAction","target":["https:\/\/dizagn.fr\/produit\/xavier-mategot-4-bridges-xm3-farjon-ed-c-1986\/"]}]},{"@type":"ImageObject","inLanguage":"en-GB","@id":"https:\/\/dizagn.fr\/produit\/xavier-mategot-4-bridges-xm3-farjon-ed-c-1986\/#primaryimage","url":"https:\/\/dizagn.fr\/wp-content\/uploads\/2024\/08\/MATEGOT-Xavier-fauteuil-XM3-8.jpg","contentUrl":"https:\/\/dizagn.fr\/wp-content\/uploads\/2024\/08\/MATEGOT-Xavier-fauteuil-XM3-8.jpg","width":1200,"height":1200},{"@type":"BreadcrumbList","@id":"https:\/\/dizagn.fr\/produit\/xavier-mategot-4-bridges-xm3-farjon-ed-c-1986\/#breadcrumb","itemListElement":[{"@type":"ListItem","position":1,"name":"Accueil","item":"https:\/\/dizagn.fr\/"},{"@type":"ListItem","position":2,"name":"S\u00e9lection","item":"https:\/\/dizagn.fr\/"},{"@type":"ListItem","position":3,"name":"XAVIER MATEGOT, 4 BRIDGES XM3, FARJON ED., C. 1986"}]},{"@type":"WebSite","@id":"https:\/\/dizagn.fr\/#website","url":"https:\/\/dizagn.fr\/","name":"DIZAGN","description":"","potentialAction":[{"@type":"SearchAction","target":{"@type":"EntryPoint","urlTemplate":"https:\/\/dizagn.fr\/?s={search_term_string}"},"query-input":{"@type":"PropertyValueSpecification","valueRequired":true,"valueName":"search_term_string"}}],"inLanguage":"en-GB"}]}},"_links":{"self":[{"href":"https:\/\/dizagn.fr\/en\/wp-json\/wp\/v2\/product\/1614","targetHints":{"allow":["GET"]}}],"collection":[{"href":"https:\/\/dizagn.fr\/en\/wp-json\/wp\/v2\/product"}],"about":[{"href":"https:\/\/dizagn.fr\/en\/wp-json\/wp\/v2\/types\/product"}],"wp:featuredmedia":[{"embeddable":true,"href":"https:\/\/dizagn.fr\/en\/wp-json\/wp\/v2\/media\/1622"}],"wp:attachment":[{"href":"https:\/\/dizagn.fr\/en\/wp-json\/wp\/v2\/media?parent=1614"}],"wp:term":[{"taxonomy":"product_brand","embeddable":true,"href":"https:\/\/dizagn.fr\/en\/wp-json\/wp\/v2\/product_brand?post=1614"},{"taxonomy":"product_cat","embeddable":true,"href":"https:\/\/dizagn.fr\/en\/wp-json\/wp\/v2\/product_cat?post=1614"},{"taxonomy":"product_tag","embeddable":true,"href":"https:\/\/dizagn.fr\/en\/wp-json\/wp\/v2\/product_tag?post=1614"}],"curies":[{"name":"wp","href":"https:\/\/api.w.org\/{rel}","templated":true}]}}