{"id":1404,"date":"2025-02-26T10:20:17","date_gmt":"2025-02-26T09:20:17","guid":{"rendered":"http:\/\/dizagn.fr\/?post_type=product&#038;p=1404"},"modified":"2025-11-27T23:07:29","modified_gmt":"2025-11-27T22:07:29","slug":"lampadaire-10507-verre-lumiere-editeur-c-1978","status":"publish","type":"product","link":"https:\/\/dizagn.fr\/en\/product\/lampadaire-10507-verre-lumiere-editeur-c-1978\/","title":{"rendered":"VERRE LUMIERE STUDIO, FLOORLAMP 10507, C.1978"},"content":{"rendered":"<p>Literature: <\/p>\n<p>Commercial catalog Verre Lumi\u00e8re, France, circa 1980<\/p>\n<p>Verre Lumi\u00e8re<\/p>\n<p>Biography: <\/p>\n<p>In 1968, French lighting firm Verre Lumiere was created on the initiative of Max Ingrand, the famous French master glass worker and decorator. The company was the result of a partnership between the famed 17th-century founded French glass company Saint Gobain and lighting firm Mazda.<\/p>\n<p>Saint Gobain\/Glass + Mazda\/Lighting = Verre Lumiere <\/p>\n<p>Jacques Vidal, a former collaborator of Max Ingrand, was initially appointed as the commercial director and shortly thereafter became the head of the company after Ingrand passed away in 1969. He is the one who developed the company in collaboration with young creative designers of the time such as Ben Swildens, as artistic director, and Sabine Charoy in charge of the creative studio.<\/p>\n<p>In only a short few years, Verre Lumiere became the most active platform for architects and designers of that era to meet and collaborate on developing new lighting for public and private commissions, including Palais de l\u2019\u00c9lys\u00e9e in 1972 and the Bras\u00edlia lamps by Michel Boyer for the French Embassy in Brazil in 1974.<\/p>\n<p>The company distinguished itself through exceptional craftsmanship and highly efficient prototyping, which translated into the most modern designs of the period, with the highest quality materials and excellence in manufacturing. Verre Lumiere was known for meeting the technical challenges of developing new types of lighting for the halogen bulbs of 1969, all the new fluorescent tubes of the 1970s, and later, the Fluo compact bulbs of the early 1980s.<\/p>\n<p>Txt Demisch Danant Gallery <\/p>","protected":false},"excerpt":{"rendered":"<p>Floorlamp 10507<\/p>\n<p>Verre Lumiere edition, France, circa 1978<\/p>\n<p>Gold-anodized metal and  aluminum, halogen<\/p>\n<p>Height. 200 x Width. 50 x Depth. 50 cm<\/p>\n<p>200 H x 50 x 50 cm<\/p>","protected":false},"featured_media":1412,"template":"","meta":{"_et_pb_use_builder":"","_et_pb_old_content":"","_et_gb_content_width":""},"product_brand":[],"product_cat":[19],"product_tag":[],"class_list":{"0":"post-1404","1":"product","2":"type-product","3":"status-publish","4":"has-post-thumbnail","6":"product_cat-archives","8":"first","9":"instock","10":"shipping-taxable","11":"purchasable","12":"product-type-simple"},"yoast_head":"<!-- This site is optimized with the Yoast SEO plugin v27.1.1 - https:\/\/yoast.com\/product\/yoast-seo-wordpress\/ -->\n<title>VERRE LUMI\u00c8RE \u00c9DITEUR, LAMPADAIRE 10507, C.1978 - DIZAGN<\/title>\n<meta name=\"robots\" content=\"index, follow, max-snippet:-1, max-image-preview:large, max-video-preview:-1\" \/>\n<link rel=\"canonical\" href=\"https:\/\/dizagn.fr\/en\/product\/lampadaire-10507-verre-lumiere-editeur-c-1978\/\" \/>\n<meta property=\"og:locale\" content=\"en_GB\" \/>\n<meta property=\"og:type\" content=\"article\" \/>\n<meta property=\"og:title\" content=\"VERRE LUMI\u00c8RE \u00c9DITEUR, LAMPADAIRE 10507, C.1978 - DIZAGN\" \/>\n<meta property=\"og:description\" content=\"Lampadaire 10507  Verre Lumi\u00e8re \u00e9diteur, France, circa 1978  M\u00e9tal et aluminium anodis\u00e9 or, halog\u00e8ne  Haut. 200 x Larg. 50 x Prof. 50 cm  200 H x 50 x 50 cm\" \/>\n<meta property=\"og:url\" content=\"https:\/\/dizagn.fr\/en\/product\/lampadaire-10507-verre-lumiere-editeur-c-1978\/\" \/>\n<meta property=\"og:site_name\" content=\"DIZAGN\" \/>\n<meta property=\"article:modified_time\" content=\"2025-11-27T22:07:29+00:00\" \/>\n<meta property=\"og:image\" content=\"https:\/\/dizagn.fr\/wp-content\/uploads\/2024\/07\/VERRE-LUMIERE-lampadaire-10507-1-1.jpg\" \/>\n\t<meta property=\"og:image:width\" content=\"1200\" \/>\n\t<meta property=\"og:image:height\" content=\"1200\" \/>\n\t<meta property=\"og:image:type\" content=\"image\/jpeg\" \/>\n<meta name=\"twitter:card\" content=\"summary_large_image\" \/>\n<meta name=\"twitter:label1\" content=\"Estimated reading time\" \/>\n\t<meta name=\"twitter:data1\" content=\"2 minutes\" \/>\n<script type=\"application\/ld+json\" class=\"yoast-schema-graph\">{\"@context\":\"https:\/\/schema.org\",\"@graph\":[{\"@type\":\"WebPage\",\"@id\":\"https:\/\/dizagn.fr\/produit\/lampadaire-10507-verre-lumiere-editeur-c-1978\/\",\"url\":\"https:\/\/dizagn.fr\/produit\/lampadaire-10507-verre-lumiere-editeur-c-1978\/\",\"name\":\"VERRE LUMI\u00c8RE \u00c9DITEUR, LAMPADAIRE 10507, C.1978 - DIZAGN\",\"isPartOf\":{\"@id\":\"https:\/\/dizagn.fr\/#website\"},\"primaryImageOfPage\":{\"@id\":\"https:\/\/dizagn.fr\/produit\/lampadaire-10507-verre-lumiere-editeur-c-1978\/#primaryimage\"},\"image\":{\"@id\":\"https:\/\/dizagn.fr\/produit\/lampadaire-10507-verre-lumiere-editeur-c-1978\/#primaryimage\"},\"thumbnailUrl\":\"https:\/\/dizagn.fr\/wp-content\/uploads\/2024\/07\/VERRE-LUMIERE-lampadaire-10507-1-1.jpg\",\"datePublished\":\"2025-02-26T09:20:17+00:00\",\"dateModified\":\"2025-11-27T22:07:29+00:00\",\"breadcrumb\":{\"@id\":\"https:\/\/dizagn.fr\/produit\/lampadaire-10507-verre-lumiere-editeur-c-1978\/#breadcrumb\"},\"inLanguage\":\"en-GB\",\"potentialAction\":[{\"@type\":\"ReadAction\",\"target\":[\"https:\/\/dizagn.fr\/produit\/lampadaire-10507-verre-lumiere-editeur-c-1978\/\"]}]},{\"@type\":\"ImageObject\",\"inLanguage\":\"en-GB\",\"@id\":\"https:\/\/dizagn.fr\/produit\/lampadaire-10507-verre-lumiere-editeur-c-1978\/#primaryimage\",\"url\":\"https:\/\/dizagn.fr\/wp-content\/uploads\/2024\/07\/VERRE-LUMIERE-lampadaire-10507-1-1.jpg\",\"contentUrl\":\"https:\/\/dizagn.fr\/wp-content\/uploads\/2024\/07\/VERRE-LUMIERE-lampadaire-10507-1-1.jpg\",\"width\":1200,\"height\":1200},{\"@type\":\"BreadcrumbList\",\"@id\":\"https:\/\/dizagn.fr\/produit\/lampadaire-10507-verre-lumiere-editeur-c-1978\/#breadcrumb\",\"itemListElement\":[{\"@type\":\"ListItem\",\"position\":1,\"name\":\"Accueil\",\"item\":\"https:\/\/dizagn.fr\/\"},{\"@type\":\"ListItem\",\"position\":2,\"name\":\"S\u00e9lection\",\"item\":\"https:\/\/dizagn.fr\/\"},{\"@type\":\"ListItem\",\"position\":3,\"name\":\"VERRE LUMI\u00c8RE \u00c9DITEUR, LAMPADAIRE 10507, C.1978\"}]},{\"@type\":\"WebSite\",\"@id\":\"https:\/\/dizagn.fr\/#website\",\"url\":\"https:\/\/dizagn.fr\/\",\"name\":\"DIZAGN\",\"description\":\"\",\"potentialAction\":[{\"@type\":\"SearchAction\",\"target\":{\"@type\":\"EntryPoint\",\"urlTemplate\":\"https:\/\/dizagn.fr\/?s={search_term_string}\"},\"query-input\":{\"@type\":\"PropertyValueSpecification\",\"valueRequired\":true,\"valueName\":\"search_term_string\"}}],\"inLanguage\":\"en-GB\"}]}<\/script>\n<!-- \/ Yoast SEO plugin. -->","yoast_head_json":{"title":"VERRE LUMI\u00c8RE \u00c9DITEUR, LAMPADAIRE 10507, C.1978 - DIZAGN","robots":{"index":"index","follow":"follow","max-snippet":"max-snippet:-1","max-image-preview":"max-image-preview:large","max-video-preview":"max-video-preview:-1"},"canonical":"https:\/\/dizagn.fr\/en\/product\/lampadaire-10507-verre-lumiere-editeur-c-1978\/","og_locale":"en_GB","og_type":"article","og_title":"VERRE LUMI\u00c8RE \u00c9DITEUR, LAMPADAIRE 10507, C.1978 - DIZAGN","og_description":"Lampadaire 10507  Verre Lumi\u00e8re \u00e9diteur, France, circa 1978  M\u00e9tal et aluminium anodis\u00e9 or, halog\u00e8ne  Haut. 200 x Larg. 50 x Prof. 50 cm  200 H x 50 x 50 cm","og_url":"https:\/\/dizagn.fr\/en\/product\/lampadaire-10507-verre-lumiere-editeur-c-1978\/","og_site_name":"DIZAGN","article_modified_time":"2025-11-27T22:07:29+00:00","og_image":[{"width":1200,"height":1200,"url":"https:\/\/dizagn.fr\/wp-content\/uploads\/2024\/07\/VERRE-LUMIERE-lampadaire-10507-1-1.jpg","type":"image\/jpeg"}],"twitter_card":"summary_large_image","twitter_misc":{"Estimated reading time":"2 minutes"},"schema":{"@context":"https:\/\/schema.org","@graph":[{"@type":"WebPage","@id":"https:\/\/dizagn.fr\/produit\/lampadaire-10507-verre-lumiere-editeur-c-1978\/","url":"https:\/\/dizagn.fr\/produit\/lampadaire-10507-verre-lumiere-editeur-c-1978\/","name":"VERRE LUMI\u00c8RE \u00c9DITEUR, LAMPADAIRE 10507, C.1978 - DIZAGN","isPartOf":{"@id":"https:\/\/dizagn.fr\/#website"},"primaryImageOfPage":{"@id":"https:\/\/dizagn.fr\/produit\/lampadaire-10507-verre-lumiere-editeur-c-1978\/#primaryimage"},"image":{"@id":"https:\/\/dizagn.fr\/produit\/lampadaire-10507-verre-lumiere-editeur-c-1978\/#primaryimage"},"thumbnailUrl":"https:\/\/dizagn.fr\/wp-content\/uploads\/2024\/07\/VERRE-LUMIERE-lampadaire-10507-1-1.jpg","datePublished":"2025-02-26T09:20:17+00:00","dateModified":"2025-11-27T22:07:29+00:00","breadcrumb":{"@id":"https:\/\/dizagn.fr\/produit\/lampadaire-10507-verre-lumiere-editeur-c-1978\/#breadcrumb"},"inLanguage":"en-GB","potentialAction":[{"@type":"ReadAction","target":["https:\/\/dizagn.fr\/produit\/lampadaire-10507-verre-lumiere-editeur-c-1978\/"]}]},{"@type":"ImageObject","inLanguage":"en-GB","@id":"https:\/\/dizagn.fr\/produit\/lampadaire-10507-verre-lumiere-editeur-c-1978\/#primaryimage","url":"https:\/\/dizagn.fr\/wp-content\/uploads\/2024\/07\/VERRE-LUMIERE-lampadaire-10507-1-1.jpg","contentUrl":"https:\/\/dizagn.fr\/wp-content\/uploads\/2024\/07\/VERRE-LUMIERE-lampadaire-10507-1-1.jpg","width":1200,"height":1200},{"@type":"BreadcrumbList","@id":"https:\/\/dizagn.fr\/produit\/lampadaire-10507-verre-lumiere-editeur-c-1978\/#breadcrumb","itemListElement":[{"@type":"ListItem","position":1,"name":"Accueil","item":"https:\/\/dizagn.fr\/"},{"@type":"ListItem","position":2,"name":"S\u00e9lection","item":"https:\/\/dizagn.fr\/"},{"@type":"ListItem","position":3,"name":"VERRE LUMI\u00c8RE \u00c9DITEUR, LAMPADAIRE 10507, C.1978"}]},{"@type":"WebSite","@id":"https:\/\/dizagn.fr\/#website","url":"https:\/\/dizagn.fr\/","name":"DIZAGN","description":"","potentialAction":[{"@type":"SearchAction","target":{"@type":"EntryPoint","urlTemplate":"https:\/\/dizagn.fr\/?s={search_term_string}"},"query-input":{"@type":"PropertyValueSpecification","valueRequired":true,"valueName":"search_term_string"}}],"inLanguage":"en-GB"}]}},"_links":{"self":[{"href":"https:\/\/dizagn.fr\/en\/wp-json\/wp\/v2\/product\/1404","targetHints":{"allow":["GET"]}}],"collection":[{"href":"https:\/\/dizagn.fr\/en\/wp-json\/wp\/v2\/product"}],"about":[{"href":"https:\/\/dizagn.fr\/en\/wp-json\/wp\/v2\/types\/product"}],"wp:featuredmedia":[{"embeddable":true,"href":"https:\/\/dizagn.fr\/en\/wp-json\/wp\/v2\/media\/1412"}],"wp:attachment":[{"href":"https:\/\/dizagn.fr\/en\/wp-json\/wp\/v2\/media?parent=1404"}],"wp:term":[{"taxonomy":"product_brand","embeddable":true,"href":"https:\/\/dizagn.fr\/en\/wp-json\/wp\/v2\/product_brand?post=1404"},{"taxonomy":"product_cat","embeddable":true,"href":"https:\/\/dizagn.fr\/en\/wp-json\/wp\/v2\/product_cat?post=1404"},{"taxonomy":"product_tag","embeddable":true,"href":"https:\/\/dizagn.fr\/en\/wp-json\/wp\/v2\/product_tag?post=1404"}],"curies":[{"name":"wp","href":"https:\/\/api.w.org\/{rel}","templated":true}]}}