{"id":1369,"date":"2026-01-03T22:21:24","date_gmt":"2026-01-03T21:21:24","guid":{"rendered":"http:\/\/dizagn.fr\/?post_type=product&#038;p=1369"},"modified":"2026-01-07T10:52:18","modified_gmt":"2026-01-07T09:52:18","slug":"ch-germanaz-fauteuil-half-half-airborne-1968","status":"publish","type":"product","link":"https:\/\/dizagn.fr\/en\/product\/ch-germanaz-fauteuil-half-half-airborne-1968\/","title":{"rendered":"CH. GERMANAZ, armchairs Half &amp; Half, Airborne, circa 1968"},"content":{"rendered":"<p>References:<\/p>\n<p>Exhibition Les Assises du si\u00e8ge contemporain, Decorative Art Museum, Paris,1968<br \/>\nExhibition \"Si\u00e8ges de collection\" : Paris, Parc des expositions, 2004<\/p>\n<p>Centre national des arts plastiques\/Fonds national d\u2019art contemporain collection<br \/>\nDecorative Art Museum collection, Paris<\/p>\n<p>Literature:<\/p>\n<p>Gilles de Bure, Int\u00e9rieurs, Le mobilier fran\u00e7ais, 1965-1979, Ed., du Regard, Paris, 1983,<br \/>\nBrunhammer Yvonne,Les styles des ann\u00e9es 30 \u00e0 50, Ed. Baschet, 1987<br \/>\nDiane Saunier, Pierre Perrigault, L&rsquo;architecte du mobilier 1950-2000, Paris, 2000<br \/>\nAirborne, Pierre Deligny, ed. Les modernistes, 2012<\/p>\n<p>Card payments accepted via Stripe \ud83d\udcb3<\/p>","protected":false},"excerpt":{"rendered":"<p>GERMANAZ Christian (1940-)<\/p>\n<p>Pair of Half &amp; Half armchairs, model created in 1964, Airborne edition, France<\/p>\n<p>Self-supporting double-hull structure in white gelcoat fiberglass, black rubber, restored<\/p>\n<p>Width 80 x Depth 47 x Height 67.5 cm<\/p>","protected":false},"featured_media":2075,"template":"","meta":{"_et_pb_use_builder":"","_et_pb_old_content":"","_et_gb_content_width":""},"product_brand":[],"product_cat":[18],"product_tag":[44],"class_list":{"0":"post-1369","1":"product","2":"type-product","3":"status-publish","4":"has-post-thumbnail","6":"product_cat-selection","7":"product_tag-nouveau","9":"first","10":"instock","11":"shipping-taxable","12":"purchasable","13":"product-type-simple"},"yoast_head":"<!-- This site is optimized with the Yoast SEO plugin v27.4 - https:\/\/yoast.com\/product\/yoast-seo-wordpress\/ -->\n<title>CH. GERMANAZ, fauteuils Half &amp; Half, Airborne, circa 1968 - DIZAGN<\/title>\n<meta name=\"robots\" content=\"index, follow, max-snippet:-1, max-image-preview:large, max-video-preview:-1\" \/>\n<link rel=\"canonical\" href=\"https:\/\/dizagn.fr\/en\/product\/ch-germanaz-fauteuil-half-half-airborne-1968\/\" \/>\n<meta property=\"og:locale\" content=\"en_GB\" \/>\n<meta property=\"og:type\" content=\"article\" \/>\n<meta property=\"og:title\" content=\"CH. GERMANAZ, fauteuils Half &amp; Half, Airborne, circa 1968 - DIZAGN\" \/>\n<meta property=\"og:description\" content=\"GERMANAZ Christian (1940-)  Paire de fauteuils Half &amp; Half, mod\u00e8l\u00e9 cr\u00e9\u00e9 en 1964, Airborne \u00e9diteur, France  Structure auto-portante bicoque en fibre de verre gelcoat blanc, caoutchouc noir, restaur\u00e9s  Larg. 80 x Prof. 47 x Haut. 67,5 cm\" \/>\n<meta property=\"og:url\" content=\"https:\/\/dizagn.fr\/en\/product\/ch-germanaz-fauteuil-half-half-airborne-1968\/\" \/>\n<meta property=\"og:site_name\" content=\"DIZAGN\" \/>\n<meta property=\"article:modified_time\" content=\"2026-01-07T09:52:18+00:00\" \/>\n<meta property=\"og:image\" content=\"https:\/\/dizagn.fr\/wp-content\/uploads\/2026\/01\/GERMANAZ-christian-HALF-and-HALF-white-chair-1-scaled.jpg\" \/>\n\t<meta property=\"og:image:width\" content=\"2560\" \/>\n\t<meta property=\"og:image:height\" content=\"2560\" \/>\n\t<meta property=\"og:image:type\" content=\"image\/jpeg\" \/>\n<meta name=\"twitter:card\" content=\"summary_large_image\" \/>\n<meta name=\"twitter:label1\" content=\"Estimated reading time\" \/>\n\t<meta name=\"twitter:data1\" content=\"1 minute\" \/>\n<script type=\"application\/ld+json\" class=\"yoast-schema-graph\">{\"@context\":\"https:\\\/\\\/schema.org\",\"@graph\":[{\"@type\":\"WebPage\",\"@id\":\"https:\\\/\\\/dizagn.fr\\\/produit\\\/ch-germanaz-fauteuil-half-half-airborne-1968\\\/\",\"url\":\"https:\\\/\\\/dizagn.fr\\\/produit\\\/ch-germanaz-fauteuil-half-half-airborne-1968\\\/\",\"name\":\"CH. GERMANAZ, fauteuils Half & Half, Airborne, circa 1968 - DIZAGN\",\"isPartOf\":{\"@id\":\"https:\\\/\\\/dizagn.fr\\\/#website\"},\"primaryImageOfPage\":{\"@id\":\"https:\\\/\\\/dizagn.fr\\\/produit\\\/ch-germanaz-fauteuil-half-half-airborne-1968\\\/#primaryimage\"},\"image\":{\"@id\":\"https:\\\/\\\/dizagn.fr\\\/produit\\\/ch-germanaz-fauteuil-half-half-airborne-1968\\\/#primaryimage\"},\"thumbnailUrl\":\"https:\\\/\\\/dizagn.fr\\\/wp-content\\\/uploads\\\/2026\\\/01\\\/GERMANAZ-christian-HALF-and-HALF-white-chair-1-scaled.jpg\",\"datePublished\":\"2026-01-03T21:21:24+00:00\",\"dateModified\":\"2026-01-07T09:52:18+00:00\",\"breadcrumb\":{\"@id\":\"https:\\\/\\\/dizagn.fr\\\/produit\\\/ch-germanaz-fauteuil-half-half-airborne-1968\\\/#breadcrumb\"},\"inLanguage\":\"en-GB\",\"potentialAction\":[{\"@type\":\"ReadAction\",\"target\":[\"https:\\\/\\\/dizagn.fr\\\/produit\\\/ch-germanaz-fauteuil-half-half-airborne-1968\\\/\"]}]},{\"@type\":\"ImageObject\",\"inLanguage\":\"en-GB\",\"@id\":\"https:\\\/\\\/dizagn.fr\\\/produit\\\/ch-germanaz-fauteuil-half-half-airborne-1968\\\/#primaryimage\",\"url\":\"https:\\\/\\\/dizagn.fr\\\/wp-content\\\/uploads\\\/2026\\\/01\\\/GERMANAZ-christian-HALF-and-HALF-white-chair-1-scaled.jpg\",\"contentUrl\":\"https:\\\/\\\/dizagn.fr\\\/wp-content\\\/uploads\\\/2026\\\/01\\\/GERMANAZ-christian-HALF-and-HALF-white-chair-1-scaled.jpg\",\"width\":2560,\"height\":2560},{\"@type\":\"BreadcrumbList\",\"@id\":\"https:\\\/\\\/dizagn.fr\\\/produit\\\/ch-germanaz-fauteuil-half-half-airborne-1968\\\/#breadcrumb\",\"itemListElement\":[{\"@type\":\"ListItem\",\"position\":1,\"name\":\"Accueil\",\"item\":\"https:\\\/\\\/dizagn.fr\\\/\"},{\"@type\":\"ListItem\",\"position\":2,\"name\":\"S\u00e9lection\",\"item\":\"https:\\\/\\\/dizagn.fr\\\/\"},{\"@type\":\"ListItem\",\"position\":3,\"name\":\"CH. GERMANAZ, fauteuils Half &#038; Half, Airborne, circa 1968\"}]},{\"@type\":\"WebSite\",\"@id\":\"https:\\\/\\\/dizagn.fr\\\/#website\",\"url\":\"https:\\\/\\\/dizagn.fr\\\/\",\"name\":\"DIZAGN\",\"description\":\"\",\"publisher\":{\"@id\":\"https:\\\/\\\/dizagn.fr\\\/#organization\"},\"potentialAction\":[{\"@type\":\"SearchAction\",\"target\":{\"@type\":\"EntryPoint\",\"urlTemplate\":\"https:\\\/\\\/dizagn.fr\\\/?s={search_term_string}\"},\"query-input\":{\"@type\":\"PropertyValueSpecification\",\"valueRequired\":true,\"valueName\":\"search_term_string\"}}],\"inLanguage\":\"en-GB\"},{\"@type\":\"Organization\",\"@id\":\"https:\\\/\\\/dizagn.fr\\\/#organization\",\"name\":\"DIZAGN\",\"url\":\"https:\\\/\\\/dizagn.fr\\\/\",\"logo\":{\"@type\":\"ImageObject\",\"inLanguage\":\"en-GB\",\"@id\":\"https:\\\/\\\/dizagn.fr\\\/#\\\/schema\\\/logo\\\/image\\\/\",\"url\":\"https:\\\/\\\/dizagn.fr\\\/wp-content\\\/uploads\\\/2023\\\/03\\\/logo-Dizagn.jpg\",\"contentUrl\":\"https:\\\/\\\/dizagn.fr\\\/wp-content\\\/uploads\\\/2023\\\/03\\\/logo-Dizagn.jpg\",\"width\":304,\"height\":95,\"caption\":\"DIZAGN\"},\"image\":{\"@id\":\"https:\\\/\\\/dizagn.fr\\\/#\\\/schema\\\/logo\\\/image\\\/\"}}]}<\/script>\n<!-- \/ Yoast SEO plugin. -->","yoast_head_json":{"title":"CH. GERMANAZ, fauteuils Half & Half, Airborne, circa 1968 - DIZAGN","robots":{"index":"index","follow":"follow","max-snippet":"max-snippet:-1","max-image-preview":"max-image-preview:large","max-video-preview":"max-video-preview:-1"},"canonical":"https:\/\/dizagn.fr\/en\/product\/ch-germanaz-fauteuil-half-half-airborne-1968\/","og_locale":"en_GB","og_type":"article","og_title":"CH. GERMANAZ, fauteuils Half & Half, Airborne, circa 1968 - DIZAGN","og_description":"GERMANAZ Christian (1940-)  Paire de fauteuils Half & Half, mod\u00e8l\u00e9 cr\u00e9\u00e9 en 1964, Airborne \u00e9diteur, France  Structure auto-portante bicoque en fibre de verre gelcoat blanc, caoutchouc noir, restaur\u00e9s  Larg. 80 x Prof. 47 x Haut. 67,5 cm","og_url":"https:\/\/dizagn.fr\/en\/product\/ch-germanaz-fauteuil-half-half-airborne-1968\/","og_site_name":"DIZAGN","article_modified_time":"2026-01-07T09:52:18+00:00","og_image":[{"width":2560,"height":2560,"url":"https:\/\/dizagn.fr\/wp-content\/uploads\/2026\/01\/GERMANAZ-christian-HALF-and-HALF-white-chair-1-scaled.jpg","type":"image\/jpeg"}],"twitter_card":"summary_large_image","twitter_misc":{"Estimated reading time":"1 minute"},"schema":{"@context":"https:\/\/schema.org","@graph":[{"@type":"WebPage","@id":"https:\/\/dizagn.fr\/produit\/ch-germanaz-fauteuil-half-half-airborne-1968\/","url":"https:\/\/dizagn.fr\/produit\/ch-germanaz-fauteuil-half-half-airborne-1968\/","name":"CH. GERMANAZ, fauteuils Half & Half, Airborne, circa 1968 - DIZAGN","isPartOf":{"@id":"https:\/\/dizagn.fr\/#website"},"primaryImageOfPage":{"@id":"https:\/\/dizagn.fr\/produit\/ch-germanaz-fauteuil-half-half-airborne-1968\/#primaryimage"},"image":{"@id":"https:\/\/dizagn.fr\/produit\/ch-germanaz-fauteuil-half-half-airborne-1968\/#primaryimage"},"thumbnailUrl":"https:\/\/dizagn.fr\/wp-content\/uploads\/2026\/01\/GERMANAZ-christian-HALF-and-HALF-white-chair-1-scaled.jpg","datePublished":"2026-01-03T21:21:24+00:00","dateModified":"2026-01-07T09:52:18+00:00","breadcrumb":{"@id":"https:\/\/dizagn.fr\/produit\/ch-germanaz-fauteuil-half-half-airborne-1968\/#breadcrumb"},"inLanguage":"en-GB","potentialAction":[{"@type":"ReadAction","target":["https:\/\/dizagn.fr\/produit\/ch-germanaz-fauteuil-half-half-airborne-1968\/"]}]},{"@type":"ImageObject","inLanguage":"en-GB","@id":"https:\/\/dizagn.fr\/produit\/ch-germanaz-fauteuil-half-half-airborne-1968\/#primaryimage","url":"https:\/\/dizagn.fr\/wp-content\/uploads\/2026\/01\/GERMANAZ-christian-HALF-and-HALF-white-chair-1-scaled.jpg","contentUrl":"https:\/\/dizagn.fr\/wp-content\/uploads\/2026\/01\/GERMANAZ-christian-HALF-and-HALF-white-chair-1-scaled.jpg","width":2560,"height":2560},{"@type":"BreadcrumbList","@id":"https:\/\/dizagn.fr\/produit\/ch-germanaz-fauteuil-half-half-airborne-1968\/#breadcrumb","itemListElement":[{"@type":"ListItem","position":1,"name":"Accueil","item":"https:\/\/dizagn.fr\/"},{"@type":"ListItem","position":2,"name":"S\u00e9lection","item":"https:\/\/dizagn.fr\/"},{"@type":"ListItem","position":3,"name":"CH. GERMANAZ, fauteuils Half &#038; Half, Airborne, circa 1968"}]},{"@type":"WebSite","@id":"https:\/\/dizagn.fr\/#website","url":"https:\/\/dizagn.fr\/","name":"DIZAGN","description":"","publisher":{"@id":"https:\/\/dizagn.fr\/#organization"},"potentialAction":[{"@type":"SearchAction","target":{"@type":"EntryPoint","urlTemplate":"https:\/\/dizagn.fr\/?s={search_term_string}"},"query-input":{"@type":"PropertyValueSpecification","valueRequired":true,"valueName":"search_term_string"}}],"inLanguage":"en-GB"},{"@type":"Organization","@id":"https:\/\/dizagn.fr\/#organization","name":"DIZAGN","url":"https:\/\/dizagn.fr\/","logo":{"@type":"ImageObject","inLanguage":"en-GB","@id":"https:\/\/dizagn.fr\/#\/schema\/logo\/image\/","url":"https:\/\/dizagn.fr\/wp-content\/uploads\/2023\/03\/logo-Dizagn.jpg","contentUrl":"https:\/\/dizagn.fr\/wp-content\/uploads\/2023\/03\/logo-Dizagn.jpg","width":304,"height":95,"caption":"DIZAGN"},"image":{"@id":"https:\/\/dizagn.fr\/#\/schema\/logo\/image\/"}}]}},"_links":{"self":[{"href":"https:\/\/dizagn.fr\/en\/wp-json\/wp\/v2\/product\/1369","targetHints":{"allow":["GET"]}}],"collection":[{"href":"https:\/\/dizagn.fr\/en\/wp-json\/wp\/v2\/product"}],"about":[{"href":"https:\/\/dizagn.fr\/en\/wp-json\/wp\/v2\/types\/product"}],"wp:featuredmedia":[{"embeddable":true,"href":"https:\/\/dizagn.fr\/en\/wp-json\/wp\/v2\/media\/2075"}],"wp:attachment":[{"href":"https:\/\/dizagn.fr\/en\/wp-json\/wp\/v2\/media?parent=1369"}],"wp:term":[{"taxonomy":"product_brand","embeddable":true,"href":"https:\/\/dizagn.fr\/en\/wp-json\/wp\/v2\/product_brand?post=1369"},{"taxonomy":"product_cat","embeddable":true,"href":"https:\/\/dizagn.fr\/en\/wp-json\/wp\/v2\/product_cat?post=1369"},{"taxonomy":"product_tag","embeddable":true,"href":"https:\/\/dizagn.fr\/en\/wp-json\/wp\/v2\/product_tag?post=1369"}],"curies":[{"name":"wp","href":"https:\/\/api.w.org\/{rel}","templated":true}]}}