{"id":1336,"date":"2024-05-07T13:08:58","date_gmt":"2024-05-07T11:08:58","guid":{"rendered":"http:\/\/dizagn.fr\/?post_type=product&#038;p=1336"},"modified":"2024-11-10T09:24:27","modified_gmt":"2024-11-10T08:24:27","slug":"michel-boyer-bougeoir-rouve-ed-france-1968","status":"publish","type":"product","link":"https:\/\/dizagn.fr\/en\/product\/michel-boyer-bougeoir-rouve-ed-france-1968\/","title":{"rendered":"MICHEL BOYER, CANDLESTICK, ROUVE ED., FRANCE, 1968"},"content":{"rendered":"<p>Condition report: <\/p>\n<p>Good overall condition, chrome-plated metal in good condition, slight scratches and wear marks. Traces of oxidation and wax. <\/p>\n<p>Biography: <\/p>\n<p>Michel Boyer de Rebeval, known as Michel Boyer, was born in Paris in 1935 into a family of craftsmen and architects. He studied at the Ecole Nationale Sup\u00e9rieure des Arts D\u00e9coratifs, where his teacher included Andr\u00e9 Arbus. In 1957, he completed his training as an interior architect, decorator and designer at the Ecole des Beaux-Arts.<\/p>\n<p>In 1960, he was hired by architect Pierre Dufau, where he worked with Max Abramovitz to complete the Palais des Sports in Paris. Five years later, he took part in the reconstruction of the Rothschild Bank; once the building was completed, he was put in charge of interior architecture and fittings; his work was highly acclaimed. Michel Boyer subsequently set up his own company, designing head offices for a number of banks, including Paribas, Citibank and Cr\u00e9dit Lyonnais.<\/p>\n<p>Committed to the quality of his creations, from 1968 onwards he distributed and exhibited his furniture, lighting fixtures and objects, including the \u201cX\u201d stool in bent and curved steel and the \u201cPLM\u201d heating units at the Galerie Rouve on rue Bonaparte in Paris. He also presents creations by Yonel Lebovici and Italian designers. His preferred materials are steel, laminate and lacquer. Success was immediate.<\/p>\n<p>At the same time, Michel Boyer works with major brands such as Lanvin, Dior, Balmain and Mo\u00ebt &amp; Chandon. He designed residences for prestigious clients such as Liliane and Andr\u00e9 Bettencourt in Neuilly-sur-Seine and Karim Aga Khan in Porto Cervo, as well as palaces in the Middle East. In 1975, he designed the French diplomatic representation in Brasilia, followed by Washington ten years later.<\/p>\n<p>In 1978, he won the Ren\u00e9 Gabriel prize, and in 1992 was named President of the Soci\u00e9t\u00e9 des Artistes D\u00e9corateurs. He died in Paris on January 10, 2011.<\/p>","protected":false},"excerpt":{"rendered":"<p>Michel Boyer (1935-2011)<br \/>\nCandlestick, Rouve edition, France, 1968<br \/>\nChromed metal<br \/>\nHeight. 22 x Diam. 28,5 cm<br \/>\nTwo available<\/p>","protected":false},"featured_media":1343,"template":"","meta":{"_et_pb_use_builder":"","_et_pb_old_content":"","_et_gb_content_width":""},"product_brand":[],"product_cat":[18],"product_tag":[],"class_list":{"0":"post-1336","1":"product","2":"type-product","3":"status-publish","4":"has-post-thumbnail","6":"product_cat-selection","8":"first","9":"instock","10":"shipping-taxable","11":"purchasable","12":"product-type-simple"},"yoast_head":"<!-- This site is optimized with the Yoast SEO plugin v27.4 - https:\/\/yoast.com\/product\/yoast-seo-wordpress\/ -->\n<title>MICHEL BOYER, BOUGEOIR, ROUVE ED., FRANCE, 1968 - DIZAGN<\/title>\n<meta name=\"robots\" content=\"index, follow, max-snippet:-1, max-image-preview:large, max-video-preview:-1\" \/>\n<link rel=\"canonical\" href=\"https:\/\/dizagn.fr\/en\/product\/michel-boyer-bougeoir-rouve-ed-france-1968\/\" \/>\n<meta property=\"og:locale\" content=\"en_GB\" \/>\n<meta property=\"og:type\" content=\"article\" \/>\n<meta property=\"og:title\" content=\"MICHEL BOYER, BOUGEOIR, ROUVE ED., FRANCE, 1968 - DIZAGN\" \/>\n<meta property=\"og:description\" content=\"Michel Boyer (1935-2011) Bougeoir, Rouge \u00e9dition, 1968 M\u00e9tal chrom\u00e9 Haut. 22 x Diam. 28,5 cm  Deux exemplaires disponibles\" \/>\n<meta property=\"og:url\" content=\"https:\/\/dizagn.fr\/en\/product\/michel-boyer-bougeoir-rouve-ed-france-1968\/\" \/>\n<meta property=\"og:site_name\" content=\"DIZAGN\" \/>\n<meta property=\"article:modified_time\" content=\"2024-11-10T08:24:27+00:00\" \/>\n<meta property=\"og:image\" content=\"https:\/\/dizagn.fr\/wp-content\/uploads\/2024\/05\/BOYER-chandelier-1-1.jpg\" \/>\n\t<meta property=\"og:image:width\" content=\"1500\" \/>\n\t<meta property=\"og:image:height\" content=\"1500\" \/>\n\t<meta property=\"og:image:type\" content=\"image\/jpeg\" \/>\n<meta name=\"twitter:card\" content=\"summary_large_image\" \/>\n<meta name=\"twitter:label1\" content=\"Estimated reading time\" \/>\n\t<meta name=\"twitter:data1\" content=\"1 minute\" \/>\n<script type=\"application\/ld+json\" class=\"yoast-schema-graph\">{\"@context\":\"https:\\\/\\\/schema.org\",\"@graph\":[{\"@type\":\"WebPage\",\"@id\":\"https:\\\/\\\/dizagn.fr\\\/produit\\\/michel-boyer-bougeoir-rouve-ed-france-1968\\\/\",\"url\":\"https:\\\/\\\/dizagn.fr\\\/produit\\\/michel-boyer-bougeoir-rouve-ed-france-1968\\\/\",\"name\":\"MICHEL BOYER, BOUGEOIR, ROUVE ED., FRANCE, 1968 - DIZAGN\",\"isPartOf\":{\"@id\":\"https:\\\/\\\/dizagn.fr\\\/#website\"},\"primaryImageOfPage\":{\"@id\":\"https:\\\/\\\/dizagn.fr\\\/produit\\\/michel-boyer-bougeoir-rouve-ed-france-1968\\\/#primaryimage\"},\"image\":{\"@id\":\"https:\\\/\\\/dizagn.fr\\\/produit\\\/michel-boyer-bougeoir-rouve-ed-france-1968\\\/#primaryimage\"},\"thumbnailUrl\":\"https:\\\/\\\/dizagn.fr\\\/wp-content\\\/uploads\\\/2024\\\/05\\\/BOYER-chandelier-1-1.jpg\",\"datePublished\":\"2024-05-07T11:08:58+00:00\",\"dateModified\":\"2024-11-10T08:24:27+00:00\",\"breadcrumb\":{\"@id\":\"https:\\\/\\\/dizagn.fr\\\/produit\\\/michel-boyer-bougeoir-rouve-ed-france-1968\\\/#breadcrumb\"},\"inLanguage\":\"en-GB\",\"potentialAction\":[{\"@type\":\"ReadAction\",\"target\":[\"https:\\\/\\\/dizagn.fr\\\/produit\\\/michel-boyer-bougeoir-rouve-ed-france-1968\\\/\"]}]},{\"@type\":\"ImageObject\",\"inLanguage\":\"en-GB\",\"@id\":\"https:\\\/\\\/dizagn.fr\\\/produit\\\/michel-boyer-bougeoir-rouve-ed-france-1968\\\/#primaryimage\",\"url\":\"https:\\\/\\\/dizagn.fr\\\/wp-content\\\/uploads\\\/2024\\\/05\\\/BOYER-chandelier-1-1.jpg\",\"contentUrl\":\"https:\\\/\\\/dizagn.fr\\\/wp-content\\\/uploads\\\/2024\\\/05\\\/BOYER-chandelier-1-1.jpg\",\"width\":1500,\"height\":1500},{\"@type\":\"BreadcrumbList\",\"@id\":\"https:\\\/\\\/dizagn.fr\\\/produit\\\/michel-boyer-bougeoir-rouve-ed-france-1968\\\/#breadcrumb\",\"itemListElement\":[{\"@type\":\"ListItem\",\"position\":1,\"name\":\"Accueil\",\"item\":\"https:\\\/\\\/dizagn.fr\\\/\"},{\"@type\":\"ListItem\",\"position\":2,\"name\":\"S\u00e9lection\",\"item\":\"https:\\\/\\\/dizagn.fr\\\/\"},{\"@type\":\"ListItem\",\"position\":3,\"name\":\"MICHEL BOYER, BOUGEOIR, ROUVE ED., FRANCE, 1968\"}]},{\"@type\":\"WebSite\",\"@id\":\"https:\\\/\\\/dizagn.fr\\\/#website\",\"url\":\"https:\\\/\\\/dizagn.fr\\\/\",\"name\":\"DIZAGN\",\"description\":\"\",\"publisher\":{\"@id\":\"https:\\\/\\\/dizagn.fr\\\/#organization\"},\"potentialAction\":[{\"@type\":\"SearchAction\",\"target\":{\"@type\":\"EntryPoint\",\"urlTemplate\":\"https:\\\/\\\/dizagn.fr\\\/?s={search_term_string}\"},\"query-input\":{\"@type\":\"PropertyValueSpecification\",\"valueRequired\":true,\"valueName\":\"search_term_string\"}}],\"inLanguage\":\"en-GB\"},{\"@type\":\"Organization\",\"@id\":\"https:\\\/\\\/dizagn.fr\\\/#organization\",\"name\":\"DIZAGN\",\"url\":\"https:\\\/\\\/dizagn.fr\\\/\",\"logo\":{\"@type\":\"ImageObject\",\"inLanguage\":\"en-GB\",\"@id\":\"https:\\\/\\\/dizagn.fr\\\/#\\\/schema\\\/logo\\\/image\\\/\",\"url\":\"https:\\\/\\\/dizagn.fr\\\/wp-content\\\/uploads\\\/2023\\\/03\\\/logo-Dizagn.jpg\",\"contentUrl\":\"https:\\\/\\\/dizagn.fr\\\/wp-content\\\/uploads\\\/2023\\\/03\\\/logo-Dizagn.jpg\",\"width\":304,\"height\":95,\"caption\":\"DIZAGN\"},\"image\":{\"@id\":\"https:\\\/\\\/dizagn.fr\\\/#\\\/schema\\\/logo\\\/image\\\/\"}}]}<\/script>\n<!-- \/ Yoast SEO plugin. -->","yoast_head_json":{"title":"MICHEL BOYER, BOUGEOIR, ROUVE ED., FRANCE, 1968 - DIZAGN","robots":{"index":"index","follow":"follow","max-snippet":"max-snippet:-1","max-image-preview":"max-image-preview:large","max-video-preview":"max-video-preview:-1"},"canonical":"https:\/\/dizagn.fr\/en\/product\/michel-boyer-bougeoir-rouve-ed-france-1968\/","og_locale":"en_GB","og_type":"article","og_title":"MICHEL BOYER, BOUGEOIR, ROUVE ED., FRANCE, 1968 - DIZAGN","og_description":"Michel Boyer (1935-2011) Bougeoir, Rouge \u00e9dition, 1968 M\u00e9tal chrom\u00e9 Haut. 22 x Diam. 28,5 cm  Deux exemplaires disponibles","og_url":"https:\/\/dizagn.fr\/en\/product\/michel-boyer-bougeoir-rouve-ed-france-1968\/","og_site_name":"DIZAGN","article_modified_time":"2024-11-10T08:24:27+00:00","og_image":[{"width":1500,"height":1500,"url":"https:\/\/dizagn.fr\/wp-content\/uploads\/2024\/05\/BOYER-chandelier-1-1.jpg","type":"image\/jpeg"}],"twitter_card":"summary_large_image","twitter_misc":{"Estimated reading time":"1 minute"},"schema":{"@context":"https:\/\/schema.org","@graph":[{"@type":"WebPage","@id":"https:\/\/dizagn.fr\/produit\/michel-boyer-bougeoir-rouve-ed-france-1968\/","url":"https:\/\/dizagn.fr\/produit\/michel-boyer-bougeoir-rouve-ed-france-1968\/","name":"MICHEL BOYER, BOUGEOIR, ROUVE ED., FRANCE, 1968 - DIZAGN","isPartOf":{"@id":"https:\/\/dizagn.fr\/#website"},"primaryImageOfPage":{"@id":"https:\/\/dizagn.fr\/produit\/michel-boyer-bougeoir-rouve-ed-france-1968\/#primaryimage"},"image":{"@id":"https:\/\/dizagn.fr\/produit\/michel-boyer-bougeoir-rouve-ed-france-1968\/#primaryimage"},"thumbnailUrl":"https:\/\/dizagn.fr\/wp-content\/uploads\/2024\/05\/BOYER-chandelier-1-1.jpg","datePublished":"2024-05-07T11:08:58+00:00","dateModified":"2024-11-10T08:24:27+00:00","breadcrumb":{"@id":"https:\/\/dizagn.fr\/produit\/michel-boyer-bougeoir-rouve-ed-france-1968\/#breadcrumb"},"inLanguage":"en-GB","potentialAction":[{"@type":"ReadAction","target":["https:\/\/dizagn.fr\/produit\/michel-boyer-bougeoir-rouve-ed-france-1968\/"]}]},{"@type":"ImageObject","inLanguage":"en-GB","@id":"https:\/\/dizagn.fr\/produit\/michel-boyer-bougeoir-rouve-ed-france-1968\/#primaryimage","url":"https:\/\/dizagn.fr\/wp-content\/uploads\/2024\/05\/BOYER-chandelier-1-1.jpg","contentUrl":"https:\/\/dizagn.fr\/wp-content\/uploads\/2024\/05\/BOYER-chandelier-1-1.jpg","width":1500,"height":1500},{"@type":"BreadcrumbList","@id":"https:\/\/dizagn.fr\/produit\/michel-boyer-bougeoir-rouve-ed-france-1968\/#breadcrumb","itemListElement":[{"@type":"ListItem","position":1,"name":"Accueil","item":"https:\/\/dizagn.fr\/"},{"@type":"ListItem","position":2,"name":"S\u00e9lection","item":"https:\/\/dizagn.fr\/"},{"@type":"ListItem","position":3,"name":"MICHEL BOYER, BOUGEOIR, ROUVE ED., FRANCE, 1968"}]},{"@type":"WebSite","@id":"https:\/\/dizagn.fr\/#website","url":"https:\/\/dizagn.fr\/","name":"DIZAGN","description":"","publisher":{"@id":"https:\/\/dizagn.fr\/#organization"},"potentialAction":[{"@type":"SearchAction","target":{"@type":"EntryPoint","urlTemplate":"https:\/\/dizagn.fr\/?s={search_term_string}"},"query-input":{"@type":"PropertyValueSpecification","valueRequired":true,"valueName":"search_term_string"}}],"inLanguage":"en-GB"},{"@type":"Organization","@id":"https:\/\/dizagn.fr\/#organization","name":"DIZAGN","url":"https:\/\/dizagn.fr\/","logo":{"@type":"ImageObject","inLanguage":"en-GB","@id":"https:\/\/dizagn.fr\/#\/schema\/logo\/image\/","url":"https:\/\/dizagn.fr\/wp-content\/uploads\/2023\/03\/logo-Dizagn.jpg","contentUrl":"https:\/\/dizagn.fr\/wp-content\/uploads\/2023\/03\/logo-Dizagn.jpg","width":304,"height":95,"caption":"DIZAGN"},"image":{"@id":"https:\/\/dizagn.fr\/#\/schema\/logo\/image\/"}}]}},"_links":{"self":[{"href":"https:\/\/dizagn.fr\/en\/wp-json\/wp\/v2\/product\/1336","targetHints":{"allow":["GET"]}}],"collection":[{"href":"https:\/\/dizagn.fr\/en\/wp-json\/wp\/v2\/product"}],"about":[{"href":"https:\/\/dizagn.fr\/en\/wp-json\/wp\/v2\/types\/product"}],"wp:featuredmedia":[{"embeddable":true,"href":"https:\/\/dizagn.fr\/en\/wp-json\/wp\/v2\/media\/1343"}],"wp:attachment":[{"href":"https:\/\/dizagn.fr\/en\/wp-json\/wp\/v2\/media?parent=1336"}],"wp:term":[{"taxonomy":"product_brand","embeddable":true,"href":"https:\/\/dizagn.fr\/en\/wp-json\/wp\/v2\/product_brand?post=1336"},{"taxonomy":"product_cat","embeddable":true,"href":"https:\/\/dizagn.fr\/en\/wp-json\/wp\/v2\/product_cat?post=1336"},{"taxonomy":"product_tag","embeddable":true,"href":"https:\/\/dizagn.fr\/en\/wp-json\/wp\/v2\/product_tag?post=1336"}],"curies":[{"name":"wp","href":"https:\/\/api.w.org\/{rel}","templated":true}]}}