{"id":1306,"date":"2026-02-19T10:11:06","date_gmt":"2026-02-19T09:11:06","guid":{"rendered":"http:\/\/dizagn.fr\/?post_type=product&#038;p=1306"},"modified":"2026-02-21T11:15:40","modified_gmt":"2026-02-21T10:15:40","slug":"coppola-silvio-paroi-lumineuse-commande-speciale-italie-circa-1976","status":"publish","type":"product","link":"https:\/\/dizagn.fr\/en\/product\/coppola-silvio-paroi-lumineuse-commande-speciale-italie-circa-1976\/","title":{"rendered":"SILVIO COPPOLA, Light wall, c. 1976"},"content":{"rendered":"<p>Reference: <\/p>\n<p>Provenance: from a special order, Hotel in Cervia (Italy)<\/p>\n<p>Condition report: <\/p>\n<p>Good condition, relacquered metal in original color<br \/>\nFunctional electrical system<\/p>\n<p>Biography: <\/p>\n<p>Silvio Coppola was born in Brindisi, Italy, in 1920 and graduated as an architect from the Polytechnic University of Milan. During his professional career, he achieved several professional goals, both in Italy and abroad, particularly in the field of shopping center architecture. He also devoted himself to interior design, graphic design, and visual communication, and was a member of the AGI (Art Directors Club of New York). <\/p>\n<p>He worked for major companies such as Bayer, Bernini, Montecatini, Monteschell, Zucchi, Cinzano, Alessi, Cassina, Parmalat, and Feltrinelli. In 1962, he received the La Palma d'Oro award for advertising and the Rizzoli award in 1966. He taught for several years at the Academy of Fine Arts in Carrara and at the Gesamthochschule in Essen. His success in the field of furniture is marked by refined woodwork and a touch of modernity brought to tradition. <\/p>\n<p>Silvio Coppola designed iconic furniture for Montina, Bernini, Cassina, and Artemide. In 1967, he founded an exhibition design group with Munari and Grignani to conduct research on design applied to trade shows, fairs, and museums. He died in his beloved city of Milan in 1985.<\/p>\n<p>Card payments accepted via Stripe \ud83d\udcb3<\/p>","protected":false},"excerpt":{"rendered":"<p>Silvio Coppola (1920-1986)<\/p>\n<p>Illuminated wall, special order, Italy, model created in 1976<\/p>\n<p>Orange lacquered metal, white lacquered chipboard panel, fabric<\/p>\n<p>Haut. Totale 190 x Larg. 63 x Prof. 37 cm<\/p>\n<p>Several available<\/p>","protected":false},"featured_media":2149,"template":"","meta":{"_et_pb_use_builder":"","_et_pb_old_content":"","_et_gb_content_width":""},"product_brand":[],"product_cat":[18],"product_tag":[44],"class_list":{"0":"post-1306","1":"product","2":"type-product","3":"status-publish","4":"has-post-thumbnail","6":"product_cat-selection","7":"product_tag-nouveau","9":"first","10":"instock","11":"shipping-taxable","12":"purchasable","13":"product-type-simple"},"yoast_head":"<!-- This site is optimized with the Yoast SEO plugin v27.1.1 - https:\/\/yoast.com\/product\/yoast-seo-wordpress\/ -->\n<title>SILVIO COPPOLA, Paroi lumineuse, C. 1976 - DIZAGN<\/title>\n<meta name=\"robots\" content=\"index, follow, max-snippet:-1, max-image-preview:large, max-video-preview:-1\" \/>\n<link rel=\"canonical\" href=\"https:\/\/dizagn.fr\/en\/product\/coppola-silvio-paroi-lumineuse-commande-speciale-italie-circa-1976\/\" \/>\n<meta property=\"og:locale\" content=\"en_GB\" \/>\n<meta property=\"og:type\" content=\"article\" \/>\n<meta property=\"og:title\" content=\"SILVIO COPPOLA, Paroi lumineuse, C. 1976 - DIZAGN\" \/>\n<meta property=\"og:description\" content=\"Silvio Coppola (1920-1986)  Paroi lumineuse, commande sp\u00e9ciale, Italie, mod\u00e8le cr\u00e9\u00e9 en 1976  M\u00e9tal laqu\u00e9 orange, panneau agglom\u00e9r\u00e9 laqu\u00e9, tissu  Haut. Totale 190 x Larg. 63 x Prof. 37 cm  Plusieurs exemplaires disponibles\" \/>\n<meta property=\"og:url\" content=\"https:\/\/dizagn.fr\/en\/product\/coppola-silvio-paroi-lumineuse-commande-speciale-italie-circa-1976\/\" \/>\n<meta property=\"og:site_name\" content=\"DIZAGN\" \/>\n<meta property=\"article:modified_time\" content=\"2026-02-21T10:15:40+00:00\" \/>\n<meta property=\"og:image\" content=\"https:\/\/dizagn.fr\/wp-content\/uploads\/2026\/02\/COPPOLA-Silvio-wall-light-4-scaled.jpg\" \/>\n\t<meta property=\"og:image:width\" content=\"2560\" \/>\n\t<meta property=\"og:image:height\" content=\"2560\" \/>\n\t<meta property=\"og:image:type\" content=\"image\/jpeg\" \/>\n<meta name=\"twitter:card\" content=\"summary_large_image\" \/>\n<meta name=\"twitter:label1\" content=\"Estimated reading time\" \/>\n\t<meta name=\"twitter:data1\" content=\"2 minutes\" \/>\n<script type=\"application\/ld+json\" class=\"yoast-schema-graph\">{\"@context\":\"https:\/\/schema.org\",\"@graph\":[{\"@type\":\"WebPage\",\"@id\":\"https:\/\/dizagn.fr\/produit\/coppola-silvio-paroi-lumineuse-commande-speciale-italie-circa-1976\/\",\"url\":\"https:\/\/dizagn.fr\/produit\/coppola-silvio-paroi-lumineuse-commande-speciale-italie-circa-1976\/\",\"name\":\"SILVIO COPPOLA, Paroi lumineuse, C. 1976 - DIZAGN\",\"isPartOf\":{\"@id\":\"https:\/\/dizagn.fr\/#website\"},\"primaryImageOfPage\":{\"@id\":\"https:\/\/dizagn.fr\/produit\/coppola-silvio-paroi-lumineuse-commande-speciale-italie-circa-1976\/#primaryimage\"},\"image\":{\"@id\":\"https:\/\/dizagn.fr\/produit\/coppola-silvio-paroi-lumineuse-commande-speciale-italie-circa-1976\/#primaryimage\"},\"thumbnailUrl\":\"https:\/\/dizagn.fr\/wp-content\/uploads\/2026\/02\/COPPOLA-Silvio-wall-light-4-scaled.jpg\",\"datePublished\":\"2026-02-19T09:11:06+00:00\",\"dateModified\":\"2026-02-21T10:15:40+00:00\",\"breadcrumb\":{\"@id\":\"https:\/\/dizagn.fr\/produit\/coppola-silvio-paroi-lumineuse-commande-speciale-italie-circa-1976\/#breadcrumb\"},\"inLanguage\":\"en-GB\",\"potentialAction\":[{\"@type\":\"ReadAction\",\"target\":[\"https:\/\/dizagn.fr\/produit\/coppola-silvio-paroi-lumineuse-commande-speciale-italie-circa-1976\/\"]}]},{\"@type\":\"ImageObject\",\"inLanguage\":\"en-GB\",\"@id\":\"https:\/\/dizagn.fr\/produit\/coppola-silvio-paroi-lumineuse-commande-speciale-italie-circa-1976\/#primaryimage\",\"url\":\"https:\/\/dizagn.fr\/wp-content\/uploads\/2026\/02\/COPPOLA-Silvio-wall-light-4-scaled.jpg\",\"contentUrl\":\"https:\/\/dizagn.fr\/wp-content\/uploads\/2026\/02\/COPPOLA-Silvio-wall-light-4-scaled.jpg\",\"width\":2560,\"height\":2560},{\"@type\":\"BreadcrumbList\",\"@id\":\"https:\/\/dizagn.fr\/produit\/coppola-silvio-paroi-lumineuse-commande-speciale-italie-circa-1976\/#breadcrumb\",\"itemListElement\":[{\"@type\":\"ListItem\",\"position\":1,\"name\":\"Accueil\",\"item\":\"https:\/\/dizagn.fr\/\"},{\"@type\":\"ListItem\",\"position\":2,\"name\":\"S\u00e9lection\",\"item\":\"https:\/\/dizagn.fr\/\"},{\"@type\":\"ListItem\",\"position\":3,\"name\":\"SILVIO COPPOLA, Paroi lumineuse, C. 1976\"}]},{\"@type\":\"WebSite\",\"@id\":\"https:\/\/dizagn.fr\/#website\",\"url\":\"https:\/\/dizagn.fr\/\",\"name\":\"DIZAGN\",\"description\":\"\",\"potentialAction\":[{\"@type\":\"SearchAction\",\"target\":{\"@type\":\"EntryPoint\",\"urlTemplate\":\"https:\/\/dizagn.fr\/?s={search_term_string}\"},\"query-input\":{\"@type\":\"PropertyValueSpecification\",\"valueRequired\":true,\"valueName\":\"search_term_string\"}}],\"inLanguage\":\"en-GB\"}]}<\/script>\n<!-- \/ Yoast SEO plugin. -->","yoast_head_json":{"title":"SILVIO COPPOLA, Paroi lumineuse, C. 1976 - DIZAGN","robots":{"index":"index","follow":"follow","max-snippet":"max-snippet:-1","max-image-preview":"max-image-preview:large","max-video-preview":"max-video-preview:-1"},"canonical":"https:\/\/dizagn.fr\/en\/product\/coppola-silvio-paroi-lumineuse-commande-speciale-italie-circa-1976\/","og_locale":"en_GB","og_type":"article","og_title":"SILVIO COPPOLA, Paroi lumineuse, C. 1976 - DIZAGN","og_description":"Silvio Coppola (1920-1986)  Paroi lumineuse, commande sp\u00e9ciale, Italie, mod\u00e8le cr\u00e9\u00e9 en 1976  M\u00e9tal laqu\u00e9 orange, panneau agglom\u00e9r\u00e9 laqu\u00e9, tissu  Haut. Totale 190 x Larg. 63 x Prof. 37 cm  Plusieurs exemplaires disponibles","og_url":"https:\/\/dizagn.fr\/en\/product\/coppola-silvio-paroi-lumineuse-commande-speciale-italie-circa-1976\/","og_site_name":"DIZAGN","article_modified_time":"2026-02-21T10:15:40+00:00","og_image":[{"width":2560,"height":2560,"url":"https:\/\/dizagn.fr\/wp-content\/uploads\/2026\/02\/COPPOLA-Silvio-wall-light-4-scaled.jpg","type":"image\/jpeg"}],"twitter_card":"summary_large_image","twitter_misc":{"Estimated reading time":"2 minutes"},"schema":{"@context":"https:\/\/schema.org","@graph":[{"@type":"WebPage","@id":"https:\/\/dizagn.fr\/produit\/coppola-silvio-paroi-lumineuse-commande-speciale-italie-circa-1976\/","url":"https:\/\/dizagn.fr\/produit\/coppola-silvio-paroi-lumineuse-commande-speciale-italie-circa-1976\/","name":"SILVIO COPPOLA, Paroi lumineuse, C. 1976 - DIZAGN","isPartOf":{"@id":"https:\/\/dizagn.fr\/#website"},"primaryImageOfPage":{"@id":"https:\/\/dizagn.fr\/produit\/coppola-silvio-paroi-lumineuse-commande-speciale-italie-circa-1976\/#primaryimage"},"image":{"@id":"https:\/\/dizagn.fr\/produit\/coppola-silvio-paroi-lumineuse-commande-speciale-italie-circa-1976\/#primaryimage"},"thumbnailUrl":"https:\/\/dizagn.fr\/wp-content\/uploads\/2026\/02\/COPPOLA-Silvio-wall-light-4-scaled.jpg","datePublished":"2026-02-19T09:11:06+00:00","dateModified":"2026-02-21T10:15:40+00:00","breadcrumb":{"@id":"https:\/\/dizagn.fr\/produit\/coppola-silvio-paroi-lumineuse-commande-speciale-italie-circa-1976\/#breadcrumb"},"inLanguage":"en-GB","potentialAction":[{"@type":"ReadAction","target":["https:\/\/dizagn.fr\/produit\/coppola-silvio-paroi-lumineuse-commande-speciale-italie-circa-1976\/"]}]},{"@type":"ImageObject","inLanguage":"en-GB","@id":"https:\/\/dizagn.fr\/produit\/coppola-silvio-paroi-lumineuse-commande-speciale-italie-circa-1976\/#primaryimage","url":"https:\/\/dizagn.fr\/wp-content\/uploads\/2026\/02\/COPPOLA-Silvio-wall-light-4-scaled.jpg","contentUrl":"https:\/\/dizagn.fr\/wp-content\/uploads\/2026\/02\/COPPOLA-Silvio-wall-light-4-scaled.jpg","width":2560,"height":2560},{"@type":"BreadcrumbList","@id":"https:\/\/dizagn.fr\/produit\/coppola-silvio-paroi-lumineuse-commande-speciale-italie-circa-1976\/#breadcrumb","itemListElement":[{"@type":"ListItem","position":1,"name":"Accueil","item":"https:\/\/dizagn.fr\/"},{"@type":"ListItem","position":2,"name":"S\u00e9lection","item":"https:\/\/dizagn.fr\/"},{"@type":"ListItem","position":3,"name":"SILVIO COPPOLA, Paroi lumineuse, C. 1976"}]},{"@type":"WebSite","@id":"https:\/\/dizagn.fr\/#website","url":"https:\/\/dizagn.fr\/","name":"DIZAGN","description":"","potentialAction":[{"@type":"SearchAction","target":{"@type":"EntryPoint","urlTemplate":"https:\/\/dizagn.fr\/?s={search_term_string}"},"query-input":{"@type":"PropertyValueSpecification","valueRequired":true,"valueName":"search_term_string"}}],"inLanguage":"en-GB"}]}},"_links":{"self":[{"href":"https:\/\/dizagn.fr\/en\/wp-json\/wp\/v2\/product\/1306","targetHints":{"allow":["GET"]}}],"collection":[{"href":"https:\/\/dizagn.fr\/en\/wp-json\/wp\/v2\/product"}],"about":[{"href":"https:\/\/dizagn.fr\/en\/wp-json\/wp\/v2\/types\/product"}],"wp:featuredmedia":[{"embeddable":true,"href":"https:\/\/dizagn.fr\/en\/wp-json\/wp\/v2\/media\/2149"}],"wp:attachment":[{"href":"https:\/\/dizagn.fr\/en\/wp-json\/wp\/v2\/media?parent=1306"}],"wp:term":[{"taxonomy":"product_brand","embeddable":true,"href":"https:\/\/dizagn.fr\/en\/wp-json\/wp\/v2\/product_brand?post=1306"},{"taxonomy":"product_cat","embeddable":true,"href":"https:\/\/dizagn.fr\/en\/wp-json\/wp\/v2\/product_cat?post=1306"},{"taxonomy":"product_tag","embeddable":true,"href":"https:\/\/dizagn.fr\/en\/wp-json\/wp\/v2\/product_tag?post=1306"}],"curies":[{"name":"wp","href":"https:\/\/api.w.org\/{rel}","templated":true}]}}