{"id":1266,"date":"2024-04-11T11:05:28","date_gmt":"2024-04-11T09:05:28","guid":{"rendered":"http:\/\/dizagn.fr\/?post_type=product&#038;p=1266"},"modified":"2024-11-10T09:24:52","modified_gmt":"2024-11-10T08:24:52","slug":"pierre-guariche-bridge-vampire-steiner-ed-c-1953","status":"publish","type":"product","link":"https:\/\/dizagn.fr\/en\/product\/pierre-guariche-bridge-vampire-steiner-ed-c-1953\/","title":{"rendered":"PIERRE GUARICHE, VAMPIRE ARMCHAIR, STEINER ED., C.1953"},"content":{"rendered":"<p>Literature: <\/p>\n<p>Archives Pierre Guariche, Paris<br \/>\nDELIGNY Pierre, Airborne: le design made in France 1945-1975, \u00e9ditions Les Modernistes, Paris, 2012.<br \/>\nBLAISSE Lionel Blaisse , JACOB Delphine Jacob , JEAUNEAU Aur\u00e9lien, Pierre Guariche, ed. Norma, Paris, 2020 <\/p>\n<p>Reference: <\/p>\n<p>Collection Publique, Mus\u00e9e national d&rsquo;art moderne \/ Centre de cr\u00e9ation industrielle,<br \/>\nDon du designer 1993, Inv. : AM 1993-1-629<\/p>\n<p>Condition report: <\/p>\n<p>\u00c9tat d\u2019origine. Belle patine de l\u2019ensemble.<br \/>\nRayures, marques d\u2019usage et sauts de laque. Traces d\u2019oxydation.<br \/>\nAssise l\u00e9g\u00e8rement d\u00e9sax\u00e9 au pi\u00e8tement. Prototype ?<br \/>\nUn accident \u00e0 la r\u00e9sine en partie sup\u00e9rieur du dossier, voir photos. <\/p>","protected":false},"excerpt":{"rendered":"<p>Pierre Guariche (1926-1995)<br \/>\nBridge Vampire, Steiner \u00e9diteur, France, circa 1953<br \/>\nM\u00e9tal laqu\u00e9 noir et coque en r\u00e9sine de polyester arm\u00e9 laqu\u00e9 noir<br \/>\nHaut. 79 x Larg. 72 x Prof. 58 cm<\/p>","protected":false},"featured_media":1270,"template":"","meta":{"_et_pb_use_builder":"","_et_pb_old_content":"","_et_gb_content_width":""},"product_brand":[],"product_cat":[18],"product_tag":[],"class_list":{"0":"post-1266","1":"product","2":"type-product","3":"status-publish","4":"has-post-thumbnail","6":"product_cat-selection","8":"first","9":"instock","10":"shipping-taxable","11":"purchasable","12":"product-type-simple"},"yoast_head":"<!-- This site is optimized with the Yoast SEO plugin v27.4 - https:\/\/yoast.com\/product\/yoast-seo-wordpress\/ -->\n<title>PIERRE GUARICHE, BRIDGE VAMPIRE, STEINER ED., C.1953 - DIZAGN<\/title>\n<meta name=\"robots\" content=\"index, follow, max-snippet:-1, max-image-preview:large, max-video-preview:-1\" \/>\n<link rel=\"canonical\" href=\"https:\/\/dizagn.fr\/en\/product\/pierre-guariche-bridge-vampire-steiner-ed-c-1953\/\" \/>\n<meta property=\"og:locale\" content=\"en_GB\" \/>\n<meta property=\"og:type\" content=\"article\" \/>\n<meta property=\"og:title\" content=\"PIERRE GUARICHE, BRIDGE VAMPIRE, STEINER ED., C.1953 - DIZAGN\" \/>\n<meta property=\"og:description\" content=\"Pierre Guariche (1926-1995)  Bridge Vampire, Steiner \u00e9diteur, France, circa 1953 M\u00e9tal laqu\u00e9 noir et coque en r\u00e9sine de polyester arm\u00e9 laqu\u00e9 noir Haut. 79 x Larg. 72 x Prof. 58 cm\" \/>\n<meta property=\"og:url\" content=\"https:\/\/dizagn.fr\/en\/product\/pierre-guariche-bridge-vampire-steiner-ed-c-1953\/\" \/>\n<meta property=\"og:site_name\" content=\"DIZAGN\" \/>\n<meta property=\"article:modified_time\" content=\"2024-11-10T08:24:52+00:00\" \/>\n<meta property=\"og:image\" content=\"https:\/\/dizagn.fr\/wp-content\/uploads\/2024\/04\/GUARICHE-bridge-VAMPIRE-1.jpg\" \/>\n\t<meta property=\"og:image:width\" content=\"1000\" \/>\n\t<meta property=\"og:image:height\" content=\"1000\" \/>\n\t<meta property=\"og:image:type\" content=\"image\/jpeg\" \/>\n<meta name=\"twitter:card\" content=\"summary_large_image\" \/>\n<meta name=\"twitter:label1\" content=\"Estimated reading time\" \/>\n\t<meta name=\"twitter:data1\" content=\"1 minute\" \/>\n<script type=\"application\/ld+json\" class=\"yoast-schema-graph\">{\"@context\":\"https:\\\/\\\/schema.org\",\"@graph\":[{\"@type\":\"WebPage\",\"@id\":\"https:\\\/\\\/dizagn.fr\\\/produit\\\/pierre-guariche-bridge-vampire-steiner-ed-c-1953\\\/\",\"url\":\"https:\\\/\\\/dizagn.fr\\\/produit\\\/pierre-guariche-bridge-vampire-steiner-ed-c-1953\\\/\",\"name\":\"PIERRE GUARICHE, BRIDGE VAMPIRE, STEINER ED., C.1953 - DIZAGN\",\"isPartOf\":{\"@id\":\"https:\\\/\\\/dizagn.fr\\\/#website\"},\"primaryImageOfPage\":{\"@id\":\"https:\\\/\\\/dizagn.fr\\\/produit\\\/pierre-guariche-bridge-vampire-steiner-ed-c-1953\\\/#primaryimage\"},\"image\":{\"@id\":\"https:\\\/\\\/dizagn.fr\\\/produit\\\/pierre-guariche-bridge-vampire-steiner-ed-c-1953\\\/#primaryimage\"},\"thumbnailUrl\":\"https:\\\/\\\/dizagn.fr\\\/wp-content\\\/uploads\\\/2024\\\/04\\\/GUARICHE-bridge-VAMPIRE-1.jpg\",\"datePublished\":\"2024-04-11T09:05:28+00:00\",\"dateModified\":\"2024-11-10T08:24:52+00:00\",\"breadcrumb\":{\"@id\":\"https:\\\/\\\/dizagn.fr\\\/produit\\\/pierre-guariche-bridge-vampire-steiner-ed-c-1953\\\/#breadcrumb\"},\"inLanguage\":\"en-GB\",\"potentialAction\":[{\"@type\":\"ReadAction\",\"target\":[\"https:\\\/\\\/dizagn.fr\\\/produit\\\/pierre-guariche-bridge-vampire-steiner-ed-c-1953\\\/\"]}]},{\"@type\":\"ImageObject\",\"inLanguage\":\"en-GB\",\"@id\":\"https:\\\/\\\/dizagn.fr\\\/produit\\\/pierre-guariche-bridge-vampire-steiner-ed-c-1953\\\/#primaryimage\",\"url\":\"https:\\\/\\\/dizagn.fr\\\/wp-content\\\/uploads\\\/2024\\\/04\\\/GUARICHE-bridge-VAMPIRE-1.jpg\",\"contentUrl\":\"https:\\\/\\\/dizagn.fr\\\/wp-content\\\/uploads\\\/2024\\\/04\\\/GUARICHE-bridge-VAMPIRE-1.jpg\",\"width\":1000,\"height\":1000},{\"@type\":\"BreadcrumbList\",\"@id\":\"https:\\\/\\\/dizagn.fr\\\/produit\\\/pierre-guariche-bridge-vampire-steiner-ed-c-1953\\\/#breadcrumb\",\"itemListElement\":[{\"@type\":\"ListItem\",\"position\":1,\"name\":\"Accueil\",\"item\":\"https:\\\/\\\/dizagn.fr\\\/\"},{\"@type\":\"ListItem\",\"position\":2,\"name\":\"S\u00e9lection\",\"item\":\"https:\\\/\\\/dizagn.fr\\\/\"},{\"@type\":\"ListItem\",\"position\":3,\"name\":\"PIERRE GUARICHE, BRIDGE VAMPIRE, STEINER ED., C.1953\"}]},{\"@type\":\"WebSite\",\"@id\":\"https:\\\/\\\/dizagn.fr\\\/#website\",\"url\":\"https:\\\/\\\/dizagn.fr\\\/\",\"name\":\"DIZAGN\",\"description\":\"\",\"publisher\":{\"@id\":\"https:\\\/\\\/dizagn.fr\\\/#organization\"},\"potentialAction\":[{\"@type\":\"SearchAction\",\"target\":{\"@type\":\"EntryPoint\",\"urlTemplate\":\"https:\\\/\\\/dizagn.fr\\\/?s={search_term_string}\"},\"query-input\":{\"@type\":\"PropertyValueSpecification\",\"valueRequired\":true,\"valueName\":\"search_term_string\"}}],\"inLanguage\":\"en-GB\"},{\"@type\":\"Organization\",\"@id\":\"https:\\\/\\\/dizagn.fr\\\/#organization\",\"name\":\"DIZAGN\",\"url\":\"https:\\\/\\\/dizagn.fr\\\/\",\"logo\":{\"@type\":\"ImageObject\",\"inLanguage\":\"en-GB\",\"@id\":\"https:\\\/\\\/dizagn.fr\\\/#\\\/schema\\\/logo\\\/image\\\/\",\"url\":\"https:\\\/\\\/dizagn.fr\\\/wp-content\\\/uploads\\\/2023\\\/03\\\/logo-Dizagn.jpg\",\"contentUrl\":\"https:\\\/\\\/dizagn.fr\\\/wp-content\\\/uploads\\\/2023\\\/03\\\/logo-Dizagn.jpg\",\"width\":304,\"height\":95,\"caption\":\"DIZAGN\"},\"image\":{\"@id\":\"https:\\\/\\\/dizagn.fr\\\/#\\\/schema\\\/logo\\\/image\\\/\"}}]}<\/script>\n<!-- \/ Yoast SEO plugin. -->","yoast_head_json":{"title":"PIERRE GUARICHE, BRIDGE VAMPIRE, STEINER ED., C.1953 - DIZAGN","robots":{"index":"index","follow":"follow","max-snippet":"max-snippet:-1","max-image-preview":"max-image-preview:large","max-video-preview":"max-video-preview:-1"},"canonical":"https:\/\/dizagn.fr\/en\/product\/pierre-guariche-bridge-vampire-steiner-ed-c-1953\/","og_locale":"en_GB","og_type":"article","og_title":"PIERRE GUARICHE, BRIDGE VAMPIRE, STEINER ED., C.1953 - DIZAGN","og_description":"Pierre Guariche (1926-1995)  Bridge Vampire, Steiner \u00e9diteur, France, circa 1953 M\u00e9tal laqu\u00e9 noir et coque en r\u00e9sine de polyester arm\u00e9 laqu\u00e9 noir Haut. 79 x Larg. 72 x Prof. 58 cm","og_url":"https:\/\/dizagn.fr\/en\/product\/pierre-guariche-bridge-vampire-steiner-ed-c-1953\/","og_site_name":"DIZAGN","article_modified_time":"2024-11-10T08:24:52+00:00","og_image":[{"width":1000,"height":1000,"url":"https:\/\/dizagn.fr\/wp-content\/uploads\/2024\/04\/GUARICHE-bridge-VAMPIRE-1.jpg","type":"image\/jpeg"}],"twitter_card":"summary_large_image","twitter_misc":{"Estimated reading time":"1 minute"},"schema":{"@context":"https:\/\/schema.org","@graph":[{"@type":"WebPage","@id":"https:\/\/dizagn.fr\/produit\/pierre-guariche-bridge-vampire-steiner-ed-c-1953\/","url":"https:\/\/dizagn.fr\/produit\/pierre-guariche-bridge-vampire-steiner-ed-c-1953\/","name":"PIERRE GUARICHE, BRIDGE VAMPIRE, STEINER ED., C.1953 - DIZAGN","isPartOf":{"@id":"https:\/\/dizagn.fr\/#website"},"primaryImageOfPage":{"@id":"https:\/\/dizagn.fr\/produit\/pierre-guariche-bridge-vampire-steiner-ed-c-1953\/#primaryimage"},"image":{"@id":"https:\/\/dizagn.fr\/produit\/pierre-guariche-bridge-vampire-steiner-ed-c-1953\/#primaryimage"},"thumbnailUrl":"https:\/\/dizagn.fr\/wp-content\/uploads\/2024\/04\/GUARICHE-bridge-VAMPIRE-1.jpg","datePublished":"2024-04-11T09:05:28+00:00","dateModified":"2024-11-10T08:24:52+00:00","breadcrumb":{"@id":"https:\/\/dizagn.fr\/produit\/pierre-guariche-bridge-vampire-steiner-ed-c-1953\/#breadcrumb"},"inLanguage":"en-GB","potentialAction":[{"@type":"ReadAction","target":["https:\/\/dizagn.fr\/produit\/pierre-guariche-bridge-vampire-steiner-ed-c-1953\/"]}]},{"@type":"ImageObject","inLanguage":"en-GB","@id":"https:\/\/dizagn.fr\/produit\/pierre-guariche-bridge-vampire-steiner-ed-c-1953\/#primaryimage","url":"https:\/\/dizagn.fr\/wp-content\/uploads\/2024\/04\/GUARICHE-bridge-VAMPIRE-1.jpg","contentUrl":"https:\/\/dizagn.fr\/wp-content\/uploads\/2024\/04\/GUARICHE-bridge-VAMPIRE-1.jpg","width":1000,"height":1000},{"@type":"BreadcrumbList","@id":"https:\/\/dizagn.fr\/produit\/pierre-guariche-bridge-vampire-steiner-ed-c-1953\/#breadcrumb","itemListElement":[{"@type":"ListItem","position":1,"name":"Accueil","item":"https:\/\/dizagn.fr\/"},{"@type":"ListItem","position":2,"name":"S\u00e9lection","item":"https:\/\/dizagn.fr\/"},{"@type":"ListItem","position":3,"name":"PIERRE GUARICHE, BRIDGE VAMPIRE, STEINER ED., C.1953"}]},{"@type":"WebSite","@id":"https:\/\/dizagn.fr\/#website","url":"https:\/\/dizagn.fr\/","name":"DIZAGN","description":"","publisher":{"@id":"https:\/\/dizagn.fr\/#organization"},"potentialAction":[{"@type":"SearchAction","target":{"@type":"EntryPoint","urlTemplate":"https:\/\/dizagn.fr\/?s={search_term_string}"},"query-input":{"@type":"PropertyValueSpecification","valueRequired":true,"valueName":"search_term_string"}}],"inLanguage":"en-GB"},{"@type":"Organization","@id":"https:\/\/dizagn.fr\/#organization","name":"DIZAGN","url":"https:\/\/dizagn.fr\/","logo":{"@type":"ImageObject","inLanguage":"en-GB","@id":"https:\/\/dizagn.fr\/#\/schema\/logo\/image\/","url":"https:\/\/dizagn.fr\/wp-content\/uploads\/2023\/03\/logo-Dizagn.jpg","contentUrl":"https:\/\/dizagn.fr\/wp-content\/uploads\/2023\/03\/logo-Dizagn.jpg","width":304,"height":95,"caption":"DIZAGN"},"image":{"@id":"https:\/\/dizagn.fr\/#\/schema\/logo\/image\/"}}]}},"_links":{"self":[{"href":"https:\/\/dizagn.fr\/en\/wp-json\/wp\/v2\/product\/1266","targetHints":{"allow":["GET"]}}],"collection":[{"href":"https:\/\/dizagn.fr\/en\/wp-json\/wp\/v2\/product"}],"about":[{"href":"https:\/\/dizagn.fr\/en\/wp-json\/wp\/v2\/types\/product"}],"wp:featuredmedia":[{"embeddable":true,"href":"https:\/\/dizagn.fr\/en\/wp-json\/wp\/v2\/media\/1270"}],"wp:attachment":[{"href":"https:\/\/dizagn.fr\/en\/wp-json\/wp\/v2\/media?parent=1266"}],"wp:term":[{"taxonomy":"product_brand","embeddable":true,"href":"https:\/\/dizagn.fr\/en\/wp-json\/wp\/v2\/product_brand?post=1266"},{"taxonomy":"product_cat","embeddable":true,"href":"https:\/\/dizagn.fr\/en\/wp-json\/wp\/v2\/product_cat?post=1266"},{"taxonomy":"product_tag","embeddable":true,"href":"https:\/\/dizagn.fr\/en\/wp-json\/wp\/v2\/product_tag?post=1266"}],"curies":[{"name":"wp","href":"https:\/\/api.w.org\/{rel}","templated":true}]}}