{"id":1244,"date":"2024-08-30T09:27:19","date_gmt":"2024-08-30T07:27:19","guid":{"rendered":"http:\/\/dizagn.fr\/?post_type=product&#038;p=1244"},"modified":"2025-08-12T11:21:17","modified_gmt":"2025-08-12T09:21:17","slug":"jean-raymond-picard-chaise-gelcoat-bleu-sett-ed-circa-1950","status":"publish","type":"product","link":"https:\/\/dizagn.fr\/en\/product\/jean-raymond-picard-chaise-gelcoat-bleu-sett-ed-circa-1950\/","title":{"rendered":"JEAN RAYMOND PICARD, CHAISE SET&#038;T ED., CIRCA 1950"},"content":{"rendered":"<p>Literature: <\/p>\n<p>Rapport de condition: <\/p>\n<p>Bon \u00e9tat g\u00e9n\u00e9ral.<br \/>\nTraces d\u2019oxydations et sauts de laque sur le pi\u00e8tement.<br \/>\nRayures, chocs et t\u00e2ches d\u2019usage sur l\u2019assise en fibre de verre gelcoat bleu. <\/p>","protected":false},"excerpt":{"rendered":"<p>Jean Raymond Picard (1920 &#8211; 2006), chaise, S.E.T&#038;T. ed., France, Galerie M.A.I. distributeur, circa 1950<\/p>\n<p>Fibre de verre gelcoat bleu, m\u00e9tal laqu\u00e9 noir<\/p>\n<p>Haut. 83 x Larg. 45 x Prof. 36\u202fcm <\/p>","protected":false},"featured_media":1245,"template":"","meta":{"_et_pb_use_builder":"","_et_pb_old_content":"","_et_gb_content_width":""},"product_brand":[],"product_cat":[18],"product_tag":[],"class_list":{"0":"post-1244","1":"product","2":"type-product","3":"status-publish","4":"has-post-thumbnail","6":"product_cat-selection","8":"first","9":"instock","10":"shipping-taxable","11":"purchasable","12":"product-type-simple"},"yoast_head":"<!-- This site is optimized with the Yoast SEO plugin v27.4 - https:\/\/yoast.com\/product\/yoast-seo-wordpress\/ -->\n<title>JEAN RAYMOND PICARD, CHAISE SET&amp;T ED., CIRCA 1950 - DIZAGN<\/title>\n<meta name=\"robots\" content=\"index, follow, max-snippet:-1, max-image-preview:large, max-video-preview:-1\" \/>\n<link rel=\"canonical\" href=\"https:\/\/dizagn.fr\/en\/product\/jean-raymond-picard-chaise-gelcoat-bleu-sett-ed-circa-1950\/\" \/>\n<meta property=\"og:locale\" content=\"en_GB\" \/>\n<meta property=\"og:type\" content=\"article\" \/>\n<meta property=\"og:title\" content=\"JEAN RAYMOND PICARD, CHAISE SET&amp;T ED., CIRCA 1950 - DIZAGN\" \/>\n<meta property=\"og:description\" content=\"Jean Raymond Picard (1920 - 2006), chaise, S.E.T&amp;T. ed., France, Galerie M.A.I. distributeur, circa 1950  Fibre de verre gelcoat bleu, m\u00e9tal laqu\u00e9 noir  Haut. 83 x Larg. 45 x Prof. 36\u202fcm\" \/>\n<meta property=\"og:url\" content=\"https:\/\/dizagn.fr\/en\/product\/jean-raymond-picard-chaise-gelcoat-bleu-sett-ed-circa-1950\/\" \/>\n<meta property=\"og:site_name\" content=\"DIZAGN\" \/>\n<meta property=\"article:modified_time\" content=\"2025-08-12T09:21:17+00:00\" \/>\n<meta property=\"og:image\" content=\"https:\/\/dizagn.fr\/wp-content\/uploads\/2024\/04\/PICARD-JEAN-RAYMOND-chaise-1.jpg\" \/>\n\t<meta property=\"og:image:width\" content=\"1000\" \/>\n\t<meta property=\"og:image:height\" content=\"1000\" \/>\n\t<meta property=\"og:image:type\" content=\"image\/jpeg\" \/>\n<meta name=\"twitter:card\" content=\"summary_large_image\" \/>\n<meta name=\"twitter:label1\" content=\"Estimated reading time\" \/>\n\t<meta name=\"twitter:data1\" content=\"1 minute\" \/>\n<script type=\"application\/ld+json\" class=\"yoast-schema-graph\">{\"@context\":\"https:\\\/\\\/schema.org\",\"@graph\":[{\"@type\":\"WebPage\",\"@id\":\"https:\\\/\\\/dizagn.fr\\\/produit\\\/jean-raymond-picard-chaise-gelcoat-bleu-sett-ed-circa-1950\\\/\",\"url\":\"https:\\\/\\\/dizagn.fr\\\/produit\\\/jean-raymond-picard-chaise-gelcoat-bleu-sett-ed-circa-1950\\\/\",\"name\":\"JEAN RAYMOND PICARD, CHAISE SET&T ED., CIRCA 1950 - DIZAGN\",\"isPartOf\":{\"@id\":\"https:\\\/\\\/dizagn.fr\\\/#website\"},\"primaryImageOfPage\":{\"@id\":\"https:\\\/\\\/dizagn.fr\\\/produit\\\/jean-raymond-picard-chaise-gelcoat-bleu-sett-ed-circa-1950\\\/#primaryimage\"},\"image\":{\"@id\":\"https:\\\/\\\/dizagn.fr\\\/produit\\\/jean-raymond-picard-chaise-gelcoat-bleu-sett-ed-circa-1950\\\/#primaryimage\"},\"thumbnailUrl\":\"https:\\\/\\\/dizagn.fr\\\/wp-content\\\/uploads\\\/2024\\\/04\\\/PICARD-JEAN-RAYMOND-chaise-1.jpg\",\"datePublished\":\"2024-08-30T07:27:19+00:00\",\"dateModified\":\"2025-08-12T09:21:17+00:00\",\"breadcrumb\":{\"@id\":\"https:\\\/\\\/dizagn.fr\\\/produit\\\/jean-raymond-picard-chaise-gelcoat-bleu-sett-ed-circa-1950\\\/#breadcrumb\"},\"inLanguage\":\"en-GB\",\"potentialAction\":[{\"@type\":\"ReadAction\",\"target\":[\"https:\\\/\\\/dizagn.fr\\\/produit\\\/jean-raymond-picard-chaise-gelcoat-bleu-sett-ed-circa-1950\\\/\"]}]},{\"@type\":\"ImageObject\",\"inLanguage\":\"en-GB\",\"@id\":\"https:\\\/\\\/dizagn.fr\\\/produit\\\/jean-raymond-picard-chaise-gelcoat-bleu-sett-ed-circa-1950\\\/#primaryimage\",\"url\":\"https:\\\/\\\/dizagn.fr\\\/wp-content\\\/uploads\\\/2024\\\/04\\\/PICARD-JEAN-RAYMOND-chaise-1.jpg\",\"contentUrl\":\"https:\\\/\\\/dizagn.fr\\\/wp-content\\\/uploads\\\/2024\\\/04\\\/PICARD-JEAN-RAYMOND-chaise-1.jpg\",\"width\":1000,\"height\":1000},{\"@type\":\"BreadcrumbList\",\"@id\":\"https:\\\/\\\/dizagn.fr\\\/produit\\\/jean-raymond-picard-chaise-gelcoat-bleu-sett-ed-circa-1950\\\/#breadcrumb\",\"itemListElement\":[{\"@type\":\"ListItem\",\"position\":1,\"name\":\"Accueil\",\"item\":\"https:\\\/\\\/dizagn.fr\\\/\"},{\"@type\":\"ListItem\",\"position\":2,\"name\":\"S\u00e9lection\",\"item\":\"https:\\\/\\\/dizagn.fr\\\/\"},{\"@type\":\"ListItem\",\"position\":3,\"name\":\"JEAN RAYMOND PICARD, CHAISE SET&#038;T ED., CIRCA 1950\"}]},{\"@type\":\"WebSite\",\"@id\":\"https:\\\/\\\/dizagn.fr\\\/#website\",\"url\":\"https:\\\/\\\/dizagn.fr\\\/\",\"name\":\"DIZAGN\",\"description\":\"\",\"publisher\":{\"@id\":\"https:\\\/\\\/dizagn.fr\\\/#organization\"},\"potentialAction\":[{\"@type\":\"SearchAction\",\"target\":{\"@type\":\"EntryPoint\",\"urlTemplate\":\"https:\\\/\\\/dizagn.fr\\\/?s={search_term_string}\"},\"query-input\":{\"@type\":\"PropertyValueSpecification\",\"valueRequired\":true,\"valueName\":\"search_term_string\"}}],\"inLanguage\":\"en-GB\"},{\"@type\":\"Organization\",\"@id\":\"https:\\\/\\\/dizagn.fr\\\/#organization\",\"name\":\"DIZAGN\",\"url\":\"https:\\\/\\\/dizagn.fr\\\/\",\"logo\":{\"@type\":\"ImageObject\",\"inLanguage\":\"en-GB\",\"@id\":\"https:\\\/\\\/dizagn.fr\\\/#\\\/schema\\\/logo\\\/image\\\/\",\"url\":\"https:\\\/\\\/dizagn.fr\\\/wp-content\\\/uploads\\\/2023\\\/03\\\/logo-Dizagn.jpg\",\"contentUrl\":\"https:\\\/\\\/dizagn.fr\\\/wp-content\\\/uploads\\\/2023\\\/03\\\/logo-Dizagn.jpg\",\"width\":304,\"height\":95,\"caption\":\"DIZAGN\"},\"image\":{\"@id\":\"https:\\\/\\\/dizagn.fr\\\/#\\\/schema\\\/logo\\\/image\\\/\"}}]}<\/script>\n<!-- \/ Yoast SEO plugin. -->","yoast_head_json":{"title":"JEAN RAYMOND PICARD, CHAISE SET&T ED., CIRCA 1950 - DIZAGN","robots":{"index":"index","follow":"follow","max-snippet":"max-snippet:-1","max-image-preview":"max-image-preview:large","max-video-preview":"max-video-preview:-1"},"canonical":"https:\/\/dizagn.fr\/en\/product\/jean-raymond-picard-chaise-gelcoat-bleu-sett-ed-circa-1950\/","og_locale":"en_GB","og_type":"article","og_title":"JEAN RAYMOND PICARD, CHAISE SET&T ED., CIRCA 1950 - DIZAGN","og_description":"Jean Raymond Picard (1920 - 2006), chaise, S.E.T&T. ed., France, Galerie M.A.I. distributeur, circa 1950  Fibre de verre gelcoat bleu, m\u00e9tal laqu\u00e9 noir  Haut. 83 x Larg. 45 x Prof. 36\u202fcm","og_url":"https:\/\/dizagn.fr\/en\/product\/jean-raymond-picard-chaise-gelcoat-bleu-sett-ed-circa-1950\/","og_site_name":"DIZAGN","article_modified_time":"2025-08-12T09:21:17+00:00","og_image":[{"width":1000,"height":1000,"url":"https:\/\/dizagn.fr\/wp-content\/uploads\/2024\/04\/PICARD-JEAN-RAYMOND-chaise-1.jpg","type":"image\/jpeg"}],"twitter_card":"summary_large_image","twitter_misc":{"Estimated reading time":"1 minute"},"schema":{"@context":"https:\/\/schema.org","@graph":[{"@type":"WebPage","@id":"https:\/\/dizagn.fr\/produit\/jean-raymond-picard-chaise-gelcoat-bleu-sett-ed-circa-1950\/","url":"https:\/\/dizagn.fr\/produit\/jean-raymond-picard-chaise-gelcoat-bleu-sett-ed-circa-1950\/","name":"JEAN RAYMOND PICARD, CHAISE SET&T ED., CIRCA 1950 - DIZAGN","isPartOf":{"@id":"https:\/\/dizagn.fr\/#website"},"primaryImageOfPage":{"@id":"https:\/\/dizagn.fr\/produit\/jean-raymond-picard-chaise-gelcoat-bleu-sett-ed-circa-1950\/#primaryimage"},"image":{"@id":"https:\/\/dizagn.fr\/produit\/jean-raymond-picard-chaise-gelcoat-bleu-sett-ed-circa-1950\/#primaryimage"},"thumbnailUrl":"https:\/\/dizagn.fr\/wp-content\/uploads\/2024\/04\/PICARD-JEAN-RAYMOND-chaise-1.jpg","datePublished":"2024-08-30T07:27:19+00:00","dateModified":"2025-08-12T09:21:17+00:00","breadcrumb":{"@id":"https:\/\/dizagn.fr\/produit\/jean-raymond-picard-chaise-gelcoat-bleu-sett-ed-circa-1950\/#breadcrumb"},"inLanguage":"en-GB","potentialAction":[{"@type":"ReadAction","target":["https:\/\/dizagn.fr\/produit\/jean-raymond-picard-chaise-gelcoat-bleu-sett-ed-circa-1950\/"]}]},{"@type":"ImageObject","inLanguage":"en-GB","@id":"https:\/\/dizagn.fr\/produit\/jean-raymond-picard-chaise-gelcoat-bleu-sett-ed-circa-1950\/#primaryimage","url":"https:\/\/dizagn.fr\/wp-content\/uploads\/2024\/04\/PICARD-JEAN-RAYMOND-chaise-1.jpg","contentUrl":"https:\/\/dizagn.fr\/wp-content\/uploads\/2024\/04\/PICARD-JEAN-RAYMOND-chaise-1.jpg","width":1000,"height":1000},{"@type":"BreadcrumbList","@id":"https:\/\/dizagn.fr\/produit\/jean-raymond-picard-chaise-gelcoat-bleu-sett-ed-circa-1950\/#breadcrumb","itemListElement":[{"@type":"ListItem","position":1,"name":"Accueil","item":"https:\/\/dizagn.fr\/"},{"@type":"ListItem","position":2,"name":"S\u00e9lection","item":"https:\/\/dizagn.fr\/"},{"@type":"ListItem","position":3,"name":"JEAN RAYMOND PICARD, CHAISE SET&#038;T ED., CIRCA 1950"}]},{"@type":"WebSite","@id":"https:\/\/dizagn.fr\/#website","url":"https:\/\/dizagn.fr\/","name":"DIZAGN","description":"","publisher":{"@id":"https:\/\/dizagn.fr\/#organization"},"potentialAction":[{"@type":"SearchAction","target":{"@type":"EntryPoint","urlTemplate":"https:\/\/dizagn.fr\/?s={search_term_string}"},"query-input":{"@type":"PropertyValueSpecification","valueRequired":true,"valueName":"search_term_string"}}],"inLanguage":"en-GB"},{"@type":"Organization","@id":"https:\/\/dizagn.fr\/#organization","name":"DIZAGN","url":"https:\/\/dizagn.fr\/","logo":{"@type":"ImageObject","inLanguage":"en-GB","@id":"https:\/\/dizagn.fr\/#\/schema\/logo\/image\/","url":"https:\/\/dizagn.fr\/wp-content\/uploads\/2023\/03\/logo-Dizagn.jpg","contentUrl":"https:\/\/dizagn.fr\/wp-content\/uploads\/2023\/03\/logo-Dizagn.jpg","width":304,"height":95,"caption":"DIZAGN"},"image":{"@id":"https:\/\/dizagn.fr\/#\/schema\/logo\/image\/"}}]}},"_links":{"self":[{"href":"https:\/\/dizagn.fr\/en\/wp-json\/wp\/v2\/product\/1244","targetHints":{"allow":["GET"]}}],"collection":[{"href":"https:\/\/dizagn.fr\/en\/wp-json\/wp\/v2\/product"}],"about":[{"href":"https:\/\/dizagn.fr\/en\/wp-json\/wp\/v2\/types\/product"}],"wp:featuredmedia":[{"embeddable":true,"href":"https:\/\/dizagn.fr\/en\/wp-json\/wp\/v2\/media\/1245"}],"wp:attachment":[{"href":"https:\/\/dizagn.fr\/en\/wp-json\/wp\/v2\/media?parent=1244"}],"wp:term":[{"taxonomy":"product_brand","embeddable":true,"href":"https:\/\/dizagn.fr\/en\/wp-json\/wp\/v2\/product_brand?post=1244"},{"taxonomy":"product_cat","embeddable":true,"href":"https:\/\/dizagn.fr\/en\/wp-json\/wp\/v2\/product_cat?post=1244"},{"taxonomy":"product_tag","embeddable":true,"href":"https:\/\/dizagn.fr\/en\/wp-json\/wp\/v2\/product_tag?post=1244"}],"curies":[{"name":"wp","href":"https:\/\/api.w.org\/{rel}","templated":true}]}}